{"id":9924,"date":"2021-08-19T10:35:04","date_gmt":"2021-08-19T08:35:04","guid":{"rendered":"https:\/\/www.hydrachim.fr\/?post_type=product&#038;p=9924"},"modified":"2024-11-06T11:03:55","modified_gmt":"2024-11-06T09:03:55","slug":"cladeclat_s_002601401","status":"publish","type":"product","link":"https:\/\/www.hydrachim.fr\/en\/produit\/cladeclat_s_002601401\/","title":{"rendered":"Cladeclat S"},"content":{"rendered":"<p><strong>Lessive liquide parfum\u00e9e, tous textiles, et efficace d\u00e8s 30\u00b0C.<\/strong><\/p>\n<p>CLADECLAT S est une lessive liquide concentr\u00e9e, qui s\u2019adapte \u00e0 tous les textiles ainsi qu\u2019\u00e0 tous les lavages.<br \/>\nCLADECLAT S est efficace d\u00e8s 30\u00b0 et \u00e9limine les t\u00e2ches grasses gr\u00e2ce \u00e0 la pr\u00e9sence d\u2019enzymes.<br \/>\nCon\u00e7ue pour tous les types de lavage en machine ou \u00e0 la main, elle peut \u00eatre utilis\u00e9e en pr\u00e9lavage directement sur les t\u00e2ches.<br \/>\nSa mousse est contr\u00f4l\u00e9e, et son parfum fleuri*est agr\u00e9able et puissant.<\/p>\n<p>*Parfum de synth\u00e8se<\/p>\n<p><strong>Disponible en :<br \/>\nCarton de 4 X 5 L. R\u00e9f. 002601401<\/strong><\/p>\n<p class=\"y-product y-product__product-subtitle\">Avantage :<\/p>\n<p>Mousse contr\u00f4l\u00e9e, parfum agr\u00e9able et tr\u00e8s r\u00e9manent.<\/p>\n<p>Retrouvez le mode d&#8217;emploi et le dosage du produit en t\u00e9l\u00e9chargeant, ci-dessous, sa Fiche Technique.<\/p>\n<p><em>Avant toute utilisation, lisez l&#8217;\u00e9tiquette et les informations concernant le produit.<\/em><\/p>\n","protected":false},"excerpt":{"rendered":"<p>Lessive super concentr\u00e9e<\/p>\n","protected":false},"featured_media":10313,"template":"","meta":[],"product_brand":[],"product_type":[2],"product_visibility":[],"product_cat":[4133,4145],"class_list":{"0":"post-9924","1":"product","2":"type-product","3":"status-publish","4":"has-post-thumbnail","6":"product_cat-produitslinge","7":"product_cat-marquesorlav","8":"product_tag-liquide","9":"product_tag-machine--laver","10":"product_tag-mains","11":"product_tag-moussant","12":"product_tag-parfum","13":"product_tag-tache","14":"product_tag-textile","16":"first","17":"instock","18":"shipping-taxable","19":"product-type-simple"},"yoast_head":"<!-- This site is optimized with the Yoast SEO plugin v27.5 - https:\/\/yoast.com\/product\/yoast-seo-wordpress\/ -->\n<title>Cladeclat S - Hydrachim<\/title>\n<meta name=\"robots\" content=\"index, follow, max-snippet:-1, max-image-preview:large, max-video-preview:-1\" \/>\n<link rel=\"canonical\" href=\"https:\/\/www.hydrachim.fr\/en\/produit\/cladeclat_s_002601401\/\" \/>\n<meta property=\"og:locale\" content=\"en_US\" \/>\n<meta property=\"og:type\" content=\"article\" \/>\n<meta property=\"og:title\" content=\"Cladeclat S - Hydrachim\" \/>\n<meta property=\"og:description\" content=\"Lessive super concentr\u00e9e\" \/>\n<meta property=\"og:url\" content=\"https:\/\/www.hydrachim.fr\/en\/produit\/cladeclat_s_002601401\/\" \/>\n<meta property=\"og:site_name\" content=\"Hydrachim\" \/>\n<meta property=\"article:modified_time\" content=\"2024-11-06T09:03:55+00:00\" \/>\n<meta property=\"og:image\" content=\"https:\/\/www.hydrachim.fr\/app\/uploads\/2021\/11\/6014___CLADECLAT_S..png\" \/>\n\t<meta property=\"og:image:width\" content=\"412\" \/>\n\t<meta property=\"og:image:height\" content=\"650\" \/>\n\t<meta property=\"og:image:type\" content=\"image\/png\" \/>\n<meta name=\"twitter:card\" content=\"summary_large_image\" \/>\n<meta name=\"twitter:label1\" content=\"Est. reading time\" \/>\n\t<meta name=\"twitter:data1\" content=\"1 minute\" \/>\n<script type=\"application\/ld+json\" class=\"yoast-schema-graph\">{\"@context\":\"https:\\\/\\\/schema.org\",\"@graph\":[{\"@type\":\"WebPage\",\"@id\":\"https:\\\/\\\/www.hydrachim.fr\\\/en\\\/produit\\\/cladeclat_s_002601401\\\/\",\"url\":\"https:\\\/\\\/www.hydrachim.fr\\\/en\\\/produit\\\/cladeclat_s_002601401\\\/\",\"name\":\"Cladeclat S - Hydrachim\",\"isPartOf\":{\"@id\":\"https:\\\/\\\/www.hydrachim.fr\\\/en\\\/#website\"},\"primaryImageOfPage\":{\"@id\":\"https:\\\/\\\/www.hydrachim.fr\\\/en\\\/produit\\\/cladeclat_s_002601401\\\/#primaryimage\"},\"image\":{\"@id\":\"https:\\\/\\\/www.hydrachim.fr\\\/en\\\/produit\\\/cladeclat_s_002601401\\\/#primaryimage\"},\"thumbnailUrl\":\"https:\\\/\\\/www.hydrachim.fr\\\/app\\\/uploads\\\/2021\\\/11\\\/6014___CLADECLAT_S..png\",\"datePublished\":\"2021-08-19T08:35:04+00:00\",\"dateModified\":\"2024-11-06T09:03:55+00:00\",\"breadcrumb\":{\"@id\":\"https:\\\/\\\/www.hydrachim.fr\\\/en\\\/produit\\\/cladeclat_s_002601401\\\/#breadcrumb\"},\"inLanguage\":\"en-US\",\"potentialAction\":[{\"@type\":\"ReadAction\",\"target\":[\"https:\\\/\\\/www.hydrachim.fr\\\/en\\\/produit\\\/cladeclat_s_002601401\\\/\"]}]},{\"@type\":\"ImageObject\",\"inLanguage\":\"en-US\",\"@id\":\"https:\\\/\\\/www.hydrachim.fr\\\/en\\\/produit\\\/cladeclat_s_002601401\\\/#primaryimage\",\"url\":\"https:\\\/\\\/www.hydrachim.fr\\\/app\\\/uploads\\\/2021\\\/11\\\/6014___CLADECLAT_S..png\",\"contentUrl\":\"https:\\\/\\\/www.hydrachim.fr\\\/app\\\/uploads\\\/2021\\\/11\\\/6014___CLADECLAT_S..png\",\"width\":412,\"height\":650},{\"@type\":\"BreadcrumbList\",\"@id\":\"https:\\\/\\\/www.hydrachim.fr\\\/en\\\/produit\\\/cladeclat_s_002601401\\\/#breadcrumb\",\"itemListElement\":[{\"@type\":\"ListItem\",\"position\":1,\"name\":\"Home\",\"item\":\"https:\\\/\\\/www.hydrachim.fr\\\/en\\\/\"},{\"@type\":\"ListItem\",\"position\":2,\"name\":\"Boutique\",\"item\":\"https:\\\/\\\/www.hydrachim.fr\\\/boutique\\\/\"},{\"@type\":\"ListItem\",\"position\":3,\"name\":\"Cladeclat S\"}]},{\"@type\":\"WebSite\",\"@id\":\"https:\\\/\\\/www.hydrachim.fr\\\/en\\\/#website\",\"url\":\"https:\\\/\\\/www.hydrachim.fr\\\/en\\\/\",\"name\":\"Hydrachim\",\"description\":\"La science de l&#039;hygi\u00e8ne\",\"potentialAction\":[{\"@type\":\"SearchAction\",\"target\":{\"@type\":\"EntryPoint\",\"urlTemplate\":\"https:\\\/\\\/www.hydrachim.fr\\\/en\\\/?s={search_term_string}\"},\"query-input\":{\"@type\":\"PropertyValueSpecification\",\"valueRequired\":true,\"valueName\":\"search_term_string\"}}],\"inLanguage\":\"en-US\"}]}<\/script>\n<!-- \/ Yoast SEO plugin. -->","yoast_head_json":{"title":"Cladeclat S - Hydrachim","robots":{"index":"index","follow":"follow","max-snippet":"max-snippet:-1","max-image-preview":"max-image-preview:large","max-video-preview":"max-video-preview:-1"},"canonical":"https:\/\/www.hydrachim.fr\/en\/produit\/cladeclat_s_002601401\/","og_locale":"en_US","og_type":"article","og_title":"Cladeclat S - Hydrachim","og_description":"Lessive super concentr\u00e9e","og_url":"https:\/\/www.hydrachim.fr\/en\/produit\/cladeclat_s_002601401\/","og_site_name":"Hydrachim","article_modified_time":"2024-11-06T09:03:55+00:00","og_image":[{"width":412,"height":650,"url":"https:\/\/www.hydrachim.fr\/app\/uploads\/2021\/11\/6014___CLADECLAT_S..png","type":"image\/png"}],"twitter_card":"summary_large_image","twitter_misc":{"Est. reading time":"1 minute"},"schema":{"@context":"https:\/\/schema.org","@graph":[{"@type":"WebPage","@id":"https:\/\/www.hydrachim.fr\/en\/produit\/cladeclat_s_002601401\/","url":"https:\/\/www.hydrachim.fr\/en\/produit\/cladeclat_s_002601401\/","name":"Cladeclat S - Hydrachim","isPartOf":{"@id":"https:\/\/www.hydrachim.fr\/en\/#website"},"primaryImageOfPage":{"@id":"https:\/\/www.hydrachim.fr\/en\/produit\/cladeclat_s_002601401\/#primaryimage"},"image":{"@id":"https:\/\/www.hydrachim.fr\/en\/produit\/cladeclat_s_002601401\/#primaryimage"},"thumbnailUrl":"https:\/\/www.hydrachim.fr\/app\/uploads\/2021\/11\/6014___CLADECLAT_S..png","datePublished":"2021-08-19T08:35:04+00:00","dateModified":"2024-11-06T09:03:55+00:00","breadcrumb":{"@id":"https:\/\/www.hydrachim.fr\/en\/produit\/cladeclat_s_002601401\/#breadcrumb"},"inLanguage":"en-US","potentialAction":[{"@type":"ReadAction","target":["https:\/\/www.hydrachim.fr\/en\/produit\/cladeclat_s_002601401\/"]}]},{"@type":"ImageObject","inLanguage":"en-US","@id":"https:\/\/www.hydrachim.fr\/en\/produit\/cladeclat_s_002601401\/#primaryimage","url":"https:\/\/www.hydrachim.fr\/app\/uploads\/2021\/11\/6014___CLADECLAT_S..png","contentUrl":"https:\/\/www.hydrachim.fr\/app\/uploads\/2021\/11\/6014___CLADECLAT_S..png","width":412,"height":650},{"@type":"BreadcrumbList","@id":"https:\/\/www.hydrachim.fr\/en\/produit\/cladeclat_s_002601401\/#breadcrumb","itemListElement":[{"@type":"ListItem","position":1,"name":"Home","item":"https:\/\/www.hydrachim.fr\/en\/"},{"@type":"ListItem","position":2,"name":"Boutique","item":"https:\/\/www.hydrachim.fr\/boutique\/"},{"@type":"ListItem","position":3,"name":"Cladeclat S"}]},{"@type":"WebSite","@id":"https:\/\/www.hydrachim.fr\/en\/#website","url":"https:\/\/www.hydrachim.fr\/en\/","name":"Hydrachim","description":"La science de l&#039;hygi\u00e8ne","potentialAction":[{"@type":"SearchAction","target":{"@type":"EntryPoint","urlTemplate":"https:\/\/www.hydrachim.fr\/en\/?s={search_term_string}"},"query-input":{"@type":"PropertyValueSpecification","valueRequired":true,"valueName":"search_term_string"}}],"inLanguage":"en-US"}]}},"acf":{"fiche_methode":"","fiche_technique":"https:\/\/www.hydrachim.fr\/app\/uploads\/2024\/11\/FT___6014___Cladeclat_S.pdf"},"_links":{"self":[{"href":"https:\/\/www.hydrachim.fr\/en\/wp-json\/wp\/v2\/product\/9924","targetHints":{"allow":["GET"]}}],"collection":[{"href":"https:\/\/www.hydrachim.fr\/en\/wp-json\/wp\/v2\/product"}],"about":[{"href":"https:\/\/www.hydrachim.fr\/en\/wp-json\/wp\/v2\/types\/product"}],"wp:featuredmedia":[{"embeddable":true,"href":"https:\/\/www.hydrachim.fr\/en\/wp-json\/wp\/v2\/media\/10313"}],"wp:attachment":[{"href":"https:\/\/www.hydrachim.fr\/en\/wp-json\/wp\/v2\/media?parent=9924"}],"wp:term":[{"taxonomy":"product_brand","embeddable":true,"href":"https:\/\/www.hydrachim.fr\/en\/wp-json\/wp\/v2\/product_brand?post=9924"},{"taxonomy":"product_type","embeddable":true,"href":"https:\/\/www.hydrachim.fr\/en\/wp-json\/wp\/v2\/product_type?post=9924"},{"taxonomy":"product_visibility","embeddable":true,"href":"https:\/\/www.hydrachim.fr\/en\/wp-json\/wp\/v2\/product_visibility?post=9924"},{"taxonomy":"product_cat","embeddable":true,"href":"https:\/\/www.hydrachim.fr\/en\/wp-json\/wp\/v2\/product_cat?post=9924"}],"curies":[{"name":"wp","href":"https:\/\/api.w.org\/{rel}","templated":true}]}}