{"id":9899,"date":"2021-08-19T09:10:10","date_gmt":"2021-08-19T07:10:10","guid":{"rendered":"https:\/\/www.hydrachim.fr\/?post_type=product&#038;p=9899"},"modified":"2021-10-08T09:54:18","modified_gmt":"2021-10-08T07:54:18","slug":"lessive_liquide_tous_textiles_002028601","status":"publish","type":"product","link":"https:\/\/www.hydrachim.fr\/en\/produit\/lessive_liquide_tous_textiles_002028601\/","title":{"rendered":"Lessive liquide tous textiles"},"content":{"rendered":"<p><strong>Lessive liquide pour le lavage du linge sp\u00e9cialement \u00e9tudi\u00e9e pour les syst\u00e8mes avec pompe industrielle.<\/strong><\/p>\n<p>Concentr\u00e9e en agents tensioactifs pour un lavage efficace.<br \/>\nLes enzymes s\u00e9lectionn\u00e9es et m\u00e9lang\u00e9es \u00e0 l\u2019azurant optique assurent une lessive liquide de qualit\u00e9 en lavage \u00e0 basse temp\u00e9rature. S\u2019utilise \u00e0 toutes temp\u00e9ratures.<\/p>\n<p><strong>Disponible en :<br \/>\nCarton de 4 X 5 L. R\u00e9f. 002028601<br \/>\nBidon de 10 L. R\u00e9f. 002028602<br \/>\nBidon de 20 L. R\u00e9f. 002028603<br \/>\n<\/strong><\/p>\n<p class=\"y-product y-product__product-subtitle\">Avantage :<\/p>\n<p>Convient \u00e0 toutes les eaux et s&#8217;utilise \u00e0 toutes temp\u00e9ratures.<\/p>\n<p>Retrouvez le mode d&#8217;emploi et le dosage du produit en t\u00e9l\u00e9chargeant, ci-dessous, sa Fiche Technique et\/ou sa Fiche M\u00e9thode.<\/p>\n<p><em>Avant toute utilisation, lisez l&#8217;\u00e9tiquette et les informations concernant le produit.<\/em><\/p>\n","protected":false},"excerpt":{"rendered":"<p>Parfum fra\u00eecheur Alpine &#8211; Sp\u00e9cial doseur<\/p>\n","protected":false},"featured_media":10110,"template":"","meta":[],"product_brand":[],"product_type":[2],"product_visibility":[],"product_cat":[4134,4133,4145],"class_list":{"0":"post-9899","1":"product","2":"type-product","3":"status-publish","4":"has-post-thumbnail","6":"product_cat-lingelessive","7":"product_cat-produitslinge","8":"product_cat-marquesorlav","9":"product_tag-detachant","10":"product_tag-linge","11":"product_tag-liquide","12":"product_tag-parfum","14":"first","15":"instock","16":"shipping-taxable","17":"product-type-simple"},"yoast_head":"<!-- This site is optimized with the Yoast SEO plugin v27.5 - https:\/\/yoast.com\/product\/yoast-seo-wordpress\/ -->\n<title>Lessive liquide tous textiles - Hydrachim<\/title>\n<meta name=\"robots\" content=\"index, follow, max-snippet:-1, max-image-preview:large, max-video-preview:-1\" \/>\n<link rel=\"canonical\" href=\"https:\/\/www.hydrachim.fr\/en\/produit\/lessive_liquide_tous_textiles_002028601\/\" \/>\n<meta property=\"og:locale\" content=\"en_US\" \/>\n<meta property=\"og:type\" content=\"article\" \/>\n<meta property=\"og:title\" content=\"Lessive liquide tous textiles - Hydrachim\" \/>\n<meta property=\"og:description\" content=\"Parfum fra\u00eecheur Alpine - Sp\u00e9cial doseur\" \/>\n<meta property=\"og:url\" content=\"https:\/\/www.hydrachim.fr\/en\/produit\/lessive_liquide_tous_textiles_002028601\/\" \/>\n<meta property=\"og:site_name\" content=\"Hydrachim\" \/>\n<meta property=\"article:modified_time\" content=\"2021-10-08T07:54:18+00:00\" \/>\n<meta property=\"og:image\" content=\"https:\/\/www.hydrachim.fr\/app\/uploads\/2021\/10\/0286___LESSIVE_LIQUIDE_TT_TEXTILE___5L..png\" \/>\n\t<meta property=\"og:image:width\" content=\"466\" \/>\n\t<meta property=\"og:image:height\" content=\"735\" \/>\n\t<meta property=\"og:image:type\" content=\"image\/png\" \/>\n<meta name=\"twitter:card\" content=\"summary_large_image\" \/>\n<meta name=\"twitter:label1\" content=\"Est. reading time\" \/>\n\t<meta name=\"twitter:data1\" content=\"1 minute\" \/>\n<script type=\"application\/ld+json\" class=\"yoast-schema-graph\">{\"@context\":\"https:\\\/\\\/schema.org\",\"@graph\":[{\"@type\":\"WebPage\",\"@id\":\"https:\\\/\\\/www.hydrachim.fr\\\/en\\\/produit\\\/lessive_liquide_tous_textiles_002028601\\\/\",\"url\":\"https:\\\/\\\/www.hydrachim.fr\\\/en\\\/produit\\\/lessive_liquide_tous_textiles_002028601\\\/\",\"name\":\"Lessive liquide tous textiles - Hydrachim\",\"isPartOf\":{\"@id\":\"https:\\\/\\\/www.hydrachim.fr\\\/en\\\/#website\"},\"primaryImageOfPage\":{\"@id\":\"https:\\\/\\\/www.hydrachim.fr\\\/en\\\/produit\\\/lessive_liquide_tous_textiles_002028601\\\/#primaryimage\"},\"image\":{\"@id\":\"https:\\\/\\\/www.hydrachim.fr\\\/en\\\/produit\\\/lessive_liquide_tous_textiles_002028601\\\/#primaryimage\"},\"thumbnailUrl\":\"https:\\\/\\\/www.hydrachim.fr\\\/app\\\/uploads\\\/2021\\\/10\\\/0286___LESSIVE_LIQUIDE_TT_TEXTILE___5L..png\",\"datePublished\":\"2021-08-19T07:10:10+00:00\",\"dateModified\":\"2021-10-08T07:54:18+00:00\",\"breadcrumb\":{\"@id\":\"https:\\\/\\\/www.hydrachim.fr\\\/en\\\/produit\\\/lessive_liquide_tous_textiles_002028601\\\/#breadcrumb\"},\"inLanguage\":\"en-US\",\"potentialAction\":[{\"@type\":\"ReadAction\",\"target\":[\"https:\\\/\\\/www.hydrachim.fr\\\/en\\\/produit\\\/lessive_liquide_tous_textiles_002028601\\\/\"]}]},{\"@type\":\"ImageObject\",\"inLanguage\":\"en-US\",\"@id\":\"https:\\\/\\\/www.hydrachim.fr\\\/en\\\/produit\\\/lessive_liquide_tous_textiles_002028601\\\/#primaryimage\",\"url\":\"https:\\\/\\\/www.hydrachim.fr\\\/app\\\/uploads\\\/2021\\\/10\\\/0286___LESSIVE_LIQUIDE_TT_TEXTILE___5L..png\",\"contentUrl\":\"https:\\\/\\\/www.hydrachim.fr\\\/app\\\/uploads\\\/2021\\\/10\\\/0286___LESSIVE_LIQUIDE_TT_TEXTILE___5L..png\",\"width\":466,\"height\":735},{\"@type\":\"BreadcrumbList\",\"@id\":\"https:\\\/\\\/www.hydrachim.fr\\\/en\\\/produit\\\/lessive_liquide_tous_textiles_002028601\\\/#breadcrumb\",\"itemListElement\":[{\"@type\":\"ListItem\",\"position\":1,\"name\":\"Home\",\"item\":\"https:\\\/\\\/www.hydrachim.fr\\\/en\\\/\"},{\"@type\":\"ListItem\",\"position\":2,\"name\":\"Boutique\",\"item\":\"https:\\\/\\\/www.hydrachim.fr\\\/boutique\\\/\"},{\"@type\":\"ListItem\",\"position\":3,\"name\":\"Lessive liquide tous textiles\"}]},{\"@type\":\"WebSite\",\"@id\":\"https:\\\/\\\/www.hydrachim.fr\\\/en\\\/#website\",\"url\":\"https:\\\/\\\/www.hydrachim.fr\\\/en\\\/\",\"name\":\"Hydrachim\",\"description\":\"La science de l&#039;hygi\u00e8ne\",\"potentialAction\":[{\"@type\":\"SearchAction\",\"target\":{\"@type\":\"EntryPoint\",\"urlTemplate\":\"https:\\\/\\\/www.hydrachim.fr\\\/en\\\/?s={search_term_string}\"},\"query-input\":{\"@type\":\"PropertyValueSpecification\",\"valueRequired\":true,\"valueName\":\"search_term_string\"}}],\"inLanguage\":\"en-US\"}]}<\/script>\n<!-- \/ Yoast SEO plugin. -->","yoast_head_json":{"title":"Lessive liquide tous textiles - Hydrachim","robots":{"index":"index","follow":"follow","max-snippet":"max-snippet:-1","max-image-preview":"max-image-preview:large","max-video-preview":"max-video-preview:-1"},"canonical":"https:\/\/www.hydrachim.fr\/en\/produit\/lessive_liquide_tous_textiles_002028601\/","og_locale":"en_US","og_type":"article","og_title":"Lessive liquide tous textiles - Hydrachim","og_description":"Parfum fra\u00eecheur Alpine - Sp\u00e9cial doseur","og_url":"https:\/\/www.hydrachim.fr\/en\/produit\/lessive_liquide_tous_textiles_002028601\/","og_site_name":"Hydrachim","article_modified_time":"2021-10-08T07:54:18+00:00","og_image":[{"width":466,"height":735,"url":"https:\/\/www.hydrachim.fr\/app\/uploads\/2021\/10\/0286___LESSIVE_LIQUIDE_TT_TEXTILE___5L..png","type":"image\/png"}],"twitter_card":"summary_large_image","twitter_misc":{"Est. reading time":"1 minute"},"schema":{"@context":"https:\/\/schema.org","@graph":[{"@type":"WebPage","@id":"https:\/\/www.hydrachim.fr\/en\/produit\/lessive_liquide_tous_textiles_002028601\/","url":"https:\/\/www.hydrachim.fr\/en\/produit\/lessive_liquide_tous_textiles_002028601\/","name":"Lessive liquide tous textiles - Hydrachim","isPartOf":{"@id":"https:\/\/www.hydrachim.fr\/en\/#website"},"primaryImageOfPage":{"@id":"https:\/\/www.hydrachim.fr\/en\/produit\/lessive_liquide_tous_textiles_002028601\/#primaryimage"},"image":{"@id":"https:\/\/www.hydrachim.fr\/en\/produit\/lessive_liquide_tous_textiles_002028601\/#primaryimage"},"thumbnailUrl":"https:\/\/www.hydrachim.fr\/app\/uploads\/2021\/10\/0286___LESSIVE_LIQUIDE_TT_TEXTILE___5L..png","datePublished":"2021-08-19T07:10:10+00:00","dateModified":"2021-10-08T07:54:18+00:00","breadcrumb":{"@id":"https:\/\/www.hydrachim.fr\/en\/produit\/lessive_liquide_tous_textiles_002028601\/#breadcrumb"},"inLanguage":"en-US","potentialAction":[{"@type":"ReadAction","target":["https:\/\/www.hydrachim.fr\/en\/produit\/lessive_liquide_tous_textiles_002028601\/"]}]},{"@type":"ImageObject","inLanguage":"en-US","@id":"https:\/\/www.hydrachim.fr\/en\/produit\/lessive_liquide_tous_textiles_002028601\/#primaryimage","url":"https:\/\/www.hydrachim.fr\/app\/uploads\/2021\/10\/0286___LESSIVE_LIQUIDE_TT_TEXTILE___5L..png","contentUrl":"https:\/\/www.hydrachim.fr\/app\/uploads\/2021\/10\/0286___LESSIVE_LIQUIDE_TT_TEXTILE___5L..png","width":466,"height":735},{"@type":"BreadcrumbList","@id":"https:\/\/www.hydrachim.fr\/en\/produit\/lessive_liquide_tous_textiles_002028601\/#breadcrumb","itemListElement":[{"@type":"ListItem","position":1,"name":"Home","item":"https:\/\/www.hydrachim.fr\/en\/"},{"@type":"ListItem","position":2,"name":"Boutique","item":"https:\/\/www.hydrachim.fr\/boutique\/"},{"@type":"ListItem","position":3,"name":"Lessive liquide tous textiles"}]},{"@type":"WebSite","@id":"https:\/\/www.hydrachim.fr\/en\/#website","url":"https:\/\/www.hydrachim.fr\/en\/","name":"Hydrachim","description":"La science de l&#039;hygi\u00e8ne","potentialAction":[{"@type":"SearchAction","target":{"@type":"EntryPoint","urlTemplate":"https:\/\/www.hydrachim.fr\/en\/?s={search_term_string}"},"query-input":{"@type":"PropertyValueSpecification","valueRequired":true,"valueName":"search_term_string"}}],"inLanguage":"en-US"}]}},"acf":{"fiche_methode":"","fiche_technique":"https:\/\/www.hydrachim.fr\/app\/uploads\/2021\/12\/FT_ORLAV___LINGE___0286___LESSIVE_LIQUIDE_TOUS_TEXTILES.pdf"},"_links":{"self":[{"href":"https:\/\/www.hydrachim.fr\/en\/wp-json\/wp\/v2\/product\/9899","targetHints":{"allow":["GET"]}}],"collection":[{"href":"https:\/\/www.hydrachim.fr\/en\/wp-json\/wp\/v2\/product"}],"about":[{"href":"https:\/\/www.hydrachim.fr\/en\/wp-json\/wp\/v2\/types\/product"}],"wp:featuredmedia":[{"embeddable":true,"href":"https:\/\/www.hydrachim.fr\/en\/wp-json\/wp\/v2\/media\/10110"}],"wp:attachment":[{"href":"https:\/\/www.hydrachim.fr\/en\/wp-json\/wp\/v2\/media?parent=9899"}],"wp:term":[{"taxonomy":"product_brand","embeddable":true,"href":"https:\/\/www.hydrachim.fr\/en\/wp-json\/wp\/v2\/product_brand?post=9899"},{"taxonomy":"product_type","embeddable":true,"href":"https:\/\/www.hydrachim.fr\/en\/wp-json\/wp\/v2\/product_type?post=9899"},{"taxonomy":"product_visibility","embeddable":true,"href":"https:\/\/www.hydrachim.fr\/en\/wp-json\/wp\/v2\/product_visibility?post=9899"},{"taxonomy":"product_cat","embeddable":true,"href":"https:\/\/www.hydrachim.fr\/en\/wp-json\/wp\/v2\/product_cat?post=9899"}],"curies":[{"name":"wp","href":"https:\/\/api.w.org\/{rel}","templated":true}]}}