{"id":9800,"date":"2021-08-10T13:57:00","date_gmt":"2021-08-10T11:57:00","guid":{"rendered":"https:\/\/www.hydrachim.fr\/?post_type=product&#038;p=9800"},"modified":"2025-04-11T09:28:13","modified_gmt":"2025-04-11T07:28:13","slug":"asp_steril_acid_002118903","status":"publish","type":"product","link":"https:\/\/www.hydrachim.fr\/en\/produit\/asp_steril_acid_002118903\/","title":{"rendered":"ASP STERIL ACID"},"content":{"rendered":"<p><strong>DETERQUAT ASP STERIL ACID est un liquide concentr\u00e9 hydrosoluble pour le nettoyage et la d\u00e9sinfection.<br \/>\nASP STERIL ACID combine une action d\u00e9tergente pour \u00e9liminer les souillures min\u00e9rales, une action d\u00e9tartrante  pour \u00e9liminer les d\u00e9p\u00f4ts min\u00e9raux et une action d\u00e9sinfectante sur bact\u00e9ries, levures et virucide.<br \/>\nEfficace en circulation sur des eaux \u00e0 50\u00b0C, 75\u00b0C.<br \/>\nVirucide sur bact\u00e9riophage, ASP STERIL ACID est id\u00e9al en laiterie.<br \/>\nConsulter la fiche technique pour plus de d\u00e9tail.<\/strong><\/p>\n<p>DETERQUAT ASP STERIL ACIDE est un produit :<br \/>\n\u2013 bact\u00e9ricide,<br \/>\n\u2013 levuricide,<br \/>\n\u2013 Sporicide,<br \/>\n\u2013 virucide,<br \/>\n&#8211; bact\u00e9riophage.<br \/>\nselon les normes europ\u00e9ennes en vigueur.<\/p>\n<p><strong>Disponible en :<br \/>\n\u2013 Bidon de 24Kg. R\u00e9f. 002118901,<br \/>\n\u2013 IBC de 1200Kg. R\u00e9f. 002118903.<\/strong><\/p>\n<p><em>Utilisez les biocides avec pr\u00e9cautions.<br \/>\nATTENTION, ce produit est incompatible avec tous les m\u00e9taux rouill\u00e9s et autres objets corrod\u00e9s (m\u00eame l\u00e9g\u00e8rement).<\/em><\/p>\n","protected":false},"excerpt":{"rendered":"<p>D\u00e9tergent d\u00e9tartrant d\u00e9sinfectant pour circuit.<\/p>\n","protected":false},"featured_media":10128,"template":"","meta":[],"product_brand":[],"product_type":[2],"product_visibility":[],"product_cat":[4174,4151,4026,4175],"class_list":{"0":"post-9800","1":"product","2":"type-product","3":"status-publish","4":"has-post-thumbnail","6":"product_cat-nouveautesdesinfection","7":"product_cat-marquesdeterquat","8":"product_cat-produitsindustrie","9":"product_cat-nouveautesindustries","10":"product_tag-acide","11":"product_tag-alimentaire_1","12":"product_tag-bactericide","13":"product_tag-bactericide-type-defficacit","14":"product_tag-bacteriophage","15":"product_tag-bactriophages","16":"product_tag-desinfectant","17":"product_tag-fongicide_1","18":"product_tag-industrie-agroalimentaire_1","19":"product_tag-industrie-viande-poisson","20":"product_tag-levuricide_1","21":"product_tag-levuricide","22":"product_tag-non-moussant_1","23":"product_tag-sporicide","24":"product_tag-tous-types-dapplication","25":"product_tag-tous-types-defficacite","26":"product_tag-tous-types-de-secteur-dactivite","27":"product_tag-virucide","28":"product_tag-virucide_1","30":"first","31":"instock","32":"shipping-taxable","33":"product-type-simple"},"yoast_head":"<!-- This site is optimized with the Yoast SEO plugin v27.5 - https:\/\/yoast.com\/product\/yoast-seo-wordpress\/ -->\n<title>ASP STERIL ACID - Hydrachim<\/title>\n<meta name=\"robots\" content=\"index, follow, max-snippet:-1, max-image-preview:large, max-video-preview:-1\" \/>\n<link rel=\"canonical\" href=\"https:\/\/www.hydrachim.fr\/en\/produit\/asp_steril_acid_002118903\/\" \/>\n<meta property=\"og:locale\" content=\"en_US\" \/>\n<meta property=\"og:type\" content=\"article\" \/>\n<meta property=\"og:title\" content=\"ASP STERIL ACID - Hydrachim\" \/>\n<meta property=\"og:description\" content=\"D\u00e9tergent d\u00e9tartrant d\u00e9sinfectant pour circuit.\" \/>\n<meta property=\"og:url\" content=\"https:\/\/www.hydrachim.fr\/en\/produit\/asp_steril_acid_002118903\/\" \/>\n<meta property=\"og:site_name\" content=\"Hydrachim\" \/>\n<meta property=\"article:modified_time\" content=\"2025-04-11T07:28:13+00:00\" \/>\n<meta property=\"og:image\" content=\"https:\/\/www.hydrachim.fr\/app\/uploads\/2021\/10\/002118901_Deterquat_ASP_STERIL_ACID_24KG..png\" \/>\n\t<meta property=\"og:image:width\" content=\"291\" \/>\n\t<meta property=\"og:image:height\" content=\"378\" \/>\n\t<meta property=\"og:image:type\" content=\"image\/png\" \/>\n<meta name=\"twitter:card\" content=\"summary_large_image\" \/>\n<meta name=\"twitter:label1\" content=\"Est. reading time\" \/>\n\t<meta name=\"twitter:data1\" content=\"1 minute\" \/>\n<script type=\"application\/ld+json\" class=\"yoast-schema-graph\">{\"@context\":\"https:\\\/\\\/schema.org\",\"@graph\":[{\"@type\":\"WebPage\",\"@id\":\"https:\\\/\\\/www.hydrachim.fr\\\/en\\\/produit\\\/asp_steril_acid_002118903\\\/\",\"url\":\"https:\\\/\\\/www.hydrachim.fr\\\/en\\\/produit\\\/asp_steril_acid_002118903\\\/\",\"name\":\"ASP STERIL ACID - Hydrachim\",\"isPartOf\":{\"@id\":\"https:\\\/\\\/www.hydrachim.fr\\\/en\\\/#website\"},\"primaryImageOfPage\":{\"@id\":\"https:\\\/\\\/www.hydrachim.fr\\\/en\\\/produit\\\/asp_steril_acid_002118903\\\/#primaryimage\"},\"image\":{\"@id\":\"https:\\\/\\\/www.hydrachim.fr\\\/en\\\/produit\\\/asp_steril_acid_002118903\\\/#primaryimage\"},\"thumbnailUrl\":\"https:\\\/\\\/www.hydrachim.fr\\\/app\\\/uploads\\\/2021\\\/10\\\/002118901_Deterquat_ASP_STERIL_ACID_24KG..png\",\"datePublished\":\"2021-08-10T11:57:00+00:00\",\"dateModified\":\"2025-04-11T07:28:13+00:00\",\"breadcrumb\":{\"@id\":\"https:\\\/\\\/www.hydrachim.fr\\\/en\\\/produit\\\/asp_steril_acid_002118903\\\/#breadcrumb\"},\"inLanguage\":\"en-US\",\"potentialAction\":[{\"@type\":\"ReadAction\",\"target\":[\"https:\\\/\\\/www.hydrachim.fr\\\/en\\\/produit\\\/asp_steril_acid_002118903\\\/\"]}]},{\"@type\":\"ImageObject\",\"inLanguage\":\"en-US\",\"@id\":\"https:\\\/\\\/www.hydrachim.fr\\\/en\\\/produit\\\/asp_steril_acid_002118903\\\/#primaryimage\",\"url\":\"https:\\\/\\\/www.hydrachim.fr\\\/app\\\/uploads\\\/2021\\\/10\\\/002118901_Deterquat_ASP_STERIL_ACID_24KG..png\",\"contentUrl\":\"https:\\\/\\\/www.hydrachim.fr\\\/app\\\/uploads\\\/2021\\\/10\\\/002118901_Deterquat_ASP_STERIL_ACID_24KG..png\",\"width\":291,\"height\":378},{\"@type\":\"BreadcrumbList\",\"@id\":\"https:\\\/\\\/www.hydrachim.fr\\\/en\\\/produit\\\/asp_steril_acid_002118903\\\/#breadcrumb\",\"itemListElement\":[{\"@type\":\"ListItem\",\"position\":1,\"name\":\"Home\",\"item\":\"https:\\\/\\\/www.hydrachim.fr\\\/en\\\/\"},{\"@type\":\"ListItem\",\"position\":2,\"name\":\"Boutique\",\"item\":\"https:\\\/\\\/www.hydrachim.fr\\\/boutique\\\/\"},{\"@type\":\"ListItem\",\"position\":3,\"name\":\"ASP STERIL ACID\"}]},{\"@type\":\"WebSite\",\"@id\":\"https:\\\/\\\/www.hydrachim.fr\\\/en\\\/#website\",\"url\":\"https:\\\/\\\/www.hydrachim.fr\\\/en\\\/\",\"name\":\"Hydrachim\",\"description\":\"La science de l&#039;hygi\u00e8ne\",\"potentialAction\":[{\"@type\":\"SearchAction\",\"target\":{\"@type\":\"EntryPoint\",\"urlTemplate\":\"https:\\\/\\\/www.hydrachim.fr\\\/en\\\/?s={search_term_string}\"},\"query-input\":{\"@type\":\"PropertyValueSpecification\",\"valueRequired\":true,\"valueName\":\"search_term_string\"}}],\"inLanguage\":\"en-US\"}]}<\/script>\n<!-- \/ Yoast SEO plugin. -->","yoast_head_json":{"title":"ASP STERIL ACID - Hydrachim","robots":{"index":"index","follow":"follow","max-snippet":"max-snippet:-1","max-image-preview":"max-image-preview:large","max-video-preview":"max-video-preview:-1"},"canonical":"https:\/\/www.hydrachim.fr\/en\/produit\/asp_steril_acid_002118903\/","og_locale":"en_US","og_type":"article","og_title":"ASP STERIL ACID - Hydrachim","og_description":"D\u00e9tergent d\u00e9tartrant d\u00e9sinfectant pour circuit.","og_url":"https:\/\/www.hydrachim.fr\/en\/produit\/asp_steril_acid_002118903\/","og_site_name":"Hydrachim","article_modified_time":"2025-04-11T07:28:13+00:00","og_image":[{"width":291,"height":378,"url":"https:\/\/www.hydrachim.fr\/app\/uploads\/2021\/10\/002118901_Deterquat_ASP_STERIL_ACID_24KG..png","type":"image\/png"}],"twitter_card":"summary_large_image","twitter_misc":{"Est. reading time":"1 minute"},"schema":{"@context":"https:\/\/schema.org","@graph":[{"@type":"WebPage","@id":"https:\/\/www.hydrachim.fr\/en\/produit\/asp_steril_acid_002118903\/","url":"https:\/\/www.hydrachim.fr\/en\/produit\/asp_steril_acid_002118903\/","name":"ASP STERIL ACID - Hydrachim","isPartOf":{"@id":"https:\/\/www.hydrachim.fr\/en\/#website"},"primaryImageOfPage":{"@id":"https:\/\/www.hydrachim.fr\/en\/produit\/asp_steril_acid_002118903\/#primaryimage"},"image":{"@id":"https:\/\/www.hydrachim.fr\/en\/produit\/asp_steril_acid_002118903\/#primaryimage"},"thumbnailUrl":"https:\/\/www.hydrachim.fr\/app\/uploads\/2021\/10\/002118901_Deterquat_ASP_STERIL_ACID_24KG..png","datePublished":"2021-08-10T11:57:00+00:00","dateModified":"2025-04-11T07:28:13+00:00","breadcrumb":{"@id":"https:\/\/www.hydrachim.fr\/en\/produit\/asp_steril_acid_002118903\/#breadcrumb"},"inLanguage":"en-US","potentialAction":[{"@type":"ReadAction","target":["https:\/\/www.hydrachim.fr\/en\/produit\/asp_steril_acid_002118903\/"]}]},{"@type":"ImageObject","inLanguage":"en-US","@id":"https:\/\/www.hydrachim.fr\/en\/produit\/asp_steril_acid_002118903\/#primaryimage","url":"https:\/\/www.hydrachim.fr\/app\/uploads\/2021\/10\/002118901_Deterquat_ASP_STERIL_ACID_24KG..png","contentUrl":"https:\/\/www.hydrachim.fr\/app\/uploads\/2021\/10\/002118901_Deterquat_ASP_STERIL_ACID_24KG..png","width":291,"height":378},{"@type":"BreadcrumbList","@id":"https:\/\/www.hydrachim.fr\/en\/produit\/asp_steril_acid_002118903\/#breadcrumb","itemListElement":[{"@type":"ListItem","position":1,"name":"Home","item":"https:\/\/www.hydrachim.fr\/en\/"},{"@type":"ListItem","position":2,"name":"Boutique","item":"https:\/\/www.hydrachim.fr\/boutique\/"},{"@type":"ListItem","position":3,"name":"ASP STERIL ACID"}]},{"@type":"WebSite","@id":"https:\/\/www.hydrachim.fr\/en\/#website","url":"https:\/\/www.hydrachim.fr\/en\/","name":"Hydrachim","description":"La science de l&#039;hygi\u00e8ne","potentialAction":[{"@type":"SearchAction","target":{"@type":"EntryPoint","urlTemplate":"https:\/\/www.hydrachim.fr\/en\/?s={search_term_string}"},"query-input":{"@type":"PropertyValueSpecification","valueRequired":true,"valueName":"search_term_string"}}],"inLanguage":"en-US"}]}},"acf":{"fiche_methode":"","fiche_technique":"https:\/\/www.hydrachim.fr\/app\/uploads\/2025\/04\/FT_1189_ASP_STERIL_ACID.pdf"},"_links":{"self":[{"href":"https:\/\/www.hydrachim.fr\/en\/wp-json\/wp\/v2\/product\/9800","targetHints":{"allow":["GET"]}}],"collection":[{"href":"https:\/\/www.hydrachim.fr\/en\/wp-json\/wp\/v2\/product"}],"about":[{"href":"https:\/\/www.hydrachim.fr\/en\/wp-json\/wp\/v2\/types\/product"}],"wp:featuredmedia":[{"embeddable":true,"href":"https:\/\/www.hydrachim.fr\/en\/wp-json\/wp\/v2\/media\/10128"}],"wp:attachment":[{"href":"https:\/\/www.hydrachim.fr\/en\/wp-json\/wp\/v2\/media?parent=9800"}],"wp:term":[{"taxonomy":"product_brand","embeddable":true,"href":"https:\/\/www.hydrachim.fr\/en\/wp-json\/wp\/v2\/product_brand?post=9800"},{"taxonomy":"product_type","embeddable":true,"href":"https:\/\/www.hydrachim.fr\/en\/wp-json\/wp\/v2\/product_type?post=9800"},{"taxonomy":"product_visibility","embeddable":true,"href":"https:\/\/www.hydrachim.fr\/en\/wp-json\/wp\/v2\/product_visibility?post=9800"},{"taxonomy":"product_cat","embeddable":true,"href":"https:\/\/www.hydrachim.fr\/en\/wp-json\/wp\/v2\/product_cat?post=9800"}],"curies":[{"name":"wp","href":"https:\/\/api.w.org\/{rel}","templated":true}]}}