{"id":9774,"date":"2021-08-02T11:36:52","date_gmt":"2021-08-02T09:36:52","guid":{"rendered":"https:\/\/www.hydrachim.fr\/?post_type=product&#038;p=9774"},"modified":"2022-02-04T11:59:09","modified_gmt":"2022-02-04T09:59:09","slug":"deboucheur_liquide_caustique_002108315","status":"publish","type":"product","link":"https:\/\/www.hydrachim.fr\/en\/produit\/deboucheur_liquide_caustique_002108315\/","title":{"rendered":"D\u00e9boucheur liquide caustique"},"content":{"rendered":"<p><strong>Produit super actif qui assure une action imm\u00e9diate pour d\u00e9boucher les canalisations, sanitaires : WC, urinoirs, \u00e9viers, lavabos.<\/strong><\/p>\n<p>&#8211; Formulation concentr\u00e9e en agents alcalins.<br \/>\n&#8211; Produit liquide et corrosif qui assure une action imm\u00e9diate.<br \/>\n&#8211; Sans danger pour l\u2019\u00e9mail et les canalisations.<\/p>\n<p><strong>&#8211; Carton de 6 X 1 L. R\u00e9f. 002108315<\/strong><\/p>\n<p class=\"y-product y-product__product-subtitle\">Avantage :<\/p>\n<p>Formulation concentr\u00e9e en agents alcalins.<br \/>\nSans danger pour les fosses septiques, l\u2019\u00e9mail et les tuyauteries.<\/p>\n<p>Retrouvez le mode d&#8217;emploi et le dosage du produit en t\u00e9l\u00e9chargeant sa Fiche Technique.<\/p>\n<p><em>Ne pas utiliser sur dorure, peintures, surfaces fragiles.<br \/>\nAvant toute utilisation, lisez l&#8217;\u00e9tiquette et les informations concernant le produit.<\/em><\/p>\n","protected":false},"excerpt":{"rendered":"<p>D\u00e9boucheur liquide caustique pour l&#8217;entretien et d\u00e9bouchage des canalisations.<\/p>\n","protected":false},"featured_media":10850,"template":"","meta":[],"product_brand":[],"product_type":[2],"product_visibility":[],"product_cat":[4145,4122],"class_list":{"0":"post-9774","1":"product","2":"type-product","3":"status-publish","4":"has-post-thumbnail","6":"product_cat-marquesorlav","7":"product_cat-produitssanitaire","8":"product_tag-canalisation","9":"product_tag-deboucheur","10":"product_tag-entretien-3","11":"product_tag-liquide","13":"first","14":"instock","15":"shipping-taxable","16":"product-type-simple"},"yoast_head":"<!-- This site is optimized with the Yoast SEO plugin v27.5 - https:\/\/yoast.com\/product\/yoast-seo-wordpress\/ -->\n<title>D\u00e9boucheur liquide caustique - Hydrachim<\/title>\n<meta name=\"robots\" content=\"index, follow, max-snippet:-1, max-image-preview:large, max-video-preview:-1\" \/>\n<link rel=\"canonical\" href=\"https:\/\/www.hydrachim.fr\/en\/produit\/deboucheur_liquide_caustique_002108315\/\" \/>\n<meta property=\"og:locale\" content=\"en_US\" \/>\n<meta property=\"og:type\" content=\"article\" \/>\n<meta property=\"og:title\" content=\"D\u00e9boucheur liquide caustique - Hydrachim\" \/>\n<meta property=\"og:description\" content=\"D\u00e9boucheur liquide caustique pour l&#039;entretien et d\u00e9bouchage des canalisations.\" \/>\n<meta property=\"og:url\" content=\"https:\/\/www.hydrachim.fr\/en\/produit\/deboucheur_liquide_caustique_002108315\/\" \/>\n<meta property=\"og:site_name\" content=\"Hydrachim\" \/>\n<meta property=\"article:modified_time\" content=\"2022-02-04T09:59:09+00:00\" \/>\n<meta property=\"og:image\" content=\"https:\/\/www.hydrachim.fr\/app\/uploads\/2022\/02\/1083___D_BOUCHEUR_LIQUIDE_CAUSTIQUE___1L.-5.png\" \/>\n\t<meta property=\"og:image:width\" content=\"262\" \/>\n\t<meta property=\"og:image:height\" content=\"600\" \/>\n\t<meta property=\"og:image:type\" content=\"image\/png\" \/>\n<meta name=\"twitter:card\" content=\"summary_large_image\" \/>\n<meta name=\"twitter:label1\" content=\"Est. reading time\" \/>\n\t<meta name=\"twitter:data1\" content=\"1 minute\" \/>\n<script type=\"application\/ld+json\" class=\"yoast-schema-graph\">{\"@context\":\"https:\\\/\\\/schema.org\",\"@graph\":[{\"@type\":\"WebPage\",\"@id\":\"https:\\\/\\\/www.hydrachim.fr\\\/en\\\/produit\\\/deboucheur_liquide_caustique_002108315\\\/\",\"url\":\"https:\\\/\\\/www.hydrachim.fr\\\/en\\\/produit\\\/deboucheur_liquide_caustique_002108315\\\/\",\"name\":\"D\u00e9boucheur liquide caustique - Hydrachim\",\"isPartOf\":{\"@id\":\"https:\\\/\\\/www.hydrachim.fr\\\/en\\\/#website\"},\"primaryImageOfPage\":{\"@id\":\"https:\\\/\\\/www.hydrachim.fr\\\/en\\\/produit\\\/deboucheur_liquide_caustique_002108315\\\/#primaryimage\"},\"image\":{\"@id\":\"https:\\\/\\\/www.hydrachim.fr\\\/en\\\/produit\\\/deboucheur_liquide_caustique_002108315\\\/#primaryimage\"},\"thumbnailUrl\":\"https:\\\/\\\/www.hydrachim.fr\\\/app\\\/uploads\\\/2022\\\/02\\\/1083___D_BOUCHEUR_LIQUIDE_CAUSTIQUE___1L.-5.png\",\"datePublished\":\"2021-08-02T09:36:52+00:00\",\"dateModified\":\"2022-02-04T09:59:09+00:00\",\"breadcrumb\":{\"@id\":\"https:\\\/\\\/www.hydrachim.fr\\\/en\\\/produit\\\/deboucheur_liquide_caustique_002108315\\\/#breadcrumb\"},\"inLanguage\":\"en-US\",\"potentialAction\":[{\"@type\":\"ReadAction\",\"target\":[\"https:\\\/\\\/www.hydrachim.fr\\\/en\\\/produit\\\/deboucheur_liquide_caustique_002108315\\\/\"]}]},{\"@type\":\"ImageObject\",\"inLanguage\":\"en-US\",\"@id\":\"https:\\\/\\\/www.hydrachim.fr\\\/en\\\/produit\\\/deboucheur_liquide_caustique_002108315\\\/#primaryimage\",\"url\":\"https:\\\/\\\/www.hydrachim.fr\\\/app\\\/uploads\\\/2022\\\/02\\\/1083___D_BOUCHEUR_LIQUIDE_CAUSTIQUE___1L.-5.png\",\"contentUrl\":\"https:\\\/\\\/www.hydrachim.fr\\\/app\\\/uploads\\\/2022\\\/02\\\/1083___D_BOUCHEUR_LIQUIDE_CAUSTIQUE___1L.-5.png\",\"width\":262,\"height\":600},{\"@type\":\"BreadcrumbList\",\"@id\":\"https:\\\/\\\/www.hydrachim.fr\\\/en\\\/produit\\\/deboucheur_liquide_caustique_002108315\\\/#breadcrumb\",\"itemListElement\":[{\"@type\":\"ListItem\",\"position\":1,\"name\":\"Home\",\"item\":\"https:\\\/\\\/www.hydrachim.fr\\\/en\\\/\"},{\"@type\":\"ListItem\",\"position\":2,\"name\":\"Boutique\",\"item\":\"https:\\\/\\\/www.hydrachim.fr\\\/boutique\\\/\"},{\"@type\":\"ListItem\",\"position\":3,\"name\":\"D\u00e9boucheur liquide caustique\"}]},{\"@type\":\"WebSite\",\"@id\":\"https:\\\/\\\/www.hydrachim.fr\\\/en\\\/#website\",\"url\":\"https:\\\/\\\/www.hydrachim.fr\\\/en\\\/\",\"name\":\"Hydrachim\",\"description\":\"La science de l&#039;hygi\u00e8ne\",\"potentialAction\":[{\"@type\":\"SearchAction\",\"target\":{\"@type\":\"EntryPoint\",\"urlTemplate\":\"https:\\\/\\\/www.hydrachim.fr\\\/en\\\/?s={search_term_string}\"},\"query-input\":{\"@type\":\"PropertyValueSpecification\",\"valueRequired\":true,\"valueName\":\"search_term_string\"}}],\"inLanguage\":\"en-US\"}]}<\/script>\n<!-- \/ Yoast SEO plugin. -->","yoast_head_json":{"title":"D\u00e9boucheur liquide caustique - Hydrachim","robots":{"index":"index","follow":"follow","max-snippet":"max-snippet:-1","max-image-preview":"max-image-preview:large","max-video-preview":"max-video-preview:-1"},"canonical":"https:\/\/www.hydrachim.fr\/en\/produit\/deboucheur_liquide_caustique_002108315\/","og_locale":"en_US","og_type":"article","og_title":"D\u00e9boucheur liquide caustique - Hydrachim","og_description":"D\u00e9boucheur liquide caustique pour l'entretien et d\u00e9bouchage des canalisations.","og_url":"https:\/\/www.hydrachim.fr\/en\/produit\/deboucheur_liquide_caustique_002108315\/","og_site_name":"Hydrachim","article_modified_time":"2022-02-04T09:59:09+00:00","og_image":[{"width":262,"height":600,"url":"https:\/\/www.hydrachim.fr\/app\/uploads\/2022\/02\/1083___D_BOUCHEUR_LIQUIDE_CAUSTIQUE___1L.-5.png","type":"image\/png"}],"twitter_card":"summary_large_image","twitter_misc":{"Est. reading time":"1 minute"},"schema":{"@context":"https:\/\/schema.org","@graph":[{"@type":"WebPage","@id":"https:\/\/www.hydrachim.fr\/en\/produit\/deboucheur_liquide_caustique_002108315\/","url":"https:\/\/www.hydrachim.fr\/en\/produit\/deboucheur_liquide_caustique_002108315\/","name":"D\u00e9boucheur liquide caustique - Hydrachim","isPartOf":{"@id":"https:\/\/www.hydrachim.fr\/en\/#website"},"primaryImageOfPage":{"@id":"https:\/\/www.hydrachim.fr\/en\/produit\/deboucheur_liquide_caustique_002108315\/#primaryimage"},"image":{"@id":"https:\/\/www.hydrachim.fr\/en\/produit\/deboucheur_liquide_caustique_002108315\/#primaryimage"},"thumbnailUrl":"https:\/\/www.hydrachim.fr\/app\/uploads\/2022\/02\/1083___D_BOUCHEUR_LIQUIDE_CAUSTIQUE___1L.-5.png","datePublished":"2021-08-02T09:36:52+00:00","dateModified":"2022-02-04T09:59:09+00:00","breadcrumb":{"@id":"https:\/\/www.hydrachim.fr\/en\/produit\/deboucheur_liquide_caustique_002108315\/#breadcrumb"},"inLanguage":"en-US","potentialAction":[{"@type":"ReadAction","target":["https:\/\/www.hydrachim.fr\/en\/produit\/deboucheur_liquide_caustique_002108315\/"]}]},{"@type":"ImageObject","inLanguage":"en-US","@id":"https:\/\/www.hydrachim.fr\/en\/produit\/deboucheur_liquide_caustique_002108315\/#primaryimage","url":"https:\/\/www.hydrachim.fr\/app\/uploads\/2022\/02\/1083___D_BOUCHEUR_LIQUIDE_CAUSTIQUE___1L.-5.png","contentUrl":"https:\/\/www.hydrachim.fr\/app\/uploads\/2022\/02\/1083___D_BOUCHEUR_LIQUIDE_CAUSTIQUE___1L.-5.png","width":262,"height":600},{"@type":"BreadcrumbList","@id":"https:\/\/www.hydrachim.fr\/en\/produit\/deboucheur_liquide_caustique_002108315\/#breadcrumb","itemListElement":[{"@type":"ListItem","position":1,"name":"Home","item":"https:\/\/www.hydrachim.fr\/en\/"},{"@type":"ListItem","position":2,"name":"Boutique","item":"https:\/\/www.hydrachim.fr\/boutique\/"},{"@type":"ListItem","position":3,"name":"D\u00e9boucheur liquide caustique"}]},{"@type":"WebSite","@id":"https:\/\/www.hydrachim.fr\/en\/#website","url":"https:\/\/www.hydrachim.fr\/en\/","name":"Hydrachim","description":"La science de l&#039;hygi\u00e8ne","potentialAction":[{"@type":"SearchAction","target":{"@type":"EntryPoint","urlTemplate":"https:\/\/www.hydrachim.fr\/en\/?s={search_term_string}"},"query-input":{"@type":"PropertyValueSpecification","valueRequired":true,"valueName":"search_term_string"}}],"inLanguage":"en-US"}]}},"acf":{"fiche_methode":"","fiche_technique":"https:\/\/www.hydrachim.fr\/app\/uploads\/2022\/02\/ORLAV___SANITAIRE___1083___DEBOUCHEUR_LIQUIDE_CAUSTIQUE.pdf"},"_links":{"self":[{"href":"https:\/\/www.hydrachim.fr\/en\/wp-json\/wp\/v2\/product\/9774","targetHints":{"allow":["GET"]}}],"collection":[{"href":"https:\/\/www.hydrachim.fr\/en\/wp-json\/wp\/v2\/product"}],"about":[{"href":"https:\/\/www.hydrachim.fr\/en\/wp-json\/wp\/v2\/types\/product"}],"wp:featuredmedia":[{"embeddable":true,"href":"https:\/\/www.hydrachim.fr\/en\/wp-json\/wp\/v2\/media\/10850"}],"wp:attachment":[{"href":"https:\/\/www.hydrachim.fr\/en\/wp-json\/wp\/v2\/media?parent=9774"}],"wp:term":[{"taxonomy":"product_brand","embeddable":true,"href":"https:\/\/www.hydrachim.fr\/en\/wp-json\/wp\/v2\/product_brand?post=9774"},{"taxonomy":"product_type","embeddable":true,"href":"https:\/\/www.hydrachim.fr\/en\/wp-json\/wp\/v2\/product_type?post=9774"},{"taxonomy":"product_visibility","embeddable":true,"href":"https:\/\/www.hydrachim.fr\/en\/wp-json\/wp\/v2\/product_visibility?post=9774"},{"taxonomy":"product_cat","embeddable":true,"href":"https:\/\/www.hydrachim.fr\/en\/wp-json\/wp\/v2\/product_cat?post=9774"}],"curies":[{"name":"wp","href":"https:\/\/api.w.org\/{rel}","templated":true}]}}