{"id":9697,"date":"2021-07-26T12:07:19","date_gmt":"2021-07-26T10:07:19","guid":{"rendered":"https:\/\/www.hydrachim.fr\/?post_type=product&#038;p=9697"},"modified":"2023-11-06T14:55:25","modified_gmt":"2023-11-06T12:55:25","slug":"clb_002123201","status":"publish","type":"product","link":"https:\/\/www.hydrachim.fr\/en\/produit\/clb_002123201\/","title":{"rendered":"CLB"},"content":{"rendered":"<p><strong>DETERQUAT CLB s\u2019utilise en laiterie, cr\u00e8merie, fromagerie.<br \/>\nEfficace pour nettoyer, d\u00e9graisser d\u00e9sinfecter les circuits, butyrateurs, barattes, bacs&#8230;<\/strong><\/p>\n<p>DETERQUAT CLB est un produit liquide alcalin chlor\u00e9 silicat\u00e9.<br \/>\nD\u00e9sinfectant selon les normes europ\u00e9ennes en vigueur.<\/p>\n<p><strong>Disponible en :<br \/>\n&#8211; Bidon de 24 kg. R\u00e9f. 002123202.<br \/>\n&#8211; F\u00fbt de 240 kg. R\u00e9f. 002123204.<br \/>\n&#8211; Container de 1100kg. R\u00e9f. 002123207.<\/strong><\/p>\n<p class=\"y-product y-product__product-subtitle\">Avantage :<\/p>\n<p>Apr\u00e8s un bon nettoyage avec CLB suivi d&#8217;un rin\u00e7age efficace, le d\u00e9placement des mati\u00e8res grasses comme le beurre est facilit\u00e9.<\/p>\n<p>Retrouvez le mode d&#8217;emploi et le dosage du produit en t\u00e9l\u00e9chargeant sa Fiche Technique.<\/p>\n<p><em>Utilisez les biocides avec pr\u00e9caution. Avant toute utilisation, lisez l\u2019\u00e9tiquette et les informations concernant le produit.<br \/>\nAvant toute utilisation, assurez-vous que celle-ci est indispensable, notamment dans les lieux fr\u00e9quent\u00e9s par le grand public. Privil\u00e9giez chaque fois que possible les m\u00e9thodes alternatives et les produits pr\u00e9sentant le risque le plus faible pour la sant\u00e9 humaine et animale et pour l\u2019environnement.<br \/>\nTP4 : Surfaces en contact avec les denr\u00e9es alimentaires et les aliments pour animaux.<\/em><\/p>\n","protected":false},"excerpt":{"rendered":"<p>D\u00e9graissant d\u00e9sinfectant chlor\u00e9 non-moussant sp\u00e9cial Beurrerie cr\u00e8merie.<\/p>\n","protected":false},"featured_media":9934,"template":"","meta":[],"product_brand":[],"product_type":[2],"product_visibility":[],"product_cat":[4027,4116,4237,4174,4151,4112],"class_list":{"0":"post-9697","1":"product","2":"type-product","3":"status-publish","4":"has-post-thumbnail","6":"product_cat-agro-alimentaire-industrie","7":"product_cat-dsinfectionagro-alimentaire","8":"product_cat-produits-produitsdsinfectioncoronavirus","9":"product_cat-nouveautesdesinfection","10":"product_cat-marquesdeterquat","11":"product_cat-dsinfectionsurface","12":"product_tag-alcalin","13":"product_tag-alimentaire_1","14":"product_tag-bactericide-type-defficacit","15":"product_tag-bacteriophage","16":"product_tag-chlore","17":"product_tag-desinfectant","18":"product_tag-detergent","19":"product_tag-equipements-et-machines","20":"product_tag-fongicide_1","21":"product_tag-industrie-agroalimentaire_1","22":"product_tag-industrie-laitiere","23":"product_tag-levuricide_1","24":"product_tag-liquide","25":"product_tag-mycobactericide","26":"product_tag-non-moussant_1","27":"product_tag-sporicide_1","28":"product_tag-tous-types-dapplication","29":"product_tag-tous-types-defficacite","30":"product_tag-tous-types-de-secteur-dactivite","31":"product_tag-tp4","32":"product_tag-virucide_1","34":"first","35":"instock","36":"shipping-taxable","37":"product-type-simple"},"yoast_head":"<!-- This site is optimized with the Yoast SEO plugin v27.5 - https:\/\/yoast.com\/product\/yoast-seo-wordpress\/ -->\n<title>CLB - Hydrachim<\/title>\n<meta name=\"robots\" content=\"index, follow, max-snippet:-1, max-image-preview:large, max-video-preview:-1\" \/>\n<link rel=\"canonical\" href=\"https:\/\/www.hydrachim.fr\/en\/produit\/clb_002123201\/\" \/>\n<meta property=\"og:locale\" content=\"en_US\" \/>\n<meta property=\"og:type\" content=\"article\" \/>\n<meta property=\"og:title\" content=\"CLB - Hydrachim\" \/>\n<meta property=\"og:description\" content=\"D\u00e9graissant d\u00e9sinfectant chlor\u00e9 non-moussant sp\u00e9cial Beurrerie cr\u00e8merie.\" \/>\n<meta property=\"og:url\" content=\"https:\/\/www.hydrachim.fr\/en\/produit\/clb_002123201\/\" \/>\n<meta property=\"og:site_name\" content=\"Hydrachim\" \/>\n<meta property=\"article:modified_time\" content=\"2023-11-06T12:55:25+00:00\" \/>\n<meta property=\"og:image\" content=\"https:\/\/www.hydrachim.fr\/app\/uploads\/2021\/08\/002123202_DTQ_CLB_24kg.png\" \/>\n\t<meta property=\"og:image:width\" content=\"419\" \/>\n\t<meta property=\"og:image:height\" content=\"586\" \/>\n\t<meta property=\"og:image:type\" content=\"image\/png\" \/>\n<meta name=\"twitter:card\" content=\"summary_large_image\" \/>\n<meta name=\"twitter:label1\" content=\"Est. reading time\" \/>\n\t<meta name=\"twitter:data1\" content=\"1 minute\" \/>\n<script type=\"application\/ld+json\" class=\"yoast-schema-graph\">{\"@context\":\"https:\\\/\\\/schema.org\",\"@graph\":[{\"@type\":\"WebPage\",\"@id\":\"https:\\\/\\\/www.hydrachim.fr\\\/en\\\/produit\\\/clb_002123201\\\/\",\"url\":\"https:\\\/\\\/www.hydrachim.fr\\\/en\\\/produit\\\/clb_002123201\\\/\",\"name\":\"CLB - Hydrachim\",\"isPartOf\":{\"@id\":\"https:\\\/\\\/www.hydrachim.fr\\\/en\\\/#website\"},\"primaryImageOfPage\":{\"@id\":\"https:\\\/\\\/www.hydrachim.fr\\\/en\\\/produit\\\/clb_002123201\\\/#primaryimage\"},\"image\":{\"@id\":\"https:\\\/\\\/www.hydrachim.fr\\\/en\\\/produit\\\/clb_002123201\\\/#primaryimage\"},\"thumbnailUrl\":\"https:\\\/\\\/www.hydrachim.fr\\\/app\\\/uploads\\\/2021\\\/08\\\/002123202_DTQ_CLB_24kg.png\",\"datePublished\":\"2021-07-26T10:07:19+00:00\",\"dateModified\":\"2023-11-06T12:55:25+00:00\",\"breadcrumb\":{\"@id\":\"https:\\\/\\\/www.hydrachim.fr\\\/en\\\/produit\\\/clb_002123201\\\/#breadcrumb\"},\"inLanguage\":\"en-US\",\"potentialAction\":[{\"@type\":\"ReadAction\",\"target\":[\"https:\\\/\\\/www.hydrachim.fr\\\/en\\\/produit\\\/clb_002123201\\\/\"]}]},{\"@type\":\"ImageObject\",\"inLanguage\":\"en-US\",\"@id\":\"https:\\\/\\\/www.hydrachim.fr\\\/en\\\/produit\\\/clb_002123201\\\/#primaryimage\",\"url\":\"https:\\\/\\\/www.hydrachim.fr\\\/app\\\/uploads\\\/2021\\\/08\\\/002123202_DTQ_CLB_24kg.png\",\"contentUrl\":\"https:\\\/\\\/www.hydrachim.fr\\\/app\\\/uploads\\\/2021\\\/08\\\/002123202_DTQ_CLB_24kg.png\",\"width\":419,\"height\":586},{\"@type\":\"BreadcrumbList\",\"@id\":\"https:\\\/\\\/www.hydrachim.fr\\\/en\\\/produit\\\/clb_002123201\\\/#breadcrumb\",\"itemListElement\":[{\"@type\":\"ListItem\",\"position\":1,\"name\":\"Home\",\"item\":\"https:\\\/\\\/www.hydrachim.fr\\\/en\\\/\"},{\"@type\":\"ListItem\",\"position\":2,\"name\":\"Boutique\",\"item\":\"https:\\\/\\\/www.hydrachim.fr\\\/boutique\\\/\"},{\"@type\":\"ListItem\",\"position\":3,\"name\":\"CLB\"}]},{\"@type\":\"WebSite\",\"@id\":\"https:\\\/\\\/www.hydrachim.fr\\\/en\\\/#website\",\"url\":\"https:\\\/\\\/www.hydrachim.fr\\\/en\\\/\",\"name\":\"Hydrachim\",\"description\":\"La science de l&#039;hygi\u00e8ne\",\"potentialAction\":[{\"@type\":\"SearchAction\",\"target\":{\"@type\":\"EntryPoint\",\"urlTemplate\":\"https:\\\/\\\/www.hydrachim.fr\\\/en\\\/?s={search_term_string}\"},\"query-input\":{\"@type\":\"PropertyValueSpecification\",\"valueRequired\":true,\"valueName\":\"search_term_string\"}}],\"inLanguage\":\"en-US\"}]}<\/script>\n<!-- \/ Yoast SEO plugin. -->","yoast_head_json":{"title":"CLB - Hydrachim","robots":{"index":"index","follow":"follow","max-snippet":"max-snippet:-1","max-image-preview":"max-image-preview:large","max-video-preview":"max-video-preview:-1"},"canonical":"https:\/\/www.hydrachim.fr\/en\/produit\/clb_002123201\/","og_locale":"en_US","og_type":"article","og_title":"CLB - Hydrachim","og_description":"D\u00e9graissant d\u00e9sinfectant chlor\u00e9 non-moussant sp\u00e9cial Beurrerie cr\u00e8merie.","og_url":"https:\/\/www.hydrachim.fr\/en\/produit\/clb_002123201\/","og_site_name":"Hydrachim","article_modified_time":"2023-11-06T12:55:25+00:00","og_image":[{"width":419,"height":586,"url":"https:\/\/www.hydrachim.fr\/app\/uploads\/2021\/08\/002123202_DTQ_CLB_24kg.png","type":"image\/png"}],"twitter_card":"summary_large_image","twitter_misc":{"Est. reading time":"1 minute"},"schema":{"@context":"https:\/\/schema.org","@graph":[{"@type":"WebPage","@id":"https:\/\/www.hydrachim.fr\/en\/produit\/clb_002123201\/","url":"https:\/\/www.hydrachim.fr\/en\/produit\/clb_002123201\/","name":"CLB - Hydrachim","isPartOf":{"@id":"https:\/\/www.hydrachim.fr\/en\/#website"},"primaryImageOfPage":{"@id":"https:\/\/www.hydrachim.fr\/en\/produit\/clb_002123201\/#primaryimage"},"image":{"@id":"https:\/\/www.hydrachim.fr\/en\/produit\/clb_002123201\/#primaryimage"},"thumbnailUrl":"https:\/\/www.hydrachim.fr\/app\/uploads\/2021\/08\/002123202_DTQ_CLB_24kg.png","datePublished":"2021-07-26T10:07:19+00:00","dateModified":"2023-11-06T12:55:25+00:00","breadcrumb":{"@id":"https:\/\/www.hydrachim.fr\/en\/produit\/clb_002123201\/#breadcrumb"},"inLanguage":"en-US","potentialAction":[{"@type":"ReadAction","target":["https:\/\/www.hydrachim.fr\/en\/produit\/clb_002123201\/"]}]},{"@type":"ImageObject","inLanguage":"en-US","@id":"https:\/\/www.hydrachim.fr\/en\/produit\/clb_002123201\/#primaryimage","url":"https:\/\/www.hydrachim.fr\/app\/uploads\/2021\/08\/002123202_DTQ_CLB_24kg.png","contentUrl":"https:\/\/www.hydrachim.fr\/app\/uploads\/2021\/08\/002123202_DTQ_CLB_24kg.png","width":419,"height":586},{"@type":"BreadcrumbList","@id":"https:\/\/www.hydrachim.fr\/en\/produit\/clb_002123201\/#breadcrumb","itemListElement":[{"@type":"ListItem","position":1,"name":"Home","item":"https:\/\/www.hydrachim.fr\/en\/"},{"@type":"ListItem","position":2,"name":"Boutique","item":"https:\/\/www.hydrachim.fr\/boutique\/"},{"@type":"ListItem","position":3,"name":"CLB"}]},{"@type":"WebSite","@id":"https:\/\/www.hydrachim.fr\/en\/#website","url":"https:\/\/www.hydrachim.fr\/en\/","name":"Hydrachim","description":"La science de l&#039;hygi\u00e8ne","potentialAction":[{"@type":"SearchAction","target":{"@type":"EntryPoint","urlTemplate":"https:\/\/www.hydrachim.fr\/en\/?s={search_term_string}"},"query-input":{"@type":"PropertyValueSpecification","valueRequired":true,"valueName":"search_term_string"}}],"inLanguage":"en-US"}]}},"acf":{"fiche_methode":"","fiche_technique":"https:\/\/www.hydrachim.fr\/app\/uploads\/2022\/01\/FT_1232_Deterquat_CLB.pdf"},"_links":{"self":[{"href":"https:\/\/www.hydrachim.fr\/en\/wp-json\/wp\/v2\/product\/9697","targetHints":{"allow":["GET"]}}],"collection":[{"href":"https:\/\/www.hydrachim.fr\/en\/wp-json\/wp\/v2\/product"}],"about":[{"href":"https:\/\/www.hydrachim.fr\/en\/wp-json\/wp\/v2\/types\/product"}],"wp:featuredmedia":[{"embeddable":true,"href":"https:\/\/www.hydrachim.fr\/en\/wp-json\/wp\/v2\/media\/9934"}],"wp:attachment":[{"href":"https:\/\/www.hydrachim.fr\/en\/wp-json\/wp\/v2\/media?parent=9697"}],"wp:term":[{"taxonomy":"product_brand","embeddable":true,"href":"https:\/\/www.hydrachim.fr\/en\/wp-json\/wp\/v2\/product_brand?post=9697"},{"taxonomy":"product_type","embeddable":true,"href":"https:\/\/www.hydrachim.fr\/en\/wp-json\/wp\/v2\/product_type?post=9697"},{"taxonomy":"product_visibility","embeddable":true,"href":"https:\/\/www.hydrachim.fr\/en\/wp-json\/wp\/v2\/product_visibility?post=9697"},{"taxonomy":"product_cat","embeddable":true,"href":"https:\/\/www.hydrachim.fr\/en\/wp-json\/wp\/v2\/product_cat?post=9697"}],"curies":[{"name":"wp","href":"https:\/\/api.w.org\/{rel}","templated":true}]}}