{"id":9690,"date":"2021-07-22T15:59:29","date_gmt":"2021-07-22T13:59:29","guid":{"rendered":"https:\/\/www.hydrachim.fr\/?post_type=product&#038;p=9690"},"modified":"2026-03-16T13:01:48","modified_gmt":"2026-03-16T11:01:48","slug":"acidoxy_001140806","status":"publish","type":"product","link":"https:\/\/www.hydrachim.fr\/en\/produit\/acidoxy_001140806\/","title":{"rendered":"Acid&#8217;Oxy"},"content":{"rendered":"<p><strong>D\u00e9tartrant liquide non moussant pour l&#8217;\u00e9limination des souillures organiques et min\u00e9rales.<\/strong><\/p>\n<p>ACID\u2019OXY est un acide d\u00e9tartrant, oxydant, non moussant qui d\u00e9grade les mati\u00e8res organiques et min\u00e9rales dans les circuits.<br \/>\nS\u2019utilise en laiterie et en \u00e9levage pour l\u2019entretien de la machine \u00e0 traire et des lactoducs.<br \/>\n*Produit utilisable en agriculture biologique uniquement en condition de laiterie conform\u00e9ment au r\u00e8glement (UE) 2018\/848 (et ses amendements).<\/p>\n<p><strong>Disponible en :<br \/>\n&#8211; Bidon de  24Kg. R\u00e9f. 001140801.<br \/>\n&#8211; F\u00fbt de 220Kg. R\u00e9f. 001140802.<br \/>\n&#8211; Container de 1100Kg. R\u00e9f. 001140807.<\/strong><\/p>\n<p class=\"y-product y-product__product-subtitle\">Avantage :<\/p>\n<p>Utilisable en agriculture biologique *.<\/p>\n<p>Retrouvez le mode d&#8217;emploi et le dosage du produit en t\u00e9l\u00e9chargeant la Fiche Technique.<\/p>\n","protected":false},"excerpt":{"rendered":"<p>D\u00e9tartrant peroxyd\u00e9 pour machine \u00e0 traire et robots de traite.<\/p>\n","protected":false},"featured_media":30624,"template":"","meta":[],"product_brand":[],"product_type":[2],"product_visibility":[],"product_cat":[4154,4089],"class_list":{"0":"post-9690","1":"product","2":"type-product","3":"status-publish","4":"has-post-thumbnail","6":"product_cat-marqueshydrachim-elevage","7":"product_cat-elevagehygine-levage","8":"product_tag-acide","9":"product_tag-detartrant","10":"product_tag-liquide","11":"product_tag-materiel-de-traite","12":"product_tag-non-moussant","13":"product_tag-oxydant","14":"product_tag-robot-de-traite","16":"first","17":"instock","18":"shipping-taxable","19":"product-type-simple"},"yoast_head":"<!-- This site is optimized with the Yoast SEO plugin v27.5 - https:\/\/yoast.com\/product\/yoast-seo-wordpress\/ -->\n<title>Acid&#039;Oxy - Hydrachim<\/title>\n<meta name=\"robots\" content=\"index, follow, max-snippet:-1, max-image-preview:large, max-video-preview:-1\" \/>\n<link rel=\"canonical\" href=\"https:\/\/www.hydrachim.fr\/en\/produit\/acidoxy_001140806\/\" \/>\n<meta property=\"og:locale\" content=\"en_US\" \/>\n<meta property=\"og:type\" content=\"article\" \/>\n<meta property=\"og:title\" content=\"Acid&#039;Oxy - Hydrachim\" \/>\n<meta property=\"og:description\" content=\"D\u00e9tartrant peroxyd\u00e9 pour machine \u00e0 traire et robots de traite.\" \/>\n<meta property=\"og:url\" content=\"https:\/\/www.hydrachim.fr\/en\/produit\/acidoxy_001140806\/\" \/>\n<meta property=\"og:site_name\" content=\"Hydrachim\" \/>\n<meta property=\"article:modified_time\" content=\"2026-03-16T11:01:48+00:00\" \/>\n<meta property=\"og:image\" content=\"https:\/\/www.hydrachim.fr\/app\/uploads\/2026\/03\/001140806_Acid_Oxy_24kg_mercury.png\" \/>\n\t<meta property=\"og:image:width\" content=\"712\" \/>\n\t<meta property=\"og:image:height\" content=\"1025\" \/>\n\t<meta property=\"og:image:type\" content=\"image\/png\" \/>\n<meta name=\"twitter:card\" content=\"summary_large_image\" \/>\n<meta name=\"twitter:label1\" content=\"Est. reading time\" \/>\n\t<meta name=\"twitter:data1\" content=\"1 minute\" \/>\n<script type=\"application\/ld+json\" class=\"yoast-schema-graph\">{\"@context\":\"https:\\\/\\\/schema.org\",\"@graph\":[{\"@type\":\"WebPage\",\"@id\":\"https:\\\/\\\/www.hydrachim.fr\\\/en\\\/produit\\\/acidoxy_001140806\\\/\",\"url\":\"https:\\\/\\\/www.hydrachim.fr\\\/en\\\/produit\\\/acidoxy_001140806\\\/\",\"name\":\"Acid'Oxy - Hydrachim\",\"isPartOf\":{\"@id\":\"https:\\\/\\\/www.hydrachim.fr\\\/en\\\/#website\"},\"primaryImageOfPage\":{\"@id\":\"https:\\\/\\\/www.hydrachim.fr\\\/en\\\/produit\\\/acidoxy_001140806\\\/#primaryimage\"},\"image\":{\"@id\":\"https:\\\/\\\/www.hydrachim.fr\\\/en\\\/produit\\\/acidoxy_001140806\\\/#primaryimage\"},\"thumbnailUrl\":\"https:\\\/\\\/www.hydrachim.fr\\\/app\\\/uploads\\\/2026\\\/03\\\/001140806_Acid_Oxy_24kg_mercury.png\",\"datePublished\":\"2021-07-22T13:59:29+00:00\",\"dateModified\":\"2026-03-16T11:01:48+00:00\",\"breadcrumb\":{\"@id\":\"https:\\\/\\\/www.hydrachim.fr\\\/en\\\/produit\\\/acidoxy_001140806\\\/#breadcrumb\"},\"inLanguage\":\"en-US\",\"potentialAction\":[{\"@type\":\"ReadAction\",\"target\":[\"https:\\\/\\\/www.hydrachim.fr\\\/en\\\/produit\\\/acidoxy_001140806\\\/\"]}]},{\"@type\":\"ImageObject\",\"inLanguage\":\"en-US\",\"@id\":\"https:\\\/\\\/www.hydrachim.fr\\\/en\\\/produit\\\/acidoxy_001140806\\\/#primaryimage\",\"url\":\"https:\\\/\\\/www.hydrachim.fr\\\/app\\\/uploads\\\/2026\\\/03\\\/001140806_Acid_Oxy_24kg_mercury.png\",\"contentUrl\":\"https:\\\/\\\/www.hydrachim.fr\\\/app\\\/uploads\\\/2026\\\/03\\\/001140806_Acid_Oxy_24kg_mercury.png\",\"width\":712,\"height\":1025},{\"@type\":\"BreadcrumbList\",\"@id\":\"https:\\\/\\\/www.hydrachim.fr\\\/en\\\/produit\\\/acidoxy_001140806\\\/#breadcrumb\",\"itemListElement\":[{\"@type\":\"ListItem\",\"position\":1,\"name\":\"Home\",\"item\":\"https:\\\/\\\/www.hydrachim.fr\\\/en\\\/\"},{\"@type\":\"ListItem\",\"position\":2,\"name\":\"Boutique\",\"item\":\"https:\\\/\\\/www.hydrachim.fr\\\/boutique\\\/\"},{\"@type\":\"ListItem\",\"position\":3,\"name\":\"Acid&rsquo;Oxy\"}]},{\"@type\":\"WebSite\",\"@id\":\"https:\\\/\\\/www.hydrachim.fr\\\/en\\\/#website\",\"url\":\"https:\\\/\\\/www.hydrachim.fr\\\/en\\\/\",\"name\":\"Hydrachim\",\"description\":\"La science de l&#039;hygi\u00e8ne\",\"potentialAction\":[{\"@type\":\"SearchAction\",\"target\":{\"@type\":\"EntryPoint\",\"urlTemplate\":\"https:\\\/\\\/www.hydrachim.fr\\\/en\\\/?s={search_term_string}\"},\"query-input\":{\"@type\":\"PropertyValueSpecification\",\"valueRequired\":true,\"valueName\":\"search_term_string\"}}],\"inLanguage\":\"en-US\"}]}<\/script>\n<!-- \/ Yoast SEO plugin. -->","yoast_head_json":{"title":"Acid'Oxy - Hydrachim","robots":{"index":"index","follow":"follow","max-snippet":"max-snippet:-1","max-image-preview":"max-image-preview:large","max-video-preview":"max-video-preview:-1"},"canonical":"https:\/\/www.hydrachim.fr\/en\/produit\/acidoxy_001140806\/","og_locale":"en_US","og_type":"article","og_title":"Acid'Oxy - Hydrachim","og_description":"D\u00e9tartrant peroxyd\u00e9 pour machine \u00e0 traire et robots de traite.","og_url":"https:\/\/www.hydrachim.fr\/en\/produit\/acidoxy_001140806\/","og_site_name":"Hydrachim","article_modified_time":"2026-03-16T11:01:48+00:00","og_image":[{"width":712,"height":1025,"url":"https:\/\/www.hydrachim.fr\/app\/uploads\/2026\/03\/001140806_Acid_Oxy_24kg_mercury.png","type":"image\/png"}],"twitter_card":"summary_large_image","twitter_misc":{"Est. reading time":"1 minute"},"schema":{"@context":"https:\/\/schema.org","@graph":[{"@type":"WebPage","@id":"https:\/\/www.hydrachim.fr\/en\/produit\/acidoxy_001140806\/","url":"https:\/\/www.hydrachim.fr\/en\/produit\/acidoxy_001140806\/","name":"Acid'Oxy - Hydrachim","isPartOf":{"@id":"https:\/\/www.hydrachim.fr\/en\/#website"},"primaryImageOfPage":{"@id":"https:\/\/www.hydrachim.fr\/en\/produit\/acidoxy_001140806\/#primaryimage"},"image":{"@id":"https:\/\/www.hydrachim.fr\/en\/produit\/acidoxy_001140806\/#primaryimage"},"thumbnailUrl":"https:\/\/www.hydrachim.fr\/app\/uploads\/2026\/03\/001140806_Acid_Oxy_24kg_mercury.png","datePublished":"2021-07-22T13:59:29+00:00","dateModified":"2026-03-16T11:01:48+00:00","breadcrumb":{"@id":"https:\/\/www.hydrachim.fr\/en\/produit\/acidoxy_001140806\/#breadcrumb"},"inLanguage":"en-US","potentialAction":[{"@type":"ReadAction","target":["https:\/\/www.hydrachim.fr\/en\/produit\/acidoxy_001140806\/"]}]},{"@type":"ImageObject","inLanguage":"en-US","@id":"https:\/\/www.hydrachim.fr\/en\/produit\/acidoxy_001140806\/#primaryimage","url":"https:\/\/www.hydrachim.fr\/app\/uploads\/2026\/03\/001140806_Acid_Oxy_24kg_mercury.png","contentUrl":"https:\/\/www.hydrachim.fr\/app\/uploads\/2026\/03\/001140806_Acid_Oxy_24kg_mercury.png","width":712,"height":1025},{"@type":"BreadcrumbList","@id":"https:\/\/www.hydrachim.fr\/en\/produit\/acidoxy_001140806\/#breadcrumb","itemListElement":[{"@type":"ListItem","position":1,"name":"Home","item":"https:\/\/www.hydrachim.fr\/en\/"},{"@type":"ListItem","position":2,"name":"Boutique","item":"https:\/\/www.hydrachim.fr\/boutique\/"},{"@type":"ListItem","position":3,"name":"Acid&rsquo;Oxy"}]},{"@type":"WebSite","@id":"https:\/\/www.hydrachim.fr\/en\/#website","url":"https:\/\/www.hydrachim.fr\/en\/","name":"Hydrachim","description":"La science de l&#039;hygi\u00e8ne","potentialAction":[{"@type":"SearchAction","target":{"@type":"EntryPoint","urlTemplate":"https:\/\/www.hydrachim.fr\/en\/?s={search_term_string}"},"query-input":{"@type":"PropertyValueSpecification","valueRequired":true,"valueName":"search_term_string"}}],"inLanguage":"en-US"}]}},"acf":{"fiche_methode":"","fiche_technique":"https:\/\/www.hydrachim.fr\/app\/uploads\/2025\/12\/HYDRACHIM_ELEVAGE_FT1408_ACIDOXY_pdf-1.pdf"},"_links":{"self":[{"href":"https:\/\/www.hydrachim.fr\/en\/wp-json\/wp\/v2\/product\/9690","targetHints":{"allow":["GET"]}}],"collection":[{"href":"https:\/\/www.hydrachim.fr\/en\/wp-json\/wp\/v2\/product"}],"about":[{"href":"https:\/\/www.hydrachim.fr\/en\/wp-json\/wp\/v2\/types\/product"}],"wp:featuredmedia":[{"embeddable":true,"href":"https:\/\/www.hydrachim.fr\/en\/wp-json\/wp\/v2\/media\/30624"}],"wp:attachment":[{"href":"https:\/\/www.hydrachim.fr\/en\/wp-json\/wp\/v2\/media?parent=9690"}],"wp:term":[{"taxonomy":"product_brand","embeddable":true,"href":"https:\/\/www.hydrachim.fr\/en\/wp-json\/wp\/v2\/product_brand?post=9690"},{"taxonomy":"product_type","embeddable":true,"href":"https:\/\/www.hydrachim.fr\/en\/wp-json\/wp\/v2\/product_type?post=9690"},{"taxonomy":"product_visibility","embeddable":true,"href":"https:\/\/www.hydrachim.fr\/en\/wp-json\/wp\/v2\/product_visibility?post=9690"},{"taxonomy":"product_cat","embeddable":true,"href":"https:\/\/www.hydrachim.fr\/en\/wp-json\/wp\/v2\/product_cat?post=9690"}],"curies":[{"name":"wp","href":"https:\/\/api.w.org\/{rel}","templated":true}]}}