{"id":9685,"date":"2021-07-22T15:57:36","date_gmt":"2021-07-22T13:57:36","guid":{"rendered":"https:\/\/www.hydrachim.fr\/?post_type=product&#038;p=9685"},"modified":"2026-03-16T12:58:05","modified_gmt":"2026-03-16T10:58:05","slug":"baseactiv_plus_001224201","status":"publish","type":"product","link":"https:\/\/www.hydrachim.fr\/en\/produit\/baseactiv_plus_001224201\/","title":{"rendered":"Base&#8217;Activ Plus"},"content":{"rendered":"<p><strong>BASE&#8217;ACTIV PLUS est un produit liquide alcalin non chlor\u00e9 \u00e0 base de soude et de potasse.<br \/>\nIl est utilis\u00e9 pour \u00e9liminer les souillures organiques comme le lait et les mati\u00e8res grasses.<\/strong><\/p>\n<p>BASE&#8217;ACTIV PLUS est stable et efficace m\u00eame \u00e0 des temp\u00e9ratures \u00e9lev\u00e9es.<br \/>\nSon fort pouvoir alcalin est apport\u00e9 par la pr\u00e9sence d&#8217;hydroxyde de sodium, se qui lui conf\u00e8re des propri\u00e9t\u00e9s d\u00e9tergentes m\u00eame \u00e0 forte temp\u00e9rature.<br \/>\nSes agents phosphonates renforcent l&#8217;activit\u00e9 d\u00e9tergente et dispersante des mati\u00e8res organiques ainsi que son pouvoir anti-tartre.<\/p>\n<p><strong>Alcalin s\u00e9questrant non moussant, concentr\u00e9 avec une densit\u00e9 forte sp\u00e9ciale pour robots de traite. <\/strong><\/p>\n<p class=\"y-product y-product__product-subtitle\">Avantage :<\/p>\n<p>Efficace \u00e0 temp\u00e9rature \u00e9lev\u00e9e de 75\u00b0C \u00e0 95\u00b0C.<br \/>\nProduit utilisable en agriculture biologique conform\u00e9ment au r\u00e8glement (UE) 2018\/848 (et ses amendements).<\/p>\n<p>Disponible en :<br \/>\n&#8211; Bidon de 24kg : 001224201,<br \/>\n&#8211; Fut de 72kg, R\u00e9f. 001224202,<br \/>\n&#8211; Fut de 240kg, R\u00e9f. 001224203.<\/p>\n<p>S&#8217;utilise quotidiennement en alternance avec l&#8217;Acid&#8217;Oxy.<\/p>\n<p>Retrouvez le mode d&#8217;emploi et le dosage du produit en t\u00e9l\u00e9chargeant sa Fiche Technique.<\/p>\n","protected":false},"excerpt":{"rendered":"<p>Alcalin fort \u00e0 base de soude et de potasse pour machine \u00e0 traire et robot de traite.<\/p>\n","protected":false},"featured_media":30620,"template":"","meta":[],"product_brand":[],"product_type":[2],"product_visibility":[],"product_cat":[4154,4089],"class_list":{"0":"post-9685","1":"product","2":"type-product","3":"status-publish","4":"has-post-thumbnail","6":"product_cat-marqueshydrachim-elevage","7":"product_cat-elevagehygine-levage","8":"product_tag-alcalin","9":"product_tag-materiel-de-traite","10":"product_tag-robot-de-traite","12":"first","13":"instock","14":"shipping-taxable","15":"product-type-simple"},"yoast_head":"<!-- This site is optimized with the Yoast SEO plugin v27.5 - https:\/\/yoast.com\/product\/yoast-seo-wordpress\/ -->\n<title>Base&#039;Activ Plus - Hydrachim<\/title>\n<meta name=\"robots\" content=\"index, follow, max-snippet:-1, max-image-preview:large, max-video-preview:-1\" \/>\n<link rel=\"canonical\" href=\"https:\/\/www.hydrachim.fr\/en\/produit\/baseactiv_plus_001224201\/\" \/>\n<meta property=\"og:locale\" content=\"en_US\" \/>\n<meta property=\"og:type\" content=\"article\" \/>\n<meta property=\"og:title\" content=\"Base&#039;Activ Plus - Hydrachim\" \/>\n<meta property=\"og:description\" content=\"Alcalin fort \u00e0 base de soude et de potasse pour machine \u00e0 traire et robot de traite.\" \/>\n<meta property=\"og:url\" content=\"https:\/\/www.hydrachim.fr\/en\/produit\/baseactiv_plus_001224201\/\" \/>\n<meta property=\"og:site_name\" content=\"Hydrachim\" \/>\n<meta property=\"article:modified_time\" content=\"2026-03-16T10:58:05+00:00\" \/>\n<meta property=\"og:image\" content=\"https:\/\/www.hydrachim.fr\/app\/uploads\/2026\/03\/001224201_BaseactivPlus_24kg.png\" \/>\n\t<meta property=\"og:image:width\" content=\"639\" \/>\n\t<meta property=\"og:image:height\" content=\"914\" \/>\n\t<meta property=\"og:image:type\" content=\"image\/png\" \/>\n<meta name=\"twitter:card\" content=\"summary_large_image\" \/>\n<meta name=\"twitter:label1\" content=\"Est. reading time\" \/>\n\t<meta name=\"twitter:data1\" content=\"1 minute\" \/>\n<script type=\"application\/ld+json\" class=\"yoast-schema-graph\">{\"@context\":\"https:\\\/\\\/schema.org\",\"@graph\":[{\"@type\":\"WebPage\",\"@id\":\"https:\\\/\\\/www.hydrachim.fr\\\/en\\\/produit\\\/baseactiv_plus_001224201\\\/\",\"url\":\"https:\\\/\\\/www.hydrachim.fr\\\/en\\\/produit\\\/baseactiv_plus_001224201\\\/\",\"name\":\"Base'Activ Plus - Hydrachim\",\"isPartOf\":{\"@id\":\"https:\\\/\\\/www.hydrachim.fr\\\/en\\\/#website\"},\"primaryImageOfPage\":{\"@id\":\"https:\\\/\\\/www.hydrachim.fr\\\/en\\\/produit\\\/baseactiv_plus_001224201\\\/#primaryimage\"},\"image\":{\"@id\":\"https:\\\/\\\/www.hydrachim.fr\\\/en\\\/produit\\\/baseactiv_plus_001224201\\\/#primaryimage\"},\"thumbnailUrl\":\"https:\\\/\\\/www.hydrachim.fr\\\/app\\\/uploads\\\/2026\\\/03\\\/001224201_BaseactivPlus_24kg.png\",\"datePublished\":\"2021-07-22T13:57:36+00:00\",\"dateModified\":\"2026-03-16T10:58:05+00:00\",\"breadcrumb\":{\"@id\":\"https:\\\/\\\/www.hydrachim.fr\\\/en\\\/produit\\\/baseactiv_plus_001224201\\\/#breadcrumb\"},\"inLanguage\":\"en-US\",\"potentialAction\":[{\"@type\":\"ReadAction\",\"target\":[\"https:\\\/\\\/www.hydrachim.fr\\\/en\\\/produit\\\/baseactiv_plus_001224201\\\/\"]}]},{\"@type\":\"ImageObject\",\"inLanguage\":\"en-US\",\"@id\":\"https:\\\/\\\/www.hydrachim.fr\\\/en\\\/produit\\\/baseactiv_plus_001224201\\\/#primaryimage\",\"url\":\"https:\\\/\\\/www.hydrachim.fr\\\/app\\\/uploads\\\/2026\\\/03\\\/001224201_BaseactivPlus_24kg.png\",\"contentUrl\":\"https:\\\/\\\/www.hydrachim.fr\\\/app\\\/uploads\\\/2026\\\/03\\\/001224201_BaseactivPlus_24kg.png\",\"width\":639,\"height\":914},{\"@type\":\"BreadcrumbList\",\"@id\":\"https:\\\/\\\/www.hydrachim.fr\\\/en\\\/produit\\\/baseactiv_plus_001224201\\\/#breadcrumb\",\"itemListElement\":[{\"@type\":\"ListItem\",\"position\":1,\"name\":\"Home\",\"item\":\"https:\\\/\\\/www.hydrachim.fr\\\/en\\\/\"},{\"@type\":\"ListItem\",\"position\":2,\"name\":\"Boutique\",\"item\":\"https:\\\/\\\/www.hydrachim.fr\\\/boutique\\\/\"},{\"@type\":\"ListItem\",\"position\":3,\"name\":\"Base&rsquo;Activ Plus\"}]},{\"@type\":\"WebSite\",\"@id\":\"https:\\\/\\\/www.hydrachim.fr\\\/en\\\/#website\",\"url\":\"https:\\\/\\\/www.hydrachim.fr\\\/en\\\/\",\"name\":\"Hydrachim\",\"description\":\"La science de l&#039;hygi\u00e8ne\",\"potentialAction\":[{\"@type\":\"SearchAction\",\"target\":{\"@type\":\"EntryPoint\",\"urlTemplate\":\"https:\\\/\\\/www.hydrachim.fr\\\/en\\\/?s={search_term_string}\"},\"query-input\":{\"@type\":\"PropertyValueSpecification\",\"valueRequired\":true,\"valueName\":\"search_term_string\"}}],\"inLanguage\":\"en-US\"}]}<\/script>\n<!-- \/ Yoast SEO plugin. -->","yoast_head_json":{"title":"Base'Activ Plus - Hydrachim","robots":{"index":"index","follow":"follow","max-snippet":"max-snippet:-1","max-image-preview":"max-image-preview:large","max-video-preview":"max-video-preview:-1"},"canonical":"https:\/\/www.hydrachim.fr\/en\/produit\/baseactiv_plus_001224201\/","og_locale":"en_US","og_type":"article","og_title":"Base'Activ Plus - Hydrachim","og_description":"Alcalin fort \u00e0 base de soude et de potasse pour machine \u00e0 traire et robot de traite.","og_url":"https:\/\/www.hydrachim.fr\/en\/produit\/baseactiv_plus_001224201\/","og_site_name":"Hydrachim","article_modified_time":"2026-03-16T10:58:05+00:00","og_image":[{"width":639,"height":914,"url":"https:\/\/www.hydrachim.fr\/app\/uploads\/2026\/03\/001224201_BaseactivPlus_24kg.png","type":"image\/png"}],"twitter_card":"summary_large_image","twitter_misc":{"Est. reading time":"1 minute"},"schema":{"@context":"https:\/\/schema.org","@graph":[{"@type":"WebPage","@id":"https:\/\/www.hydrachim.fr\/en\/produit\/baseactiv_plus_001224201\/","url":"https:\/\/www.hydrachim.fr\/en\/produit\/baseactiv_plus_001224201\/","name":"Base'Activ Plus - Hydrachim","isPartOf":{"@id":"https:\/\/www.hydrachim.fr\/en\/#website"},"primaryImageOfPage":{"@id":"https:\/\/www.hydrachim.fr\/en\/produit\/baseactiv_plus_001224201\/#primaryimage"},"image":{"@id":"https:\/\/www.hydrachim.fr\/en\/produit\/baseactiv_plus_001224201\/#primaryimage"},"thumbnailUrl":"https:\/\/www.hydrachim.fr\/app\/uploads\/2026\/03\/001224201_BaseactivPlus_24kg.png","datePublished":"2021-07-22T13:57:36+00:00","dateModified":"2026-03-16T10:58:05+00:00","breadcrumb":{"@id":"https:\/\/www.hydrachim.fr\/en\/produit\/baseactiv_plus_001224201\/#breadcrumb"},"inLanguage":"en-US","potentialAction":[{"@type":"ReadAction","target":["https:\/\/www.hydrachim.fr\/en\/produit\/baseactiv_plus_001224201\/"]}]},{"@type":"ImageObject","inLanguage":"en-US","@id":"https:\/\/www.hydrachim.fr\/en\/produit\/baseactiv_plus_001224201\/#primaryimage","url":"https:\/\/www.hydrachim.fr\/app\/uploads\/2026\/03\/001224201_BaseactivPlus_24kg.png","contentUrl":"https:\/\/www.hydrachim.fr\/app\/uploads\/2026\/03\/001224201_BaseactivPlus_24kg.png","width":639,"height":914},{"@type":"BreadcrumbList","@id":"https:\/\/www.hydrachim.fr\/en\/produit\/baseactiv_plus_001224201\/#breadcrumb","itemListElement":[{"@type":"ListItem","position":1,"name":"Home","item":"https:\/\/www.hydrachim.fr\/en\/"},{"@type":"ListItem","position":2,"name":"Boutique","item":"https:\/\/www.hydrachim.fr\/boutique\/"},{"@type":"ListItem","position":3,"name":"Base&rsquo;Activ Plus"}]},{"@type":"WebSite","@id":"https:\/\/www.hydrachim.fr\/en\/#website","url":"https:\/\/www.hydrachim.fr\/en\/","name":"Hydrachim","description":"La science de l&#039;hygi\u00e8ne","potentialAction":[{"@type":"SearchAction","target":{"@type":"EntryPoint","urlTemplate":"https:\/\/www.hydrachim.fr\/en\/?s={search_term_string}"},"query-input":{"@type":"PropertyValueSpecification","valueRequired":true,"valueName":"search_term_string"}}],"inLanguage":"en-US"}]}},"acf":{"fiche_methode":"","fiche_technique":"https:\/\/www.hydrachim.fr\/app\/uploads\/2025\/12\/HYDRACHIM_ELEVAGE_FT2242_BASE_ACTIV_PLUS-1.pdf"},"_links":{"self":[{"href":"https:\/\/www.hydrachim.fr\/en\/wp-json\/wp\/v2\/product\/9685","targetHints":{"allow":["GET"]}}],"collection":[{"href":"https:\/\/www.hydrachim.fr\/en\/wp-json\/wp\/v2\/product"}],"about":[{"href":"https:\/\/www.hydrachim.fr\/en\/wp-json\/wp\/v2\/types\/product"}],"wp:featuredmedia":[{"embeddable":true,"href":"https:\/\/www.hydrachim.fr\/en\/wp-json\/wp\/v2\/media\/30620"}],"wp:attachment":[{"href":"https:\/\/www.hydrachim.fr\/en\/wp-json\/wp\/v2\/media?parent=9685"}],"wp:term":[{"taxonomy":"product_brand","embeddable":true,"href":"https:\/\/www.hydrachim.fr\/en\/wp-json\/wp\/v2\/product_brand?post=9685"},{"taxonomy":"product_type","embeddable":true,"href":"https:\/\/www.hydrachim.fr\/en\/wp-json\/wp\/v2\/product_type?post=9685"},{"taxonomy":"product_visibility","embeddable":true,"href":"https:\/\/www.hydrachim.fr\/en\/wp-json\/wp\/v2\/product_visibility?post=9685"},{"taxonomy":"product_cat","embeddable":true,"href":"https:\/\/www.hydrachim.fr\/en\/wp-json\/wp\/v2\/product_cat?post=9685"}],"curies":[{"name":"wp","href":"https:\/\/api.w.org\/{rel}","templated":true}]}}