{"id":9658,"date":"2021-07-22T08:55:43","date_gmt":"2021-07-22T06:55:43","guid":{"rendered":"https:\/\/www.hydrachim.fr\/?post_type=product&#038;p=9658"},"modified":"2024-08-08T16:28:37","modified_gmt":"2024-08-08T14:28:37","slug":"netopin_002602001","status":"publish","type":"product","link":"https:\/\/www.hydrachim.fr\/en\/produit\/netopin_002602001\/","title":{"rendered":"NETOPIN"},"content":{"rendered":"<p><strong>NETOPIN est un nettoyant m\u00e9nag\u00e9 con\u00e7u pour nettoy\u00e9 tout type de surface. <\/strong><\/p>\n<p>NETOPIN nettoie tous les sols et poss\u00e8de un fort pouvoir mouillant qui permet d\u2019\u00e9mulsionner les t\u00e2ches grasses, huiles, etc.<br \/>\nIl est con\u00e7u pour l\u2019entretien de tous les types de surfaces, carrelages, sols plastiques, sanitaires, etc.<br \/>\nIl est peu moussant. Son parfum pin laisse une agr\u00e9able sensation de fra\u00eecheur.<\/p>\n<p>*Faire un essai au pr\u00e9alable sur une surface non visible.<\/p>\n<p><strong>Disponible en carton de 4x5L. R\u00e9f : 002602001<\/strong><\/p>\n<p>&#8211; Utilisation manuelle :<br \/>\nDiluer 30 \u00e0 40 mL dans un seau d\u2019eau de 8 litres.<\/p>\n<p>&#8211; Utilisation par machine autolaveuse :<br \/>\nDosage de 0.5 \u00e0 1 %.<br \/>\nFaire varier le dosage en fonction du degr\u00e9 de salissure.<\/p>\n","protected":false},"excerpt":{"rendered":"<p>Nettoyant m\u00e9nag\u00e9 parfum\u00e9 \u00e0 l\u2019huile de pin.<\/p>\n","protected":false},"featured_media":9659,"template":"","meta":[],"product_brand":[],"product_type":[2],"product_visibility":[],"product_cat":[4128,4145,4127],"class_list":{"0":"post-9658","1":"product","2":"type-product","3":"status-publish","4":"has-post-thumbnail","6":"product_cat-solentretien","7":"product_cat-marquesorlav","8":"product_cat-produitssurface-sol","9":"product_tag-entretien-3","10":"product_tag-multi-surfaces","11":"product_tag-nettoyant","12":"product_tag-pin","14":"first","15":"instock","16":"shipping-taxable","17":"product-type-simple"},"yoast_head":"<!-- This site is optimized with the Yoast SEO plugin v27.5 - https:\/\/yoast.com\/product\/yoast-seo-wordpress\/ -->\n<title>NETOPIN - Hydrachim<\/title>\n<meta name=\"robots\" content=\"index, follow, max-snippet:-1, max-image-preview:large, max-video-preview:-1\" \/>\n<link rel=\"canonical\" href=\"https:\/\/www.hydrachim.fr\/en\/produit\/netopin_002602001\/\" \/>\n<meta property=\"og:locale\" content=\"en_US\" \/>\n<meta property=\"og:type\" content=\"article\" \/>\n<meta property=\"og:title\" content=\"NETOPIN - Hydrachim\" \/>\n<meta property=\"og:description\" content=\"Nettoyant m\u00e9nag\u00e9 parfum\u00e9 \u00e0 l\u2019huile de pin.\" \/>\n<meta property=\"og:url\" content=\"https:\/\/www.hydrachim.fr\/en\/produit\/netopin_002602001\/\" \/>\n<meta property=\"og:site_name\" content=\"Hydrachim\" \/>\n<meta property=\"article:modified_time\" content=\"2024-08-08T14:28:37+00:00\" \/>\n<meta property=\"og:image\" content=\"https:\/\/www.hydrachim.fr\/app\/uploads\/2021\/07\/6020___NETOPIN___5L..png\" \/>\n\t<meta property=\"og:image:width\" content=\"460\" \/>\n\t<meta property=\"og:image:height\" content=\"725\" \/>\n\t<meta property=\"og:image:type\" content=\"image\/png\" \/>\n<meta name=\"twitter:card\" content=\"summary_large_image\" \/>\n<meta name=\"twitter:label1\" content=\"Est. reading time\" \/>\n\t<meta name=\"twitter:data1\" content=\"1 minute\" \/>\n<script type=\"application\/ld+json\" class=\"yoast-schema-graph\">{\"@context\":\"https:\\\/\\\/schema.org\",\"@graph\":[{\"@type\":\"WebPage\",\"@id\":\"https:\\\/\\\/www.hydrachim.fr\\\/en\\\/produit\\\/netopin_002602001\\\/\",\"url\":\"https:\\\/\\\/www.hydrachim.fr\\\/en\\\/produit\\\/netopin_002602001\\\/\",\"name\":\"NETOPIN - Hydrachim\",\"isPartOf\":{\"@id\":\"https:\\\/\\\/www.hydrachim.fr\\\/en\\\/#website\"},\"primaryImageOfPage\":{\"@id\":\"https:\\\/\\\/www.hydrachim.fr\\\/en\\\/produit\\\/netopin_002602001\\\/#primaryimage\"},\"image\":{\"@id\":\"https:\\\/\\\/www.hydrachim.fr\\\/en\\\/produit\\\/netopin_002602001\\\/#primaryimage\"},\"thumbnailUrl\":\"https:\\\/\\\/www.hydrachim.fr\\\/app\\\/uploads\\\/2021\\\/07\\\/6020___NETOPIN___5L..png\",\"datePublished\":\"2021-07-22T06:55:43+00:00\",\"dateModified\":\"2024-08-08T14:28:37+00:00\",\"breadcrumb\":{\"@id\":\"https:\\\/\\\/www.hydrachim.fr\\\/en\\\/produit\\\/netopin_002602001\\\/#breadcrumb\"},\"inLanguage\":\"en-US\",\"potentialAction\":[{\"@type\":\"ReadAction\",\"target\":[\"https:\\\/\\\/www.hydrachim.fr\\\/en\\\/produit\\\/netopin_002602001\\\/\"]}]},{\"@type\":\"ImageObject\",\"inLanguage\":\"en-US\",\"@id\":\"https:\\\/\\\/www.hydrachim.fr\\\/en\\\/produit\\\/netopin_002602001\\\/#primaryimage\",\"url\":\"https:\\\/\\\/www.hydrachim.fr\\\/app\\\/uploads\\\/2021\\\/07\\\/6020___NETOPIN___5L..png\",\"contentUrl\":\"https:\\\/\\\/www.hydrachim.fr\\\/app\\\/uploads\\\/2021\\\/07\\\/6020___NETOPIN___5L..png\",\"width\":460,\"height\":725},{\"@type\":\"BreadcrumbList\",\"@id\":\"https:\\\/\\\/www.hydrachim.fr\\\/en\\\/produit\\\/netopin_002602001\\\/#breadcrumb\",\"itemListElement\":[{\"@type\":\"ListItem\",\"position\":1,\"name\":\"Home\",\"item\":\"https:\\\/\\\/www.hydrachim.fr\\\/en\\\/\"},{\"@type\":\"ListItem\",\"position\":2,\"name\":\"Boutique\",\"item\":\"https:\\\/\\\/www.hydrachim.fr\\\/boutique\\\/\"},{\"@type\":\"ListItem\",\"position\":3,\"name\":\"NETOPIN\"}]},{\"@type\":\"WebSite\",\"@id\":\"https:\\\/\\\/www.hydrachim.fr\\\/en\\\/#website\",\"url\":\"https:\\\/\\\/www.hydrachim.fr\\\/en\\\/\",\"name\":\"Hydrachim\",\"description\":\"La science de l&#039;hygi\u00e8ne\",\"potentialAction\":[{\"@type\":\"SearchAction\",\"target\":{\"@type\":\"EntryPoint\",\"urlTemplate\":\"https:\\\/\\\/www.hydrachim.fr\\\/en\\\/?s={search_term_string}\"},\"query-input\":{\"@type\":\"PropertyValueSpecification\",\"valueRequired\":true,\"valueName\":\"search_term_string\"}}],\"inLanguage\":\"en-US\"}]}<\/script>\n<!-- \/ Yoast SEO plugin. -->","yoast_head_json":{"title":"NETOPIN - Hydrachim","robots":{"index":"index","follow":"follow","max-snippet":"max-snippet:-1","max-image-preview":"max-image-preview:large","max-video-preview":"max-video-preview:-1"},"canonical":"https:\/\/www.hydrachim.fr\/en\/produit\/netopin_002602001\/","og_locale":"en_US","og_type":"article","og_title":"NETOPIN - Hydrachim","og_description":"Nettoyant m\u00e9nag\u00e9 parfum\u00e9 \u00e0 l\u2019huile de pin.","og_url":"https:\/\/www.hydrachim.fr\/en\/produit\/netopin_002602001\/","og_site_name":"Hydrachim","article_modified_time":"2024-08-08T14:28:37+00:00","og_image":[{"width":460,"height":725,"url":"https:\/\/www.hydrachim.fr\/app\/uploads\/2021\/07\/6020___NETOPIN___5L..png","type":"image\/png"}],"twitter_card":"summary_large_image","twitter_misc":{"Est. reading time":"1 minute"},"schema":{"@context":"https:\/\/schema.org","@graph":[{"@type":"WebPage","@id":"https:\/\/www.hydrachim.fr\/en\/produit\/netopin_002602001\/","url":"https:\/\/www.hydrachim.fr\/en\/produit\/netopin_002602001\/","name":"NETOPIN - Hydrachim","isPartOf":{"@id":"https:\/\/www.hydrachim.fr\/en\/#website"},"primaryImageOfPage":{"@id":"https:\/\/www.hydrachim.fr\/en\/produit\/netopin_002602001\/#primaryimage"},"image":{"@id":"https:\/\/www.hydrachim.fr\/en\/produit\/netopin_002602001\/#primaryimage"},"thumbnailUrl":"https:\/\/www.hydrachim.fr\/app\/uploads\/2021\/07\/6020___NETOPIN___5L..png","datePublished":"2021-07-22T06:55:43+00:00","dateModified":"2024-08-08T14:28:37+00:00","breadcrumb":{"@id":"https:\/\/www.hydrachim.fr\/en\/produit\/netopin_002602001\/#breadcrumb"},"inLanguage":"en-US","potentialAction":[{"@type":"ReadAction","target":["https:\/\/www.hydrachim.fr\/en\/produit\/netopin_002602001\/"]}]},{"@type":"ImageObject","inLanguage":"en-US","@id":"https:\/\/www.hydrachim.fr\/en\/produit\/netopin_002602001\/#primaryimage","url":"https:\/\/www.hydrachim.fr\/app\/uploads\/2021\/07\/6020___NETOPIN___5L..png","contentUrl":"https:\/\/www.hydrachim.fr\/app\/uploads\/2021\/07\/6020___NETOPIN___5L..png","width":460,"height":725},{"@type":"BreadcrumbList","@id":"https:\/\/www.hydrachim.fr\/en\/produit\/netopin_002602001\/#breadcrumb","itemListElement":[{"@type":"ListItem","position":1,"name":"Home","item":"https:\/\/www.hydrachim.fr\/en\/"},{"@type":"ListItem","position":2,"name":"Boutique","item":"https:\/\/www.hydrachim.fr\/boutique\/"},{"@type":"ListItem","position":3,"name":"NETOPIN"}]},{"@type":"WebSite","@id":"https:\/\/www.hydrachim.fr\/en\/#website","url":"https:\/\/www.hydrachim.fr\/en\/","name":"Hydrachim","description":"La science de l&#039;hygi\u00e8ne","potentialAction":[{"@type":"SearchAction","target":{"@type":"EntryPoint","urlTemplate":"https:\/\/www.hydrachim.fr\/en\/?s={search_term_string}"},"query-input":{"@type":"PropertyValueSpecification","valueRequired":true,"valueName":"search_term_string"}}],"inLanguage":"en-US"}]}},"acf":{"fiche_methode":"","fiche_technique":"https:\/\/www.hydrachim.fr\/app\/uploads\/2024\/08\/FT___6020___NETOPIN.pdf"},"_links":{"self":[{"href":"https:\/\/www.hydrachim.fr\/en\/wp-json\/wp\/v2\/product\/9658","targetHints":{"allow":["GET"]}}],"collection":[{"href":"https:\/\/www.hydrachim.fr\/en\/wp-json\/wp\/v2\/product"}],"about":[{"href":"https:\/\/www.hydrachim.fr\/en\/wp-json\/wp\/v2\/types\/product"}],"wp:featuredmedia":[{"embeddable":true,"href":"https:\/\/www.hydrachim.fr\/en\/wp-json\/wp\/v2\/media\/9659"}],"wp:attachment":[{"href":"https:\/\/www.hydrachim.fr\/en\/wp-json\/wp\/v2\/media?parent=9658"}],"wp:term":[{"taxonomy":"product_brand","embeddable":true,"href":"https:\/\/www.hydrachim.fr\/en\/wp-json\/wp\/v2\/product_brand?post=9658"},{"taxonomy":"product_type","embeddable":true,"href":"https:\/\/www.hydrachim.fr\/en\/wp-json\/wp\/v2\/product_type?post=9658"},{"taxonomy":"product_visibility","embeddable":true,"href":"https:\/\/www.hydrachim.fr\/en\/wp-json\/wp\/v2\/product_visibility?post=9658"},{"taxonomy":"product_cat","embeddable":true,"href":"https:\/\/www.hydrachim.fr\/en\/wp-json\/wp\/v2\/product_cat?post=9658"}],"curies":[{"name":"wp","href":"https:\/\/api.w.org\/{rel}","templated":true}]}}