{"id":9450,"date":"2021-07-01T15:38:23","date_gmt":"2021-07-01T13:38:23","guid":{"rendered":"https:\/\/www.hydrachim.fr\/?post_type=product&#038;p=9450"},"modified":"2025-01-09T10:54:22","modified_gmt":"2025-01-09T08:54:22","slug":"cam_asp_surface_001182501","status":"publish","type":"product","link":"https:\/\/www.hydrachim.fr\/en\/produit\/cam_asp_surface_001182501\/","title":{"rendered":"CAM ASP SURFACE"},"content":{"rendered":"<p><strong>CAM ASP SURFACE est un acide moussant sans phosphate &#8211; sans NTA &#8211; sans EDTA \u2013 sans azote.<\/strong><\/p>\n<p>CAM ASP SURFACE est un acide moussant s\u2019emploie en application mousse comme d\u00e9tartrant d\u00e9tergent des surfaces. S\u2019utilise en alternance avec un alcalin ou alcalin d\u00e9sinfectant alcalin chlor\u00e9 moussant. Secteur de la transformation alimentaire artisanale, industries agro-alimentaires et m\u00e9tiers de bouche. Utilisable dans le secteur de la vitiviniculture.<\/p>\n<p><strong>Disponible en Bidon de 24kg, R\u00e9f. 001182501.<\/strong><\/p>\n<p class=\"y-product y-product__product-subtitle\">Avantage :<\/p>\n<p>D\u00e9tartre, nettoie, et d\u00e9graisse les surfaces.<br \/>\nProduit utilisable en agriculture biologique conforme au r\u00e8glement (UE) 2018\/848 (et ses amendements).<\/p>\n<p>Ma\u00eetrisez vos rejets industriels en phosphates.<\/p>\n","protected":false},"excerpt":{"rendered":"<p>D\u00e9tartrant d\u00e9tergent acide moussant pour surfaces.<\/p>\n","protected":false},"featured_media":19026,"template":"","meta":[],"product_brand":[],"product_type":[2],"product_visibility":[],"product_cat":[4155,4026,4175,4143],"class_list":{"0":"post-9450","1":"product","2":"type-product","3":"status-publish","4":"has-post-thumbnail","6":"product_cat-marqueshydrachim-industrie","7":"product_cat-produitsindustrie","8":"product_cat-nouveautesindustries","9":"product_cat-nouveautes","10":"product_tag-detartrant","11":"product_tag-detergent","12":"product_tag-moussant","13":"product_tag-pulverisation","14":"product_tag-surface","16":"first","17":"instock","18":"shipping-taxable","19":"product-type-simple"},"yoast_head":"<!-- This site is optimized with the Yoast SEO plugin v27.5 - https:\/\/yoast.com\/product\/yoast-seo-wordpress\/ -->\n<title>CAM ASP SURFACE - Hydrachim<\/title>\n<meta name=\"robots\" content=\"index, follow, max-snippet:-1, max-image-preview:large, max-video-preview:-1\" \/>\n<link rel=\"canonical\" href=\"https:\/\/www.hydrachim.fr\/en\/produit\/cam_asp_surface_001182501\/\" \/>\n<meta property=\"og:locale\" content=\"en_US\" \/>\n<meta property=\"og:type\" content=\"article\" \/>\n<meta property=\"og:title\" content=\"CAM ASP SURFACE - Hydrachim\" \/>\n<meta property=\"og:description\" content=\"D\u00e9tartrant d\u00e9tergent acide moussant pour surfaces.\" \/>\n<meta property=\"og:url\" content=\"https:\/\/www.hydrachim.fr\/en\/produit\/cam_asp_surface_001182501\/\" \/>\n<meta property=\"og:site_name\" content=\"Hydrachim\" \/>\n<meta property=\"article:modified_time\" content=\"2025-01-09T08:54:22+00:00\" \/>\n<meta property=\"og:image\" content=\"https:\/\/www.hydrachim.fr\/app\/uploads\/2024\/10\/CAM_ASP_SURFACE___001182501.png\" \/>\n\t<meta property=\"og:image:width\" content=\"712\" \/>\n\t<meta property=\"og:image:height\" content=\"1025\" \/>\n\t<meta property=\"og:image:type\" content=\"image\/png\" \/>\n<meta name=\"twitter:card\" content=\"summary_large_image\" \/>\n<meta name=\"twitter:label1\" content=\"Est. reading time\" \/>\n\t<meta name=\"twitter:data1\" content=\"1 minute\" \/>\n<script type=\"application\/ld+json\" class=\"yoast-schema-graph\">{\"@context\":\"https:\\\/\\\/schema.org\",\"@graph\":[{\"@type\":\"WebPage\",\"@id\":\"https:\\\/\\\/www.hydrachim.fr\\\/en\\\/produit\\\/cam_asp_surface_001182501\\\/\",\"url\":\"https:\\\/\\\/www.hydrachim.fr\\\/en\\\/produit\\\/cam_asp_surface_001182501\\\/\",\"name\":\"CAM ASP SURFACE - Hydrachim\",\"isPartOf\":{\"@id\":\"https:\\\/\\\/www.hydrachim.fr\\\/en\\\/#website\"},\"primaryImageOfPage\":{\"@id\":\"https:\\\/\\\/www.hydrachim.fr\\\/en\\\/produit\\\/cam_asp_surface_001182501\\\/#primaryimage\"},\"image\":{\"@id\":\"https:\\\/\\\/www.hydrachim.fr\\\/en\\\/produit\\\/cam_asp_surface_001182501\\\/#primaryimage\"},\"thumbnailUrl\":\"https:\\\/\\\/www.hydrachim.fr\\\/app\\\/uploads\\\/2024\\\/10\\\/CAM_ASP_SURFACE___001182501.png\",\"datePublished\":\"2021-07-01T13:38:23+00:00\",\"dateModified\":\"2025-01-09T08:54:22+00:00\",\"breadcrumb\":{\"@id\":\"https:\\\/\\\/www.hydrachim.fr\\\/en\\\/produit\\\/cam_asp_surface_001182501\\\/#breadcrumb\"},\"inLanguage\":\"en-US\",\"potentialAction\":[{\"@type\":\"ReadAction\",\"target\":[\"https:\\\/\\\/www.hydrachim.fr\\\/en\\\/produit\\\/cam_asp_surface_001182501\\\/\"]}]},{\"@type\":\"ImageObject\",\"inLanguage\":\"en-US\",\"@id\":\"https:\\\/\\\/www.hydrachim.fr\\\/en\\\/produit\\\/cam_asp_surface_001182501\\\/#primaryimage\",\"url\":\"https:\\\/\\\/www.hydrachim.fr\\\/app\\\/uploads\\\/2024\\\/10\\\/CAM_ASP_SURFACE___001182501.png\",\"contentUrl\":\"https:\\\/\\\/www.hydrachim.fr\\\/app\\\/uploads\\\/2024\\\/10\\\/CAM_ASP_SURFACE___001182501.png\",\"width\":712,\"height\":1025},{\"@type\":\"BreadcrumbList\",\"@id\":\"https:\\\/\\\/www.hydrachim.fr\\\/en\\\/produit\\\/cam_asp_surface_001182501\\\/#breadcrumb\",\"itemListElement\":[{\"@type\":\"ListItem\",\"position\":1,\"name\":\"Home\",\"item\":\"https:\\\/\\\/www.hydrachim.fr\\\/en\\\/\"},{\"@type\":\"ListItem\",\"position\":2,\"name\":\"Boutique\",\"item\":\"https:\\\/\\\/www.hydrachim.fr\\\/boutique\\\/\"},{\"@type\":\"ListItem\",\"position\":3,\"name\":\"CAM ASP SURFACE\"}]},{\"@type\":\"WebSite\",\"@id\":\"https:\\\/\\\/www.hydrachim.fr\\\/en\\\/#website\",\"url\":\"https:\\\/\\\/www.hydrachim.fr\\\/en\\\/\",\"name\":\"Hydrachim\",\"description\":\"La science de l&#039;hygi\u00e8ne\",\"potentialAction\":[{\"@type\":\"SearchAction\",\"target\":{\"@type\":\"EntryPoint\",\"urlTemplate\":\"https:\\\/\\\/www.hydrachim.fr\\\/en\\\/?s={search_term_string}\"},\"query-input\":{\"@type\":\"PropertyValueSpecification\",\"valueRequired\":true,\"valueName\":\"search_term_string\"}}],\"inLanguage\":\"en-US\"}]}<\/script>\n<!-- \/ Yoast SEO plugin. -->","yoast_head_json":{"title":"CAM ASP SURFACE - Hydrachim","robots":{"index":"index","follow":"follow","max-snippet":"max-snippet:-1","max-image-preview":"max-image-preview:large","max-video-preview":"max-video-preview:-1"},"canonical":"https:\/\/www.hydrachim.fr\/en\/produit\/cam_asp_surface_001182501\/","og_locale":"en_US","og_type":"article","og_title":"CAM ASP SURFACE - Hydrachim","og_description":"D\u00e9tartrant d\u00e9tergent acide moussant pour surfaces.","og_url":"https:\/\/www.hydrachim.fr\/en\/produit\/cam_asp_surface_001182501\/","og_site_name":"Hydrachim","article_modified_time":"2025-01-09T08:54:22+00:00","og_image":[{"width":712,"height":1025,"url":"https:\/\/www.hydrachim.fr\/app\/uploads\/2024\/10\/CAM_ASP_SURFACE___001182501.png","type":"image\/png"}],"twitter_card":"summary_large_image","twitter_misc":{"Est. reading time":"1 minute"},"schema":{"@context":"https:\/\/schema.org","@graph":[{"@type":"WebPage","@id":"https:\/\/www.hydrachim.fr\/en\/produit\/cam_asp_surface_001182501\/","url":"https:\/\/www.hydrachim.fr\/en\/produit\/cam_asp_surface_001182501\/","name":"CAM ASP SURFACE - Hydrachim","isPartOf":{"@id":"https:\/\/www.hydrachim.fr\/en\/#website"},"primaryImageOfPage":{"@id":"https:\/\/www.hydrachim.fr\/en\/produit\/cam_asp_surface_001182501\/#primaryimage"},"image":{"@id":"https:\/\/www.hydrachim.fr\/en\/produit\/cam_asp_surface_001182501\/#primaryimage"},"thumbnailUrl":"https:\/\/www.hydrachim.fr\/app\/uploads\/2024\/10\/CAM_ASP_SURFACE___001182501.png","datePublished":"2021-07-01T13:38:23+00:00","dateModified":"2025-01-09T08:54:22+00:00","breadcrumb":{"@id":"https:\/\/www.hydrachim.fr\/en\/produit\/cam_asp_surface_001182501\/#breadcrumb"},"inLanguage":"en-US","potentialAction":[{"@type":"ReadAction","target":["https:\/\/www.hydrachim.fr\/en\/produit\/cam_asp_surface_001182501\/"]}]},{"@type":"ImageObject","inLanguage":"en-US","@id":"https:\/\/www.hydrachim.fr\/en\/produit\/cam_asp_surface_001182501\/#primaryimage","url":"https:\/\/www.hydrachim.fr\/app\/uploads\/2024\/10\/CAM_ASP_SURFACE___001182501.png","contentUrl":"https:\/\/www.hydrachim.fr\/app\/uploads\/2024\/10\/CAM_ASP_SURFACE___001182501.png","width":712,"height":1025},{"@type":"BreadcrumbList","@id":"https:\/\/www.hydrachim.fr\/en\/produit\/cam_asp_surface_001182501\/#breadcrumb","itemListElement":[{"@type":"ListItem","position":1,"name":"Home","item":"https:\/\/www.hydrachim.fr\/en\/"},{"@type":"ListItem","position":2,"name":"Boutique","item":"https:\/\/www.hydrachim.fr\/boutique\/"},{"@type":"ListItem","position":3,"name":"CAM ASP SURFACE"}]},{"@type":"WebSite","@id":"https:\/\/www.hydrachim.fr\/en\/#website","url":"https:\/\/www.hydrachim.fr\/en\/","name":"Hydrachim","description":"La science de l&#039;hygi\u00e8ne","potentialAction":[{"@type":"SearchAction","target":{"@type":"EntryPoint","urlTemplate":"https:\/\/www.hydrachim.fr\/en\/?s={search_term_string}"},"query-input":{"@type":"PropertyValueSpecification","valueRequired":true,"valueName":"search_term_string"}}],"inLanguage":"en-US"}]}},"acf":{"fiche_methode":"","fiche_technique":"https:\/\/www.hydrachim.fr\/app\/uploads\/2024\/12\/FT_1825_CAM_ASP_SURFACE.pdf"},"_links":{"self":[{"href":"https:\/\/www.hydrachim.fr\/en\/wp-json\/wp\/v2\/product\/9450","targetHints":{"allow":["GET"]}}],"collection":[{"href":"https:\/\/www.hydrachim.fr\/en\/wp-json\/wp\/v2\/product"}],"about":[{"href":"https:\/\/www.hydrachim.fr\/en\/wp-json\/wp\/v2\/types\/product"}],"wp:featuredmedia":[{"embeddable":true,"href":"https:\/\/www.hydrachim.fr\/en\/wp-json\/wp\/v2\/media\/19026"}],"wp:attachment":[{"href":"https:\/\/www.hydrachim.fr\/en\/wp-json\/wp\/v2\/media?parent=9450"}],"wp:term":[{"taxonomy":"product_brand","embeddable":true,"href":"https:\/\/www.hydrachim.fr\/en\/wp-json\/wp\/v2\/product_brand?post=9450"},{"taxonomy":"product_type","embeddable":true,"href":"https:\/\/www.hydrachim.fr\/en\/wp-json\/wp\/v2\/product_type?post=9450"},{"taxonomy":"product_visibility","embeddable":true,"href":"https:\/\/www.hydrachim.fr\/en\/wp-json\/wp\/v2\/product_visibility?post=9450"},{"taxonomy":"product_cat","embeddable":true,"href":"https:\/\/www.hydrachim.fr\/en\/wp-json\/wp\/v2\/product_cat?post=9450"}],"curies":[{"name":"wp","href":"https:\/\/api.w.org\/{rel}","templated":true}]}}