{"id":9445,"date":"2021-07-01T15:02:28","date_gmt":"2021-07-01T13:02:28","guid":{"rendered":"https:\/\/www.hydrachim.fr\/produit\/4100_\/"},"modified":"2025-10-03T15:36:35","modified_gmt":"2025-10-03T13:36:35","slug":"4100_002079005","status":"publish","type":"product","link":"https:\/\/www.hydrachim.fr\/en\/produit\/4100_002079005\/","title":{"rendered":"4100"},"content":{"rendered":"<p><strong>DETERQUAT 4100 s\u2019emploie comme d\u00e9tergent des sols, plafonds et du mat\u00e9riel en application mousse.<br \/>\n<\/strong><\/p>\n<p>D\u00e9sinfectant acide auto moussant.<br \/>\nNettoie, d\u00e9tartre et d\u00e9sinfecte les surfaces. S\u2019utilise en alternance avec un alcalin ou alcalin chlor\u00e9 moussant.<br \/>\nDETERQUAT 4100 est soutenu au niveau du r\u00e8glement Biocide 528\/2012 en TP4 et enregistr\u00e9 sous SIMMBAD.<\/p>\n<p><strong>Disponible en :<br \/>\n&#8211; Carton de 4 x 5 L. R\u00e9f. 002079005.<br \/>\n&#8211; F\u00fbt de 200kg. R\u00e9f. 002079017.<\/strong><\/p>\n<p class=\"y-product y-product__product-subtitle\">Avantage :<\/p>\n<p>Nettoie, d\u00e9tartre et d\u00e9sinfecte les surfaces.<\/p>\n<p>Retrouvez le mode d&#8217;emploi et le dosage du produit en t\u00e9l\u00e9chargeant, ci-dessous, sa Fiche Technique et\/ou sa Fiche M\u00e9thode.<\/p>\n<p><em>Utilisez les biocides avec pr\u00e9caution. Avant toute utilisation, lisez l&#8217;\u00e9tiquette et les informations concernant le produit.<\/em><\/p>\n<p>TP4 : D\u00e9sinfectants pour les surfaces en contact avec les denr\u00e9es alimentaires et les aliments pour animaux<\/p>\n","protected":false},"excerpt":{"rendered":"<p>D\u00e9tergent &#8211; D\u00e9sinfectant &#8211; Bact\u00e9ricide<br \/>\nSp\u00e9cial surface alimentaire<\/p>\n","protected":false},"featured_media":10418,"template":"","meta":[],"product_brand":[],"product_type":[2],"product_visibility":[],"product_cat":[4538,4111,4174,4151,4535,4112],"class_list":{"0":"post-9445","1":"product","2":"type-product","3":"status-publish","4":"has-post-thumbnail","6":"product_cat-produits-produitssecteur-dactivitecaf-htel-restaurant","7":"product_cat-produitsdesinfection","8":"product_cat-nouveautesdesinfection","9":"product_cat-marquesdeterquat","10":"product_cat-produits-produitssecteur-dactiviteindustrie-boulangerie-viennoiserie-ptisserie","11":"product_cat-dsinfectionsurface","12":"product_tag-alimentaire","13":"product_tag-bactericide-type-defficacit","14":"product_tag-cafe-hotel-restaurant","15":"product_tag-desinfectant","16":"product_tag-detartrant","17":"product_tag-detergent","18":"product_tag-industrie-boulangerie-viennoiserie-patisserie","19":"product_tag-metiers-de-bouche","20":"product_tag-moussant_1","21":"product_tag-tous-types-dapplication","22":"product_tag-tous-types-defficacite","23":"product_tag-tous-types-de-secteur-dactivite","24":"product_tag-tp4","25":"product_tag-traiteur-plats-prepares","27":"first","28":"instock","29":"shipping-taxable","30":"product-type-simple"},"yoast_head":"<!-- This site is optimized with the Yoast SEO plugin v27.5 - https:\/\/yoast.com\/product\/yoast-seo-wordpress\/ -->\n<title>4100 - Hydrachim<\/title>\n<meta name=\"robots\" content=\"index, follow, max-snippet:-1, max-image-preview:large, max-video-preview:-1\" \/>\n<link rel=\"canonical\" href=\"https:\/\/www.hydrachim.fr\/en\/produit\/4100_002079005\/\" \/>\n<meta property=\"og:locale\" content=\"en_US\" \/>\n<meta property=\"og:type\" content=\"article\" \/>\n<meta property=\"og:title\" content=\"4100 - Hydrachim\" \/>\n<meta property=\"og:description\" content=\"D\u00e9tergent - D\u00e9sinfectant - Bact\u00e9ricide Sp\u00e9cial surface alimentaire\" \/>\n<meta property=\"og:url\" content=\"https:\/\/www.hydrachim.fr\/en\/produit\/4100_002079005\/\" \/>\n<meta property=\"og:site_name\" content=\"Hydrachim\" \/>\n<meta property=\"article:modified_time\" content=\"2025-10-03T13:36:35+00:00\" \/>\n<meta property=\"og:image\" content=\"https:\/\/www.hydrachim.fr\/app\/uploads\/2021\/12\/0790___DETERQUAT_4100___5L_..png\" \/>\n\t<meta property=\"og:image:width\" content=\"500\" \/>\n\t<meta property=\"og:image:height\" content=\"724\" \/>\n\t<meta property=\"og:image:type\" content=\"image\/png\" \/>\n<meta name=\"twitter:card\" content=\"summary_large_image\" \/>\n<meta name=\"twitter:label1\" content=\"Est. reading time\" \/>\n\t<meta name=\"twitter:data1\" content=\"1 minute\" \/>\n<script type=\"application\/ld+json\" class=\"yoast-schema-graph\">{\"@context\":\"https:\\\/\\\/schema.org\",\"@graph\":[{\"@type\":\"WebPage\",\"@id\":\"https:\\\/\\\/www.hydrachim.fr\\\/en\\\/produit\\\/4100_002079005\\\/\",\"url\":\"https:\\\/\\\/www.hydrachim.fr\\\/en\\\/produit\\\/4100_002079005\\\/\",\"name\":\"4100 - Hydrachim\",\"isPartOf\":{\"@id\":\"https:\\\/\\\/www.hydrachim.fr\\\/en\\\/#website\"},\"primaryImageOfPage\":{\"@id\":\"https:\\\/\\\/www.hydrachim.fr\\\/en\\\/produit\\\/4100_002079005\\\/#primaryimage\"},\"image\":{\"@id\":\"https:\\\/\\\/www.hydrachim.fr\\\/en\\\/produit\\\/4100_002079005\\\/#primaryimage\"},\"thumbnailUrl\":\"https:\\\/\\\/www.hydrachim.fr\\\/app\\\/uploads\\\/2021\\\/12\\\/0790___DETERQUAT_4100___5L_..png\",\"datePublished\":\"2021-07-01T13:02:28+00:00\",\"dateModified\":\"2025-10-03T13:36:35+00:00\",\"breadcrumb\":{\"@id\":\"https:\\\/\\\/www.hydrachim.fr\\\/en\\\/produit\\\/4100_002079005\\\/#breadcrumb\"},\"inLanguage\":\"en-US\",\"potentialAction\":[{\"@type\":\"ReadAction\",\"target\":[\"https:\\\/\\\/www.hydrachim.fr\\\/en\\\/produit\\\/4100_002079005\\\/\"]}]},{\"@type\":\"ImageObject\",\"inLanguage\":\"en-US\",\"@id\":\"https:\\\/\\\/www.hydrachim.fr\\\/en\\\/produit\\\/4100_002079005\\\/#primaryimage\",\"url\":\"https:\\\/\\\/www.hydrachim.fr\\\/app\\\/uploads\\\/2021\\\/12\\\/0790___DETERQUAT_4100___5L_..png\",\"contentUrl\":\"https:\\\/\\\/www.hydrachim.fr\\\/app\\\/uploads\\\/2021\\\/12\\\/0790___DETERQUAT_4100___5L_..png\",\"width\":500,\"height\":724},{\"@type\":\"BreadcrumbList\",\"@id\":\"https:\\\/\\\/www.hydrachim.fr\\\/en\\\/produit\\\/4100_002079005\\\/#breadcrumb\",\"itemListElement\":[{\"@type\":\"ListItem\",\"position\":1,\"name\":\"Home\",\"item\":\"https:\\\/\\\/www.hydrachim.fr\\\/en\\\/\"},{\"@type\":\"ListItem\",\"position\":2,\"name\":\"Boutique\",\"item\":\"https:\\\/\\\/www.hydrachim.fr\\\/boutique\\\/\"},{\"@type\":\"ListItem\",\"position\":3,\"name\":\"4100\"}]},{\"@type\":\"WebSite\",\"@id\":\"https:\\\/\\\/www.hydrachim.fr\\\/en\\\/#website\",\"url\":\"https:\\\/\\\/www.hydrachim.fr\\\/en\\\/\",\"name\":\"Hydrachim\",\"description\":\"La science de l&#039;hygi\u00e8ne\",\"potentialAction\":[{\"@type\":\"SearchAction\",\"target\":{\"@type\":\"EntryPoint\",\"urlTemplate\":\"https:\\\/\\\/www.hydrachim.fr\\\/en\\\/?s={search_term_string}\"},\"query-input\":{\"@type\":\"PropertyValueSpecification\",\"valueRequired\":true,\"valueName\":\"search_term_string\"}}],\"inLanguage\":\"en-US\"}]}<\/script>\n<!-- \/ Yoast SEO plugin. -->","yoast_head_json":{"title":"4100 - Hydrachim","robots":{"index":"index","follow":"follow","max-snippet":"max-snippet:-1","max-image-preview":"max-image-preview:large","max-video-preview":"max-video-preview:-1"},"canonical":"https:\/\/www.hydrachim.fr\/en\/produit\/4100_002079005\/","og_locale":"en_US","og_type":"article","og_title":"4100 - Hydrachim","og_description":"D\u00e9tergent - D\u00e9sinfectant - Bact\u00e9ricide Sp\u00e9cial surface alimentaire","og_url":"https:\/\/www.hydrachim.fr\/en\/produit\/4100_002079005\/","og_site_name":"Hydrachim","article_modified_time":"2025-10-03T13:36:35+00:00","og_image":[{"width":500,"height":724,"url":"https:\/\/www.hydrachim.fr\/app\/uploads\/2021\/12\/0790___DETERQUAT_4100___5L_..png","type":"image\/png"}],"twitter_card":"summary_large_image","twitter_misc":{"Est. reading time":"1 minute"},"schema":{"@context":"https:\/\/schema.org","@graph":[{"@type":"WebPage","@id":"https:\/\/www.hydrachim.fr\/en\/produit\/4100_002079005\/","url":"https:\/\/www.hydrachim.fr\/en\/produit\/4100_002079005\/","name":"4100 - Hydrachim","isPartOf":{"@id":"https:\/\/www.hydrachim.fr\/en\/#website"},"primaryImageOfPage":{"@id":"https:\/\/www.hydrachim.fr\/en\/produit\/4100_002079005\/#primaryimage"},"image":{"@id":"https:\/\/www.hydrachim.fr\/en\/produit\/4100_002079005\/#primaryimage"},"thumbnailUrl":"https:\/\/www.hydrachim.fr\/app\/uploads\/2021\/12\/0790___DETERQUAT_4100___5L_..png","datePublished":"2021-07-01T13:02:28+00:00","dateModified":"2025-10-03T13:36:35+00:00","breadcrumb":{"@id":"https:\/\/www.hydrachim.fr\/en\/produit\/4100_002079005\/#breadcrumb"},"inLanguage":"en-US","potentialAction":[{"@type":"ReadAction","target":["https:\/\/www.hydrachim.fr\/en\/produit\/4100_002079005\/"]}]},{"@type":"ImageObject","inLanguage":"en-US","@id":"https:\/\/www.hydrachim.fr\/en\/produit\/4100_002079005\/#primaryimage","url":"https:\/\/www.hydrachim.fr\/app\/uploads\/2021\/12\/0790___DETERQUAT_4100___5L_..png","contentUrl":"https:\/\/www.hydrachim.fr\/app\/uploads\/2021\/12\/0790___DETERQUAT_4100___5L_..png","width":500,"height":724},{"@type":"BreadcrumbList","@id":"https:\/\/www.hydrachim.fr\/en\/produit\/4100_002079005\/#breadcrumb","itemListElement":[{"@type":"ListItem","position":1,"name":"Home","item":"https:\/\/www.hydrachim.fr\/en\/"},{"@type":"ListItem","position":2,"name":"Boutique","item":"https:\/\/www.hydrachim.fr\/boutique\/"},{"@type":"ListItem","position":3,"name":"4100"}]},{"@type":"WebSite","@id":"https:\/\/www.hydrachim.fr\/en\/#website","url":"https:\/\/www.hydrachim.fr\/en\/","name":"Hydrachim","description":"La science de l&#039;hygi\u00e8ne","potentialAction":[{"@type":"SearchAction","target":{"@type":"EntryPoint","urlTemplate":"https:\/\/www.hydrachim.fr\/en\/?s={search_term_string}"},"query-input":{"@type":"PropertyValueSpecification","valueRequired":true,"valueName":"search_term_string"}}],"inLanguage":"en-US"}]}},"acf":{"fiche_methode":"","fiche_technique":"https:\/\/www.hydrachim.fr\/app\/uploads\/2022\/10\/FT___0790___DETERQUAT_4100.pdf"},"_links":{"self":[{"href":"https:\/\/www.hydrachim.fr\/en\/wp-json\/wp\/v2\/product\/9445","targetHints":{"allow":["GET"]}}],"collection":[{"href":"https:\/\/www.hydrachim.fr\/en\/wp-json\/wp\/v2\/product"}],"about":[{"href":"https:\/\/www.hydrachim.fr\/en\/wp-json\/wp\/v2\/types\/product"}],"wp:featuredmedia":[{"embeddable":true,"href":"https:\/\/www.hydrachim.fr\/en\/wp-json\/wp\/v2\/media\/10418"}],"wp:attachment":[{"href":"https:\/\/www.hydrachim.fr\/en\/wp-json\/wp\/v2\/media?parent=9445"}],"wp:term":[{"taxonomy":"product_brand","embeddable":true,"href":"https:\/\/www.hydrachim.fr\/en\/wp-json\/wp\/v2\/product_brand?post=9445"},{"taxonomy":"product_type","embeddable":true,"href":"https:\/\/www.hydrachim.fr\/en\/wp-json\/wp\/v2\/product_type?post=9445"},{"taxonomy":"product_visibility","embeddable":true,"href":"https:\/\/www.hydrachim.fr\/en\/wp-json\/wp\/v2\/product_visibility?post=9445"},{"taxonomy":"product_cat","embeddable":true,"href":"https:\/\/www.hydrachim.fr\/en\/wp-json\/wp\/v2\/product_cat?post=9445"}],"curies":[{"name":"wp","href":"https:\/\/api.w.org\/{rel}","templated":true}]}}