{"id":9272,"date":"2021-06-15T09:39:36","date_gmt":"2021-06-15T07:39:36","guid":{"rendered":"https:\/\/www.hydrachim.fr\/?post_type=product&#038;p=9272"},"modified":"2026-02-02T10:12:12","modified_gmt":"2026-02-02T08:12:12","slug":"wonder_four_002051002","status":"publish","type":"product","link":"https:\/\/www.hydrachim.fr\/en\/produit\/wonder_four_002051002\/","title":{"rendered":"WONDER&#8217; FOUR"},"content":{"rendered":"<p><strong>Adh\u00e8re aux parois pour une meilleure efficacit\u00e9. Peu moussant facile \u00e0 rincer. D\u00e9capage des fours, grills, r\u00f4tissoires, barbecues et inserts de chemin\u00e9e.<br \/>\n<\/strong><\/p>\n<p>Sa formule active permet un nettoyage efficace de toutes les surfaces \u00e0 traiter. Action sur les graisses cuites et non cuites.<br \/>\nSon agent tensio-actif mouillant d\u00e9sincruste les salissures tenaces et agit en compl\u00e9ment de la potasse.\n<\/p>\n<p><strong>Carton de 6 x 750 mL.<br \/>\nCarton de 4 x 5L<br \/>\nExiste en GEL : carton de 4 x 5 L + 1 pistolet par carton (r\u00e9f 0205) sous le nom GEL FOUR.<\/strong><\/p>\n<p class=\"y-product y-product__product-subtitle\">Avantage :<\/p>\n<p>D\u00e9sincruste les salissures tenaces.<\/p>\n<p>Retrouvez le mode d&#8217;emploi et le dosage du produit en t\u00e9l\u00e9chargeant, ci-dessous, sa Fiche Technique et\/ou sa Fiche M\u00e9thode.<\/p>\n<p><em>Ne pas utiliser sur aluminium ou ses alliages.<br \/>\nProduit strictement professionnel.<br \/>\nPour une question de s\u00e9curit\u00e9, ne pas d\u00e9conditionner le produit de son emballage d\u2019origine et ne pas r\u00e9utiliser l\u2019emballage vide.<br \/>\n<\/em><\/p>\n","protected":false},"excerpt":{"rendered":"<p>Le produit WONDER&#8217; FOUR permet le d\u00e9graissage et le nettoyage du mat\u00e9riel de cuisson.<\/p>\n","protected":false},"featured_media":14045,"template":"","meta":[],"product_brand":[],"product_type":[2],"product_visibility":[],"product_cat":[4117,4119,4145],"class_list":{"0":"post-9272","1":"product","2":"type-product","3":"status-publish","4":"has-post-thumbnail","6":"product_cat-produitscuisine","7":"product_cat-cuisineentretien","8":"product_cat-marquesorlav","9":"product_tag-decapant","10":"product_tag-degraissant","11":"product_tag-desincrustant","12":"product_tag-four","14":"first","15":"instock","16":"shipping-taxable","17":"product-type-simple"},"yoast_head":"<!-- This site is optimized with the Yoast SEO plugin v27.5 - https:\/\/yoast.com\/product\/yoast-seo-wordpress\/ -->\n<title>WONDER&#039; FOUR - Hydrachim<\/title>\n<meta name=\"robots\" content=\"index, follow, max-snippet:-1, max-image-preview:large, max-video-preview:-1\" \/>\n<link rel=\"canonical\" href=\"https:\/\/www.hydrachim.fr\/en\/produit\/wonder_four_002051002\/\" \/>\n<meta property=\"og:locale\" content=\"en_US\" \/>\n<meta property=\"og:type\" content=\"article\" \/>\n<meta property=\"og:title\" content=\"WONDER&#039; FOUR - Hydrachim\" \/>\n<meta property=\"og:description\" content=\"Le produit WONDER&#039; FOUR permet le d\u00e9graissage et le nettoyage du mat\u00e9riel de cuisson.\" \/>\n<meta property=\"og:url\" content=\"https:\/\/www.hydrachim.fr\/en\/produit\/wonder_four_002051002\/\" \/>\n<meta property=\"og:site_name\" content=\"Hydrachim\" \/>\n<meta property=\"article:modified_time\" content=\"2026-02-02T08:12:12+00:00\" \/>\n<meta property=\"og:image\" content=\"https:\/\/www.hydrachim.fr\/app\/uploads\/2023\/03\/0510___WONDER_FOUR___750ML___bug_exportation__zoom_image..png\" \/>\n\t<meta property=\"og:image:width\" content=\"350\" \/>\n\t<meta property=\"og:image:height\" content=\"817\" \/>\n\t<meta property=\"og:image:type\" content=\"image\/png\" \/>\n<meta name=\"twitter:card\" content=\"summary_large_image\" \/>\n<meta name=\"twitter:label1\" content=\"Est. reading time\" \/>\n\t<meta name=\"twitter:data1\" content=\"1 minute\" \/>\n<script type=\"application\/ld+json\" class=\"yoast-schema-graph\">{\"@context\":\"https:\\\/\\\/schema.org\",\"@graph\":[{\"@type\":\"WebPage\",\"@id\":\"https:\\\/\\\/www.hydrachim.fr\\\/en\\\/produit\\\/wonder_four_002051002\\\/\",\"url\":\"https:\\\/\\\/www.hydrachim.fr\\\/en\\\/produit\\\/wonder_four_002051002\\\/\",\"name\":\"WONDER' FOUR - Hydrachim\",\"isPartOf\":{\"@id\":\"https:\\\/\\\/www.hydrachim.fr\\\/en\\\/#website\"},\"primaryImageOfPage\":{\"@id\":\"https:\\\/\\\/www.hydrachim.fr\\\/en\\\/produit\\\/wonder_four_002051002\\\/#primaryimage\"},\"image\":{\"@id\":\"https:\\\/\\\/www.hydrachim.fr\\\/en\\\/produit\\\/wonder_four_002051002\\\/#primaryimage\"},\"thumbnailUrl\":\"https:\\\/\\\/www.hydrachim.fr\\\/app\\\/uploads\\\/2023\\\/03\\\/0510___WONDER_FOUR___750ML___bug_exportation__zoom_image..png\",\"datePublished\":\"2021-06-15T07:39:36+00:00\",\"dateModified\":\"2026-02-02T08:12:12+00:00\",\"breadcrumb\":{\"@id\":\"https:\\\/\\\/www.hydrachim.fr\\\/en\\\/produit\\\/wonder_four_002051002\\\/#breadcrumb\"},\"inLanguage\":\"en-US\",\"potentialAction\":[{\"@type\":\"ReadAction\",\"target\":[\"https:\\\/\\\/www.hydrachim.fr\\\/en\\\/produit\\\/wonder_four_002051002\\\/\"]}]},{\"@type\":\"ImageObject\",\"inLanguage\":\"en-US\",\"@id\":\"https:\\\/\\\/www.hydrachim.fr\\\/en\\\/produit\\\/wonder_four_002051002\\\/#primaryimage\",\"url\":\"https:\\\/\\\/www.hydrachim.fr\\\/app\\\/uploads\\\/2023\\\/03\\\/0510___WONDER_FOUR___750ML___bug_exportation__zoom_image..png\",\"contentUrl\":\"https:\\\/\\\/www.hydrachim.fr\\\/app\\\/uploads\\\/2023\\\/03\\\/0510___WONDER_FOUR___750ML___bug_exportation__zoom_image..png\",\"width\":350,\"height\":817},{\"@type\":\"BreadcrumbList\",\"@id\":\"https:\\\/\\\/www.hydrachim.fr\\\/en\\\/produit\\\/wonder_four_002051002\\\/#breadcrumb\",\"itemListElement\":[{\"@type\":\"ListItem\",\"position\":1,\"name\":\"Home\",\"item\":\"https:\\\/\\\/www.hydrachim.fr\\\/en\\\/\"},{\"@type\":\"ListItem\",\"position\":2,\"name\":\"Boutique\",\"item\":\"https:\\\/\\\/www.hydrachim.fr\\\/boutique\\\/\"},{\"@type\":\"ListItem\",\"position\":3,\"name\":\"WONDER&rsquo; FOUR\"}]},{\"@type\":\"WebSite\",\"@id\":\"https:\\\/\\\/www.hydrachim.fr\\\/en\\\/#website\",\"url\":\"https:\\\/\\\/www.hydrachim.fr\\\/en\\\/\",\"name\":\"Hydrachim\",\"description\":\"La science de l&#039;hygi\u00e8ne\",\"potentialAction\":[{\"@type\":\"SearchAction\",\"target\":{\"@type\":\"EntryPoint\",\"urlTemplate\":\"https:\\\/\\\/www.hydrachim.fr\\\/en\\\/?s={search_term_string}\"},\"query-input\":{\"@type\":\"PropertyValueSpecification\",\"valueRequired\":true,\"valueName\":\"search_term_string\"}}],\"inLanguage\":\"en-US\"}]}<\/script>\n<!-- \/ Yoast SEO plugin. -->","yoast_head_json":{"title":"WONDER' FOUR - Hydrachim","robots":{"index":"index","follow":"follow","max-snippet":"max-snippet:-1","max-image-preview":"max-image-preview:large","max-video-preview":"max-video-preview:-1"},"canonical":"https:\/\/www.hydrachim.fr\/en\/produit\/wonder_four_002051002\/","og_locale":"en_US","og_type":"article","og_title":"WONDER' FOUR - Hydrachim","og_description":"Le produit WONDER' FOUR permet le d\u00e9graissage et le nettoyage du mat\u00e9riel de cuisson.","og_url":"https:\/\/www.hydrachim.fr\/en\/produit\/wonder_four_002051002\/","og_site_name":"Hydrachim","article_modified_time":"2026-02-02T08:12:12+00:00","og_image":[{"width":350,"height":817,"url":"https:\/\/www.hydrachim.fr\/app\/uploads\/2023\/03\/0510___WONDER_FOUR___750ML___bug_exportation__zoom_image..png","type":"image\/png"}],"twitter_card":"summary_large_image","twitter_misc":{"Est. reading time":"1 minute"},"schema":{"@context":"https:\/\/schema.org","@graph":[{"@type":"WebPage","@id":"https:\/\/www.hydrachim.fr\/en\/produit\/wonder_four_002051002\/","url":"https:\/\/www.hydrachim.fr\/en\/produit\/wonder_four_002051002\/","name":"WONDER' FOUR - Hydrachim","isPartOf":{"@id":"https:\/\/www.hydrachim.fr\/en\/#website"},"primaryImageOfPage":{"@id":"https:\/\/www.hydrachim.fr\/en\/produit\/wonder_four_002051002\/#primaryimage"},"image":{"@id":"https:\/\/www.hydrachim.fr\/en\/produit\/wonder_four_002051002\/#primaryimage"},"thumbnailUrl":"https:\/\/www.hydrachim.fr\/app\/uploads\/2023\/03\/0510___WONDER_FOUR___750ML___bug_exportation__zoom_image..png","datePublished":"2021-06-15T07:39:36+00:00","dateModified":"2026-02-02T08:12:12+00:00","breadcrumb":{"@id":"https:\/\/www.hydrachim.fr\/en\/produit\/wonder_four_002051002\/#breadcrumb"},"inLanguage":"en-US","potentialAction":[{"@type":"ReadAction","target":["https:\/\/www.hydrachim.fr\/en\/produit\/wonder_four_002051002\/"]}]},{"@type":"ImageObject","inLanguage":"en-US","@id":"https:\/\/www.hydrachim.fr\/en\/produit\/wonder_four_002051002\/#primaryimage","url":"https:\/\/www.hydrachim.fr\/app\/uploads\/2023\/03\/0510___WONDER_FOUR___750ML___bug_exportation__zoom_image..png","contentUrl":"https:\/\/www.hydrachim.fr\/app\/uploads\/2023\/03\/0510___WONDER_FOUR___750ML___bug_exportation__zoom_image..png","width":350,"height":817},{"@type":"BreadcrumbList","@id":"https:\/\/www.hydrachim.fr\/en\/produit\/wonder_four_002051002\/#breadcrumb","itemListElement":[{"@type":"ListItem","position":1,"name":"Home","item":"https:\/\/www.hydrachim.fr\/en\/"},{"@type":"ListItem","position":2,"name":"Boutique","item":"https:\/\/www.hydrachim.fr\/boutique\/"},{"@type":"ListItem","position":3,"name":"WONDER&rsquo; FOUR"}]},{"@type":"WebSite","@id":"https:\/\/www.hydrachim.fr\/en\/#website","url":"https:\/\/www.hydrachim.fr\/en\/","name":"Hydrachim","description":"La science de l&#039;hygi\u00e8ne","potentialAction":[{"@type":"SearchAction","target":{"@type":"EntryPoint","urlTemplate":"https:\/\/www.hydrachim.fr\/en\/?s={search_term_string}"},"query-input":{"@type":"PropertyValueSpecification","valueRequired":true,"valueName":"search_term_string"}}],"inLanguage":"en-US"}]}},"acf":{"fiche_methode":"","fiche_technique":"https:\/\/www.hydrachim.fr\/app\/uploads\/2026\/02\/FT_ORLAV___CUISINE___0510___SPRAY_FOUR.pdf"},"_links":{"self":[{"href":"https:\/\/www.hydrachim.fr\/en\/wp-json\/wp\/v2\/product\/9272","targetHints":{"allow":["GET"]}}],"collection":[{"href":"https:\/\/www.hydrachim.fr\/en\/wp-json\/wp\/v2\/product"}],"about":[{"href":"https:\/\/www.hydrachim.fr\/en\/wp-json\/wp\/v2\/types\/product"}],"wp:featuredmedia":[{"embeddable":true,"href":"https:\/\/www.hydrachim.fr\/en\/wp-json\/wp\/v2\/media\/14045"}],"wp:attachment":[{"href":"https:\/\/www.hydrachim.fr\/en\/wp-json\/wp\/v2\/media?parent=9272"}],"wp:term":[{"taxonomy":"product_brand","embeddable":true,"href":"https:\/\/www.hydrachim.fr\/en\/wp-json\/wp\/v2\/product_brand?post=9272"},{"taxonomy":"product_type","embeddable":true,"href":"https:\/\/www.hydrachim.fr\/en\/wp-json\/wp\/v2\/product_type?post=9272"},{"taxonomy":"product_visibility","embeddable":true,"href":"https:\/\/www.hydrachim.fr\/en\/wp-json\/wp\/v2\/product_visibility?post=9272"},{"taxonomy":"product_cat","embeddable":true,"href":"https:\/\/www.hydrachim.fr\/en\/wp-json\/wp\/v2\/product_cat?post=9272"}],"curies":[{"name":"wp","href":"https:\/\/api.w.org\/{rel}","templated":true}]}}