{"id":8917,"date":"2021-04-23T15:14:25","date_gmt":"2021-04-23T13:14:25","guid":{"rendered":"https:\/\/www.hydrachim.fr\/?post_type=product&#038;p=8917"},"modified":"2026-01-29T09:51:35","modified_gmt":"2026-01-29T07:51:35","slug":"rincage_machine_id30_ecolabel_002043301","status":"publish","type":"product","link":"https:\/\/www.hydrachim.fr\/en\/produit\/rincage_machine_id30_ecolabel_002043301\/","title":{"rendered":"Rin\u00e7age machine ID30 ECOLABEL"},"content":{"rendered":"<p><strong>Sans parfum, conform\u00e9ment \u00e0 l\u2019ECOLABEL EUROPEEN pour les produits plonge professionnels.<br \/>\nFormule sp\u00e9ciale eaux dures.<br \/>\n\u00c0 base d\u2019ingr\u00e9dients d\u2019origines min\u00e9rale ou v\u00e9g\u00e9tale.<\/strong><\/p>\n<p>RIN\u00c7AGE MACHINE ID30 est certifi\u00e9 selon l\u2019Ecolabel Europ\u00e9en, une r\u00e9f\u00e9rence en mati\u00e8re de respect de l\u2019environnement. L\u2019Ecolabel Europ\u00e9en garantit une s\u00e9curit\u00e9 pour les utilisateurs, l\u2019environnement et la sant\u00e9.<br \/>\nRIN\u00c7AGE MACHINE ID30 est une formule non-moussante destin\u00e9e au rin\u00e7age m\u00e9canique de la vaisselle en condition d\u2019eaux dures.<br \/>\nEmballage enti\u00e8rement recyclable.<\/p>\n<p><strong>&#8211; Carton de 4x5L. R\u00e9f. 002043301<br \/>\n&#8211; Bidon de 20L. R\u00e9f.002043302<\/strong><\/p>\n<p class=\"y-product y-product__product-subtitle\">Avantage :<\/p>\n<p>RIN\u00c7AGE MACHINE ID30 convient \u00e0 tout type de lave-vaisselle professionnel.<\/p>\n<p>Retrouvez le mode d\u2019emploi et le dosage du produit en t\u00e9l\u00e9chargeant, ci-dessous, sa Fiche Technique.<\/p>\n<p><em>Ces informations donn\u00e9es \u00e0 titre indicatif sont le reflet de nos meilleures connaissances sur le sujet.<br \/>\nElles ne sauraient en aucun cas engager notre responsabilit\u00e9.<br \/>\nConforme \u00e0 la l\u00e9gislation relative aux produits de nettoyage du mat\u00e9riel pouvant se trouver en contact des denr\u00e9es alimentaires (Arr\u00eat\u00e9 du 08\/09\/1999 et ses amendements). Rin\u00e7age obligatoire.<\/em><\/p>\n","protected":false},"excerpt":{"rendered":"<p>Liquide de rin\u00e7age de la vaisselle en machine.<\/p>\n","protected":false},"featured_media":21435,"template":"","meta":[],"product_brand":[],"product_type":[2],"product_visibility":[],"product_cat":[4117,4101,4189,4173],"class_list":{"0":"post-8917","1":"product","2":"type-product","3":"status-publish","4":"has-post-thumbnail","6":"product_cat-produitscuisine","7":"product_cat-produitsecolabel","8":"product_cat-marquesidegreen","9":"product_cat-nouveautesproduits-verts","10":"product_tag-cuisine","11":"product_tag-eau-dure","12":"product_tag-ecolabel","13":"product_tag-liquide","14":"product_tag-non-moussant","15":"product_tag-vaisselle-2","17":"first","18":"instock","19":"shipping-taxable","20":"product-type-simple"},"yoast_head":"<!-- This site is optimized with the Yoast SEO plugin v27.5 - https:\/\/yoast.com\/product\/yoast-seo-wordpress\/ -->\n<title>Rin\u00e7age machine ID30 ECOLABEL - Hydrachim<\/title>\n<meta name=\"robots\" content=\"index, follow, max-snippet:-1, max-image-preview:large, max-video-preview:-1\" \/>\n<link rel=\"canonical\" href=\"https:\/\/www.hydrachim.fr\/en\/produit\/rincage_machine_id30_ecolabel_002043301\/\" \/>\n<meta property=\"og:locale\" content=\"en_US\" \/>\n<meta property=\"og:type\" content=\"article\" \/>\n<meta property=\"og:title\" content=\"Rin\u00e7age machine ID30 ECOLABEL - Hydrachim\" \/>\n<meta property=\"og:description\" content=\"Liquide de rin\u00e7age de la vaisselle en machine.\" \/>\n<meta property=\"og:url\" content=\"https:\/\/www.hydrachim.fr\/en\/produit\/rincage_machine_id30_ecolabel_002043301\/\" \/>\n<meta property=\"og:site_name\" content=\"Hydrachim\" \/>\n<meta property=\"article:modified_time\" content=\"2026-01-29T07:51:35+00:00\" \/>\n<meta property=\"og:image\" content=\"https:\/\/www.hydrachim.fr\/app\/uploads\/2025\/04\/0433___RINCAGE_MACHINE_ID30.png\" \/>\n\t<meta property=\"og:image:width\" content=\"1543\" \/>\n\t<meta property=\"og:image:height\" content=\"2227\" \/>\n\t<meta property=\"og:image:type\" content=\"image\/png\" \/>\n<meta name=\"twitter:card\" content=\"summary_large_image\" \/>\n<meta name=\"twitter:label1\" content=\"Est. reading time\" \/>\n\t<meta name=\"twitter:data1\" content=\"1 minute\" \/>\n<script type=\"application\/ld+json\" class=\"yoast-schema-graph\">{\"@context\":\"https:\\\/\\\/schema.org\",\"@graph\":[{\"@type\":\"WebPage\",\"@id\":\"https:\\\/\\\/www.hydrachim.fr\\\/en\\\/produit\\\/rincage_machine_id30_ecolabel_002043301\\\/\",\"url\":\"https:\\\/\\\/www.hydrachim.fr\\\/en\\\/produit\\\/rincage_machine_id30_ecolabel_002043301\\\/\",\"name\":\"Rin\u00e7age machine ID30 ECOLABEL - Hydrachim\",\"isPartOf\":{\"@id\":\"https:\\\/\\\/www.hydrachim.fr\\\/en\\\/#website\"},\"primaryImageOfPage\":{\"@id\":\"https:\\\/\\\/www.hydrachim.fr\\\/en\\\/produit\\\/rincage_machine_id30_ecolabel_002043301\\\/#primaryimage\"},\"image\":{\"@id\":\"https:\\\/\\\/www.hydrachim.fr\\\/en\\\/produit\\\/rincage_machine_id30_ecolabel_002043301\\\/#primaryimage\"},\"thumbnailUrl\":\"https:\\\/\\\/www.hydrachim.fr\\\/app\\\/uploads\\\/2025\\\/04\\\/0433___RINCAGE_MACHINE_ID30.png\",\"datePublished\":\"2021-04-23T13:14:25+00:00\",\"dateModified\":\"2026-01-29T07:51:35+00:00\",\"breadcrumb\":{\"@id\":\"https:\\\/\\\/www.hydrachim.fr\\\/en\\\/produit\\\/rincage_machine_id30_ecolabel_002043301\\\/#breadcrumb\"},\"inLanguage\":\"en-US\",\"potentialAction\":[{\"@type\":\"ReadAction\",\"target\":[\"https:\\\/\\\/www.hydrachim.fr\\\/en\\\/produit\\\/rincage_machine_id30_ecolabel_002043301\\\/\"]}]},{\"@type\":\"ImageObject\",\"inLanguage\":\"en-US\",\"@id\":\"https:\\\/\\\/www.hydrachim.fr\\\/en\\\/produit\\\/rincage_machine_id30_ecolabel_002043301\\\/#primaryimage\",\"url\":\"https:\\\/\\\/www.hydrachim.fr\\\/app\\\/uploads\\\/2025\\\/04\\\/0433___RINCAGE_MACHINE_ID30.png\",\"contentUrl\":\"https:\\\/\\\/www.hydrachim.fr\\\/app\\\/uploads\\\/2025\\\/04\\\/0433___RINCAGE_MACHINE_ID30.png\",\"width\":1543,\"height\":2227},{\"@type\":\"BreadcrumbList\",\"@id\":\"https:\\\/\\\/www.hydrachim.fr\\\/en\\\/produit\\\/rincage_machine_id30_ecolabel_002043301\\\/#breadcrumb\",\"itemListElement\":[{\"@type\":\"ListItem\",\"position\":1,\"name\":\"Home\",\"item\":\"https:\\\/\\\/www.hydrachim.fr\\\/en\\\/\"},{\"@type\":\"ListItem\",\"position\":2,\"name\":\"Boutique\",\"item\":\"https:\\\/\\\/www.hydrachim.fr\\\/boutique\\\/\"},{\"@type\":\"ListItem\",\"position\":3,\"name\":\"Rin\u00e7age machine ID30 ECOLABEL\"}]},{\"@type\":\"WebSite\",\"@id\":\"https:\\\/\\\/www.hydrachim.fr\\\/en\\\/#website\",\"url\":\"https:\\\/\\\/www.hydrachim.fr\\\/en\\\/\",\"name\":\"Hydrachim\",\"description\":\"La science de l&#039;hygi\u00e8ne\",\"potentialAction\":[{\"@type\":\"SearchAction\",\"target\":{\"@type\":\"EntryPoint\",\"urlTemplate\":\"https:\\\/\\\/www.hydrachim.fr\\\/en\\\/?s={search_term_string}\"},\"query-input\":{\"@type\":\"PropertyValueSpecification\",\"valueRequired\":true,\"valueName\":\"search_term_string\"}}],\"inLanguage\":\"en-US\"}]}<\/script>\n<!-- \/ Yoast SEO plugin. -->","yoast_head_json":{"title":"Rin\u00e7age machine ID30 ECOLABEL - Hydrachim","robots":{"index":"index","follow":"follow","max-snippet":"max-snippet:-1","max-image-preview":"max-image-preview:large","max-video-preview":"max-video-preview:-1"},"canonical":"https:\/\/www.hydrachim.fr\/en\/produit\/rincage_machine_id30_ecolabel_002043301\/","og_locale":"en_US","og_type":"article","og_title":"Rin\u00e7age machine ID30 ECOLABEL - Hydrachim","og_description":"Liquide de rin\u00e7age de la vaisselle en machine.","og_url":"https:\/\/www.hydrachim.fr\/en\/produit\/rincage_machine_id30_ecolabel_002043301\/","og_site_name":"Hydrachim","article_modified_time":"2026-01-29T07:51:35+00:00","og_image":[{"width":1543,"height":2227,"url":"https:\/\/www.hydrachim.fr\/app\/uploads\/2025\/04\/0433___RINCAGE_MACHINE_ID30.png","type":"image\/png"}],"twitter_card":"summary_large_image","twitter_misc":{"Est. reading time":"1 minute"},"schema":{"@context":"https:\/\/schema.org","@graph":[{"@type":"WebPage","@id":"https:\/\/www.hydrachim.fr\/en\/produit\/rincage_machine_id30_ecolabel_002043301\/","url":"https:\/\/www.hydrachim.fr\/en\/produit\/rincage_machine_id30_ecolabel_002043301\/","name":"Rin\u00e7age machine ID30 ECOLABEL - Hydrachim","isPartOf":{"@id":"https:\/\/www.hydrachim.fr\/en\/#website"},"primaryImageOfPage":{"@id":"https:\/\/www.hydrachim.fr\/en\/produit\/rincage_machine_id30_ecolabel_002043301\/#primaryimage"},"image":{"@id":"https:\/\/www.hydrachim.fr\/en\/produit\/rincage_machine_id30_ecolabel_002043301\/#primaryimage"},"thumbnailUrl":"https:\/\/www.hydrachim.fr\/app\/uploads\/2025\/04\/0433___RINCAGE_MACHINE_ID30.png","datePublished":"2021-04-23T13:14:25+00:00","dateModified":"2026-01-29T07:51:35+00:00","breadcrumb":{"@id":"https:\/\/www.hydrachim.fr\/en\/produit\/rincage_machine_id30_ecolabel_002043301\/#breadcrumb"},"inLanguage":"en-US","potentialAction":[{"@type":"ReadAction","target":["https:\/\/www.hydrachim.fr\/en\/produit\/rincage_machine_id30_ecolabel_002043301\/"]}]},{"@type":"ImageObject","inLanguage":"en-US","@id":"https:\/\/www.hydrachim.fr\/en\/produit\/rincage_machine_id30_ecolabel_002043301\/#primaryimage","url":"https:\/\/www.hydrachim.fr\/app\/uploads\/2025\/04\/0433___RINCAGE_MACHINE_ID30.png","contentUrl":"https:\/\/www.hydrachim.fr\/app\/uploads\/2025\/04\/0433___RINCAGE_MACHINE_ID30.png","width":1543,"height":2227},{"@type":"BreadcrumbList","@id":"https:\/\/www.hydrachim.fr\/en\/produit\/rincage_machine_id30_ecolabel_002043301\/#breadcrumb","itemListElement":[{"@type":"ListItem","position":1,"name":"Home","item":"https:\/\/www.hydrachim.fr\/en\/"},{"@type":"ListItem","position":2,"name":"Boutique","item":"https:\/\/www.hydrachim.fr\/boutique\/"},{"@type":"ListItem","position":3,"name":"Rin\u00e7age machine ID30 ECOLABEL"}]},{"@type":"WebSite","@id":"https:\/\/www.hydrachim.fr\/en\/#website","url":"https:\/\/www.hydrachim.fr\/en\/","name":"Hydrachim","description":"La science de l&#039;hygi\u00e8ne","potentialAction":[{"@type":"SearchAction","target":{"@type":"EntryPoint","urlTemplate":"https:\/\/www.hydrachim.fr\/en\/?s={search_term_string}"},"query-input":{"@type":"PropertyValueSpecification","valueRequired":true,"valueName":"search_term_string"}}],"inLanguage":"en-US"}]}},"acf":{"fiche_methode":"","fiche_technique":"https:\/\/www.hydrachim.fr\/app\/uploads\/2025\/05\/FT_0433___Rin_age_machine_ID30_Ecolabel.pdf"},"_links":{"self":[{"href":"https:\/\/www.hydrachim.fr\/en\/wp-json\/wp\/v2\/product\/8917","targetHints":{"allow":["GET"]}}],"collection":[{"href":"https:\/\/www.hydrachim.fr\/en\/wp-json\/wp\/v2\/product"}],"about":[{"href":"https:\/\/www.hydrachim.fr\/en\/wp-json\/wp\/v2\/types\/product"}],"wp:featuredmedia":[{"embeddable":true,"href":"https:\/\/www.hydrachim.fr\/en\/wp-json\/wp\/v2\/media\/21435"}],"wp:attachment":[{"href":"https:\/\/www.hydrachim.fr\/en\/wp-json\/wp\/v2\/media?parent=8917"}],"wp:term":[{"taxonomy":"product_brand","embeddable":true,"href":"https:\/\/www.hydrachim.fr\/en\/wp-json\/wp\/v2\/product_brand?post=8917"},{"taxonomy":"product_type","embeddable":true,"href":"https:\/\/www.hydrachim.fr\/en\/wp-json\/wp\/v2\/product_type?post=8917"},{"taxonomy":"product_visibility","embeddable":true,"href":"https:\/\/www.hydrachim.fr\/en\/wp-json\/wp\/v2\/product_visibility?post=8917"},{"taxonomy":"product_cat","embeddable":true,"href":"https:\/\/www.hydrachim.fr\/en\/wp-json\/wp\/v2\/product_cat?post=8917"}],"curies":[{"name":"wp","href":"https:\/\/api.w.org\/{rel}","templated":true}]}}