{"id":8906,"date":"2021-04-23T15:02:17","date_gmt":"2021-04-23T13:02:17","guid":{"rendered":"https:\/\/www.hydrachim.fr\/?post_type=product&#038;p=8906"},"modified":"2026-01-29T09:51:08","modified_gmt":"2026-01-29T07:51:08","slug":"lavage_machine_id30_ecolabel_002042302","status":"publish","type":"product","link":"https:\/\/www.hydrachim.fr\/en\/produit\/lavage_machine_id30_ecolabel_002042302\/","title":{"rendered":"Lavage machine ID30 ECOLABEL"},"content":{"rendered":"<p><strong>Sans parfum, conform\u00e9ment \u00e0 l\u2019ECOLABEL EUROPEEN pour les produits plonge professionnels.<br \/>\nFormule sp\u00e9ciale eaux moyennement dures \u00e0 dures.<br \/>\n\u00c0 base d\u2019ingr\u00e9dients d\u2019origines min\u00e9rale ou v\u00e9g\u00e9tale.<\/strong><\/p>\n<p>LAVAGE MACHINE ID30 est certifi\u00e9 selon l\u2019Ecolabel Europ\u00e9en, une r\u00e9f\u00e9rence en mati\u00e8re de respect de l\u2019environnement. L\u2019Ecolabel Europ\u00e9en garantit une s\u00e9curit\u00e9 pour les utilisateurs, l\u2019environnement et la sant\u00e9.<br \/>\nLAVAGE MACHINE ID30 est formul\u00e9 pour le nettoyage m\u00e9canique de la vaisselle sp\u00e9cialement pour les eaux dures. Il convient pour toutes les qualit\u00e9s d\u2019eaux de moyennement dures \u00e0 dures, gr\u00e2ce \u00e0 son pouvoir de s\u00e9questration du calcaire.<br \/>\nEmballage enti\u00e8rement recyclable.<\/p>\n<p><strong>&#8211; Carton de 4x5L. R\u00e9f. 002042302<br \/>\n&#8211; Bidon de 10L. R\u00e9f. 002042305<br \/>\n&#8211; Bidon de 20L. R\u00e9f. 002042301<\/strong><\/p>\n<p class=\"y-product y-product__product-subtitle\">Avantage :<\/p>\n<p>Ce produit convient \u00e0 tout type de lave-vaisselle professionnel (machine \u00e0 capot type mono-zone ou convoyeur type multi-zones), pour machines moyens et gros d\u00e9bits, et des vaisselles difficiles \u00e0 salissures importantes.<br \/>\nLAVAGE MACHINE ID30 est formul\u00e9 \u00e0 base d\u2019ingr\u00e9dients d\u2019origines min\u00e9rale ou v\u00e9g\u00e9tale, respectant les crit\u00e8res de biod\u00e9gradabilit\u00e9 de la Commission Europ\u00e9enne.<\/p>\n<p>Retrouvez le mode d\u2019emploi et le dosage du produit en t\u00e9l\u00e9chargeant, ci-dessous, sa Fiche Technique.<\/p>\n<p><em>Ces informations donn\u00e9es \u00e0 titre indicatif sont le reflet de nos meilleures connaissances sur le sujet.<br \/>\nElles ne sauraient en aucun cas engager notre responsabilit\u00e9.<br \/>\nConforme \u00e0 la l\u00e9gislation relative aux produits de nettoyage du mat\u00e9riel pouvant se trouver en contact des denr\u00e9es alimentaires (Arr\u00eat\u00e9 du 08\/09\/1999 et ses amendements). Rin\u00e7age obligatoire.<\/em><\/p>\n","protected":false},"excerpt":{"rendered":"<p>Liquide de lavage de la vaisselle en machine.<\/p>\n","protected":false},"featured_media":21433,"template":"","meta":[],"product_brand":[],"product_type":[2],"product_visibility":[],"product_cat":[4117,4101,4189,4173],"class_list":{"0":"post-8906","1":"product","2":"type-product","3":"status-publish","4":"has-post-thumbnail","6":"product_cat-produitscuisine","7":"product_cat-produitsecolabel","8":"product_cat-marquesidegreen","9":"product_cat-nouveautesproduits-verts","10":"product_tag-cuisine","11":"product_tag-eau-dure","12":"product_tag-ecolabel","13":"product_tag-liquide","14":"product_tag-sans-phosphate","15":"product_tag-vaisselle-2","17":"first","18":"instock","19":"shipping-taxable","20":"product-type-simple"},"yoast_head":"<!-- This site is optimized with the Yoast SEO plugin v27.4 - https:\/\/yoast.com\/product\/yoast-seo-wordpress\/ -->\n<title>Lavage machine ID30 ECOLABEL - Hydrachim<\/title>\n<meta name=\"robots\" content=\"index, follow, max-snippet:-1, max-image-preview:large, max-video-preview:-1\" \/>\n<link rel=\"canonical\" href=\"https:\/\/www.hydrachim.fr\/en\/produit\/lavage_machine_id30_ecolabel_002042302\/\" \/>\n<meta property=\"og:locale\" content=\"en_US\" \/>\n<meta property=\"og:type\" content=\"article\" \/>\n<meta property=\"og:title\" content=\"Lavage machine ID30 ECOLABEL - Hydrachim\" \/>\n<meta property=\"og:description\" content=\"Liquide de lavage de la vaisselle en machine.\" \/>\n<meta property=\"og:url\" content=\"https:\/\/www.hydrachim.fr\/en\/produit\/lavage_machine_id30_ecolabel_002042302\/\" \/>\n<meta property=\"og:site_name\" content=\"Hydrachim\" \/>\n<meta property=\"article:modified_time\" content=\"2026-01-29T07:51:08+00:00\" \/>\n<meta property=\"og:image\" content=\"https:\/\/www.hydrachim.fr\/app\/uploads\/2025\/04\/0423___LAVAGE_MACHINE_ID30.png\" \/>\n\t<meta property=\"og:image:width\" content=\"1543\" \/>\n\t<meta property=\"og:image:height\" content=\"2227\" \/>\n\t<meta property=\"og:image:type\" content=\"image\/png\" \/>\n<meta name=\"twitter:card\" content=\"summary_large_image\" \/>\n<meta name=\"twitter:label1\" content=\"Est. reading time\" \/>\n\t<meta name=\"twitter:data1\" content=\"2 minutes\" \/>\n<script type=\"application\/ld+json\" class=\"yoast-schema-graph\">{\"@context\":\"https:\\\/\\\/schema.org\",\"@graph\":[{\"@type\":\"WebPage\",\"@id\":\"https:\\\/\\\/www.hydrachim.fr\\\/en\\\/produit\\\/lavage_machine_id30_ecolabel_002042302\\\/\",\"url\":\"https:\\\/\\\/www.hydrachim.fr\\\/en\\\/produit\\\/lavage_machine_id30_ecolabel_002042302\\\/\",\"name\":\"Lavage machine ID30 ECOLABEL - Hydrachim\",\"isPartOf\":{\"@id\":\"https:\\\/\\\/www.hydrachim.fr\\\/en\\\/#website\"},\"primaryImageOfPage\":{\"@id\":\"https:\\\/\\\/www.hydrachim.fr\\\/en\\\/produit\\\/lavage_machine_id30_ecolabel_002042302\\\/#primaryimage\"},\"image\":{\"@id\":\"https:\\\/\\\/www.hydrachim.fr\\\/en\\\/produit\\\/lavage_machine_id30_ecolabel_002042302\\\/#primaryimage\"},\"thumbnailUrl\":\"https:\\\/\\\/www.hydrachim.fr\\\/app\\\/uploads\\\/2025\\\/04\\\/0423___LAVAGE_MACHINE_ID30.png\",\"datePublished\":\"2021-04-23T13:02:17+00:00\",\"dateModified\":\"2026-01-29T07:51:08+00:00\",\"breadcrumb\":{\"@id\":\"https:\\\/\\\/www.hydrachim.fr\\\/en\\\/produit\\\/lavage_machine_id30_ecolabel_002042302\\\/#breadcrumb\"},\"inLanguage\":\"en-US\",\"potentialAction\":[{\"@type\":\"ReadAction\",\"target\":[\"https:\\\/\\\/www.hydrachim.fr\\\/en\\\/produit\\\/lavage_machine_id30_ecolabel_002042302\\\/\"]}]},{\"@type\":\"ImageObject\",\"inLanguage\":\"en-US\",\"@id\":\"https:\\\/\\\/www.hydrachim.fr\\\/en\\\/produit\\\/lavage_machine_id30_ecolabel_002042302\\\/#primaryimage\",\"url\":\"https:\\\/\\\/www.hydrachim.fr\\\/app\\\/uploads\\\/2025\\\/04\\\/0423___LAVAGE_MACHINE_ID30.png\",\"contentUrl\":\"https:\\\/\\\/www.hydrachim.fr\\\/app\\\/uploads\\\/2025\\\/04\\\/0423___LAVAGE_MACHINE_ID30.png\",\"width\":1543,\"height\":2227},{\"@type\":\"BreadcrumbList\",\"@id\":\"https:\\\/\\\/www.hydrachim.fr\\\/en\\\/produit\\\/lavage_machine_id30_ecolabel_002042302\\\/#breadcrumb\",\"itemListElement\":[{\"@type\":\"ListItem\",\"position\":1,\"name\":\"Home\",\"item\":\"https:\\\/\\\/www.hydrachim.fr\\\/en\\\/\"},{\"@type\":\"ListItem\",\"position\":2,\"name\":\"Boutique\",\"item\":\"https:\\\/\\\/www.hydrachim.fr\\\/boutique\\\/\"},{\"@type\":\"ListItem\",\"position\":3,\"name\":\"Lavage machine ID30 ECOLABEL\"}]},{\"@type\":\"WebSite\",\"@id\":\"https:\\\/\\\/www.hydrachim.fr\\\/en\\\/#website\",\"url\":\"https:\\\/\\\/www.hydrachim.fr\\\/en\\\/\",\"name\":\"Hydrachim\",\"description\":\"La science de l&#039;hygi\u00e8ne\",\"potentialAction\":[{\"@type\":\"SearchAction\",\"target\":{\"@type\":\"EntryPoint\",\"urlTemplate\":\"https:\\\/\\\/www.hydrachim.fr\\\/en\\\/?s={search_term_string}\"},\"query-input\":{\"@type\":\"PropertyValueSpecification\",\"valueRequired\":true,\"valueName\":\"search_term_string\"}}],\"inLanguage\":\"en-US\"}]}<\/script>\n<!-- \/ Yoast SEO plugin. -->","yoast_head_json":{"title":"Lavage machine ID30 ECOLABEL - Hydrachim","robots":{"index":"index","follow":"follow","max-snippet":"max-snippet:-1","max-image-preview":"max-image-preview:large","max-video-preview":"max-video-preview:-1"},"canonical":"https:\/\/www.hydrachim.fr\/en\/produit\/lavage_machine_id30_ecolabel_002042302\/","og_locale":"en_US","og_type":"article","og_title":"Lavage machine ID30 ECOLABEL - Hydrachim","og_description":"Liquide de lavage de la vaisselle en machine.","og_url":"https:\/\/www.hydrachim.fr\/en\/produit\/lavage_machine_id30_ecolabel_002042302\/","og_site_name":"Hydrachim","article_modified_time":"2026-01-29T07:51:08+00:00","og_image":[{"width":1543,"height":2227,"url":"https:\/\/www.hydrachim.fr\/app\/uploads\/2025\/04\/0423___LAVAGE_MACHINE_ID30.png","type":"image\/png"}],"twitter_card":"summary_large_image","twitter_misc":{"Est. reading time":"2 minutes"},"schema":{"@context":"https:\/\/schema.org","@graph":[{"@type":"WebPage","@id":"https:\/\/www.hydrachim.fr\/en\/produit\/lavage_machine_id30_ecolabel_002042302\/","url":"https:\/\/www.hydrachim.fr\/en\/produit\/lavage_machine_id30_ecolabel_002042302\/","name":"Lavage machine ID30 ECOLABEL - Hydrachim","isPartOf":{"@id":"https:\/\/www.hydrachim.fr\/en\/#website"},"primaryImageOfPage":{"@id":"https:\/\/www.hydrachim.fr\/en\/produit\/lavage_machine_id30_ecolabel_002042302\/#primaryimage"},"image":{"@id":"https:\/\/www.hydrachim.fr\/en\/produit\/lavage_machine_id30_ecolabel_002042302\/#primaryimage"},"thumbnailUrl":"https:\/\/www.hydrachim.fr\/app\/uploads\/2025\/04\/0423___LAVAGE_MACHINE_ID30.png","datePublished":"2021-04-23T13:02:17+00:00","dateModified":"2026-01-29T07:51:08+00:00","breadcrumb":{"@id":"https:\/\/www.hydrachim.fr\/en\/produit\/lavage_machine_id30_ecolabel_002042302\/#breadcrumb"},"inLanguage":"en-US","potentialAction":[{"@type":"ReadAction","target":["https:\/\/www.hydrachim.fr\/en\/produit\/lavage_machine_id30_ecolabel_002042302\/"]}]},{"@type":"ImageObject","inLanguage":"en-US","@id":"https:\/\/www.hydrachim.fr\/en\/produit\/lavage_machine_id30_ecolabel_002042302\/#primaryimage","url":"https:\/\/www.hydrachim.fr\/app\/uploads\/2025\/04\/0423___LAVAGE_MACHINE_ID30.png","contentUrl":"https:\/\/www.hydrachim.fr\/app\/uploads\/2025\/04\/0423___LAVAGE_MACHINE_ID30.png","width":1543,"height":2227},{"@type":"BreadcrumbList","@id":"https:\/\/www.hydrachim.fr\/en\/produit\/lavage_machine_id30_ecolabel_002042302\/#breadcrumb","itemListElement":[{"@type":"ListItem","position":1,"name":"Home","item":"https:\/\/www.hydrachim.fr\/en\/"},{"@type":"ListItem","position":2,"name":"Boutique","item":"https:\/\/www.hydrachim.fr\/boutique\/"},{"@type":"ListItem","position":3,"name":"Lavage machine ID30 ECOLABEL"}]},{"@type":"WebSite","@id":"https:\/\/www.hydrachim.fr\/en\/#website","url":"https:\/\/www.hydrachim.fr\/en\/","name":"Hydrachim","description":"La science de l&#039;hygi\u00e8ne","potentialAction":[{"@type":"SearchAction","target":{"@type":"EntryPoint","urlTemplate":"https:\/\/www.hydrachim.fr\/en\/?s={search_term_string}"},"query-input":{"@type":"PropertyValueSpecification","valueRequired":true,"valueName":"search_term_string"}}],"inLanguage":"en-US"}]}},"acf":{"fiche_methode":"","fiche_technique":"https:\/\/www.hydrachim.fr\/app\/uploads\/2025\/05\/FT_0423___Lavage_machine_ID30_ECOLABEL.pdf"},"_links":{"self":[{"href":"https:\/\/www.hydrachim.fr\/en\/wp-json\/wp\/v2\/product\/8906","targetHints":{"allow":["GET"]}}],"collection":[{"href":"https:\/\/www.hydrachim.fr\/en\/wp-json\/wp\/v2\/product"}],"about":[{"href":"https:\/\/www.hydrachim.fr\/en\/wp-json\/wp\/v2\/types\/product"}],"wp:featuredmedia":[{"embeddable":true,"href":"https:\/\/www.hydrachim.fr\/en\/wp-json\/wp\/v2\/media\/21433"}],"wp:attachment":[{"href":"https:\/\/www.hydrachim.fr\/en\/wp-json\/wp\/v2\/media?parent=8906"}],"wp:term":[{"taxonomy":"product_brand","embeddable":true,"href":"https:\/\/www.hydrachim.fr\/en\/wp-json\/wp\/v2\/product_brand?post=8906"},{"taxonomy":"product_type","embeddable":true,"href":"https:\/\/www.hydrachim.fr\/en\/wp-json\/wp\/v2\/product_type?post=8906"},{"taxonomy":"product_visibility","embeddable":true,"href":"https:\/\/www.hydrachim.fr\/en\/wp-json\/wp\/v2\/product_visibility?post=8906"},{"taxonomy":"product_cat","embeddable":true,"href":"https:\/\/www.hydrachim.fr\/en\/wp-json\/wp\/v2\/product_cat?post=8906"}],"curies":[{"name":"wp","href":"https:\/\/api.w.org\/{rel}","templated":true}]}}