{"id":8892,"date":"2021-04-23T14:17:07","date_gmt":"2021-04-23T12:17:07","guid":{"rendered":"https:\/\/www.hydrachim.fr\/?post_type=product&#038;p=8892"},"modified":"2025-10-21T10:31:48","modified_gmt":"2025-10-21T08:31:48","slug":"nettoyant_multi_usages_ecolabel_002180306","status":"publish","type":"product","link":"https:\/\/www.hydrachim.fr\/en\/produit\/nettoyant_multi_usages_ecolabel_002180306\/","title":{"rendered":"Nettoyant multi usages ECOLABEL"},"content":{"rendered":"<p><strong>\u00c0 base d\u2019ingr\u00e9dients d\u2019origine min\u00e9rale et v\u00e9g\u00e9tale.<\/strong><\/p>\n<p>NETTOYANT MULTI-USAGES est certifi\u00e9 selon l\u2019Ecolabel Europ\u00e9en, une r\u00e9f\u00e9rence en mati\u00e8re de respect de l\u2019environnement. L\u2019Ecolabel Europ\u00e9en garantit une s\u00e9curit\u00e9 pour les utilisateurs, l\u2019environnement et la sant\u00e9.<br \/>\nNETTOYANT MULTI-USAGES s\u2019utilise dans le domaine de la collectivit\u00e9 et de l\u2019industrie agro-alimentaire.<br \/>\nNETTOYANT MULTI-USAGES nettoie, d\u00e9graisse toutes les surfaces lavables : sols, murs, carrelages.<br \/>\nNETTOYANT MULTI-USAGES \u00e9limine les graisses, souillures organiques.<\/p>\n<p><strong>&#8211; Carton de 4x5L. R\u00e9f. 002180301<br \/>\n&#8211; Carton de 6x1L doseur. R\u00e9f. 002180306<br \/>\n&#8211; Carton de 250 dosettes de 20ML. R\u00e9f. 002180307<\/strong><\/p>\n<p class=\"y-product y-product__product-subtitle\">Avantage :<\/p>\n<p>NETTOYANT MULTI-USAGES est formul\u00e9 \u00e0 base d\u2019ingr\u00e9dients d\u2019origine min\u00e9rale et v\u00e9g\u00e9tale respectant les crit\u00e8res de biod\u00e9gradabilit\u00e9 de la Commission Europ\u00e9enne.<\/p>\n<p>Appliquer le bon dosage et la temp\u00e9rature minimale recommand\u00e9e (20\u00b0C) afin de faire baisser autant que possible la consommation d\u2019\u00e9nergie, d\u2019eau et de r\u00e9duire la pollution de l\u2019eau.<\/p>\n<p>Retrouvez le mode d\u2019emploi et le dosage du produit en t\u00e9l\u00e9chargeant, ci-dessous, sa Fiche Technique.<\/p>\n<p><em>Ces informations donn\u00e9es \u00e0 titre indicatif sont le reflet de nos meilleures connaissances sur le sujet. Elles ne sauraient en aucun cas engager notre responsabilit\u00e9.<br \/>\nConforme \u00e0 la l\u00e9gislation relative aux produits de nettoyage du mat\u00e9riel pouvant se trouver en contact des denr\u00e9es alimentaires (Arr\u00eat\u00e9 du 08\/09\/1999 et ses amendements). Rin\u00e7age obligatoire. Dans la cuisine : utilisable seulement sur les sols.<\/em><\/p>\n","protected":false},"excerpt":{"rendered":"<p>Nettoyant et d\u00e9graissant au parfum Fleur d&#8217;Olivier.<\/p>\n","protected":false},"featured_media":15047,"template":"","meta":[],"product_brand":[],"product_type":[2],"product_visibility":[],"product_cat":[4027,4117,4101,4189,4176,4173,4127],"class_list":{"0":"post-8892","1":"product","2":"type-product","3":"status-publish","4":"has-post-thumbnail","6":"product_cat-agro-alimentaire-industrie","7":"product_cat-produitscuisine","8":"product_cat-produitsecolabel","9":"product_cat-marquesidegreen","10":"product_cat-nouveautesmulti-secteurs","11":"product_cat-nouveautesproduits-verts","12":"product_cat-produitssurface-sol","13":"product_tag-degraissant","14":"product_tag-ecolabel","15":"product_tag-fleur-dolivier","16":"product_tag-multi-usages","17":"product_tag-nettoyant","19":"first","20":"instock","21":"shipping-taxable","22":"product-type-simple"},"yoast_head":"<!-- This site is optimized with the Yoast SEO plugin v27.5 - https:\/\/yoast.com\/product\/yoast-seo-wordpress\/ -->\n<title>Nettoyant multi usages ECOLABEL - Hydrachim<\/title>\n<meta name=\"robots\" content=\"index, follow, max-snippet:-1, max-image-preview:large, max-video-preview:-1\" \/>\n<link rel=\"canonical\" href=\"https:\/\/www.hydrachim.fr\/en\/produit\/nettoyant_multi_usages_ecolabel_002180306\/\" \/>\n<meta property=\"og:locale\" content=\"en_US\" \/>\n<meta property=\"og:type\" content=\"article\" \/>\n<meta property=\"og:title\" content=\"Nettoyant multi usages ECOLABEL - Hydrachim\" \/>\n<meta property=\"og:description\" content=\"Nettoyant et d\u00e9graissant au parfum Fleur d&#039;Olivier.\" \/>\n<meta property=\"og:url\" content=\"https:\/\/www.hydrachim.fr\/en\/produit\/nettoyant_multi_usages_ecolabel_002180306\/\" \/>\n<meta property=\"og:site_name\" content=\"Hydrachim\" \/>\n<meta property=\"article:modified_time\" content=\"2025-10-21T08:31:48+00:00\" \/>\n<meta property=\"og:image\" content=\"https:\/\/www.hydrachim.fr\/app\/uploads\/2023\/07\/1803_NETTOYANT_MULTI_USAGES_ECOLABEL___1L_DOSEUR.png\" \/>\n\t<meta property=\"og:image:width\" content=\"462\" \/>\n\t<meta property=\"og:image:height\" content=\"710\" \/>\n\t<meta property=\"og:image:type\" content=\"image\/png\" \/>\n<meta name=\"twitter:card\" content=\"summary_large_image\" \/>\n<meta name=\"twitter:label1\" content=\"Est. reading time\" \/>\n\t<meta name=\"twitter:data1\" content=\"2 minutes\" \/>\n<script type=\"application\/ld+json\" class=\"yoast-schema-graph\">{\"@context\":\"https:\\\/\\\/schema.org\",\"@graph\":[{\"@type\":\"WebPage\",\"@id\":\"https:\\\/\\\/www.hydrachim.fr\\\/en\\\/produit\\\/nettoyant_multi_usages_ecolabel_002180306\\\/\",\"url\":\"https:\\\/\\\/www.hydrachim.fr\\\/en\\\/produit\\\/nettoyant_multi_usages_ecolabel_002180306\\\/\",\"name\":\"Nettoyant multi usages ECOLABEL - Hydrachim\",\"isPartOf\":{\"@id\":\"https:\\\/\\\/www.hydrachim.fr\\\/en\\\/#website\"},\"primaryImageOfPage\":{\"@id\":\"https:\\\/\\\/www.hydrachim.fr\\\/en\\\/produit\\\/nettoyant_multi_usages_ecolabel_002180306\\\/#primaryimage\"},\"image\":{\"@id\":\"https:\\\/\\\/www.hydrachim.fr\\\/en\\\/produit\\\/nettoyant_multi_usages_ecolabel_002180306\\\/#primaryimage\"},\"thumbnailUrl\":\"https:\\\/\\\/www.hydrachim.fr\\\/app\\\/uploads\\\/2023\\\/07\\\/1803_NETTOYANT_MULTI_USAGES_ECOLABEL___1L_DOSEUR.png\",\"datePublished\":\"2021-04-23T12:17:07+00:00\",\"dateModified\":\"2025-10-21T08:31:48+00:00\",\"breadcrumb\":{\"@id\":\"https:\\\/\\\/www.hydrachim.fr\\\/en\\\/produit\\\/nettoyant_multi_usages_ecolabel_002180306\\\/#breadcrumb\"},\"inLanguage\":\"en-US\",\"potentialAction\":[{\"@type\":\"ReadAction\",\"target\":[\"https:\\\/\\\/www.hydrachim.fr\\\/en\\\/produit\\\/nettoyant_multi_usages_ecolabel_002180306\\\/\"]}]},{\"@type\":\"ImageObject\",\"inLanguage\":\"en-US\",\"@id\":\"https:\\\/\\\/www.hydrachim.fr\\\/en\\\/produit\\\/nettoyant_multi_usages_ecolabel_002180306\\\/#primaryimage\",\"url\":\"https:\\\/\\\/www.hydrachim.fr\\\/app\\\/uploads\\\/2023\\\/07\\\/1803_NETTOYANT_MULTI_USAGES_ECOLABEL___1L_DOSEUR.png\",\"contentUrl\":\"https:\\\/\\\/www.hydrachim.fr\\\/app\\\/uploads\\\/2023\\\/07\\\/1803_NETTOYANT_MULTI_USAGES_ECOLABEL___1L_DOSEUR.png\",\"width\":462,\"height\":710},{\"@type\":\"BreadcrumbList\",\"@id\":\"https:\\\/\\\/www.hydrachim.fr\\\/en\\\/produit\\\/nettoyant_multi_usages_ecolabel_002180306\\\/#breadcrumb\",\"itemListElement\":[{\"@type\":\"ListItem\",\"position\":1,\"name\":\"Home\",\"item\":\"https:\\\/\\\/www.hydrachim.fr\\\/en\\\/\"},{\"@type\":\"ListItem\",\"position\":2,\"name\":\"Boutique\",\"item\":\"https:\\\/\\\/www.hydrachim.fr\\\/boutique\\\/\"},{\"@type\":\"ListItem\",\"position\":3,\"name\":\"Nettoyant multi usages ECOLABEL\"}]},{\"@type\":\"WebSite\",\"@id\":\"https:\\\/\\\/www.hydrachim.fr\\\/en\\\/#website\",\"url\":\"https:\\\/\\\/www.hydrachim.fr\\\/en\\\/\",\"name\":\"Hydrachim\",\"description\":\"La science de l&#039;hygi\u00e8ne\",\"potentialAction\":[{\"@type\":\"SearchAction\",\"target\":{\"@type\":\"EntryPoint\",\"urlTemplate\":\"https:\\\/\\\/www.hydrachim.fr\\\/en\\\/?s={search_term_string}\"},\"query-input\":{\"@type\":\"PropertyValueSpecification\",\"valueRequired\":true,\"valueName\":\"search_term_string\"}}],\"inLanguage\":\"en-US\"}]}<\/script>\n<!-- \/ Yoast SEO plugin. -->","yoast_head_json":{"title":"Nettoyant multi usages ECOLABEL - Hydrachim","robots":{"index":"index","follow":"follow","max-snippet":"max-snippet:-1","max-image-preview":"max-image-preview:large","max-video-preview":"max-video-preview:-1"},"canonical":"https:\/\/www.hydrachim.fr\/en\/produit\/nettoyant_multi_usages_ecolabel_002180306\/","og_locale":"en_US","og_type":"article","og_title":"Nettoyant multi usages ECOLABEL - Hydrachim","og_description":"Nettoyant et d\u00e9graissant au parfum Fleur d'Olivier.","og_url":"https:\/\/www.hydrachim.fr\/en\/produit\/nettoyant_multi_usages_ecolabel_002180306\/","og_site_name":"Hydrachim","article_modified_time":"2025-10-21T08:31:48+00:00","og_image":[{"width":462,"height":710,"url":"https:\/\/www.hydrachim.fr\/app\/uploads\/2023\/07\/1803_NETTOYANT_MULTI_USAGES_ECOLABEL___1L_DOSEUR.png","type":"image\/png"}],"twitter_card":"summary_large_image","twitter_misc":{"Est. reading time":"2 minutes"},"schema":{"@context":"https:\/\/schema.org","@graph":[{"@type":"WebPage","@id":"https:\/\/www.hydrachim.fr\/en\/produit\/nettoyant_multi_usages_ecolabel_002180306\/","url":"https:\/\/www.hydrachim.fr\/en\/produit\/nettoyant_multi_usages_ecolabel_002180306\/","name":"Nettoyant multi usages ECOLABEL - Hydrachim","isPartOf":{"@id":"https:\/\/www.hydrachim.fr\/en\/#website"},"primaryImageOfPage":{"@id":"https:\/\/www.hydrachim.fr\/en\/produit\/nettoyant_multi_usages_ecolabel_002180306\/#primaryimage"},"image":{"@id":"https:\/\/www.hydrachim.fr\/en\/produit\/nettoyant_multi_usages_ecolabel_002180306\/#primaryimage"},"thumbnailUrl":"https:\/\/www.hydrachim.fr\/app\/uploads\/2023\/07\/1803_NETTOYANT_MULTI_USAGES_ECOLABEL___1L_DOSEUR.png","datePublished":"2021-04-23T12:17:07+00:00","dateModified":"2025-10-21T08:31:48+00:00","breadcrumb":{"@id":"https:\/\/www.hydrachim.fr\/en\/produit\/nettoyant_multi_usages_ecolabel_002180306\/#breadcrumb"},"inLanguage":"en-US","potentialAction":[{"@type":"ReadAction","target":["https:\/\/www.hydrachim.fr\/en\/produit\/nettoyant_multi_usages_ecolabel_002180306\/"]}]},{"@type":"ImageObject","inLanguage":"en-US","@id":"https:\/\/www.hydrachim.fr\/en\/produit\/nettoyant_multi_usages_ecolabel_002180306\/#primaryimage","url":"https:\/\/www.hydrachim.fr\/app\/uploads\/2023\/07\/1803_NETTOYANT_MULTI_USAGES_ECOLABEL___1L_DOSEUR.png","contentUrl":"https:\/\/www.hydrachim.fr\/app\/uploads\/2023\/07\/1803_NETTOYANT_MULTI_USAGES_ECOLABEL___1L_DOSEUR.png","width":462,"height":710},{"@type":"BreadcrumbList","@id":"https:\/\/www.hydrachim.fr\/en\/produit\/nettoyant_multi_usages_ecolabel_002180306\/#breadcrumb","itemListElement":[{"@type":"ListItem","position":1,"name":"Home","item":"https:\/\/www.hydrachim.fr\/en\/"},{"@type":"ListItem","position":2,"name":"Boutique","item":"https:\/\/www.hydrachim.fr\/boutique\/"},{"@type":"ListItem","position":3,"name":"Nettoyant multi usages ECOLABEL"}]},{"@type":"WebSite","@id":"https:\/\/www.hydrachim.fr\/en\/#website","url":"https:\/\/www.hydrachim.fr\/en\/","name":"Hydrachim","description":"La science de l&#039;hygi\u00e8ne","potentialAction":[{"@type":"SearchAction","target":{"@type":"EntryPoint","urlTemplate":"https:\/\/www.hydrachim.fr\/en\/?s={search_term_string}"},"query-input":{"@type":"PropertyValueSpecification","valueRequired":true,"valueName":"search_term_string"}}],"inLanguage":"en-US"}]}},"acf":{"fiche_methode":"","fiche_technique":"https:\/\/www.hydrachim.fr\/app\/uploads\/2025\/10\/FT_1803_V2_NETTOYANT_MULTI_SURFACES.pdf"},"_links":{"self":[{"href":"https:\/\/www.hydrachim.fr\/en\/wp-json\/wp\/v2\/product\/8892","targetHints":{"allow":["GET"]}}],"collection":[{"href":"https:\/\/www.hydrachim.fr\/en\/wp-json\/wp\/v2\/product"}],"about":[{"href":"https:\/\/www.hydrachim.fr\/en\/wp-json\/wp\/v2\/types\/product"}],"wp:featuredmedia":[{"embeddable":true,"href":"https:\/\/www.hydrachim.fr\/en\/wp-json\/wp\/v2\/media\/15047"}],"wp:attachment":[{"href":"https:\/\/www.hydrachim.fr\/en\/wp-json\/wp\/v2\/media?parent=8892"}],"wp:term":[{"taxonomy":"product_brand","embeddable":true,"href":"https:\/\/www.hydrachim.fr\/en\/wp-json\/wp\/v2\/product_brand?post=8892"},{"taxonomy":"product_type","embeddable":true,"href":"https:\/\/www.hydrachim.fr\/en\/wp-json\/wp\/v2\/product_type?post=8892"},{"taxonomy":"product_visibility","embeddable":true,"href":"https:\/\/www.hydrachim.fr\/en\/wp-json\/wp\/v2\/product_visibility?post=8892"},{"taxonomy":"product_cat","embeddable":true,"href":"https:\/\/www.hydrachim.fr\/en\/wp-json\/wp\/v2\/product_cat?post=8892"}],"curies":[{"name":"wp","href":"https:\/\/api.w.org\/{rel}","templated":true}]}}