{"id":8828,"date":"2021-03-31T10:26:15","date_gmt":"2021-03-31T08:26:15","guid":{"rendered":"https:\/\/www.hydrachim.fr\/?post_type=product&#038;p=8828"},"modified":"2026-03-16T16:57:24","modified_gmt":"2026-03-16T14:57:24","slug":"acidab_001212903","status":"publish","type":"product","link":"https:\/\/www.hydrachim.fr\/en\/produit\/acidab_001212903\/","title":{"rendered":"Acid&#8217;AB"},"content":{"rendered":"<p><strong>Nettoyant circuit compos\u00e9 d&#8217;acides organiques.<\/strong><\/p>\n<p>ACID&#8217;AB peut s&#8217;utiliser pour le nettoyage et l&#8217;acidification des eaux s&#8217;utilise aussi bien en aviculture, cuniculture et \u00e9levage porcin.<br \/>\nL&#8217;efficacit\u00e9 de 4 acides : lactique, formique, citrique et propionique <\/p>\n<p><strong>Disponible en :<br \/>\n&#8211; bidon de 5L, R\u00e9f. 001212902.<br \/>\n&#8211; f\u00fbt de 20L, R\u00e9f. 001212903.<br \/>\n&#8211; f\u00fbt de 60L, R\u00e9f. 001212904.<br \/>\n&#8211; container de 1000L, R\u00e9f. 001212905.<\/strong><\/p>\n<p class=\"y-product y-product__product-subtitle\">Avantage :<\/p>\n<p>Utilisable en agriculture biologique*.<\/p>\n<p>* Produit utilisable en agriculture biologique conforme au reglement (UE) 2018\/848 (et ses amendements).<\/p>\n<p>Retrouvez le mode d&#8217;emploi et le dosage du produit en t\u00e9l\u00e9chargeant, ci-dessous, sa Fiche Technique.<\/p>\n","protected":false},"excerpt":{"rendered":"<p>Nettoyage et acidification des circuits d&#8217;eau en \u00e9levage AB.<\/p>\n","protected":false},"featured_media":30647,"template":"","meta":[],"product_brand":[],"product_type":[2],"product_visibility":[],"product_cat":[4128,4154,4089],"class_list":{"0":"post-8828","1":"product","2":"type-product","3":"status-publish","4":"has-post-thumbnail","6":"product_cat-solentretien","7":"product_cat-marqueshydrachim-elevage","8":"product_cat-elevagehygine-levage","9":"product_tag-acide","10":"product_tag-acidifiant","11":"product_tag-circuit","12":"product_tag-circuit-ferm","13":"product_tag-eau-de-boisson-en-levage","14":"product_tag-liquide","15":"product_tag-nettoyage","16":"product_tag-nettoyant","17":"product_tag-souillure-organique","19":"first","20":"instock","21":"shipping-taxable","22":"product-type-simple"},"yoast_head":"<!-- This site is optimized with the Yoast SEO plugin v27.5 - https:\/\/yoast.com\/product\/yoast-seo-wordpress\/ -->\n<title>Acid&#039;AB | Produit nettoyant des circuits d&#039;eau en \u00e9levage AB - Hydrachim<\/title>\n<meta name=\"description\" content=\"Acid&#039;AB est nettoyant et acidificateur des circuits d&#039;eau en \u00e9levage AB s&#039;utilisant aussi bien en aviculture, cuniculture et \u00e9levage porcin.\" \/>\n<meta name=\"robots\" content=\"index, follow, max-snippet:-1, max-image-preview:large, max-video-preview:-1\" \/>\n<link rel=\"canonical\" href=\"https:\/\/www.hydrachim.fr\/en\/produit\/acidab_001212903\/\" \/>\n<meta property=\"og:locale\" content=\"en_US\" \/>\n<meta property=\"og:type\" content=\"article\" \/>\n<meta property=\"og:title\" content=\"Acid&#039;AB | Produit nettoyant des circuits d&#039;eau en \u00e9levage AB - Hydrachim\" \/>\n<meta property=\"og:description\" content=\"Acid&#039;AB est nettoyant et acidificateur des circuits d&#039;eau en \u00e9levage AB s&#039;utilisant aussi bien en aviculture, cuniculture et \u00e9levage porcin.\" \/>\n<meta property=\"og:url\" content=\"https:\/\/www.hydrachim.fr\/en\/produit\/acidab_001212903\/\" \/>\n<meta property=\"og:site_name\" content=\"Hydrachim\" \/>\n<meta property=\"article:modified_time\" content=\"2026-03-16T14:57:24+00:00\" \/>\n<meta property=\"og:image\" content=\"https:\/\/www.hydrachim.fr\/app\/uploads\/2026\/03\/001212903_Acid_ab_20L.png\" \/>\n\t<meta property=\"og:image:width\" content=\"712\" \/>\n\t<meta property=\"og:image:height\" content=\"1025\" \/>\n\t<meta property=\"og:image:type\" content=\"image\/png\" \/>\n<meta name=\"twitter:card\" content=\"summary_large_image\" \/>\n<script type=\"application\/ld+json\" class=\"yoast-schema-graph\">{\"@context\":\"https:\\\/\\\/schema.org\",\"@graph\":[{\"@type\":\"WebPage\",\"@id\":\"https:\\\/\\\/www.hydrachim.fr\\\/en\\\/produit\\\/acidab_001212903\\\/\",\"url\":\"https:\\\/\\\/www.hydrachim.fr\\\/en\\\/produit\\\/acidab_001212903\\\/\",\"name\":\"Acid'AB | Produit nettoyant des circuits d'eau en \u00e9levage AB - Hydrachim\",\"isPartOf\":{\"@id\":\"https:\\\/\\\/www.hydrachim.fr\\\/en\\\/#website\"},\"primaryImageOfPage\":{\"@id\":\"https:\\\/\\\/www.hydrachim.fr\\\/en\\\/produit\\\/acidab_001212903\\\/#primaryimage\"},\"image\":{\"@id\":\"https:\\\/\\\/www.hydrachim.fr\\\/en\\\/produit\\\/acidab_001212903\\\/#primaryimage\"},\"thumbnailUrl\":\"https:\\\/\\\/www.hydrachim.fr\\\/app\\\/uploads\\\/2026\\\/03\\\/001212903_Acid_ab_20L.png\",\"datePublished\":\"2021-03-31T08:26:15+00:00\",\"dateModified\":\"2026-03-16T14:57:24+00:00\",\"description\":\"Acid'AB est nettoyant et acidificateur des circuits d'eau en \u00e9levage AB s'utilisant aussi bien en aviculture, cuniculture et \u00e9levage porcin.\",\"breadcrumb\":{\"@id\":\"https:\\\/\\\/www.hydrachim.fr\\\/en\\\/produit\\\/acidab_001212903\\\/#breadcrumb\"},\"inLanguage\":\"en-US\",\"potentialAction\":[{\"@type\":\"ReadAction\",\"target\":[\"https:\\\/\\\/www.hydrachim.fr\\\/en\\\/produit\\\/acidab_001212903\\\/\"]}]},{\"@type\":\"ImageObject\",\"inLanguage\":\"en-US\",\"@id\":\"https:\\\/\\\/www.hydrachim.fr\\\/en\\\/produit\\\/acidab_001212903\\\/#primaryimage\",\"url\":\"https:\\\/\\\/www.hydrachim.fr\\\/app\\\/uploads\\\/2026\\\/03\\\/001212903_Acid_ab_20L.png\",\"contentUrl\":\"https:\\\/\\\/www.hydrachim.fr\\\/app\\\/uploads\\\/2026\\\/03\\\/001212903_Acid_ab_20L.png\",\"width\":712,\"height\":1025},{\"@type\":\"BreadcrumbList\",\"@id\":\"https:\\\/\\\/www.hydrachim.fr\\\/en\\\/produit\\\/acidab_001212903\\\/#breadcrumb\",\"itemListElement\":[{\"@type\":\"ListItem\",\"position\":1,\"name\":\"Home\",\"item\":\"https:\\\/\\\/www.hydrachim.fr\\\/en\\\/\"},{\"@type\":\"ListItem\",\"position\":2,\"name\":\"Boutique\",\"item\":\"https:\\\/\\\/www.hydrachim.fr\\\/boutique\\\/\"},{\"@type\":\"ListItem\",\"position\":3,\"name\":\"Acid&rsquo;AB\"}]},{\"@type\":\"WebSite\",\"@id\":\"https:\\\/\\\/www.hydrachim.fr\\\/en\\\/#website\",\"url\":\"https:\\\/\\\/www.hydrachim.fr\\\/en\\\/\",\"name\":\"Hydrachim\",\"description\":\"La science de l&#039;hygi\u00e8ne\",\"potentialAction\":[{\"@type\":\"SearchAction\",\"target\":{\"@type\":\"EntryPoint\",\"urlTemplate\":\"https:\\\/\\\/www.hydrachim.fr\\\/en\\\/?s={search_term_string}\"},\"query-input\":{\"@type\":\"PropertyValueSpecification\",\"valueRequired\":true,\"valueName\":\"search_term_string\"}}],\"inLanguage\":\"en-US\"}]}<\/script>\n<!-- \/ Yoast SEO plugin. -->","yoast_head_json":{"title":"Acid'AB | Produit nettoyant des circuits d'eau en \u00e9levage AB - Hydrachim","description":"Acid'AB est nettoyant et acidificateur des circuits d'eau en \u00e9levage AB s'utilisant aussi bien en aviculture, cuniculture et \u00e9levage porcin.","robots":{"index":"index","follow":"follow","max-snippet":"max-snippet:-1","max-image-preview":"max-image-preview:large","max-video-preview":"max-video-preview:-1"},"canonical":"https:\/\/www.hydrachim.fr\/en\/produit\/acidab_001212903\/","og_locale":"en_US","og_type":"article","og_title":"Acid'AB | Produit nettoyant des circuits d'eau en \u00e9levage AB - Hydrachim","og_description":"Acid'AB est nettoyant et acidificateur des circuits d'eau en \u00e9levage AB s'utilisant aussi bien en aviculture, cuniculture et \u00e9levage porcin.","og_url":"https:\/\/www.hydrachim.fr\/en\/produit\/acidab_001212903\/","og_site_name":"Hydrachim","article_modified_time":"2026-03-16T14:57:24+00:00","og_image":[{"width":712,"height":1025,"url":"https:\/\/www.hydrachim.fr\/app\/uploads\/2026\/03\/001212903_Acid_ab_20L.png","type":"image\/png"}],"twitter_card":"summary_large_image","schema":{"@context":"https:\/\/schema.org","@graph":[{"@type":"WebPage","@id":"https:\/\/www.hydrachim.fr\/en\/produit\/acidab_001212903\/","url":"https:\/\/www.hydrachim.fr\/en\/produit\/acidab_001212903\/","name":"Acid'AB | Produit nettoyant des circuits d'eau en \u00e9levage AB - Hydrachim","isPartOf":{"@id":"https:\/\/www.hydrachim.fr\/en\/#website"},"primaryImageOfPage":{"@id":"https:\/\/www.hydrachim.fr\/en\/produit\/acidab_001212903\/#primaryimage"},"image":{"@id":"https:\/\/www.hydrachim.fr\/en\/produit\/acidab_001212903\/#primaryimage"},"thumbnailUrl":"https:\/\/www.hydrachim.fr\/app\/uploads\/2026\/03\/001212903_Acid_ab_20L.png","datePublished":"2021-03-31T08:26:15+00:00","dateModified":"2026-03-16T14:57:24+00:00","description":"Acid'AB est nettoyant et acidificateur des circuits d'eau en \u00e9levage AB s'utilisant aussi bien en aviculture, cuniculture et \u00e9levage porcin.","breadcrumb":{"@id":"https:\/\/www.hydrachim.fr\/en\/produit\/acidab_001212903\/#breadcrumb"},"inLanguage":"en-US","potentialAction":[{"@type":"ReadAction","target":["https:\/\/www.hydrachim.fr\/en\/produit\/acidab_001212903\/"]}]},{"@type":"ImageObject","inLanguage":"en-US","@id":"https:\/\/www.hydrachim.fr\/en\/produit\/acidab_001212903\/#primaryimage","url":"https:\/\/www.hydrachim.fr\/app\/uploads\/2026\/03\/001212903_Acid_ab_20L.png","contentUrl":"https:\/\/www.hydrachim.fr\/app\/uploads\/2026\/03\/001212903_Acid_ab_20L.png","width":712,"height":1025},{"@type":"BreadcrumbList","@id":"https:\/\/www.hydrachim.fr\/en\/produit\/acidab_001212903\/#breadcrumb","itemListElement":[{"@type":"ListItem","position":1,"name":"Home","item":"https:\/\/www.hydrachim.fr\/en\/"},{"@type":"ListItem","position":2,"name":"Boutique","item":"https:\/\/www.hydrachim.fr\/boutique\/"},{"@type":"ListItem","position":3,"name":"Acid&rsquo;AB"}]},{"@type":"WebSite","@id":"https:\/\/www.hydrachim.fr\/en\/#website","url":"https:\/\/www.hydrachim.fr\/en\/","name":"Hydrachim","description":"La science de l&#039;hygi\u00e8ne","potentialAction":[{"@type":"SearchAction","target":{"@type":"EntryPoint","urlTemplate":"https:\/\/www.hydrachim.fr\/en\/?s={search_term_string}"},"query-input":{"@type":"PropertyValueSpecification","valueRequired":true,"valueName":"search_term_string"}}],"inLanguage":"en-US"}]}},"acf":{"fiche_methode":"","fiche_technique":"https:\/\/www.hydrachim.fr\/app\/uploads\/2025\/12\/HYDRACHIM_ELEVAGE_FT2129_ACID_AB-1.pdf"},"_links":{"self":[{"href":"https:\/\/www.hydrachim.fr\/en\/wp-json\/wp\/v2\/product\/8828","targetHints":{"allow":["GET"]}}],"collection":[{"href":"https:\/\/www.hydrachim.fr\/en\/wp-json\/wp\/v2\/product"}],"about":[{"href":"https:\/\/www.hydrachim.fr\/en\/wp-json\/wp\/v2\/types\/product"}],"wp:featuredmedia":[{"embeddable":true,"href":"https:\/\/www.hydrachim.fr\/en\/wp-json\/wp\/v2\/media\/30647"}],"wp:attachment":[{"href":"https:\/\/www.hydrachim.fr\/en\/wp-json\/wp\/v2\/media?parent=8828"}],"wp:term":[{"taxonomy":"product_brand","embeddable":true,"href":"https:\/\/www.hydrachim.fr\/en\/wp-json\/wp\/v2\/product_brand?post=8828"},{"taxonomy":"product_type","embeddable":true,"href":"https:\/\/www.hydrachim.fr\/en\/wp-json\/wp\/v2\/product_type?post=8828"},{"taxonomy":"product_visibility","embeddable":true,"href":"https:\/\/www.hydrachim.fr\/en\/wp-json\/wp\/v2\/product_visibility?post=8828"},{"taxonomy":"product_cat","embeddable":true,"href":"https:\/\/www.hydrachim.fr\/en\/wp-json\/wp\/v2\/product_cat?post=8828"}],"curies":[{"name":"wp","href":"https:\/\/api.w.org\/{rel}","templated":true}]}}