{"id":8806,"date":"2021-03-23T17:13:27","date_gmt":"2021-03-23T15:13:27","guid":{"rendered":"https:\/\/www.hydrachim.fr\/?post_type=product&#038;p=8806"},"modified":"2025-12-12T10:34:08","modified_gmt":"2025-12-12T08:34:08","slug":"asp_circuit_001182303","status":"publish","type":"product","link":"https:\/\/www.hydrachim.fr\/en\/produit\/asp_circuit_001182303\/","title":{"rendered":"ASP CIRCUIT"},"content":{"rendered":"<p><strong>Nettoyant d\u00e9tartrant liquide non moussant est un d\u00e9tartrant acide d\u00e9velopp\u00e9 pour le nettoyage des circuits dans les industries agro-alimentaires. Sans EDTA, sans NTA, sans phosphate et sans azote.<\/strong><\/p>\n<p>L&#8217;ASP Circuit d\u00e9tartrant est un produit qui d\u00e9tartre les circuits ferm\u00e9s sur base acide m\u00e9thanesulfonique. Il n&#8217;apporte ni azote, ni phosphore, ni phosphate, ni EDTA, ni NTA dans les eaux de rejet (station de traitement des eaux). L&#8217;ASP Circuit d\u00e9tartrant est tr\u00e8s stable, m\u00eame \u00e0 forte temp\u00e9rature. Il ne mousse pas. L&#8217;ASP Circuit d\u00e9tartrant est moins corrosif que les d\u00e9tartrants plus communs. Il s&#8217;utilise en circuit, NEP et tunnel de lavage vaisselle.<\/p>\n<p><strong>Disponible en :<br \/>\n&#8211; Bidon de 20 Kg. R\u00e8f 001182303.<br \/>\n&#8211; Container de 1100 Kg. R\u00e8f 001182304.<\/strong><\/p>\n<p class=\"y-product y-product__product-subtitle\">Avantage :<\/p>\n<p>L&#8217;ASP Circuit d\u00e9tartrant a un fort pouvoir d\u00e9tartrant. Il est formul\u00e9 avec des acides plus respectueux de l&#8217;environnement.<\/p>\n<p>Retrouvez le mode d&#8217;emploi et le dosage du produit en t\u00e9l\u00e9chargeant sa Fiche Technique.<\/p>\n<p><em>Avant toute utilisation, lisez l&#8217;\u00e9tiquette et les informations concernant le produit.<\/em><\/p>\n","protected":false},"excerpt":{"rendered":"<p>Liquide acide non moussant pour circuit.<\/p>\n","protected":false},"featured_media":19024,"template":"","meta":[],"product_brand":[],"product_type":[2],"product_visibility":[],"product_cat":[4027,4155,4090],"class_list":{"0":"post-8806","1":"product","2":"type-product","3":"status-publish","4":"has-post-thumbnail","6":"product_cat-agro-alimentaire-industrie","7":"product_cat-marqueshydrachim-industrie","8":"product_cat-industriemulti-industrie","9":"product_tag-acide","10":"product_tag-agro-alimentaire","11":"product_tag-circuit","12":"product_tag-circuit-ferm","13":"product_tag-detartrant","14":"product_tag-liquide","15":"product_tag-tunnel-de-lavage","17":"first","18":"instock","19":"shipping-taxable","20":"product-type-simple"},"yoast_head":"<!-- This site is optimized with the Yoast SEO plugin v27.5 - https:\/\/yoast.com\/product\/yoast-seo-wordpress\/ -->\n<title>ASP CIRCUIT | Nettoyant d\u00e9tartrant liquide - Hydrachim<\/title>\n<meta name=\"description\" content=\"Nettoyant d\u00e9tartrant liquide non moussant est un d\u00e9tartrant acide d\u00e9velopp\u00e9 pour le nettoyage des circuits dans les industries agro-alimentaires...\" \/>\n<meta name=\"robots\" content=\"index, follow, max-snippet:-1, max-image-preview:large, max-video-preview:-1\" \/>\n<link rel=\"canonical\" href=\"https:\/\/www.hydrachim.fr\/en\/produit\/asp_circuit_001182303\/\" \/>\n<meta property=\"og:locale\" content=\"en_US\" \/>\n<meta property=\"og:type\" content=\"article\" \/>\n<meta property=\"og:title\" content=\"ASP CIRCUIT | Nettoyant d\u00e9tartrant liquide - Hydrachim\" \/>\n<meta property=\"og:description\" content=\"Nettoyant d\u00e9tartrant liquide non moussant est un d\u00e9tartrant acide d\u00e9velopp\u00e9 pour le nettoyage des circuits dans les industries agro-alimentaires...\" \/>\n<meta property=\"og:url\" content=\"https:\/\/www.hydrachim.fr\/en\/produit\/asp_circuit_001182303\/\" \/>\n<meta property=\"og:site_name\" content=\"Hydrachim\" \/>\n<meta property=\"article:modified_time\" content=\"2025-12-12T08:34:08+00:00\" \/>\n<meta property=\"og:image\" content=\"https:\/\/www.hydrachim.fr\/app\/uploads\/2024\/10\/ASP_Circuit___24KG___001182303_mercury.png\" \/>\n\t<meta property=\"og:image:width\" content=\"736\" \/>\n\t<meta property=\"og:image:height\" content=\"1059\" \/>\n\t<meta property=\"og:image:type\" content=\"image\/png\" \/>\n<meta name=\"twitter:card\" content=\"summary_large_image\" \/>\n<meta name=\"twitter:label1\" content=\"Est. reading time\" \/>\n\t<meta name=\"twitter:data1\" content=\"1 minute\" \/>\n<script type=\"application\/ld+json\" class=\"yoast-schema-graph\">{\"@context\":\"https:\\\/\\\/schema.org\",\"@graph\":[{\"@type\":\"WebPage\",\"@id\":\"https:\\\/\\\/www.hydrachim.fr\\\/en\\\/produit\\\/asp_circuit_001182303\\\/\",\"url\":\"https:\\\/\\\/www.hydrachim.fr\\\/en\\\/produit\\\/asp_circuit_001182303\\\/\",\"name\":\"ASP CIRCUIT | Nettoyant d\u00e9tartrant liquide - Hydrachim\",\"isPartOf\":{\"@id\":\"https:\\\/\\\/www.hydrachim.fr\\\/en\\\/#website\"},\"primaryImageOfPage\":{\"@id\":\"https:\\\/\\\/www.hydrachim.fr\\\/en\\\/produit\\\/asp_circuit_001182303\\\/#primaryimage\"},\"image\":{\"@id\":\"https:\\\/\\\/www.hydrachim.fr\\\/en\\\/produit\\\/asp_circuit_001182303\\\/#primaryimage\"},\"thumbnailUrl\":\"https:\\\/\\\/www.hydrachim.fr\\\/app\\\/uploads\\\/2024\\\/10\\\/ASP_Circuit___24KG___001182303_mercury.png\",\"datePublished\":\"2021-03-23T15:13:27+00:00\",\"dateModified\":\"2025-12-12T08:34:08+00:00\",\"description\":\"Nettoyant d\u00e9tartrant liquide non moussant est un d\u00e9tartrant acide d\u00e9velopp\u00e9 pour le nettoyage des circuits dans les industries agro-alimentaires...\",\"breadcrumb\":{\"@id\":\"https:\\\/\\\/www.hydrachim.fr\\\/en\\\/produit\\\/asp_circuit_001182303\\\/#breadcrumb\"},\"inLanguage\":\"en-US\",\"potentialAction\":[{\"@type\":\"ReadAction\",\"target\":[\"https:\\\/\\\/www.hydrachim.fr\\\/en\\\/produit\\\/asp_circuit_001182303\\\/\"]}]},{\"@type\":\"ImageObject\",\"inLanguage\":\"en-US\",\"@id\":\"https:\\\/\\\/www.hydrachim.fr\\\/en\\\/produit\\\/asp_circuit_001182303\\\/#primaryimage\",\"url\":\"https:\\\/\\\/www.hydrachim.fr\\\/app\\\/uploads\\\/2024\\\/10\\\/ASP_Circuit___24KG___001182303_mercury.png\",\"contentUrl\":\"https:\\\/\\\/www.hydrachim.fr\\\/app\\\/uploads\\\/2024\\\/10\\\/ASP_Circuit___24KG___001182303_mercury.png\",\"width\":736,\"height\":1059},{\"@type\":\"BreadcrumbList\",\"@id\":\"https:\\\/\\\/www.hydrachim.fr\\\/en\\\/produit\\\/asp_circuit_001182303\\\/#breadcrumb\",\"itemListElement\":[{\"@type\":\"ListItem\",\"position\":1,\"name\":\"Home\",\"item\":\"https:\\\/\\\/www.hydrachim.fr\\\/en\\\/\"},{\"@type\":\"ListItem\",\"position\":2,\"name\":\"Boutique\",\"item\":\"https:\\\/\\\/www.hydrachim.fr\\\/boutique\\\/\"},{\"@type\":\"ListItem\",\"position\":3,\"name\":\"ASP CIRCUIT\"}]},{\"@type\":\"WebSite\",\"@id\":\"https:\\\/\\\/www.hydrachim.fr\\\/en\\\/#website\",\"url\":\"https:\\\/\\\/www.hydrachim.fr\\\/en\\\/\",\"name\":\"Hydrachim\",\"description\":\"La science de l&#039;hygi\u00e8ne\",\"potentialAction\":[{\"@type\":\"SearchAction\",\"target\":{\"@type\":\"EntryPoint\",\"urlTemplate\":\"https:\\\/\\\/www.hydrachim.fr\\\/en\\\/?s={search_term_string}\"},\"query-input\":{\"@type\":\"PropertyValueSpecification\",\"valueRequired\":true,\"valueName\":\"search_term_string\"}}],\"inLanguage\":\"en-US\"}]}<\/script>\n<!-- \/ Yoast SEO plugin. -->","yoast_head_json":{"title":"ASP CIRCUIT | Nettoyant d\u00e9tartrant liquide - Hydrachim","description":"Nettoyant d\u00e9tartrant liquide non moussant est un d\u00e9tartrant acide d\u00e9velopp\u00e9 pour le nettoyage des circuits dans les industries agro-alimentaires...","robots":{"index":"index","follow":"follow","max-snippet":"max-snippet:-1","max-image-preview":"max-image-preview:large","max-video-preview":"max-video-preview:-1"},"canonical":"https:\/\/www.hydrachim.fr\/en\/produit\/asp_circuit_001182303\/","og_locale":"en_US","og_type":"article","og_title":"ASP CIRCUIT | Nettoyant d\u00e9tartrant liquide - Hydrachim","og_description":"Nettoyant d\u00e9tartrant liquide non moussant est un d\u00e9tartrant acide d\u00e9velopp\u00e9 pour le nettoyage des circuits dans les industries agro-alimentaires...","og_url":"https:\/\/www.hydrachim.fr\/en\/produit\/asp_circuit_001182303\/","og_site_name":"Hydrachim","article_modified_time":"2025-12-12T08:34:08+00:00","og_image":[{"width":736,"height":1059,"url":"https:\/\/www.hydrachim.fr\/app\/uploads\/2024\/10\/ASP_Circuit___24KG___001182303_mercury.png","type":"image\/png"}],"twitter_card":"summary_large_image","twitter_misc":{"Est. reading time":"1 minute"},"schema":{"@context":"https:\/\/schema.org","@graph":[{"@type":"WebPage","@id":"https:\/\/www.hydrachim.fr\/en\/produit\/asp_circuit_001182303\/","url":"https:\/\/www.hydrachim.fr\/en\/produit\/asp_circuit_001182303\/","name":"ASP CIRCUIT | Nettoyant d\u00e9tartrant liquide - Hydrachim","isPartOf":{"@id":"https:\/\/www.hydrachim.fr\/en\/#website"},"primaryImageOfPage":{"@id":"https:\/\/www.hydrachim.fr\/en\/produit\/asp_circuit_001182303\/#primaryimage"},"image":{"@id":"https:\/\/www.hydrachim.fr\/en\/produit\/asp_circuit_001182303\/#primaryimage"},"thumbnailUrl":"https:\/\/www.hydrachim.fr\/app\/uploads\/2024\/10\/ASP_Circuit___24KG___001182303_mercury.png","datePublished":"2021-03-23T15:13:27+00:00","dateModified":"2025-12-12T08:34:08+00:00","description":"Nettoyant d\u00e9tartrant liquide non moussant est un d\u00e9tartrant acide d\u00e9velopp\u00e9 pour le nettoyage des circuits dans les industries agro-alimentaires...","breadcrumb":{"@id":"https:\/\/www.hydrachim.fr\/en\/produit\/asp_circuit_001182303\/#breadcrumb"},"inLanguage":"en-US","potentialAction":[{"@type":"ReadAction","target":["https:\/\/www.hydrachim.fr\/en\/produit\/asp_circuit_001182303\/"]}]},{"@type":"ImageObject","inLanguage":"en-US","@id":"https:\/\/www.hydrachim.fr\/en\/produit\/asp_circuit_001182303\/#primaryimage","url":"https:\/\/www.hydrachim.fr\/app\/uploads\/2024\/10\/ASP_Circuit___24KG___001182303_mercury.png","contentUrl":"https:\/\/www.hydrachim.fr\/app\/uploads\/2024\/10\/ASP_Circuit___24KG___001182303_mercury.png","width":736,"height":1059},{"@type":"BreadcrumbList","@id":"https:\/\/www.hydrachim.fr\/en\/produit\/asp_circuit_001182303\/#breadcrumb","itemListElement":[{"@type":"ListItem","position":1,"name":"Home","item":"https:\/\/www.hydrachim.fr\/en\/"},{"@type":"ListItem","position":2,"name":"Boutique","item":"https:\/\/www.hydrachim.fr\/boutique\/"},{"@type":"ListItem","position":3,"name":"ASP CIRCUIT"}]},{"@type":"WebSite","@id":"https:\/\/www.hydrachim.fr\/en\/#website","url":"https:\/\/www.hydrachim.fr\/en\/","name":"Hydrachim","description":"La science de l&#039;hygi\u00e8ne","potentialAction":[{"@type":"SearchAction","target":{"@type":"EntryPoint","urlTemplate":"https:\/\/www.hydrachim.fr\/en\/?s={search_term_string}"},"query-input":{"@type":"PropertyValueSpecification","valueRequired":true,"valueName":"search_term_string"}}],"inLanguage":"en-US"}]}},"acf":{"fiche_methode":"","fiche_technique":"https:\/\/www.hydrachim.fr\/app\/uploads\/2025\/12\/FT_1823_ASP_CIRCUIT.pdf"},"_links":{"self":[{"href":"https:\/\/www.hydrachim.fr\/en\/wp-json\/wp\/v2\/product\/8806","targetHints":{"allow":["GET"]}}],"collection":[{"href":"https:\/\/www.hydrachim.fr\/en\/wp-json\/wp\/v2\/product"}],"about":[{"href":"https:\/\/www.hydrachim.fr\/en\/wp-json\/wp\/v2\/types\/product"}],"wp:featuredmedia":[{"embeddable":true,"href":"https:\/\/www.hydrachim.fr\/en\/wp-json\/wp\/v2\/media\/19024"}],"wp:attachment":[{"href":"https:\/\/www.hydrachim.fr\/en\/wp-json\/wp\/v2\/media?parent=8806"}],"wp:term":[{"taxonomy":"product_brand","embeddable":true,"href":"https:\/\/www.hydrachim.fr\/en\/wp-json\/wp\/v2\/product_brand?post=8806"},{"taxonomy":"product_type","embeddable":true,"href":"https:\/\/www.hydrachim.fr\/en\/wp-json\/wp\/v2\/product_type?post=8806"},{"taxonomy":"product_visibility","embeddable":true,"href":"https:\/\/www.hydrachim.fr\/en\/wp-json\/wp\/v2\/product_visibility?post=8806"},{"taxonomy":"product_cat","embeddable":true,"href":"https:\/\/www.hydrachim.fr\/en\/wp-json\/wp\/v2\/product_cat?post=8806"}],"curies":[{"name":"wp","href":"https:\/\/api.w.org\/{rel}","templated":true}]}}