{"id":8331,"date":"2021-02-22T09:18:43","date_gmt":"2021-02-22T07:18:43","guid":{"rendered":"https:\/\/www.hydrachim.fr\/?post_type=product&#038;p=8331"},"modified":"2026-03-11T16:13:30","modified_gmt":"2026-03-11T14:13:30","slug":"eli_amande_002223601","status":"publish","type":"product","link":"https:\/\/www.hydrachim.fr\/en\/produit\/eli_amande_002223601\/","title":{"rendered":"Eli amande"},"content":{"rendered":"<p><strong>Eli amande permet une d\u00e9sinfection hygi\u00e9nique des mains en l&#8217;absence de point d&#8217;eau. Il est sans colorant avec un doux parfum d&#8217;amande.<br \/>\nEfficace sur Coronavirus*.<\/strong><\/p>\n<p>Eli amande est un produit qui d\u00e9sinfecte les mains par friction. Il est utilisable pour la d\u00e9sinfection des mains dans tous les domaines d\u2019activit\u00e9.<br \/>\n\u2013 *Virucide sur MVA (Modified Vacciniarus Ankara), Ad\u00e9novirus, Murine norovirus, Coronavirus et incluant l&#8217;activit\u00e9 contre les virus envelopp\u00e9s comme Influenza virus (H1N1 Grippe A, H5N1 Grippe aviaire), h\u00e9patite B et C, HIV, virus Herp\u00e8s simplex selon la norme EN14476 +A2 (2019), (30 sec. 20\u00b0C en conditions de propret\u00e9). \u00ab **Virucide spectre limit\u00e9 \u00bb.<br \/>\n\u2013 Bact\u00e9ricide EN 13727 (30 sec. 20\u00b0C) et EN 1500 (d\u00e9sinfection des mains par friction en 30 sec.).<br \/>\n\u2013 Levuricide EN 13624 (30 sec. 20\u00b0C).<br \/>\n\u2013 Fongicide EN 13624 (60 sec. 20\u00b0C).<br \/>\n\u2013 Mycobact\u00e9ricide EN 14348 (30 sec. 20\u00b0C).<br \/>\nNormes en conditions de salet\u00e9.<\/p>\n<p><strong>Disponible en :<br \/>\n&#8211; Carton de 6 x 500ml avec pompe. R\u00e9f. 002223601<br \/>\n&#8211; Carton de 4 x 5L. R\u00e9f. 002223602<\/strong><\/p>\n<p class=\"y-product y-product__product-subtitle\">Avantage :<\/p>\n<p>Un agr\u00e9able parfum amande.<br \/>\nSans colorant.<\/p>\n<p>Retrouvez le mode d\u2019emploi et le dosage du produit en t\u00e9l\u00e9chargeant, ci-dessous, sa Fiche Technique et\/ou sa Fiche M\u00e9thode.<\/p>\n<p><em>Avant toute utilisation, lisez l\u2019\u00e9tiquette et les informations concernant le produit.<br \/>\nUtilisez les biocides avec pr\u00e9caution. Avant toute utilisation, lisez l&#8217;\u00e9tiquette et les informations concernant le produit.<\/p>\n<p>TP1 : Produits biocides destin\u00e9s \u00e0 l\u2019hygi\u00e8ne humaine<\/p>\n<p>Mati\u00e8re active : Alcool \u00e9thylique (N\u00b0CAS : 64-17-5) \u00e0 751,20 g\/Kg.<br \/>\n<\/em><\/p>\n","protected":false},"excerpt":{"rendered":"<p>Gel hydroalcoolique au parfum amande.<br \/>\nEFFICACE SUR CORONAVIRUS. + de 75% d&#8217;alcool.<\/p>\n","protected":false},"featured_media":30562,"template":"","meta":[],"product_brand":[],"product_type":[2],"product_visibility":[],"product_cat":[4237,4140,4174,4111,4137,4143,4295],"class_list":{"0":"post-8331","1":"product","2":"type-product","3":"status-publish","4":"has-post-thumbnail","6":"product_cat-produits-produitsdsinfectioncoronavirus","7":"product_cat-produits-produitsmains-corpsdesinfectants-pour-les-mains","8":"product_cat-nouveautesdesinfection","9":"product_cat-produitsdesinfection","10":"product_cat-produitsmains-corps","11":"product_cat-nouveautes","12":"product_cat-marquessimplement","13":"product_tag-de-75-dalcool","14":"product_tag-amande","15":"product_tag-desinfectant","16":"product_tag-gel","17":"product_tag-mains","18":"product_tag-tp1","19":"product_tag-virucide","21":"first","22":"instock","23":"shipping-taxable","24":"product-type-simple"},"yoast_head":"<!-- This site is optimized with the Yoast SEO plugin v27.6 - https:\/\/yoast.com\/product\/yoast-seo-wordpress\/ -->\n<title>Gel hydroalcoolique - Eli Amande, au parfum amande - Hydrachim<\/title>\n<meta name=\"description\" content=\"Eli coco est un gel hydroalcoolique sans colorant au doux parfum d&quot;amande. Efficace sur Coronavirus. Utilisable dans tous les domaines d\u2019activit\u00e9.\" \/>\n<meta name=\"robots\" content=\"index, follow, max-snippet:-1, max-image-preview:large, max-video-preview:-1\" \/>\n<link rel=\"canonical\" href=\"https:\/\/www.hydrachim.fr\/en\/produit\/eli_amande_002223601\/\" \/>\n<meta property=\"og:locale\" content=\"en_US\" \/>\n<meta property=\"og:type\" content=\"article\" \/>\n<meta property=\"og:title\" content=\"Gel hydroalcoolique - Eli Amande, au parfum amande - Hydrachim\" \/>\n<meta property=\"og:description\" content=\"Eli coco est un gel hydroalcoolique sans colorant au doux parfum d&quot;amande. Efficace sur Coronavirus. Utilisable dans tous les domaines d\u2019activit\u00e9.\" \/>\n<meta property=\"og:url\" content=\"https:\/\/www.hydrachim.fr\/en\/produit\/eli_amande_002223601\/\" \/>\n<meta property=\"og:site_name\" content=\"Hydrachim\" \/>\n<meta property=\"article:modified_time\" content=\"2026-03-11T14:13:30+00:00\" \/>\n<meta property=\"og:image\" content=\"https:\/\/www.hydrachim.fr\/app\/uploads\/2026\/03\/SIMPLEMENT___2236___ELI_AMANDE___500ML.png\" \/>\n\t<meta property=\"og:image:width\" content=\"600\" \/>\n\t<meta property=\"og:image:height\" content=\"1000\" \/>\n\t<meta property=\"og:image:type\" content=\"image\/png\" \/>\n<meta name=\"twitter:card\" content=\"summary_large_image\" \/>\n<meta name=\"twitter:label1\" content=\"Est. reading time\" \/>\n\t<meta name=\"twitter:data1\" content=\"1 minute\" \/>\n<script type=\"application\/ld+json\" class=\"yoast-schema-graph\">{\"@context\":\"https:\\\/\\\/schema.org\",\"@graph\":[{\"@type\":\"WebPage\",\"@id\":\"https:\\\/\\\/www.hydrachim.fr\\\/en\\\/produit\\\/eli_amande_002223601\\\/\",\"url\":\"https:\\\/\\\/www.hydrachim.fr\\\/en\\\/produit\\\/eli_amande_002223601\\\/\",\"name\":\"Gel hydroalcoolique - Eli Amande, au parfum amande - Hydrachim\",\"isPartOf\":{\"@id\":\"https:\\\/\\\/www.hydrachim.fr\\\/en\\\/#website\"},\"primaryImageOfPage\":{\"@id\":\"https:\\\/\\\/www.hydrachim.fr\\\/en\\\/produit\\\/eli_amande_002223601\\\/#primaryimage\"},\"image\":{\"@id\":\"https:\\\/\\\/www.hydrachim.fr\\\/en\\\/produit\\\/eli_amande_002223601\\\/#primaryimage\"},\"thumbnailUrl\":\"https:\\\/\\\/www.hydrachim.fr\\\/app\\\/uploads\\\/2026\\\/03\\\/SIMPLEMENT___2236___ELI_AMANDE___500ML.png\",\"datePublished\":\"2021-02-22T07:18:43+00:00\",\"dateModified\":\"2026-03-11T14:13:30+00:00\",\"description\":\"Eli coco est un gel hydroalcoolique sans colorant au doux parfum d\\\"amande. Efficace sur Coronavirus. Utilisable dans tous les domaines d\u2019activit\u00e9.\",\"breadcrumb\":{\"@id\":\"https:\\\/\\\/www.hydrachim.fr\\\/en\\\/produit\\\/eli_amande_002223601\\\/#breadcrumb\"},\"inLanguage\":\"en-US\",\"potentialAction\":[{\"@type\":\"ReadAction\",\"target\":[\"https:\\\/\\\/www.hydrachim.fr\\\/en\\\/produit\\\/eli_amande_002223601\\\/\"]}]},{\"@type\":\"ImageObject\",\"inLanguage\":\"en-US\",\"@id\":\"https:\\\/\\\/www.hydrachim.fr\\\/en\\\/produit\\\/eli_amande_002223601\\\/#primaryimage\",\"url\":\"https:\\\/\\\/www.hydrachim.fr\\\/app\\\/uploads\\\/2026\\\/03\\\/SIMPLEMENT___2236___ELI_AMANDE___500ML.png\",\"contentUrl\":\"https:\\\/\\\/www.hydrachim.fr\\\/app\\\/uploads\\\/2026\\\/03\\\/SIMPLEMENT___2236___ELI_AMANDE___500ML.png\",\"width\":600,\"height\":1000},{\"@type\":\"BreadcrumbList\",\"@id\":\"https:\\\/\\\/www.hydrachim.fr\\\/en\\\/produit\\\/eli_amande_002223601\\\/#breadcrumb\",\"itemListElement\":[{\"@type\":\"ListItem\",\"position\":1,\"name\":\"Home\",\"item\":\"https:\\\/\\\/www.hydrachim.fr\\\/en\\\/\"},{\"@type\":\"ListItem\",\"position\":2,\"name\":\"Boutique\",\"item\":\"https:\\\/\\\/www.hydrachim.fr\\\/boutique\\\/\"},{\"@type\":\"ListItem\",\"position\":3,\"name\":\"Eli amande\"}]},{\"@type\":\"WebSite\",\"@id\":\"https:\\\/\\\/www.hydrachim.fr\\\/en\\\/#website\",\"url\":\"https:\\\/\\\/www.hydrachim.fr\\\/en\\\/\",\"name\":\"Hydrachim\",\"description\":\"La science de l&#039;hygi\u00e8ne\",\"potentialAction\":[{\"@type\":\"SearchAction\",\"target\":{\"@type\":\"EntryPoint\",\"urlTemplate\":\"https:\\\/\\\/www.hydrachim.fr\\\/en\\\/?s={search_term_string}\"},\"query-input\":{\"@type\":\"PropertyValueSpecification\",\"valueRequired\":true,\"valueName\":\"search_term_string\"}}],\"inLanguage\":\"en-US\"}]}<\/script>\n<!-- \/ Yoast SEO plugin. -->","yoast_head_json":{"title":"Gel hydroalcoolique - Eli Amande, au parfum amande - Hydrachim","description":"Eli coco est un gel hydroalcoolique sans colorant au doux parfum d\"amande. Efficace sur Coronavirus. Utilisable dans tous les domaines d\u2019activit\u00e9.","robots":{"index":"index","follow":"follow","max-snippet":"max-snippet:-1","max-image-preview":"max-image-preview:large","max-video-preview":"max-video-preview:-1"},"canonical":"https:\/\/www.hydrachim.fr\/en\/produit\/eli_amande_002223601\/","og_locale":"en_US","og_type":"article","og_title":"Gel hydroalcoolique - Eli Amande, au parfum amande - Hydrachim","og_description":"Eli coco est un gel hydroalcoolique sans colorant au doux parfum d\"amande. Efficace sur Coronavirus. Utilisable dans tous les domaines d\u2019activit\u00e9.","og_url":"https:\/\/www.hydrachim.fr\/en\/produit\/eli_amande_002223601\/","og_site_name":"Hydrachim","article_modified_time":"2026-03-11T14:13:30+00:00","og_image":[{"width":600,"height":1000,"url":"https:\/\/www.hydrachim.fr\/app\/uploads\/2026\/03\/SIMPLEMENT___2236___ELI_AMANDE___500ML.png","type":"image\/png"}],"twitter_card":"summary_large_image","twitter_misc":{"Est. reading time":"1 minute"},"schema":{"@context":"https:\/\/schema.org","@graph":[{"@type":"WebPage","@id":"https:\/\/www.hydrachim.fr\/en\/produit\/eli_amande_002223601\/","url":"https:\/\/www.hydrachim.fr\/en\/produit\/eli_amande_002223601\/","name":"Gel hydroalcoolique - Eli Amande, au parfum amande - Hydrachim","isPartOf":{"@id":"https:\/\/www.hydrachim.fr\/en\/#website"},"primaryImageOfPage":{"@id":"https:\/\/www.hydrachim.fr\/en\/produit\/eli_amande_002223601\/#primaryimage"},"image":{"@id":"https:\/\/www.hydrachim.fr\/en\/produit\/eli_amande_002223601\/#primaryimage"},"thumbnailUrl":"https:\/\/www.hydrachim.fr\/app\/uploads\/2026\/03\/SIMPLEMENT___2236___ELI_AMANDE___500ML.png","datePublished":"2021-02-22T07:18:43+00:00","dateModified":"2026-03-11T14:13:30+00:00","description":"Eli coco est un gel hydroalcoolique sans colorant au doux parfum d\"amande. Efficace sur Coronavirus. Utilisable dans tous les domaines d\u2019activit\u00e9.","breadcrumb":{"@id":"https:\/\/www.hydrachim.fr\/en\/produit\/eli_amande_002223601\/#breadcrumb"},"inLanguage":"en-US","potentialAction":[{"@type":"ReadAction","target":["https:\/\/www.hydrachim.fr\/en\/produit\/eli_amande_002223601\/"]}]},{"@type":"ImageObject","inLanguage":"en-US","@id":"https:\/\/www.hydrachim.fr\/en\/produit\/eli_amande_002223601\/#primaryimage","url":"https:\/\/www.hydrachim.fr\/app\/uploads\/2026\/03\/SIMPLEMENT___2236___ELI_AMANDE___500ML.png","contentUrl":"https:\/\/www.hydrachim.fr\/app\/uploads\/2026\/03\/SIMPLEMENT___2236___ELI_AMANDE___500ML.png","width":600,"height":1000},{"@type":"BreadcrumbList","@id":"https:\/\/www.hydrachim.fr\/en\/produit\/eli_amande_002223601\/#breadcrumb","itemListElement":[{"@type":"ListItem","position":1,"name":"Home","item":"https:\/\/www.hydrachim.fr\/en\/"},{"@type":"ListItem","position":2,"name":"Boutique","item":"https:\/\/www.hydrachim.fr\/boutique\/"},{"@type":"ListItem","position":3,"name":"Eli amande"}]},{"@type":"WebSite","@id":"https:\/\/www.hydrachim.fr\/en\/#website","url":"https:\/\/www.hydrachim.fr\/en\/","name":"Hydrachim","description":"La science de l&#039;hygi\u00e8ne","potentialAction":[{"@type":"SearchAction","target":{"@type":"EntryPoint","urlTemplate":"https:\/\/www.hydrachim.fr\/en\/?s={search_term_string}"},"query-input":{"@type":"PropertyValueSpecification","valueRequired":true,"valueName":"search_term_string"}}],"inLanguage":"en-US"}]}},"acf":{"fiche_methode":"","fiche_technique":"https:\/\/www.hydrachim.fr\/app\/uploads\/2023\/10\/FT_SIMPLEMENT___2236___ELI_AMANDE.pdf"},"_links":{"self":[{"href":"https:\/\/www.hydrachim.fr\/en\/wp-json\/wp\/v2\/product\/8331","targetHints":{"allow":["GET"]}}],"collection":[{"href":"https:\/\/www.hydrachim.fr\/en\/wp-json\/wp\/v2\/product"}],"about":[{"href":"https:\/\/www.hydrachim.fr\/en\/wp-json\/wp\/v2\/types\/product"}],"wp:featuredmedia":[{"embeddable":true,"href":"https:\/\/www.hydrachim.fr\/en\/wp-json\/wp\/v2\/media\/30562"}],"wp:attachment":[{"href":"https:\/\/www.hydrachim.fr\/en\/wp-json\/wp\/v2\/media?parent=8331"}],"wp:term":[{"taxonomy":"product_brand","embeddable":true,"href":"https:\/\/www.hydrachim.fr\/en\/wp-json\/wp\/v2\/product_brand?post=8331"},{"taxonomy":"product_type","embeddable":true,"href":"https:\/\/www.hydrachim.fr\/en\/wp-json\/wp\/v2\/product_type?post=8331"},{"taxonomy":"product_visibility","embeddable":true,"href":"https:\/\/www.hydrachim.fr\/en\/wp-json\/wp\/v2\/product_visibility?post=8331"},{"taxonomy":"product_cat","embeddable":true,"href":"https:\/\/www.hydrachim.fr\/en\/wp-json\/wp\/v2\/product_cat?post=8331"}],"curies":[{"name":"wp","href":"https:\/\/api.w.org\/{rel}","templated":true}]}}