{"id":8328,"date":"2021-02-19T17:07:38","date_gmt":"2021-02-19T15:07:38","guid":{"rendered":"https:\/\/www.hydrachim.fr\/?post_type=product&#038;p=8328"},"modified":"2026-03-11T15:57:44","modified_gmt":"2026-03-11T13:57:44","slug":"plume_des_vents_002618001","status":"publish","type":"product","link":"https:\/\/www.hydrachim.fr\/en\/produit\/plume_des_vents_002618001\/","title":{"rendered":"Plume des vents"},"content":{"rendered":"<p><strong>Plume des vents est une cr\u00e8me lavante douce pour le lavage des mains.<\/strong><\/p>\n<p>Plume des vents est une cr\u00e8me con\u00e7ue pour un nettoyage fr\u00e9quent des mains.<br \/>\npH neutre.<\/p>\n<p><strong>Disponible en :<br \/>\n&#8211; Carton de 4 x 5L. R\u00e9f. 002618001<\/strong><\/p>\n<p>Le choix du parfum de Plume des vents contribue \u00e0 en faire un produit agr\u00e9able.<\/p>\n<p>Retrouvez le mode d\u2019emploi et le dosage du produit en t\u00e9l\u00e9chargeant, ci-dessous, sa Fiche Technique.<\/p>\n<p><em>Avant toute utilisation, lisez l\u2019\u00e9tiquette et les informations concernant le produit.<\/p>\n<p>Ingr\u00e9dients : AQUA, SODIUM LAURETH SULFATE, SODIUM CHLORIDE, PARFUM, CITRIC ACID, METHYLCHLOROISOTHIAZOLINONE, METHYLISOTHIAZOLINONE, CI 42051, LINALOOL, LINALYL ACETATE, SODIUM HYDROXIDE.<\/em><\/p>\n","protected":false},"excerpt":{"rendered":"<p>Cr\u00e8me lavante pour les mains au parfum lavande.<\/p>\n","protected":false},"featured_media":30558,"template":"","meta":[],"product_brand":[],"product_type":[2],"product_visibility":[],"product_cat":[4138,4137,4295],"class_list":{"0":"post-8328","1":"product","2":"type-product","3":"status-publish","4":"has-post-thumbnail","6":"product_cat-produits-produitsmains-corpscremes-lavantes-pour-les-mains","7":"product_cat-produitsmains-corps","8":"product_cat-marquessimplement","9":"product_tag-creme","10":"product_tag-lavage","11":"product_tag-lavande","12":"product_tag-mains","14":"first","15":"instock","16":"shipping-taxable","17":"product-type-simple"},"yoast_head":"<!-- This site is optimized with the Yoast SEO plugin v27.6 - https:\/\/yoast.com\/product\/yoast-seo-wordpress\/ -->\n<title>Plume des vents - Cr\u00e8me nacr\u00e9e pour le lavage des mains - Hydrachim<\/title>\n<meta name=\"description\" content=\"Plume des vents est une cr\u00e8me nacr\u00e9e douce d\u00e9velopp\u00e9 et con\u00e7ue pour un nettoyage fr\u00e9quent des mains au parfum tr\u00e8s agr\u00e9able.\" \/>\n<meta name=\"robots\" content=\"index, follow, max-snippet:-1, max-image-preview:large, max-video-preview:-1\" \/>\n<link rel=\"canonical\" href=\"https:\/\/www.hydrachim.fr\/en\/produit\/plume_des_vents_002618001\/\" \/>\n<meta property=\"og:locale\" content=\"en_US\" \/>\n<meta property=\"og:type\" content=\"article\" \/>\n<meta property=\"og:title\" content=\"Plume des vents - Cr\u00e8me nacr\u00e9e pour le lavage des mains - Hydrachim\" \/>\n<meta property=\"og:description\" content=\"Plume des vents est une cr\u00e8me nacr\u00e9e douce d\u00e9velopp\u00e9 et con\u00e7ue pour un nettoyage fr\u00e9quent des mains au parfum tr\u00e8s agr\u00e9able.\" \/>\n<meta property=\"og:url\" content=\"https:\/\/www.hydrachim.fr\/en\/produit\/plume_des_vents_002618001\/\" \/>\n<meta property=\"og:site_name\" content=\"Hydrachim\" \/>\n<meta property=\"article:modified_time\" content=\"2026-03-11T13:57:44+00:00\" \/>\n<meta property=\"og:image\" content=\"https:\/\/www.hydrachim.fr\/app\/uploads\/2026\/03\/SIMPLEMENT___6180___PLUME_DES_VENTS___5L_STYLE.png\" \/>\n\t<meta property=\"og:image:width\" content=\"600\" \/>\n\t<meta property=\"og:image:height\" content=\"800\" \/>\n\t<meta property=\"og:image:type\" content=\"image\/png\" \/>\n<meta name=\"twitter:card\" content=\"summary_large_image\" \/>\n<meta name=\"twitter:label1\" content=\"Est. reading time\" \/>\n\t<meta name=\"twitter:data1\" content=\"1 minute\" \/>\n<script type=\"application\/ld+json\" class=\"yoast-schema-graph\">{\"@context\":\"https:\\\/\\\/schema.org\",\"@graph\":[{\"@type\":\"WebPage\",\"@id\":\"https:\\\/\\\/www.hydrachim.fr\\\/en\\\/produit\\\/plume_des_vents_002618001\\\/\",\"url\":\"https:\\\/\\\/www.hydrachim.fr\\\/en\\\/produit\\\/plume_des_vents_002618001\\\/\",\"name\":\"Plume des vents - Cr\u00e8me nacr\u00e9e pour le lavage des mains - Hydrachim\",\"isPartOf\":{\"@id\":\"https:\\\/\\\/www.hydrachim.fr\\\/en\\\/#website\"},\"primaryImageOfPage\":{\"@id\":\"https:\\\/\\\/www.hydrachim.fr\\\/en\\\/produit\\\/plume_des_vents_002618001\\\/#primaryimage\"},\"image\":{\"@id\":\"https:\\\/\\\/www.hydrachim.fr\\\/en\\\/produit\\\/plume_des_vents_002618001\\\/#primaryimage\"},\"thumbnailUrl\":\"https:\\\/\\\/www.hydrachim.fr\\\/app\\\/uploads\\\/2026\\\/03\\\/SIMPLEMENT___6180___PLUME_DES_VENTS___5L_STYLE.png\",\"datePublished\":\"2021-02-19T15:07:38+00:00\",\"dateModified\":\"2026-03-11T13:57:44+00:00\",\"description\":\"Plume des vents est une cr\u00e8me nacr\u00e9e douce d\u00e9velopp\u00e9 et con\u00e7ue pour un nettoyage fr\u00e9quent des mains au parfum tr\u00e8s agr\u00e9able.\",\"breadcrumb\":{\"@id\":\"https:\\\/\\\/www.hydrachim.fr\\\/en\\\/produit\\\/plume_des_vents_002618001\\\/#breadcrumb\"},\"inLanguage\":\"en-US\",\"potentialAction\":[{\"@type\":\"ReadAction\",\"target\":[\"https:\\\/\\\/www.hydrachim.fr\\\/en\\\/produit\\\/plume_des_vents_002618001\\\/\"]}]},{\"@type\":\"ImageObject\",\"inLanguage\":\"en-US\",\"@id\":\"https:\\\/\\\/www.hydrachim.fr\\\/en\\\/produit\\\/plume_des_vents_002618001\\\/#primaryimage\",\"url\":\"https:\\\/\\\/www.hydrachim.fr\\\/app\\\/uploads\\\/2026\\\/03\\\/SIMPLEMENT___6180___PLUME_DES_VENTS___5L_STYLE.png\",\"contentUrl\":\"https:\\\/\\\/www.hydrachim.fr\\\/app\\\/uploads\\\/2026\\\/03\\\/SIMPLEMENT___6180___PLUME_DES_VENTS___5L_STYLE.png\",\"width\":600,\"height\":800},{\"@type\":\"BreadcrumbList\",\"@id\":\"https:\\\/\\\/www.hydrachim.fr\\\/en\\\/produit\\\/plume_des_vents_002618001\\\/#breadcrumb\",\"itemListElement\":[{\"@type\":\"ListItem\",\"position\":1,\"name\":\"Home\",\"item\":\"https:\\\/\\\/www.hydrachim.fr\\\/en\\\/\"},{\"@type\":\"ListItem\",\"position\":2,\"name\":\"Boutique\",\"item\":\"https:\\\/\\\/www.hydrachim.fr\\\/boutique\\\/\"},{\"@type\":\"ListItem\",\"position\":3,\"name\":\"Plume des vents\"}]},{\"@type\":\"WebSite\",\"@id\":\"https:\\\/\\\/www.hydrachim.fr\\\/en\\\/#website\",\"url\":\"https:\\\/\\\/www.hydrachim.fr\\\/en\\\/\",\"name\":\"Hydrachim\",\"description\":\"La science de l&#039;hygi\u00e8ne\",\"potentialAction\":[{\"@type\":\"SearchAction\",\"target\":{\"@type\":\"EntryPoint\",\"urlTemplate\":\"https:\\\/\\\/www.hydrachim.fr\\\/en\\\/?s={search_term_string}\"},\"query-input\":{\"@type\":\"PropertyValueSpecification\",\"valueRequired\":true,\"valueName\":\"search_term_string\"}}],\"inLanguage\":\"en-US\"}]}<\/script>\n<!-- \/ Yoast SEO plugin. -->","yoast_head_json":{"title":"Plume des vents - Cr\u00e8me nacr\u00e9e pour le lavage des mains - Hydrachim","description":"Plume des vents est une cr\u00e8me nacr\u00e9e douce d\u00e9velopp\u00e9 et con\u00e7ue pour un nettoyage fr\u00e9quent des mains au parfum tr\u00e8s agr\u00e9able.","robots":{"index":"index","follow":"follow","max-snippet":"max-snippet:-1","max-image-preview":"max-image-preview:large","max-video-preview":"max-video-preview:-1"},"canonical":"https:\/\/www.hydrachim.fr\/en\/produit\/plume_des_vents_002618001\/","og_locale":"en_US","og_type":"article","og_title":"Plume des vents - Cr\u00e8me nacr\u00e9e pour le lavage des mains - Hydrachim","og_description":"Plume des vents est une cr\u00e8me nacr\u00e9e douce d\u00e9velopp\u00e9 et con\u00e7ue pour un nettoyage fr\u00e9quent des mains au parfum tr\u00e8s agr\u00e9able.","og_url":"https:\/\/www.hydrachim.fr\/en\/produit\/plume_des_vents_002618001\/","og_site_name":"Hydrachim","article_modified_time":"2026-03-11T13:57:44+00:00","og_image":[{"width":600,"height":800,"url":"https:\/\/www.hydrachim.fr\/app\/uploads\/2026\/03\/SIMPLEMENT___6180___PLUME_DES_VENTS___5L_STYLE.png","type":"image\/png"}],"twitter_card":"summary_large_image","twitter_misc":{"Est. reading time":"1 minute"},"schema":{"@context":"https:\/\/schema.org","@graph":[{"@type":"WebPage","@id":"https:\/\/www.hydrachim.fr\/en\/produit\/plume_des_vents_002618001\/","url":"https:\/\/www.hydrachim.fr\/en\/produit\/plume_des_vents_002618001\/","name":"Plume des vents - Cr\u00e8me nacr\u00e9e pour le lavage des mains - Hydrachim","isPartOf":{"@id":"https:\/\/www.hydrachim.fr\/en\/#website"},"primaryImageOfPage":{"@id":"https:\/\/www.hydrachim.fr\/en\/produit\/plume_des_vents_002618001\/#primaryimage"},"image":{"@id":"https:\/\/www.hydrachim.fr\/en\/produit\/plume_des_vents_002618001\/#primaryimage"},"thumbnailUrl":"https:\/\/www.hydrachim.fr\/app\/uploads\/2026\/03\/SIMPLEMENT___6180___PLUME_DES_VENTS___5L_STYLE.png","datePublished":"2021-02-19T15:07:38+00:00","dateModified":"2026-03-11T13:57:44+00:00","description":"Plume des vents est une cr\u00e8me nacr\u00e9e douce d\u00e9velopp\u00e9 et con\u00e7ue pour un nettoyage fr\u00e9quent des mains au parfum tr\u00e8s agr\u00e9able.","breadcrumb":{"@id":"https:\/\/www.hydrachim.fr\/en\/produit\/plume_des_vents_002618001\/#breadcrumb"},"inLanguage":"en-US","potentialAction":[{"@type":"ReadAction","target":["https:\/\/www.hydrachim.fr\/en\/produit\/plume_des_vents_002618001\/"]}]},{"@type":"ImageObject","inLanguage":"en-US","@id":"https:\/\/www.hydrachim.fr\/en\/produit\/plume_des_vents_002618001\/#primaryimage","url":"https:\/\/www.hydrachim.fr\/app\/uploads\/2026\/03\/SIMPLEMENT___6180___PLUME_DES_VENTS___5L_STYLE.png","contentUrl":"https:\/\/www.hydrachim.fr\/app\/uploads\/2026\/03\/SIMPLEMENT___6180___PLUME_DES_VENTS___5L_STYLE.png","width":600,"height":800},{"@type":"BreadcrumbList","@id":"https:\/\/www.hydrachim.fr\/en\/produit\/plume_des_vents_002618001\/#breadcrumb","itemListElement":[{"@type":"ListItem","position":1,"name":"Home","item":"https:\/\/www.hydrachim.fr\/en\/"},{"@type":"ListItem","position":2,"name":"Boutique","item":"https:\/\/www.hydrachim.fr\/boutique\/"},{"@type":"ListItem","position":3,"name":"Plume des vents"}]},{"@type":"WebSite","@id":"https:\/\/www.hydrachim.fr\/en\/#website","url":"https:\/\/www.hydrachim.fr\/en\/","name":"Hydrachim","description":"La science de l&#039;hygi\u00e8ne","potentialAction":[{"@type":"SearchAction","target":{"@type":"EntryPoint","urlTemplate":"https:\/\/www.hydrachim.fr\/en\/?s={search_term_string}"},"query-input":{"@type":"PropertyValueSpecification","valueRequired":true,"valueName":"search_term_string"}}],"inLanguage":"en-US"}]}},"acf":{"fiche_methode":"","fiche_technique":"https:\/\/www.hydrachim.fr\/app\/uploads\/2026\/03\/FT_SIMPLEMENT___6180___PLUME_DES_VENTS.pdf"},"_links":{"self":[{"href":"https:\/\/www.hydrachim.fr\/en\/wp-json\/wp\/v2\/product\/8328","targetHints":{"allow":["GET"]}}],"collection":[{"href":"https:\/\/www.hydrachim.fr\/en\/wp-json\/wp\/v2\/product"}],"about":[{"href":"https:\/\/www.hydrachim.fr\/en\/wp-json\/wp\/v2\/types\/product"}],"wp:featuredmedia":[{"embeddable":true,"href":"https:\/\/www.hydrachim.fr\/en\/wp-json\/wp\/v2\/media\/30558"}],"wp:attachment":[{"href":"https:\/\/www.hydrachim.fr\/en\/wp-json\/wp\/v2\/media?parent=8328"}],"wp:term":[{"taxonomy":"product_brand","embeddable":true,"href":"https:\/\/www.hydrachim.fr\/en\/wp-json\/wp\/v2\/product_brand?post=8328"},{"taxonomy":"product_type","embeddable":true,"href":"https:\/\/www.hydrachim.fr\/en\/wp-json\/wp\/v2\/product_type?post=8328"},{"taxonomy":"product_visibility","embeddable":true,"href":"https:\/\/www.hydrachim.fr\/en\/wp-json\/wp\/v2\/product_visibility?post=8328"},{"taxonomy":"product_cat","embeddable":true,"href":"https:\/\/www.hydrachim.fr\/en\/wp-json\/wp\/v2\/product_cat?post=8328"}],"curies":[{"name":"wp","href":"https:\/\/api.w.org\/{rel}","templated":true}]}}