{"id":8277,"date":"2021-02-12T16:04:25","date_gmt":"2021-02-12T14:04:25","guid":{"rendered":"https:\/\/www.hydrachim.fr\/?post_type=product&#038;p=8277"},"modified":"2026-04-13T10:25:49","modified_gmt":"2026-04-13T08:25:49","slug":"spray_purple_001102601","status":"publish","type":"product","link":"https:\/\/www.hydrachim.fr\/en\/produit\/spray_purple_001102601\/","title":{"rendered":"Spray purple"},"content":{"rendered":"<p><strong>Spray Purple &#8211; Hygi\u00e8ne et protection des trayons apr\u00e8s traite.<\/strong><\/p>\n<p>Spray purple est un produit liquide, pr\u00eat \u00e0 l\u2019emploi, \u00e0 base de CHLORHEXIDINE.<br \/>\nCe produit contient du gel d\u2019Alo\u00e9 Vera, reconnu pour ses vertus de r\u00e9g\u00e9n\u00e9ration cellulaire et de cicatrisation et de la glyc\u00e9rine. Gr\u00e2ce \u00e0 la pr\u00e9sence de mati\u00e8res reconnues pour leur propri\u00e9t\u00e9 humectante et \u00e0 son pH neutre, Spray Purple \u00e9vite la formation de ger\u00e7ures et de crevasses.<br \/>\nSpray purple est efficace sur les bact\u00e9ries responsables des mammites.<br \/>\nIl permet une bonne d\u00e9sinfection, efficace d\u00e8s 5 minutes : bact\u00e9ricide conform\u00e9ment aux normes EN1656 et EN 17422 et levuricide selon la norme EN1657.<br \/>\nLe produit peut s\u2019utiliser aussi bien en robot de traite, en pulv\u00e9risation manuelle, ou automatique mais aussi en trempage liquide.<br \/>\nDe plus, la formule permet une utilisation en agriculture biologique. <\/p>\n<h5>Formul\u00e9 et fabriqu\u00e9 en France.<\/h5>\n<p><script>jQuery(function() {(tarteaucitron.job = tarteaucitron.job || []).push('youtube');});<\/script><\/p>\n<div class=\"youtube_player\" videoID=\"7YuponKraVY\" width=\"500\" height=\"281\" theme=\"light\" rel=\"0\" controls=\"1\" showinfo=\"1\" autoplay=\"0\"><\/div>\n<p><b>Mode d\u2019emploi :<\/b><br \/>\n<\/p>\n<ul>\n<li>Imm\u00e9diatement apr\u00e8s la traite.<\/li>\n<li>Pulv\u00e9riser le produit pur sur le trayon (veiller \u00e0 bien r\u00e9partir).<\/li>\n<li>Ne pas essuyer, ne pas rincer, laisser agir 5 minutes.<\/li>\n<li>\u00c9liminer les r\u00e9sidus de produit s\u2019il y a lieu au d\u00e9but de la traite suivante, \u00e0 l\u2019aide d\u2019une lavette unique impr\u00e9gn\u00e9e d\u2019une solution nettoyante.<\/li>\n<\/ul>\n<p><strong>Disponible en :<br \/>\n&#8211; Bidon 20kg R\u00e9f 001102601,<br \/>\n&#8211; F\u00fbt de 60 kg R\u00e9f. 001102602,<br \/>\n&#8211; Fut de 200kg R\u00e9f. 001102603.<br \/>\n<\/strong><\/p>\n<p class=\"y-product y-product__product-subtitle\">Avantage :<\/p>\n<p>Spray purple assure la protection microbienne des trayons tout en conservant la douceur et la souplesse du trayon.<\/p>\n<p>Produit utilisable en agriculture biologique conforme au (UE) 2018\/848 (et ses amendements).<\/p>\n<p>Retrouvez le mode d&#8217;emploi et le dosage du produit en t\u00e9l\u00e9chargeant, ci-dessous, sa Fiche Technique.<\/p>\n<p><em>Utilisez les biocides avec pr\u00e9caution. Avant toute utilisation, lisez l&#8217;\u00e9tiquette et les informations concernant le produit.<\/p>\n<p>TP3 : Produits biocides destin\u00e9s \u00e0 l\u2019hygi\u00e8ne v\u00e9t\u00e9rinaire<br \/>\n<\/em><\/p>\n","protected":false},"excerpt":{"rendered":"<p>Pulv\u00e9risation surgraissante pH neutre, manuelle ou en robot.<\/p>\n","protected":false},"featured_media":30460,"template":"","meta":[],"product_brand":[],"product_type":[2],"product_visibility":[],"product_cat":[4154,3985],"class_list":{"0":"post-8277","1":"product","2":"type-product","3":"status-publish","4":"has-post-thumbnail","6":"product_cat-marqueshydrachim-elevage","7":"product_cat-hygiene-mamelle","8":"product_tag-bactericide","9":"product_tag-degraissant","10":"product_tag-hygine-du-trayon","11":"product_tag-mamelle","12":"product_tag-pulverisation","13":"product_tag-spray","14":"product_tag-tp3","16":"first","17":"instock","18":"shipping-taxable","19":"product-type-simple"},"yoast_head":"<!-- This site is optimized with the Yoast SEO plugin v27.5 - https:\/\/yoast.com\/product\/yoast-seo-wordpress\/ -->\n<title>Spray purple - Hydrachim<\/title>\n<meta name=\"description\" content=\"Spray Purple est un produit liquide d&#039;hygi\u00e8ne et de protection des trayons apr\u00e8s traite. Spray de pulv\u00e9risation formul\u00e9 et fabriqu\u00e9 en France.\" \/>\n<meta name=\"robots\" content=\"index, follow, max-snippet:-1, max-image-preview:large, max-video-preview:-1\" \/>\n<link rel=\"canonical\" href=\"https:\/\/www.hydrachim.fr\/en\/produit\/spray_purple_001102601\/\" \/>\n<meta property=\"og:locale\" content=\"en_US\" \/>\n<meta property=\"og:type\" content=\"article\" \/>\n<meta property=\"og:title\" content=\"Spray purple - Hydrachim\" \/>\n<meta property=\"og:description\" content=\"Spray Purple est un produit liquide d&#039;hygi\u00e8ne et de protection des trayons apr\u00e8s traite. Spray de pulv\u00e9risation formul\u00e9 et fabriqu\u00e9 en France.\" \/>\n<meta property=\"og:url\" content=\"https:\/\/www.hydrachim.fr\/en\/produit\/spray_purple_001102601\/\" \/>\n<meta property=\"og:site_name\" content=\"Hydrachim\" \/>\n<meta property=\"article:modified_time\" content=\"2026-04-13T08:25:49+00:00\" \/>\n<meta property=\"og:image\" content=\"https:\/\/www.hydrachim.fr\/app\/uploads\/2026\/03\/001102602_SprayPurple_mercury-1.png\" \/>\n\t<meta property=\"og:image:width\" content=\"717\" \/>\n\t<meta property=\"og:image:height\" content=\"1042\" \/>\n\t<meta property=\"og:image:type\" content=\"image\/png\" \/>\n<meta name=\"twitter:card\" content=\"summary_large_image\" \/>\n<meta name=\"twitter:label1\" content=\"Est. reading time\" \/>\n\t<meta name=\"twitter:data1\" content=\"2 minutes\" \/>\n<script type=\"application\/ld+json\" class=\"yoast-schema-graph\">{\"@context\":\"https:\\\/\\\/schema.org\",\"@graph\":[{\"@type\":\"WebPage\",\"@id\":\"https:\\\/\\\/www.hydrachim.fr\\\/en\\\/produit\\\/spray_purple_001102601\\\/\",\"url\":\"https:\\\/\\\/www.hydrachim.fr\\\/en\\\/produit\\\/spray_purple_001102601\\\/\",\"name\":\"Spray purple - Hydrachim\",\"isPartOf\":{\"@id\":\"https:\\\/\\\/www.hydrachim.fr\\\/en\\\/#website\"},\"primaryImageOfPage\":{\"@id\":\"https:\\\/\\\/www.hydrachim.fr\\\/en\\\/produit\\\/spray_purple_001102601\\\/#primaryimage\"},\"image\":{\"@id\":\"https:\\\/\\\/www.hydrachim.fr\\\/en\\\/produit\\\/spray_purple_001102601\\\/#primaryimage\"},\"thumbnailUrl\":\"https:\\\/\\\/www.hydrachim.fr\\\/app\\\/uploads\\\/2026\\\/03\\\/001102602_SprayPurple_mercury-1.png\",\"datePublished\":\"2021-02-12T14:04:25+00:00\",\"dateModified\":\"2026-04-13T08:25:49+00:00\",\"description\":\"Spray Purple est un produit liquide d'hygi\u00e8ne et de protection des trayons apr\u00e8s traite. Spray de pulv\u00e9risation formul\u00e9 et fabriqu\u00e9 en France.\",\"breadcrumb\":{\"@id\":\"https:\\\/\\\/www.hydrachim.fr\\\/en\\\/produit\\\/spray_purple_001102601\\\/#breadcrumb\"},\"inLanguage\":\"en-US\",\"potentialAction\":[{\"@type\":\"ReadAction\",\"target\":[\"https:\\\/\\\/www.hydrachim.fr\\\/en\\\/produit\\\/spray_purple_001102601\\\/\"]}]},{\"@type\":\"ImageObject\",\"inLanguage\":\"en-US\",\"@id\":\"https:\\\/\\\/www.hydrachim.fr\\\/en\\\/produit\\\/spray_purple_001102601\\\/#primaryimage\",\"url\":\"https:\\\/\\\/www.hydrachim.fr\\\/app\\\/uploads\\\/2026\\\/03\\\/001102602_SprayPurple_mercury-1.png\",\"contentUrl\":\"https:\\\/\\\/www.hydrachim.fr\\\/app\\\/uploads\\\/2026\\\/03\\\/001102602_SprayPurple_mercury-1.png\",\"width\":717,\"height\":1042},{\"@type\":\"BreadcrumbList\",\"@id\":\"https:\\\/\\\/www.hydrachim.fr\\\/en\\\/produit\\\/spray_purple_001102601\\\/#breadcrumb\",\"itemListElement\":[{\"@type\":\"ListItem\",\"position\":1,\"name\":\"Home\",\"item\":\"https:\\\/\\\/www.hydrachim.fr\\\/en\\\/\"},{\"@type\":\"ListItem\",\"position\":2,\"name\":\"Boutique\",\"item\":\"https:\\\/\\\/www.hydrachim.fr\\\/boutique\\\/\"},{\"@type\":\"ListItem\",\"position\":3,\"name\":\"Spray purple\"}]},{\"@type\":\"WebSite\",\"@id\":\"https:\\\/\\\/www.hydrachim.fr\\\/en\\\/#website\",\"url\":\"https:\\\/\\\/www.hydrachim.fr\\\/en\\\/\",\"name\":\"Hydrachim\",\"description\":\"La science de l&#039;hygi\u00e8ne\",\"potentialAction\":[{\"@type\":\"SearchAction\",\"target\":{\"@type\":\"EntryPoint\",\"urlTemplate\":\"https:\\\/\\\/www.hydrachim.fr\\\/en\\\/?s={search_term_string}\"},\"query-input\":{\"@type\":\"PropertyValueSpecification\",\"valueRequired\":true,\"valueName\":\"search_term_string\"}}],\"inLanguage\":\"en-US\"}]}<\/script>\n<!-- \/ Yoast SEO plugin. -->","yoast_head_json":{"title":"Spray purple - Hydrachim","description":"Spray Purple est un produit liquide d'hygi\u00e8ne et de protection des trayons apr\u00e8s traite. Spray de pulv\u00e9risation formul\u00e9 et fabriqu\u00e9 en France.","robots":{"index":"index","follow":"follow","max-snippet":"max-snippet:-1","max-image-preview":"max-image-preview:large","max-video-preview":"max-video-preview:-1"},"canonical":"https:\/\/www.hydrachim.fr\/en\/produit\/spray_purple_001102601\/","og_locale":"en_US","og_type":"article","og_title":"Spray purple - Hydrachim","og_description":"Spray Purple est un produit liquide d'hygi\u00e8ne et de protection des trayons apr\u00e8s traite. Spray de pulv\u00e9risation formul\u00e9 et fabriqu\u00e9 en France.","og_url":"https:\/\/www.hydrachim.fr\/en\/produit\/spray_purple_001102601\/","og_site_name":"Hydrachim","article_modified_time":"2026-04-13T08:25:49+00:00","og_image":[{"width":717,"height":1042,"url":"https:\/\/www.hydrachim.fr\/app\/uploads\/2026\/03\/001102602_SprayPurple_mercury-1.png","type":"image\/png"}],"twitter_card":"summary_large_image","twitter_misc":{"Est. reading time":"2 minutes"},"schema":{"@context":"https:\/\/schema.org","@graph":[{"@type":"WebPage","@id":"https:\/\/www.hydrachim.fr\/en\/produit\/spray_purple_001102601\/","url":"https:\/\/www.hydrachim.fr\/en\/produit\/spray_purple_001102601\/","name":"Spray purple - Hydrachim","isPartOf":{"@id":"https:\/\/www.hydrachim.fr\/en\/#website"},"primaryImageOfPage":{"@id":"https:\/\/www.hydrachim.fr\/en\/produit\/spray_purple_001102601\/#primaryimage"},"image":{"@id":"https:\/\/www.hydrachim.fr\/en\/produit\/spray_purple_001102601\/#primaryimage"},"thumbnailUrl":"https:\/\/www.hydrachim.fr\/app\/uploads\/2026\/03\/001102602_SprayPurple_mercury-1.png","datePublished":"2021-02-12T14:04:25+00:00","dateModified":"2026-04-13T08:25:49+00:00","description":"Spray Purple est un produit liquide d'hygi\u00e8ne et de protection des trayons apr\u00e8s traite. Spray de pulv\u00e9risation formul\u00e9 et fabriqu\u00e9 en France.","breadcrumb":{"@id":"https:\/\/www.hydrachim.fr\/en\/produit\/spray_purple_001102601\/#breadcrumb"},"inLanguage":"en-US","potentialAction":[{"@type":"ReadAction","target":["https:\/\/www.hydrachim.fr\/en\/produit\/spray_purple_001102601\/"]}]},{"@type":"ImageObject","inLanguage":"en-US","@id":"https:\/\/www.hydrachim.fr\/en\/produit\/spray_purple_001102601\/#primaryimage","url":"https:\/\/www.hydrachim.fr\/app\/uploads\/2026\/03\/001102602_SprayPurple_mercury-1.png","contentUrl":"https:\/\/www.hydrachim.fr\/app\/uploads\/2026\/03\/001102602_SprayPurple_mercury-1.png","width":717,"height":1042},{"@type":"BreadcrumbList","@id":"https:\/\/www.hydrachim.fr\/en\/produit\/spray_purple_001102601\/#breadcrumb","itemListElement":[{"@type":"ListItem","position":1,"name":"Home","item":"https:\/\/www.hydrachim.fr\/en\/"},{"@type":"ListItem","position":2,"name":"Boutique","item":"https:\/\/www.hydrachim.fr\/boutique\/"},{"@type":"ListItem","position":3,"name":"Spray purple"}]},{"@type":"WebSite","@id":"https:\/\/www.hydrachim.fr\/en\/#website","url":"https:\/\/www.hydrachim.fr\/en\/","name":"Hydrachim","description":"La science de l&#039;hygi\u00e8ne","potentialAction":[{"@type":"SearchAction","target":{"@type":"EntryPoint","urlTemplate":"https:\/\/www.hydrachim.fr\/en\/?s={search_term_string}"},"query-input":{"@type":"PropertyValueSpecification","valueRequired":true,"valueName":"search_term_string"}}],"inLanguage":"en-US"}]}},"acf":{"fiche_methode":"","fiche_technique":"https:\/\/www.hydrachim.fr\/app\/uploads\/2026\/04\/HYDRACHIM_ELEVAGE_FT1026_SPRAY_PURPLE.pdf"},"_links":{"self":[{"href":"https:\/\/www.hydrachim.fr\/en\/wp-json\/wp\/v2\/product\/8277","targetHints":{"allow":["GET"]}}],"collection":[{"href":"https:\/\/www.hydrachim.fr\/en\/wp-json\/wp\/v2\/product"}],"about":[{"href":"https:\/\/www.hydrachim.fr\/en\/wp-json\/wp\/v2\/types\/product"}],"wp:featuredmedia":[{"embeddable":true,"href":"https:\/\/www.hydrachim.fr\/en\/wp-json\/wp\/v2\/media\/30460"}],"wp:attachment":[{"href":"https:\/\/www.hydrachim.fr\/en\/wp-json\/wp\/v2\/media?parent=8277"}],"wp:term":[{"taxonomy":"product_brand","embeddable":true,"href":"https:\/\/www.hydrachim.fr\/en\/wp-json\/wp\/v2\/product_brand?post=8277"},{"taxonomy":"product_type","embeddable":true,"href":"https:\/\/www.hydrachim.fr\/en\/wp-json\/wp\/v2\/product_type?post=8277"},{"taxonomy":"product_visibility","embeddable":true,"href":"https:\/\/www.hydrachim.fr\/en\/wp-json\/wp\/v2\/product_visibility?post=8277"},{"taxonomy":"product_cat","embeddable":true,"href":"https:\/\/www.hydrachim.fr\/en\/wp-json\/wp\/v2\/product_cat?post=8277"}],"curies":[{"name":"wp","href":"https:\/\/api.w.org\/{rel}","templated":true}]}}