{"id":8276,"date":"2021-02-12T16:04:19","date_gmt":"2021-02-12T14:04:19","guid":{"rendered":"https:\/\/www.hydrachim.fr\/?post_type=product&#038;p=8276"},"modified":"2026-04-13T11:25:19","modified_gmt":"2026-04-13T09:25:19","slug":"pre_post_spray_iodine_001113703","status":"publish","type":"product","link":"https:\/\/www.hydrachim.fr\/en\/produit\/pre_post_spray_iodine_001113703\/","title":{"rendered":"Pr\u00e9 post spray iodine"},"content":{"rendered":"<p><strong>D\u00e9sinfectant avant traite en 60 secondes et apr\u00e8s traite en 5 minutes.<\/strong><\/p>\n<p>Pre Post Spray Iodine est la solution id\u00e9ale pour tous les robots.<br \/>\nD\u00e9sinfectant avant traite (bact\u00e9ricide, levuricide et virucide sur bacteriophages) et apr\u00e8s traite (bact\u00e9ricide et levuricide en condition de lait), retrouvez le d\u00e9tail des normes sur la fiche technique.<br \/>\nProduit utilisable en agriculture biologique conforme au reglement (UE) 2018\/848 (et ses amendements).<\/p>\n<p><strong>Disponible en :<br \/>\n&#8211; bidon de 20kg R\u00e9f. 001113703.<br \/>\n&#8211; f\u00fbt de 60kg R\u00e9f. 001113704.<br \/>\n&#8211; f\u00fbt de 200kg R\u00e9f. 001113705.<\/strong><\/p>\n<p class=\"y-product y-product__product-subtitle\">Avantage :<\/p>\n<p>La protection optimale du trayon pour les robots avec un produit unique avant \/ apr\u00e8s traite.<\/p>\n<p>Retrouvez le mode d&#8217;emploi et le d\u00e9tail des efficacit\u00e9s biocides, en t\u00e9l\u00e9chargeant la Fiche Technique.<\/p>\n<p><em>Utiliser les biocides avec pr\u00e9cautions. Consulter la documentation avant la premi\u00e8re utilisation.<\/em><\/p>\n","protected":false},"excerpt":{"rendered":"<p>Pulv\u00e9risation avant traite et apr\u00e8s traite, sp\u00e9ciale robot.<\/p>\n","protected":false},"featured_media":30472,"template":"","meta":[],"product_brand":[],"product_type":[2],"product_visibility":[],"product_cat":[4154,3985],"class_list":{"0":"post-8276","1":"product","2":"type-product","3":"status-publish","4":"has-post-thumbnail","6":"product_cat-marqueshydrachim-elevage","7":"product_cat-hygiene-mamelle","8":"product_tag-agriculture-biologique","9":"product_tag-apres-traite","10":"product_tag-avant-traite","11":"product_tag-hygine-du-trayon","12":"product_tag-mamelle","13":"product_tag-pret-a-lemploi","14":"product_tag-protection","15":"product_tag-robot-de-traite","17":"first","18":"instock","19":"shipping-taxable","20":"product-type-simple"},"yoast_head":"<!-- This site is optimized with the Yoast SEO plugin v27.5 - https:\/\/yoast.com\/product\/yoast-seo-wordpress\/ -->\n<title>Pr\u00e9 Post Spray Iodine - Produit d\u00e9sinfectant pour la traite - Hydrachim<\/title>\n<meta name=\"description\" content=\"Pre Post Spray Iodine est la solution id\u00e9ale pour tous les robots de traite. Produit d\u00e9sinfectant avant traite en 60 secondes et apr\u00e8s traite en 5 minutes.\" \/>\n<meta name=\"robots\" content=\"index, follow, max-snippet:-1, max-image-preview:large, max-video-preview:-1\" \/>\n<link rel=\"canonical\" href=\"https:\/\/www.hydrachim.fr\/en\/produit\/pre_post_spray_iodine_001113703\/\" \/>\n<meta property=\"og:locale\" content=\"en_US\" \/>\n<meta property=\"og:type\" content=\"article\" \/>\n<meta property=\"og:title\" content=\"Pr\u00e9 Post Spray Iodine - Produit d\u00e9sinfectant pour la traite - Hydrachim\" \/>\n<meta property=\"og:description\" content=\"Pre Post Spray Iodine est la solution id\u00e9ale pour tous les robots de traite. Produit d\u00e9sinfectant avant traite en 60 secondes et apr\u00e8s traite en 5 minutes.\" \/>\n<meta property=\"og:url\" content=\"https:\/\/www.hydrachim.fr\/en\/produit\/pre_post_spray_iodine_001113703\/\" \/>\n<meta property=\"og:site_name\" content=\"Hydrachim\" \/>\n<meta property=\"article:modified_time\" content=\"2026-04-13T09:25:19+00:00\" \/>\n<meta property=\"og:image\" content=\"https:\/\/www.hydrachim.fr\/app\/uploads\/2026\/03\/001113703_PrePostSprayIodine_20kg_mercury.png\" \/>\n\t<meta property=\"og:image:width\" content=\"817\" \/>\n\t<meta property=\"og:image:height\" content=\"1103\" \/>\n\t<meta property=\"og:image:type\" content=\"image\/png\" \/>\n<meta name=\"twitter:card\" content=\"summary_large_image\" \/>\n<meta name=\"twitter:label1\" content=\"Est. reading time\" \/>\n\t<meta name=\"twitter:data1\" content=\"1 minute\" \/>\n<script type=\"application\/ld+json\" class=\"yoast-schema-graph\">{\"@context\":\"https:\\\/\\\/schema.org\",\"@graph\":[{\"@type\":\"WebPage\",\"@id\":\"https:\\\/\\\/www.hydrachim.fr\\\/en\\\/produit\\\/pre_post_spray_iodine_001113703\\\/\",\"url\":\"https:\\\/\\\/www.hydrachim.fr\\\/en\\\/produit\\\/pre_post_spray_iodine_001113703\\\/\",\"name\":\"Pr\u00e9 Post Spray Iodine - Produit d\u00e9sinfectant pour la traite - Hydrachim\",\"isPartOf\":{\"@id\":\"https:\\\/\\\/www.hydrachim.fr\\\/en\\\/#website\"},\"primaryImageOfPage\":{\"@id\":\"https:\\\/\\\/www.hydrachim.fr\\\/en\\\/produit\\\/pre_post_spray_iodine_001113703\\\/#primaryimage\"},\"image\":{\"@id\":\"https:\\\/\\\/www.hydrachim.fr\\\/en\\\/produit\\\/pre_post_spray_iodine_001113703\\\/#primaryimage\"},\"thumbnailUrl\":\"https:\\\/\\\/www.hydrachim.fr\\\/app\\\/uploads\\\/2026\\\/03\\\/001113703_PrePostSprayIodine_20kg_mercury.png\",\"datePublished\":\"2021-02-12T14:04:19+00:00\",\"dateModified\":\"2026-04-13T09:25:19+00:00\",\"description\":\"Pre Post Spray Iodine est la solution id\u00e9ale pour tous les robots de traite. Produit d\u00e9sinfectant avant traite en 60 secondes et apr\u00e8s traite en 5 minutes.\",\"breadcrumb\":{\"@id\":\"https:\\\/\\\/www.hydrachim.fr\\\/en\\\/produit\\\/pre_post_spray_iodine_001113703\\\/#breadcrumb\"},\"inLanguage\":\"en-US\",\"potentialAction\":[{\"@type\":\"ReadAction\",\"target\":[\"https:\\\/\\\/www.hydrachim.fr\\\/en\\\/produit\\\/pre_post_spray_iodine_001113703\\\/\"]}]},{\"@type\":\"ImageObject\",\"inLanguage\":\"en-US\",\"@id\":\"https:\\\/\\\/www.hydrachim.fr\\\/en\\\/produit\\\/pre_post_spray_iodine_001113703\\\/#primaryimage\",\"url\":\"https:\\\/\\\/www.hydrachim.fr\\\/app\\\/uploads\\\/2026\\\/03\\\/001113703_PrePostSprayIodine_20kg_mercury.png\",\"contentUrl\":\"https:\\\/\\\/www.hydrachim.fr\\\/app\\\/uploads\\\/2026\\\/03\\\/001113703_PrePostSprayIodine_20kg_mercury.png\",\"width\":817,\"height\":1103},{\"@type\":\"BreadcrumbList\",\"@id\":\"https:\\\/\\\/www.hydrachim.fr\\\/en\\\/produit\\\/pre_post_spray_iodine_001113703\\\/#breadcrumb\",\"itemListElement\":[{\"@type\":\"ListItem\",\"position\":1,\"name\":\"Home\",\"item\":\"https:\\\/\\\/www.hydrachim.fr\\\/en\\\/\"},{\"@type\":\"ListItem\",\"position\":2,\"name\":\"Boutique\",\"item\":\"https:\\\/\\\/www.hydrachim.fr\\\/boutique\\\/\"},{\"@type\":\"ListItem\",\"position\":3,\"name\":\"Pr\u00e9 post spray iodine\"}]},{\"@type\":\"WebSite\",\"@id\":\"https:\\\/\\\/www.hydrachim.fr\\\/en\\\/#website\",\"url\":\"https:\\\/\\\/www.hydrachim.fr\\\/en\\\/\",\"name\":\"Hydrachim\",\"description\":\"La science de l&#039;hygi\u00e8ne\",\"potentialAction\":[{\"@type\":\"SearchAction\",\"target\":{\"@type\":\"EntryPoint\",\"urlTemplate\":\"https:\\\/\\\/www.hydrachim.fr\\\/en\\\/?s={search_term_string}\"},\"query-input\":{\"@type\":\"PropertyValueSpecification\",\"valueRequired\":true,\"valueName\":\"search_term_string\"}}],\"inLanguage\":\"en-US\"}]}<\/script>\n<!-- \/ Yoast SEO plugin. -->","yoast_head_json":{"title":"Pr\u00e9 Post Spray Iodine - Produit d\u00e9sinfectant pour la traite - Hydrachim","description":"Pre Post Spray Iodine est la solution id\u00e9ale pour tous les robots de traite. Produit d\u00e9sinfectant avant traite en 60 secondes et apr\u00e8s traite en 5 minutes.","robots":{"index":"index","follow":"follow","max-snippet":"max-snippet:-1","max-image-preview":"max-image-preview:large","max-video-preview":"max-video-preview:-1"},"canonical":"https:\/\/www.hydrachim.fr\/en\/produit\/pre_post_spray_iodine_001113703\/","og_locale":"en_US","og_type":"article","og_title":"Pr\u00e9 Post Spray Iodine - Produit d\u00e9sinfectant pour la traite - Hydrachim","og_description":"Pre Post Spray Iodine est la solution id\u00e9ale pour tous les robots de traite. Produit d\u00e9sinfectant avant traite en 60 secondes et apr\u00e8s traite en 5 minutes.","og_url":"https:\/\/www.hydrachim.fr\/en\/produit\/pre_post_spray_iodine_001113703\/","og_site_name":"Hydrachim","article_modified_time":"2026-04-13T09:25:19+00:00","og_image":[{"width":817,"height":1103,"url":"https:\/\/www.hydrachim.fr\/app\/uploads\/2026\/03\/001113703_PrePostSprayIodine_20kg_mercury.png","type":"image\/png"}],"twitter_card":"summary_large_image","twitter_misc":{"Est. reading time":"1 minute"},"schema":{"@context":"https:\/\/schema.org","@graph":[{"@type":"WebPage","@id":"https:\/\/www.hydrachim.fr\/en\/produit\/pre_post_spray_iodine_001113703\/","url":"https:\/\/www.hydrachim.fr\/en\/produit\/pre_post_spray_iodine_001113703\/","name":"Pr\u00e9 Post Spray Iodine - Produit d\u00e9sinfectant pour la traite - Hydrachim","isPartOf":{"@id":"https:\/\/www.hydrachim.fr\/en\/#website"},"primaryImageOfPage":{"@id":"https:\/\/www.hydrachim.fr\/en\/produit\/pre_post_spray_iodine_001113703\/#primaryimage"},"image":{"@id":"https:\/\/www.hydrachim.fr\/en\/produit\/pre_post_spray_iodine_001113703\/#primaryimage"},"thumbnailUrl":"https:\/\/www.hydrachim.fr\/app\/uploads\/2026\/03\/001113703_PrePostSprayIodine_20kg_mercury.png","datePublished":"2021-02-12T14:04:19+00:00","dateModified":"2026-04-13T09:25:19+00:00","description":"Pre Post Spray Iodine est la solution id\u00e9ale pour tous les robots de traite. Produit d\u00e9sinfectant avant traite en 60 secondes et apr\u00e8s traite en 5 minutes.","breadcrumb":{"@id":"https:\/\/www.hydrachim.fr\/en\/produit\/pre_post_spray_iodine_001113703\/#breadcrumb"},"inLanguage":"en-US","potentialAction":[{"@type":"ReadAction","target":["https:\/\/www.hydrachim.fr\/en\/produit\/pre_post_spray_iodine_001113703\/"]}]},{"@type":"ImageObject","inLanguage":"en-US","@id":"https:\/\/www.hydrachim.fr\/en\/produit\/pre_post_spray_iodine_001113703\/#primaryimage","url":"https:\/\/www.hydrachim.fr\/app\/uploads\/2026\/03\/001113703_PrePostSprayIodine_20kg_mercury.png","contentUrl":"https:\/\/www.hydrachim.fr\/app\/uploads\/2026\/03\/001113703_PrePostSprayIodine_20kg_mercury.png","width":817,"height":1103},{"@type":"BreadcrumbList","@id":"https:\/\/www.hydrachim.fr\/en\/produit\/pre_post_spray_iodine_001113703\/#breadcrumb","itemListElement":[{"@type":"ListItem","position":1,"name":"Home","item":"https:\/\/www.hydrachim.fr\/en\/"},{"@type":"ListItem","position":2,"name":"Boutique","item":"https:\/\/www.hydrachim.fr\/boutique\/"},{"@type":"ListItem","position":3,"name":"Pr\u00e9 post spray iodine"}]},{"@type":"WebSite","@id":"https:\/\/www.hydrachim.fr\/en\/#website","url":"https:\/\/www.hydrachim.fr\/en\/","name":"Hydrachim","description":"La science de l&#039;hygi\u00e8ne","potentialAction":[{"@type":"SearchAction","target":{"@type":"EntryPoint","urlTemplate":"https:\/\/www.hydrachim.fr\/en\/?s={search_term_string}"},"query-input":{"@type":"PropertyValueSpecification","valueRequired":true,"valueName":"search_term_string"}}],"inLanguage":"en-US"}]}},"acf":{"fiche_methode":"","fiche_technique":"https:\/\/www.hydrachim.fr\/app\/uploads\/2026\/04\/HYDRACHIM_ELEVAGE_FT1137_PRE_POST_SPRAY_IODINE.pdf"},"_links":{"self":[{"href":"https:\/\/www.hydrachim.fr\/en\/wp-json\/wp\/v2\/product\/8276","targetHints":{"allow":["GET"]}}],"collection":[{"href":"https:\/\/www.hydrachim.fr\/en\/wp-json\/wp\/v2\/product"}],"about":[{"href":"https:\/\/www.hydrachim.fr\/en\/wp-json\/wp\/v2\/types\/product"}],"wp:featuredmedia":[{"embeddable":true,"href":"https:\/\/www.hydrachim.fr\/en\/wp-json\/wp\/v2\/media\/30472"}],"wp:attachment":[{"href":"https:\/\/www.hydrachim.fr\/en\/wp-json\/wp\/v2\/media?parent=8276"}],"wp:term":[{"taxonomy":"product_brand","embeddable":true,"href":"https:\/\/www.hydrachim.fr\/en\/wp-json\/wp\/v2\/product_brand?post=8276"},{"taxonomy":"product_type","embeddable":true,"href":"https:\/\/www.hydrachim.fr\/en\/wp-json\/wp\/v2\/product_type?post=8276"},{"taxonomy":"product_visibility","embeddable":true,"href":"https:\/\/www.hydrachim.fr\/en\/wp-json\/wp\/v2\/product_visibility?post=8276"},{"taxonomy":"product_cat","embeddable":true,"href":"https:\/\/www.hydrachim.fr\/en\/wp-json\/wp\/v2\/product_cat?post=8276"}],"curies":[{"name":"wp","href":"https:\/\/api.w.org\/{rel}","templated":true}]}}