{"id":8178,"date":"2021-02-05T11:05:53","date_gmt":"2021-02-05T09:05:53","guid":{"rendered":"https:\/\/www.hydrachim.fr\/?post_type=product&#038;p=8178"},"modified":"2025-10-08T11:10:02","modified_gmt":"2025-10-08T09:10:02","slug":"kem_static_003505002","status":"publish","type":"product","link":"https:\/\/www.hydrachim.fr\/en\/produit\/kem_static_003505002\/","title":{"rendered":"KEM STATIC"},"content":{"rendered":"<p><strong>KEM\u2019STATIC est un produit antistatique qui \u00e9limine le film routier, il s\u2019utilise en machine basse et haute pression.<br \/>\nShampooing v\u00e9hicule tr\u00e8s concentr\u00e9, tr\u00e8s efficace sur le film statique, il contient \u00e9galement un agent d\u00e9perlant pour laisser un film brillant sur la carrosserie.<\/strong><\/p>\n<p>DOSAGE :<br \/>\n&#8211; En eau douce \u00e0 0,2 % \u00e0 0,4 %<br \/>\n&#8211; En eau dure \u00e0 1,5 %<\/p>\n<p><strong>Disponible en :<br \/>\n&#8211; Carton de 4 x 5 kg. R\u00e9f. 003505002<br \/>\n&#8211; Bidon de 10 kg. R\u00e9f. 003505003<br \/>\n&#8211; Bidon de 22 kg. R\u00e9f. 003505001<br \/>\n&#8211; F\u00fbt de 230 kg. R\u00e9f. 003505005<\/strong><\/p>\n<p>Retrouvez le mode d&#8217;emploi et le dosage du produit en t\u00e9l\u00e9chargeant, ci-dessous, sa Fiche Technique.<\/p>\n<p><em>Ce produit respecte les crit\u00e8res de biod\u00e9gradabilit\u00e9 comme d\u00e9finis dans la r\u00e8glementation (CE) n\u00b0648\/2004 relatif aux d\u00e9tergents.<\/em><\/p>\n","protected":false},"excerpt":{"rendered":"<p>KEM\u2019STATIC est antistatique et \u00e9limine le film routier.<\/p>\n","protected":false},"featured_media":19165,"template":"","meta":[],"product_brand":[],"product_type":[2],"product_visibility":[],"product_cat":[4026,4153,4092],"class_list":{"0":"post-8178","1":"product","2":"type-product","3":"status-publish","4":"has-post-thumbnail","6":"product_cat-produitsindustrie","7":"product_cat-marqueskemnet","8":"product_cat-industriestation-vhicule","9":"product_tag-autolaveuse","10":"product_tag-brillant","11":"product_tag-carrosserie","12":"product_tag-deperlant","13":"product_tag-vehicule","15":"first","16":"instock","17":"shipping-taxable","18":"product-type-simple"},"yoast_head":"<!-- This site is optimized with the Yoast SEO plugin v27.5 - https:\/\/yoast.com\/product\/yoast-seo-wordpress\/ -->\n<title>KEM STATIC - Produit concentr\u00e9 antistatique et d\u00e9parlant - Hydrachim<\/title>\n<meta name=\"description\" content=\"KEM STATIC est un produit antistatique et d\u00e9parlant destin\u00e9 aux auto-laveuses \u00e0 basse et haute pression. Shampoing v\u00e9hicule tr\u00e8s concentr\u00e9.\" \/>\n<meta name=\"robots\" content=\"index, follow, max-snippet:-1, max-image-preview:large, max-video-preview:-1\" \/>\n<link rel=\"canonical\" href=\"https:\/\/www.hydrachim.fr\/en\/produit\/kem_static_003505002\/\" \/>\n<meta property=\"og:locale\" content=\"en_US\" \/>\n<meta property=\"og:type\" content=\"article\" \/>\n<meta property=\"og:title\" content=\"KEM STATIC - Produit concentr\u00e9 antistatique et d\u00e9parlant - Hydrachim\" \/>\n<meta property=\"og:description\" content=\"KEM STATIC est un produit antistatique et d\u00e9parlant destin\u00e9 aux auto-laveuses \u00e0 basse et haute pression. Shampoing v\u00e9hicule tr\u00e8s concentr\u00e9.\" \/>\n<meta property=\"og:url\" content=\"https:\/\/www.hydrachim.fr\/en\/produit\/kem_static_003505002\/\" \/>\n<meta property=\"og:site_name\" content=\"Hydrachim\" \/>\n<meta property=\"article:modified_time\" content=\"2025-10-08T09:10:02+00:00\" \/>\n<meta property=\"og:image\" content=\"https:\/\/www.hydrachim.fr\/app\/uploads\/2024\/10\/5050_kemstatitic_5L.png\" \/>\n\t<meta property=\"og:image:width\" content=\"600\" \/>\n\t<meta property=\"og:image:height\" content=\"910\" \/>\n\t<meta property=\"og:image:type\" content=\"image\/png\" \/>\n<meta name=\"twitter:card\" content=\"summary_large_image\" \/>\n<meta name=\"twitter:label1\" content=\"Est. reading time\" \/>\n\t<meta name=\"twitter:data1\" content=\"1 minute\" \/>\n<script type=\"application\/ld+json\" class=\"yoast-schema-graph\">{\"@context\":\"https:\\\/\\\/schema.org\",\"@graph\":[{\"@type\":\"WebPage\",\"@id\":\"https:\\\/\\\/www.hydrachim.fr\\\/en\\\/produit\\\/kem_static_003505002\\\/\",\"url\":\"https:\\\/\\\/www.hydrachim.fr\\\/en\\\/produit\\\/kem_static_003505002\\\/\",\"name\":\"KEM STATIC - Produit concentr\u00e9 antistatique et d\u00e9parlant - Hydrachim\",\"isPartOf\":{\"@id\":\"https:\\\/\\\/www.hydrachim.fr\\\/en\\\/#website\"},\"primaryImageOfPage\":{\"@id\":\"https:\\\/\\\/www.hydrachim.fr\\\/en\\\/produit\\\/kem_static_003505002\\\/#primaryimage\"},\"image\":{\"@id\":\"https:\\\/\\\/www.hydrachim.fr\\\/en\\\/produit\\\/kem_static_003505002\\\/#primaryimage\"},\"thumbnailUrl\":\"https:\\\/\\\/www.hydrachim.fr\\\/app\\\/uploads\\\/2024\\\/10\\\/5050_kemstatitic_5L.png\",\"datePublished\":\"2021-02-05T09:05:53+00:00\",\"dateModified\":\"2025-10-08T09:10:02+00:00\",\"description\":\"KEM STATIC est un produit antistatique et d\u00e9parlant destin\u00e9 aux auto-laveuses \u00e0 basse et haute pression. Shampoing v\u00e9hicule tr\u00e8s concentr\u00e9.\",\"breadcrumb\":{\"@id\":\"https:\\\/\\\/www.hydrachim.fr\\\/en\\\/produit\\\/kem_static_003505002\\\/#breadcrumb\"},\"inLanguage\":\"en-US\",\"potentialAction\":[{\"@type\":\"ReadAction\",\"target\":[\"https:\\\/\\\/www.hydrachim.fr\\\/en\\\/produit\\\/kem_static_003505002\\\/\"]}]},{\"@type\":\"ImageObject\",\"inLanguage\":\"en-US\",\"@id\":\"https:\\\/\\\/www.hydrachim.fr\\\/en\\\/produit\\\/kem_static_003505002\\\/#primaryimage\",\"url\":\"https:\\\/\\\/www.hydrachim.fr\\\/app\\\/uploads\\\/2024\\\/10\\\/5050_kemstatitic_5L.png\",\"contentUrl\":\"https:\\\/\\\/www.hydrachim.fr\\\/app\\\/uploads\\\/2024\\\/10\\\/5050_kemstatitic_5L.png\",\"width\":600,\"height\":910},{\"@type\":\"BreadcrumbList\",\"@id\":\"https:\\\/\\\/www.hydrachim.fr\\\/en\\\/produit\\\/kem_static_003505002\\\/#breadcrumb\",\"itemListElement\":[{\"@type\":\"ListItem\",\"position\":1,\"name\":\"Home\",\"item\":\"https:\\\/\\\/www.hydrachim.fr\\\/en\\\/\"},{\"@type\":\"ListItem\",\"position\":2,\"name\":\"Boutique\",\"item\":\"https:\\\/\\\/www.hydrachim.fr\\\/boutique\\\/\"},{\"@type\":\"ListItem\",\"position\":3,\"name\":\"KEM STATIC\"}]},{\"@type\":\"WebSite\",\"@id\":\"https:\\\/\\\/www.hydrachim.fr\\\/en\\\/#website\",\"url\":\"https:\\\/\\\/www.hydrachim.fr\\\/en\\\/\",\"name\":\"Hydrachim\",\"description\":\"La science de l&#039;hygi\u00e8ne\",\"potentialAction\":[{\"@type\":\"SearchAction\",\"target\":{\"@type\":\"EntryPoint\",\"urlTemplate\":\"https:\\\/\\\/www.hydrachim.fr\\\/en\\\/?s={search_term_string}\"},\"query-input\":{\"@type\":\"PropertyValueSpecification\",\"valueRequired\":true,\"valueName\":\"search_term_string\"}}],\"inLanguage\":\"en-US\"}]}<\/script>\n<!-- \/ Yoast SEO plugin. -->","yoast_head_json":{"title":"KEM STATIC - Produit concentr\u00e9 antistatique et d\u00e9parlant - Hydrachim","description":"KEM STATIC est un produit antistatique et d\u00e9parlant destin\u00e9 aux auto-laveuses \u00e0 basse et haute pression. Shampoing v\u00e9hicule tr\u00e8s concentr\u00e9.","robots":{"index":"index","follow":"follow","max-snippet":"max-snippet:-1","max-image-preview":"max-image-preview:large","max-video-preview":"max-video-preview:-1"},"canonical":"https:\/\/www.hydrachim.fr\/en\/produit\/kem_static_003505002\/","og_locale":"en_US","og_type":"article","og_title":"KEM STATIC - Produit concentr\u00e9 antistatique et d\u00e9parlant - Hydrachim","og_description":"KEM STATIC est un produit antistatique et d\u00e9parlant destin\u00e9 aux auto-laveuses \u00e0 basse et haute pression. Shampoing v\u00e9hicule tr\u00e8s concentr\u00e9.","og_url":"https:\/\/www.hydrachim.fr\/en\/produit\/kem_static_003505002\/","og_site_name":"Hydrachim","article_modified_time":"2025-10-08T09:10:02+00:00","og_image":[{"width":600,"height":910,"url":"https:\/\/www.hydrachim.fr\/app\/uploads\/2024\/10\/5050_kemstatitic_5L.png","type":"image\/png"}],"twitter_card":"summary_large_image","twitter_misc":{"Est. reading time":"1 minute"},"schema":{"@context":"https:\/\/schema.org","@graph":[{"@type":"WebPage","@id":"https:\/\/www.hydrachim.fr\/en\/produit\/kem_static_003505002\/","url":"https:\/\/www.hydrachim.fr\/en\/produit\/kem_static_003505002\/","name":"KEM STATIC - Produit concentr\u00e9 antistatique et d\u00e9parlant - Hydrachim","isPartOf":{"@id":"https:\/\/www.hydrachim.fr\/en\/#website"},"primaryImageOfPage":{"@id":"https:\/\/www.hydrachim.fr\/en\/produit\/kem_static_003505002\/#primaryimage"},"image":{"@id":"https:\/\/www.hydrachim.fr\/en\/produit\/kem_static_003505002\/#primaryimage"},"thumbnailUrl":"https:\/\/www.hydrachim.fr\/app\/uploads\/2024\/10\/5050_kemstatitic_5L.png","datePublished":"2021-02-05T09:05:53+00:00","dateModified":"2025-10-08T09:10:02+00:00","description":"KEM STATIC est un produit antistatique et d\u00e9parlant destin\u00e9 aux auto-laveuses \u00e0 basse et haute pression. Shampoing v\u00e9hicule tr\u00e8s concentr\u00e9.","breadcrumb":{"@id":"https:\/\/www.hydrachim.fr\/en\/produit\/kem_static_003505002\/#breadcrumb"},"inLanguage":"en-US","potentialAction":[{"@type":"ReadAction","target":["https:\/\/www.hydrachim.fr\/en\/produit\/kem_static_003505002\/"]}]},{"@type":"ImageObject","inLanguage":"en-US","@id":"https:\/\/www.hydrachim.fr\/en\/produit\/kem_static_003505002\/#primaryimage","url":"https:\/\/www.hydrachim.fr\/app\/uploads\/2024\/10\/5050_kemstatitic_5L.png","contentUrl":"https:\/\/www.hydrachim.fr\/app\/uploads\/2024\/10\/5050_kemstatitic_5L.png","width":600,"height":910},{"@type":"BreadcrumbList","@id":"https:\/\/www.hydrachim.fr\/en\/produit\/kem_static_003505002\/#breadcrumb","itemListElement":[{"@type":"ListItem","position":1,"name":"Home","item":"https:\/\/www.hydrachim.fr\/en\/"},{"@type":"ListItem","position":2,"name":"Boutique","item":"https:\/\/www.hydrachim.fr\/boutique\/"},{"@type":"ListItem","position":3,"name":"KEM STATIC"}]},{"@type":"WebSite","@id":"https:\/\/www.hydrachim.fr\/en\/#website","url":"https:\/\/www.hydrachim.fr\/en\/","name":"Hydrachim","description":"La science de l&#039;hygi\u00e8ne","potentialAction":[{"@type":"SearchAction","target":{"@type":"EntryPoint","urlTemplate":"https:\/\/www.hydrachim.fr\/en\/?s={search_term_string}"},"query-input":{"@type":"PropertyValueSpecification","valueRequired":true,"valueName":"search_term_string"}}],"inLanguage":"en-US"}]}},"acf":{"fiche_methode":"","fiche_technique":"https:\/\/www.hydrachim.fr\/app\/uploads\/2024\/11\/FT___5050___KEM_STATIC.pdf"},"_links":{"self":[{"href":"https:\/\/www.hydrachim.fr\/en\/wp-json\/wp\/v2\/product\/8178","targetHints":{"allow":["GET"]}}],"collection":[{"href":"https:\/\/www.hydrachim.fr\/en\/wp-json\/wp\/v2\/product"}],"about":[{"href":"https:\/\/www.hydrachim.fr\/en\/wp-json\/wp\/v2\/types\/product"}],"wp:featuredmedia":[{"embeddable":true,"href":"https:\/\/www.hydrachim.fr\/en\/wp-json\/wp\/v2\/media\/19165"}],"wp:attachment":[{"href":"https:\/\/www.hydrachim.fr\/en\/wp-json\/wp\/v2\/media?parent=8178"}],"wp:term":[{"taxonomy":"product_brand","embeddable":true,"href":"https:\/\/www.hydrachim.fr\/en\/wp-json\/wp\/v2\/product_brand?post=8178"},{"taxonomy":"product_type","embeddable":true,"href":"https:\/\/www.hydrachim.fr\/en\/wp-json\/wp\/v2\/product_type?post=8178"},{"taxonomy":"product_visibility","embeddable":true,"href":"https:\/\/www.hydrachim.fr\/en\/wp-json\/wp\/v2\/product_visibility?post=8178"},{"taxonomy":"product_cat","embeddable":true,"href":"https:\/\/www.hydrachim.fr\/en\/wp-json\/wp\/v2\/product_cat?post=8178"}],"curies":[{"name":"wp","href":"https:\/\/api.w.org\/{rel}","templated":true}]}}