{"id":8165,"date":"2021-02-04T15:24:25","date_gmt":"2021-02-04T13:24:25","guid":{"rendered":"https:\/\/www.hydrachim.fr\/?post_type=product&#038;p=8165"},"modified":"2025-12-10T15:32:19","modified_gmt":"2025-12-10T13:32:19","slug":"eco_activ_002011501","status":"publish","type":"product","link":"https:\/\/www.hydrachim.fr\/en\/produit\/eco_activ_002011501\/","title":{"rendered":"ECO ACTIV\u2019"},"content":{"rendered":"<p><strong>ECO ACTIV&#8217; nettoie parfume et d\u00e9t\u00e2che le linge blanc et color\u00e9 en machine. <\/strong><\/p>\n<p>Sa lessive sous forme de pastille permet le lavage du linge blanc et color\u00e9 en machine.<br \/>\nDissolution rapide de la pastille. Son utilisation est pratique puisque la dose est plac\u00e9e directement dans le tambour de la machine avant l\u2019introduction du linge.<br \/>\nLes pastilles sont conditionn\u00e9es en sachet protecteur individuel qui garantit une bonne conservation et l\u2019efficacit\u00e9 du produit.<\/p>\n<p><strong>Seaux de 125 pastilles de 40gr (pastille monocouche blanc avec flowpack standard).<br \/>\nR\u00e9f. 002011501 &#8211; 48 seaux\/palette.<\/strong><\/p>\n<p>Afin d\u2019optimiser vos lavages sans apport superflu de lessive dans l\u2019environnement, informez-vous sur la duret\u00e9 de votre eau et suivez attentivement le mode d\u2019emploi et les indications ci-dessus. Laver \u00e0 part les articles de couleur qui risque de d\u00e9teindre. Suivre attentivement les recommandations de constructeur de la machine.\n<\/p>\n<p>Retirer le sachet protecteur individuel et mettre la ou les pastilles directement dans le tambour. S\u00e9lectionner le programme appropri\u00e9 pour le linge le plus d\u00e9licat de la charge de lavage, sans pr\u00e9lavage.<br \/>\nNe pas utiliser Eco Activ\u2019 pour la soie, la laine, le cuir, les v\u00eatements aux finitions ou les fermetures ignifug\u00e9es.<br \/>\n62 lavages pour une moyenne de 5kg de linge un peu sale avec une eau moyennement dure.<\/p>\n","protected":false},"excerpt":{"rendered":"<p>Lessive en pastille pour le lavage du linge. Parfum frais.<\/p>\n","protected":false},"featured_media":20158,"template":"","meta":[],"product_brand":[],"product_type":[2],"product_visibility":[],"product_cat":[4134,4133,4145],"class_list":{"0":"post-8165","1":"product","2":"type-product","3":"status-publish","4":"has-post-thumbnail","6":"product_cat-lingelessive","7":"product_cat-produitslinge","8":"product_cat-marquesorlav","9":"product_tag-detachant","10":"product_tag-fraicheur","11":"product_tag-lavage","12":"product_tag-linge","13":"product_tag-nettoyage","15":"first","16":"instock","17":"shipping-taxable","18":"product-type-simple"},"yoast_head":"<!-- This site is optimized with the Yoast SEO plugin v27.5 - https:\/\/yoast.com\/product\/yoast-seo-wordpress\/ -->\n<title>ECO ACTIV\u2019 - Hydrachim<\/title>\n<meta name=\"robots\" content=\"index, follow, max-snippet:-1, max-image-preview:large, max-video-preview:-1\" \/>\n<link rel=\"canonical\" href=\"https:\/\/www.hydrachim.fr\/en\/produit\/eco_activ_002011501\/\" \/>\n<meta property=\"og:locale\" content=\"en_US\" \/>\n<meta property=\"og:type\" content=\"article\" \/>\n<meta property=\"og:title\" content=\"ECO ACTIV\u2019 - Hydrachim\" \/>\n<meta property=\"og:description\" content=\"Lessive en pastille pour le lavage du linge. Parfum frais.\" \/>\n<meta property=\"og:url\" content=\"https:\/\/www.hydrachim.fr\/en\/produit\/eco_activ_002011501\/\" \/>\n<meta property=\"og:site_name\" content=\"Hydrachim\" \/>\n<meta property=\"article:modified_time\" content=\"2025-12-10T13:32:19+00:00\" \/>\n<meta property=\"og:image\" content=\"https:\/\/www.hydrachim.fr\/app\/uploads\/2024\/12\/0115___ORLAV___ECOACTIV___5KG___SITE_INTERNET.png\" \/>\n\t<meta property=\"og:image:width\" content=\"283\" \/>\n\t<meta property=\"og:image:height\" content=\"213\" \/>\n\t<meta property=\"og:image:type\" content=\"image\/png\" \/>\n<meta name=\"twitter:card\" content=\"summary_large_image\" \/>\n<meta name=\"twitter:label1\" content=\"Est. reading time\" \/>\n\t<meta name=\"twitter:data1\" content=\"1 minute\" \/>\n<script type=\"application\/ld+json\" class=\"yoast-schema-graph\">{\"@context\":\"https:\\\/\\\/schema.org\",\"@graph\":[{\"@type\":\"WebPage\",\"@id\":\"https:\\\/\\\/www.hydrachim.fr\\\/en\\\/produit\\\/eco_activ_002011501\\\/\",\"url\":\"https:\\\/\\\/www.hydrachim.fr\\\/en\\\/produit\\\/eco_activ_002011501\\\/\",\"name\":\"ECO ACTIV\u2019 - Hydrachim\",\"isPartOf\":{\"@id\":\"https:\\\/\\\/www.hydrachim.fr\\\/en\\\/#website\"},\"primaryImageOfPage\":{\"@id\":\"https:\\\/\\\/www.hydrachim.fr\\\/en\\\/produit\\\/eco_activ_002011501\\\/#primaryimage\"},\"image\":{\"@id\":\"https:\\\/\\\/www.hydrachim.fr\\\/en\\\/produit\\\/eco_activ_002011501\\\/#primaryimage\"},\"thumbnailUrl\":\"https:\\\/\\\/www.hydrachim.fr\\\/app\\\/uploads\\\/2024\\\/12\\\/0115___ORLAV___ECOACTIV___5KG___SITE_INTERNET.png\",\"datePublished\":\"2021-02-04T13:24:25+00:00\",\"dateModified\":\"2025-12-10T13:32:19+00:00\",\"breadcrumb\":{\"@id\":\"https:\\\/\\\/www.hydrachim.fr\\\/en\\\/produit\\\/eco_activ_002011501\\\/#breadcrumb\"},\"inLanguage\":\"en-US\",\"potentialAction\":[{\"@type\":\"ReadAction\",\"target\":[\"https:\\\/\\\/www.hydrachim.fr\\\/en\\\/produit\\\/eco_activ_002011501\\\/\"]}]},{\"@type\":\"ImageObject\",\"inLanguage\":\"en-US\",\"@id\":\"https:\\\/\\\/www.hydrachim.fr\\\/en\\\/produit\\\/eco_activ_002011501\\\/#primaryimage\",\"url\":\"https:\\\/\\\/www.hydrachim.fr\\\/app\\\/uploads\\\/2024\\\/12\\\/0115___ORLAV___ECOACTIV___5KG___SITE_INTERNET.png\",\"contentUrl\":\"https:\\\/\\\/www.hydrachim.fr\\\/app\\\/uploads\\\/2024\\\/12\\\/0115___ORLAV___ECOACTIV___5KG___SITE_INTERNET.png\",\"width\":283,\"height\":213},{\"@type\":\"BreadcrumbList\",\"@id\":\"https:\\\/\\\/www.hydrachim.fr\\\/en\\\/produit\\\/eco_activ_002011501\\\/#breadcrumb\",\"itemListElement\":[{\"@type\":\"ListItem\",\"position\":1,\"name\":\"Home\",\"item\":\"https:\\\/\\\/www.hydrachim.fr\\\/en\\\/\"},{\"@type\":\"ListItem\",\"position\":2,\"name\":\"Boutique\",\"item\":\"https:\\\/\\\/www.hydrachim.fr\\\/boutique\\\/\"},{\"@type\":\"ListItem\",\"position\":3,\"name\":\"ECO ACTIV\u2019\"}]},{\"@type\":\"WebSite\",\"@id\":\"https:\\\/\\\/www.hydrachim.fr\\\/en\\\/#website\",\"url\":\"https:\\\/\\\/www.hydrachim.fr\\\/en\\\/\",\"name\":\"Hydrachim\",\"description\":\"La science de l&#039;hygi\u00e8ne\",\"potentialAction\":[{\"@type\":\"SearchAction\",\"target\":{\"@type\":\"EntryPoint\",\"urlTemplate\":\"https:\\\/\\\/www.hydrachim.fr\\\/en\\\/?s={search_term_string}\"},\"query-input\":{\"@type\":\"PropertyValueSpecification\",\"valueRequired\":true,\"valueName\":\"search_term_string\"}}],\"inLanguage\":\"en-US\"}]}<\/script>\n<!-- \/ Yoast SEO plugin. -->","yoast_head_json":{"title":"ECO ACTIV\u2019 - Hydrachim","robots":{"index":"index","follow":"follow","max-snippet":"max-snippet:-1","max-image-preview":"max-image-preview:large","max-video-preview":"max-video-preview:-1"},"canonical":"https:\/\/www.hydrachim.fr\/en\/produit\/eco_activ_002011501\/","og_locale":"en_US","og_type":"article","og_title":"ECO ACTIV\u2019 - Hydrachim","og_description":"Lessive en pastille pour le lavage du linge. Parfum frais.","og_url":"https:\/\/www.hydrachim.fr\/en\/produit\/eco_activ_002011501\/","og_site_name":"Hydrachim","article_modified_time":"2025-12-10T13:32:19+00:00","og_image":[{"width":283,"height":213,"url":"https:\/\/www.hydrachim.fr\/app\/uploads\/2024\/12\/0115___ORLAV___ECOACTIV___5KG___SITE_INTERNET.png","type":"image\/png"}],"twitter_card":"summary_large_image","twitter_misc":{"Est. reading time":"1 minute"},"schema":{"@context":"https:\/\/schema.org","@graph":[{"@type":"WebPage","@id":"https:\/\/www.hydrachim.fr\/en\/produit\/eco_activ_002011501\/","url":"https:\/\/www.hydrachim.fr\/en\/produit\/eco_activ_002011501\/","name":"ECO ACTIV\u2019 - Hydrachim","isPartOf":{"@id":"https:\/\/www.hydrachim.fr\/en\/#website"},"primaryImageOfPage":{"@id":"https:\/\/www.hydrachim.fr\/en\/produit\/eco_activ_002011501\/#primaryimage"},"image":{"@id":"https:\/\/www.hydrachim.fr\/en\/produit\/eco_activ_002011501\/#primaryimage"},"thumbnailUrl":"https:\/\/www.hydrachim.fr\/app\/uploads\/2024\/12\/0115___ORLAV___ECOACTIV___5KG___SITE_INTERNET.png","datePublished":"2021-02-04T13:24:25+00:00","dateModified":"2025-12-10T13:32:19+00:00","breadcrumb":{"@id":"https:\/\/www.hydrachim.fr\/en\/produit\/eco_activ_002011501\/#breadcrumb"},"inLanguage":"en-US","potentialAction":[{"@type":"ReadAction","target":["https:\/\/www.hydrachim.fr\/en\/produit\/eco_activ_002011501\/"]}]},{"@type":"ImageObject","inLanguage":"en-US","@id":"https:\/\/www.hydrachim.fr\/en\/produit\/eco_activ_002011501\/#primaryimage","url":"https:\/\/www.hydrachim.fr\/app\/uploads\/2024\/12\/0115___ORLAV___ECOACTIV___5KG___SITE_INTERNET.png","contentUrl":"https:\/\/www.hydrachim.fr\/app\/uploads\/2024\/12\/0115___ORLAV___ECOACTIV___5KG___SITE_INTERNET.png","width":283,"height":213},{"@type":"BreadcrumbList","@id":"https:\/\/www.hydrachim.fr\/en\/produit\/eco_activ_002011501\/#breadcrumb","itemListElement":[{"@type":"ListItem","position":1,"name":"Home","item":"https:\/\/www.hydrachim.fr\/en\/"},{"@type":"ListItem","position":2,"name":"Boutique","item":"https:\/\/www.hydrachim.fr\/boutique\/"},{"@type":"ListItem","position":3,"name":"ECO ACTIV\u2019"}]},{"@type":"WebSite","@id":"https:\/\/www.hydrachim.fr\/en\/#website","url":"https:\/\/www.hydrachim.fr\/en\/","name":"Hydrachim","description":"La science de l&#039;hygi\u00e8ne","potentialAction":[{"@type":"SearchAction","target":{"@type":"EntryPoint","urlTemplate":"https:\/\/www.hydrachim.fr\/en\/?s={search_term_string}"},"query-input":{"@type":"PropertyValueSpecification","valueRequired":true,"valueName":"search_term_string"}}],"inLanguage":"en-US"}]}},"acf":{"fiche_methode":"","fiche_technique":"https:\/\/www.hydrachim.fr\/app\/uploads\/2025\/12\/FT___0115___ORLAV___ECO_ACTIV____PASTILLES_LINGE.pdf"},"_links":{"self":[{"href":"https:\/\/www.hydrachim.fr\/en\/wp-json\/wp\/v2\/product\/8165","targetHints":{"allow":["GET"]}}],"collection":[{"href":"https:\/\/www.hydrachim.fr\/en\/wp-json\/wp\/v2\/product"}],"about":[{"href":"https:\/\/www.hydrachim.fr\/en\/wp-json\/wp\/v2\/types\/product"}],"wp:featuredmedia":[{"embeddable":true,"href":"https:\/\/www.hydrachim.fr\/en\/wp-json\/wp\/v2\/media\/20158"}],"wp:attachment":[{"href":"https:\/\/www.hydrachim.fr\/en\/wp-json\/wp\/v2\/media?parent=8165"}],"wp:term":[{"taxonomy":"product_brand","embeddable":true,"href":"https:\/\/www.hydrachim.fr\/en\/wp-json\/wp\/v2\/product_brand?post=8165"},{"taxonomy":"product_type","embeddable":true,"href":"https:\/\/www.hydrachim.fr\/en\/wp-json\/wp\/v2\/product_type?post=8165"},{"taxonomy":"product_visibility","embeddable":true,"href":"https:\/\/www.hydrachim.fr\/en\/wp-json\/wp\/v2\/product_visibility?post=8165"},{"taxonomy":"product_cat","embeddable":true,"href":"https:\/\/www.hydrachim.fr\/en\/wp-json\/wp\/v2\/product_cat?post=8165"}],"curies":[{"name":"wp","href":"https:\/\/api.w.org\/{rel}","templated":true}]}}