{"id":7737,"date":"2020-11-23T18:07:51","date_gmt":"2020-11-23T16:07:51","guid":{"rendered":"https:\/\/www.hydrachim.fr\/produit\/respecthome_vinaigre_menager_8_gel_parfum_kiwi__002220901\/"},"modified":"2025-02-12T13:00:11","modified_gmt":"2025-02-12T11:00:11","slug":"respecthome_vinaigre_dalcool_menager_8_gel_arome_kiwi_002220901","status":"publish","type":"product","link":"https:\/\/www.hydrachim.fr\/en\/produit\/respecthome_vinaigre_dalcool_menager_8_gel_arome_kiwi_002220901\/","title":{"rendered":"Respect&#8217;Home\u00ae Vinaigre d&#8217;Alcool M\u00e9nager 8\u00b0 Gel ar\u00f4me kiwi"},"content":{"rendered":"<p><strong>RESPECT\u2019HOME\u00ae VINAIGRE D&#8217;ALCOOL MENAGER 8\u00b0 GEL est un d\u00e9tergent pr\u00eat \u00e0 l\u2019emploi pr\u00e9vu pour toutes les surfaces lavables, il nettoie, d\u00e9tache, d\u00e9tartre et fait briller.<br \/>\nRESPECT\u2019HOME\u00ae VINAIGRE D&#8217;ALCOOL MENAGER 8\u00b0 GEL est un d\u00e9tergent quotidien, excellent pouvoir nettoyant, sur de nombreux supports et objets du quotidien*.<br \/>\nRESPECT\u2019HOME\u00ae VINAIGRE D&#8217;ALCOOL MENAGER 8\u00b0 GEL permet de cibler parfaitement la zone \u00e0 traiter. Cette version g\u00e9lifi\u00e9e permet une meilleure adh\u00e9rence aux parois verticales.<\/strong><\/p>\n<p>RESPECT\u2019HOME\u00ae VINAIGRE D&#8217;ALCOOL MENAGER 8\u00b0 GEL s\u2019utilise en collectivit\u00e9, cr\u00e8ches, EHPAD, locaux administratifs, locaux sportifs, piscines, h\u00f4tels, industries, locaux sociaux, tertiaires,\u2026<\/p>\n<p><strong>Disponible en carton de 6&#215;750 ml. R\u00e9f.002220901<\/strong><\/p>\n<p class=\"y-product y-product__product-subtitle\">Avantage :<\/p>\n<p>Respecte les surfaces.<br \/>\nMultiples usages.<br \/>\n&#8211; 100% des ingr\u00e9dients sont d\u2019origine naturelle<br \/>\n&#8211; Biod\u00e9gradable \u00e0 100% (selon la m\u00e9thode OCDE 302 B)<\/p>\n<p>LISTE INCI : AQUA, ACETIC ACID, AROMA, XANTHAN GUM, CITRIC ACID.<\/p>\n<p>Retrouvez le mode d&#8217;emploi et le dosage du produit en t\u00e9l\u00e9chargeant la fiche technique. <\/p>\n<p><em>Avant toute utilisation, lire l&#8217;\u00e9tiquette et les informations concernant le produit.<br \/>\nProduit conforme \u00e0 la l\u00e9gislation relative aux proc\u00e9d\u00e9s et aux produits utilis\u00e9s pour le nettoyage des mat\u00e9riaux et objets destin\u00e9s \u00e0 entrer en contact avec des denr\u00e9es, produits et boissons pour l\u2019alimentation de l\u2019homme et des animaux (Arr\u00eat\u00e9 du 08\/09\/1999 modifi\u00e9 le 19.12.2013). Rin\u00e7age obligatoire.<br \/>\nD\u00e9tergent certifi\u00e9 par ECOCERT Greenlife selon le r\u00e9f\u00e9rentiel ECOCERT \u00abEcod\u00e9tergent\u00bb disponible sur http:\/\/detergents.ecocert.com.<\/em><\/p>\n","protected":false},"excerpt":{"rendered":"<p>Nettoyant  d\u00e9tartrant multi surfaces &#8211; Produit naturel Ecocert Ecod\u00e9tergent.<\/p>\n","protected":false},"featured_media":11146,"template":"","meta":[],"product_brand":[],"product_type":[2],"product_visibility":[],"product_cat":[4097,4189,4143,4127],"class_list":{"0":"post-7737","1":"product","2":"type-product","3":"status-publish","4":"has-post-thumbnail","6":"product_cat-produitsecocert","7":"product_cat-marquesidegreen","8":"product_cat-nouveautes","9":"product_cat-produitssurface-sol","10":"product_tag-detachant","11":"product_tag-detartrant","12":"product_tag-detergent","13":"product_tag-gel","14":"product_tag-parfum","16":"first","17":"instock","18":"shipping-taxable","19":"product-type-simple"},"yoast_head":"<!-- This site is optimized with the Yoast SEO plugin v27.4 - https:\/\/yoast.com\/product\/yoast-seo-wordpress\/ -->\n<title>Respect&#039;Home\u00ae Vinaigre d&#039;Alcool M\u00e9nager 8\u00b0 Gel ar\u00f4me kiwi - Hydrachim<\/title>\n<meta name=\"robots\" content=\"index, follow, max-snippet:-1, max-image-preview:large, max-video-preview:-1\" \/>\n<link rel=\"canonical\" href=\"https:\/\/www.hydrachim.fr\/en\/produit\/respecthome_vinaigre_dalcool_menager_8_gel_arome_kiwi_002220901\/\" \/>\n<meta property=\"og:locale\" content=\"en_US\" \/>\n<meta property=\"og:type\" content=\"article\" \/>\n<meta property=\"og:title\" content=\"Respect&#039;Home\u00ae Vinaigre d&#039;Alcool M\u00e9nager 8\u00b0 Gel ar\u00f4me kiwi - Hydrachim\" \/>\n<meta property=\"og:description\" content=\"Nettoyant d\u00e9tartrant multi surfaces - Produit naturel Ecocert Ecod\u00e9tergent.\" \/>\n<meta property=\"og:url\" content=\"https:\/\/www.hydrachim.fr\/en\/produit\/respecthome_vinaigre_dalcool_menager_8_gel_arome_kiwi_002220901\/\" \/>\n<meta property=\"og:site_name\" content=\"Hydrachim\" \/>\n<meta property=\"article:modified_time\" content=\"2025-02-12T11:00:11+00:00\" \/>\n<meta property=\"og:image\" content=\"https:\/\/www.hydrachim.fr\/app\/uploads\/2022\/03\/2209_RESPECT_HOME_VINAIGRE_8__GEL_750ML_nv2..png\" \/>\n\t<meta property=\"og:image:width\" content=\"600\" \/>\n\t<meta property=\"og:image:height\" content=\"1092\" \/>\n\t<meta property=\"og:image:type\" content=\"image\/png\" \/>\n<meta name=\"twitter:card\" content=\"summary_large_image\" \/>\n<meta name=\"twitter:label1\" content=\"Est. reading time\" \/>\n\t<meta name=\"twitter:data1\" content=\"1 minute\" \/>\n<script type=\"application\/ld+json\" class=\"yoast-schema-graph\">{\"@context\":\"https:\\\/\\\/schema.org\",\"@graph\":[{\"@type\":\"WebPage\",\"@id\":\"https:\\\/\\\/www.hydrachim.fr\\\/en\\\/produit\\\/respecthome_vinaigre_dalcool_menager_8_gel_arome_kiwi_002220901\\\/\",\"url\":\"https:\\\/\\\/www.hydrachim.fr\\\/en\\\/produit\\\/respecthome_vinaigre_dalcool_menager_8_gel_arome_kiwi_002220901\\\/\",\"name\":\"Respect'Home\u00ae Vinaigre d'Alcool M\u00e9nager 8\u00b0 Gel ar\u00f4me kiwi - Hydrachim\",\"isPartOf\":{\"@id\":\"https:\\\/\\\/www.hydrachim.fr\\\/en\\\/#website\"},\"primaryImageOfPage\":{\"@id\":\"https:\\\/\\\/www.hydrachim.fr\\\/en\\\/produit\\\/respecthome_vinaigre_dalcool_menager_8_gel_arome_kiwi_002220901\\\/#primaryimage\"},\"image\":{\"@id\":\"https:\\\/\\\/www.hydrachim.fr\\\/en\\\/produit\\\/respecthome_vinaigre_dalcool_menager_8_gel_arome_kiwi_002220901\\\/#primaryimage\"},\"thumbnailUrl\":\"https:\\\/\\\/www.hydrachim.fr\\\/app\\\/uploads\\\/2022\\\/03\\\/2209_RESPECT_HOME_VINAIGRE_8__GEL_750ML_nv2..png\",\"datePublished\":\"2020-11-23T16:07:51+00:00\",\"dateModified\":\"2025-02-12T11:00:11+00:00\",\"breadcrumb\":{\"@id\":\"https:\\\/\\\/www.hydrachim.fr\\\/en\\\/produit\\\/respecthome_vinaigre_dalcool_menager_8_gel_arome_kiwi_002220901\\\/#breadcrumb\"},\"inLanguage\":\"en-US\",\"potentialAction\":[{\"@type\":\"ReadAction\",\"target\":[\"https:\\\/\\\/www.hydrachim.fr\\\/en\\\/produit\\\/respecthome_vinaigre_dalcool_menager_8_gel_arome_kiwi_002220901\\\/\"]}]},{\"@type\":\"ImageObject\",\"inLanguage\":\"en-US\",\"@id\":\"https:\\\/\\\/www.hydrachim.fr\\\/en\\\/produit\\\/respecthome_vinaigre_dalcool_menager_8_gel_arome_kiwi_002220901\\\/#primaryimage\",\"url\":\"https:\\\/\\\/www.hydrachim.fr\\\/app\\\/uploads\\\/2022\\\/03\\\/2209_RESPECT_HOME_VINAIGRE_8__GEL_750ML_nv2..png\",\"contentUrl\":\"https:\\\/\\\/www.hydrachim.fr\\\/app\\\/uploads\\\/2022\\\/03\\\/2209_RESPECT_HOME_VINAIGRE_8__GEL_750ML_nv2..png\",\"width\":600,\"height\":1092},{\"@type\":\"BreadcrumbList\",\"@id\":\"https:\\\/\\\/www.hydrachim.fr\\\/en\\\/produit\\\/respecthome_vinaigre_dalcool_menager_8_gel_arome_kiwi_002220901\\\/#breadcrumb\",\"itemListElement\":[{\"@type\":\"ListItem\",\"position\":1,\"name\":\"Home\",\"item\":\"https:\\\/\\\/www.hydrachim.fr\\\/en\\\/\"},{\"@type\":\"ListItem\",\"position\":2,\"name\":\"Boutique\",\"item\":\"https:\\\/\\\/www.hydrachim.fr\\\/boutique\\\/\"},{\"@type\":\"ListItem\",\"position\":3,\"name\":\"Respect&rsquo;Home\u00ae Vinaigre d&rsquo;Alcool M\u00e9nager 8\u00b0 Gel ar\u00f4me kiwi\"}]},{\"@type\":\"WebSite\",\"@id\":\"https:\\\/\\\/www.hydrachim.fr\\\/en\\\/#website\",\"url\":\"https:\\\/\\\/www.hydrachim.fr\\\/en\\\/\",\"name\":\"Hydrachim\",\"description\":\"La science de l&#039;hygi\u00e8ne\",\"potentialAction\":[{\"@type\":\"SearchAction\",\"target\":{\"@type\":\"EntryPoint\",\"urlTemplate\":\"https:\\\/\\\/www.hydrachim.fr\\\/en\\\/?s={search_term_string}\"},\"query-input\":{\"@type\":\"PropertyValueSpecification\",\"valueRequired\":true,\"valueName\":\"search_term_string\"}}],\"inLanguage\":\"en-US\"}]}<\/script>\n<!-- \/ Yoast SEO plugin. -->","yoast_head_json":{"title":"Respect'Home\u00ae Vinaigre d'Alcool M\u00e9nager 8\u00b0 Gel ar\u00f4me kiwi - Hydrachim","robots":{"index":"index","follow":"follow","max-snippet":"max-snippet:-1","max-image-preview":"max-image-preview:large","max-video-preview":"max-video-preview:-1"},"canonical":"https:\/\/www.hydrachim.fr\/en\/produit\/respecthome_vinaigre_dalcool_menager_8_gel_arome_kiwi_002220901\/","og_locale":"en_US","og_type":"article","og_title":"Respect'Home\u00ae Vinaigre d'Alcool M\u00e9nager 8\u00b0 Gel ar\u00f4me kiwi - Hydrachim","og_description":"Nettoyant d\u00e9tartrant multi surfaces - Produit naturel Ecocert Ecod\u00e9tergent.","og_url":"https:\/\/www.hydrachim.fr\/en\/produit\/respecthome_vinaigre_dalcool_menager_8_gel_arome_kiwi_002220901\/","og_site_name":"Hydrachim","article_modified_time":"2025-02-12T11:00:11+00:00","og_image":[{"width":600,"height":1092,"url":"https:\/\/www.hydrachim.fr\/app\/uploads\/2022\/03\/2209_RESPECT_HOME_VINAIGRE_8__GEL_750ML_nv2..png","type":"image\/png"}],"twitter_card":"summary_large_image","twitter_misc":{"Est. reading time":"1 minute"},"schema":{"@context":"https:\/\/schema.org","@graph":[{"@type":"WebPage","@id":"https:\/\/www.hydrachim.fr\/en\/produit\/respecthome_vinaigre_dalcool_menager_8_gel_arome_kiwi_002220901\/","url":"https:\/\/www.hydrachim.fr\/en\/produit\/respecthome_vinaigre_dalcool_menager_8_gel_arome_kiwi_002220901\/","name":"Respect'Home\u00ae Vinaigre d'Alcool M\u00e9nager 8\u00b0 Gel ar\u00f4me kiwi - Hydrachim","isPartOf":{"@id":"https:\/\/www.hydrachim.fr\/en\/#website"},"primaryImageOfPage":{"@id":"https:\/\/www.hydrachim.fr\/en\/produit\/respecthome_vinaigre_dalcool_menager_8_gel_arome_kiwi_002220901\/#primaryimage"},"image":{"@id":"https:\/\/www.hydrachim.fr\/en\/produit\/respecthome_vinaigre_dalcool_menager_8_gel_arome_kiwi_002220901\/#primaryimage"},"thumbnailUrl":"https:\/\/www.hydrachim.fr\/app\/uploads\/2022\/03\/2209_RESPECT_HOME_VINAIGRE_8__GEL_750ML_nv2..png","datePublished":"2020-11-23T16:07:51+00:00","dateModified":"2025-02-12T11:00:11+00:00","breadcrumb":{"@id":"https:\/\/www.hydrachim.fr\/en\/produit\/respecthome_vinaigre_dalcool_menager_8_gel_arome_kiwi_002220901\/#breadcrumb"},"inLanguage":"en-US","potentialAction":[{"@type":"ReadAction","target":["https:\/\/www.hydrachim.fr\/en\/produit\/respecthome_vinaigre_dalcool_menager_8_gel_arome_kiwi_002220901\/"]}]},{"@type":"ImageObject","inLanguage":"en-US","@id":"https:\/\/www.hydrachim.fr\/en\/produit\/respecthome_vinaigre_dalcool_menager_8_gel_arome_kiwi_002220901\/#primaryimage","url":"https:\/\/www.hydrachim.fr\/app\/uploads\/2022\/03\/2209_RESPECT_HOME_VINAIGRE_8__GEL_750ML_nv2..png","contentUrl":"https:\/\/www.hydrachim.fr\/app\/uploads\/2022\/03\/2209_RESPECT_HOME_VINAIGRE_8__GEL_750ML_nv2..png","width":600,"height":1092},{"@type":"BreadcrumbList","@id":"https:\/\/www.hydrachim.fr\/en\/produit\/respecthome_vinaigre_dalcool_menager_8_gel_arome_kiwi_002220901\/#breadcrumb","itemListElement":[{"@type":"ListItem","position":1,"name":"Home","item":"https:\/\/www.hydrachim.fr\/en\/"},{"@type":"ListItem","position":2,"name":"Boutique","item":"https:\/\/www.hydrachim.fr\/boutique\/"},{"@type":"ListItem","position":3,"name":"Respect&rsquo;Home\u00ae Vinaigre d&rsquo;Alcool M\u00e9nager 8\u00b0 Gel ar\u00f4me kiwi"}]},{"@type":"WebSite","@id":"https:\/\/www.hydrachim.fr\/en\/#website","url":"https:\/\/www.hydrachim.fr\/en\/","name":"Hydrachim","description":"La science de l&#039;hygi\u00e8ne","potentialAction":[{"@type":"SearchAction","target":{"@type":"EntryPoint","urlTemplate":"https:\/\/www.hydrachim.fr\/en\/?s={search_term_string}"},"query-input":{"@type":"PropertyValueSpecification","valueRequired":true,"valueName":"search_term_string"}}],"inLanguage":"en-US"}]}},"acf":{"fiche_methode":"","fiche_technique":"https:\/\/www.hydrachim.fr\/app\/uploads\/2024\/06\/FT_2209_IDEGREEN_ECOCERT___RESPECT_HOME_VINAIGRE_D_ALCOOL_MENAGER_GEL_8__Kiwi.pdf"},"_links":{"self":[{"href":"https:\/\/www.hydrachim.fr\/en\/wp-json\/wp\/v2\/product\/7737","targetHints":{"allow":["GET"]}}],"collection":[{"href":"https:\/\/www.hydrachim.fr\/en\/wp-json\/wp\/v2\/product"}],"about":[{"href":"https:\/\/www.hydrachim.fr\/en\/wp-json\/wp\/v2\/types\/product"}],"wp:featuredmedia":[{"embeddable":true,"href":"https:\/\/www.hydrachim.fr\/en\/wp-json\/wp\/v2\/media\/11146"}],"wp:attachment":[{"href":"https:\/\/www.hydrachim.fr\/en\/wp-json\/wp\/v2\/media?parent=7737"}],"wp:term":[{"taxonomy":"product_brand","embeddable":true,"href":"https:\/\/www.hydrachim.fr\/en\/wp-json\/wp\/v2\/product_brand?post=7737"},{"taxonomy":"product_type","embeddable":true,"href":"https:\/\/www.hydrachim.fr\/en\/wp-json\/wp\/v2\/product_type?post=7737"},{"taxonomy":"product_visibility","embeddable":true,"href":"https:\/\/www.hydrachim.fr\/en\/wp-json\/wp\/v2\/product_visibility?post=7737"},{"taxonomy":"product_cat","embeddable":true,"href":"https:\/\/www.hydrachim.fr\/en\/wp-json\/wp\/v2\/product_cat?post=7737"}],"curies":[{"name":"wp","href":"https:\/\/api.w.org\/{rel}","templated":true}]}}