{"id":7731,"date":"2020-11-23T17:57:19","date_gmt":"2020-11-23T15:57:19","guid":{"rendered":"https:\/\/www.hydrachim.fr\/?post_type=product&#038;p=7731"},"modified":"2025-04-23T15:19:20","modified_gmt":"2025-04-23T13:19:20","slug":"respecthome_rincage_toutes_eaux_002222881","status":"publish","type":"product","link":"https:\/\/www.hydrachim.fr\/en\/produit\/respecthome_rincage_toutes_eaux_002222881\/","title":{"rendered":"Respect&#8217;Home\u00ae rin\u00e7age toutes eaux"},"content":{"rendered":"<p><strong>RESPECT\u2019HOME RINCAGE TOUTES EAUX\u00ae est une formule non-moussante destin\u00e9e au rin\u00e7age m\u00e9canique de la vaisselle.<\/strong><\/p>\n<p>RESPECT\u2019HOME RINCAGE TOUTES EAUX \u00ae convient \u00e0 tout type de lave-vaisselle, en utilisation industrielle.<\/p>\n<p><strong>&#8211; Carton de 2&#215;5 litres. R\u00e9f. 002222801<\/strong><\/p>\n<p class=\"y-product y-product__product-subtitle\">Avantage :<\/p>\n<p>&#8211; 99% des ingr\u00e9dients sont d\u2019origine v\u00e9g\u00e9tale ou min\u00e9rale<br \/>\n&#8211; Produit \u00e0 usage professionnel<br \/>\n&#8211; Sans VLEP r\u00e9glementaire<\/p>\n<p>Retrouvez le mode d&#8217;emploi et le dosage du produit en t\u00e9l\u00e9chargeant la fiche technique.<\/p>\n<p><em>Conforme \u00e0 la l\u00e9gislation relative aux produits de nettoyage du mat\u00e9riel pouvant se trouver en contact des denr\u00e9es alimentaires. Pour cette utilisation, rin\u00e7age obligatoire.(Arr\u00eat\u00e9 du 08\/09\/1999 modifi\u00e9 le 19.12.2013).<br \/>\nD\u00e9tergent certifi\u00e9 par ECOCERT Greenlife selon le r\u00e9f\u00e9rentiel ECOCERT \u00abEcod\u00e9tergent\u00bb disponible sur http:\/\/detergents.ecocert.com.<\/em><\/p>\n","protected":false},"excerpt":{"rendered":"<p>Liquide de rin\u00e7age de la vaisselle en machine. Ecocert.<br \/>\nFormule sp\u00e9ciale toutes eaux.<\/p>\n","protected":false},"featured_media":21425,"template":"","meta":[],"product_brand":[],"product_type":[2],"product_visibility":[],"product_cat":[4117,4097,4189,4143],"class_list":{"0":"post-7731","1":"product","2":"type-product","3":"status-publish","4":"has-post-thumbnail","6":"product_cat-produitscuisine","7":"product_cat-produitsecocert","8":"product_cat-marquesidegreen","9":"product_cat-nouveautes","10":"product_tag-ecocert","11":"product_tag-machine--laver","12":"product_tag-nettoyage","13":"product_tag-nettoyant","14":"product_tag-toutes-eaux","16":"first","17":"instock","18":"shipping-taxable","19":"product-type-simple"},"yoast_head":"<!-- This site is optimized with the Yoast SEO plugin v27.5 - https:\/\/yoast.com\/product\/yoast-seo-wordpress\/ -->\n<title>Respect&#039;Home\u00ae rin\u00e7age toutes eaux - Hydrachim<\/title>\n<meta name=\"robots\" content=\"index, follow, max-snippet:-1, max-image-preview:large, max-video-preview:-1\" \/>\n<link rel=\"canonical\" href=\"https:\/\/www.hydrachim.fr\/en\/produit\/respecthome_rincage_toutes_eaux_002222881\/\" \/>\n<meta property=\"og:locale\" content=\"en_US\" \/>\n<meta property=\"og:type\" content=\"article\" \/>\n<meta property=\"og:title\" content=\"Respect&#039;Home\u00ae rin\u00e7age toutes eaux - Hydrachim\" \/>\n<meta property=\"og:description\" content=\"Liquide de rin\u00e7age de la vaisselle en machine. Ecocert. Formule sp\u00e9ciale toutes eaux.\" \/>\n<meta property=\"og:url\" content=\"https:\/\/www.hydrachim.fr\/en\/produit\/respecthome_rincage_toutes_eaux_002222881\/\" \/>\n<meta property=\"og:site_name\" content=\"Hydrachim\" \/>\n<meta property=\"article:modified_time\" content=\"2025-04-23T13:19:20+00:00\" \/>\n<meta property=\"og:image\" content=\"https:\/\/www.hydrachim.fr\/app\/uploads\/2022\/04\/2228_RESPECT_HOME_RINCAGE_MACHINE_ID30_5L_bch_jaune___V2_..png\" \/>\n\t<meta property=\"og:image:width\" content=\"600\" \/>\n\t<meta property=\"og:image:height\" content=\"807\" \/>\n\t<meta property=\"og:image:type\" content=\"image\/png\" \/>\n<meta name=\"twitter:card\" content=\"summary_large_image\" \/>\n<meta name=\"twitter:label1\" content=\"Est. reading time\" \/>\n\t<meta name=\"twitter:data1\" content=\"1 minute\" \/>\n<script type=\"application\/ld+json\" class=\"yoast-schema-graph\">{\"@context\":\"https:\\\/\\\/schema.org\",\"@graph\":[{\"@type\":\"WebPage\",\"@id\":\"https:\\\/\\\/www.hydrachim.fr\\\/en\\\/produit\\\/respecthome_rincage_toutes_eaux_002222881\\\/\",\"url\":\"https:\\\/\\\/www.hydrachim.fr\\\/en\\\/produit\\\/respecthome_rincage_toutes_eaux_002222881\\\/\",\"name\":\"Respect'Home\u00ae rin\u00e7age toutes eaux - Hydrachim\",\"isPartOf\":{\"@id\":\"https:\\\/\\\/www.hydrachim.fr\\\/en\\\/#website\"},\"primaryImageOfPage\":{\"@id\":\"https:\\\/\\\/www.hydrachim.fr\\\/en\\\/produit\\\/respecthome_rincage_toutes_eaux_002222881\\\/#primaryimage\"},\"image\":{\"@id\":\"https:\\\/\\\/www.hydrachim.fr\\\/en\\\/produit\\\/respecthome_rincage_toutes_eaux_002222881\\\/#primaryimage\"},\"thumbnailUrl\":\"https:\\\/\\\/www.hydrachim.fr\\\/app\\\/uploads\\\/2025\\\/04\\\/2228___RINCAGE_TOUTES_EAUX.png\",\"datePublished\":\"2020-11-23T15:57:19+00:00\",\"dateModified\":\"2025-04-23T13:19:20+00:00\",\"breadcrumb\":{\"@id\":\"https:\\\/\\\/www.hydrachim.fr\\\/en\\\/produit\\\/respecthome_rincage_toutes_eaux_002222881\\\/#breadcrumb\"},\"inLanguage\":\"en-US\",\"potentialAction\":[{\"@type\":\"ReadAction\",\"target\":[\"https:\\\/\\\/www.hydrachim.fr\\\/en\\\/produit\\\/respecthome_rincage_toutes_eaux_002222881\\\/\"]}]},{\"@type\":\"ImageObject\",\"inLanguage\":\"en-US\",\"@id\":\"https:\\\/\\\/www.hydrachim.fr\\\/en\\\/produit\\\/respecthome_rincage_toutes_eaux_002222881\\\/#primaryimage\",\"url\":\"https:\\\/\\\/www.hydrachim.fr\\\/app\\\/uploads\\\/2025\\\/04\\\/2228___RINCAGE_TOUTES_EAUX.png\",\"contentUrl\":\"https:\\\/\\\/www.hydrachim.fr\\\/app\\\/uploads\\\/2025\\\/04\\\/2228___RINCAGE_TOUTES_EAUX.png\",\"width\":1543,\"height\":2227},{\"@type\":\"BreadcrumbList\",\"@id\":\"https:\\\/\\\/www.hydrachim.fr\\\/en\\\/produit\\\/respecthome_rincage_toutes_eaux_002222881\\\/#breadcrumb\",\"itemListElement\":[{\"@type\":\"ListItem\",\"position\":1,\"name\":\"Home\",\"item\":\"https:\\\/\\\/www.hydrachim.fr\\\/en\\\/\"},{\"@type\":\"ListItem\",\"position\":2,\"name\":\"Boutique\",\"item\":\"https:\\\/\\\/www.hydrachim.fr\\\/boutique\\\/\"},{\"@type\":\"ListItem\",\"position\":3,\"name\":\"Respect&rsquo;Home\u00ae rin\u00e7age toutes eaux\"}]},{\"@type\":\"WebSite\",\"@id\":\"https:\\\/\\\/www.hydrachim.fr\\\/en\\\/#website\",\"url\":\"https:\\\/\\\/www.hydrachim.fr\\\/en\\\/\",\"name\":\"Hydrachim\",\"description\":\"La science de l&#039;hygi\u00e8ne\",\"potentialAction\":[{\"@type\":\"SearchAction\",\"target\":{\"@type\":\"EntryPoint\",\"urlTemplate\":\"https:\\\/\\\/www.hydrachim.fr\\\/en\\\/?s={search_term_string}\"},\"query-input\":{\"@type\":\"PropertyValueSpecification\",\"valueRequired\":true,\"valueName\":\"search_term_string\"}}],\"inLanguage\":\"en-US\"}]}<\/script>\n<!-- \/ Yoast SEO plugin. -->","yoast_head_json":{"title":"Respect'Home\u00ae rin\u00e7age toutes eaux - Hydrachim","robots":{"index":"index","follow":"follow","max-snippet":"max-snippet:-1","max-image-preview":"max-image-preview:large","max-video-preview":"max-video-preview:-1"},"canonical":"https:\/\/www.hydrachim.fr\/en\/produit\/respecthome_rincage_toutes_eaux_002222881\/","og_locale":"en_US","og_type":"article","og_title":"Respect'Home\u00ae rin\u00e7age toutes eaux - Hydrachim","og_description":"Liquide de rin\u00e7age de la vaisselle en machine. Ecocert. Formule sp\u00e9ciale toutes eaux.","og_url":"https:\/\/www.hydrachim.fr\/en\/produit\/respecthome_rincage_toutes_eaux_002222881\/","og_site_name":"Hydrachim","article_modified_time":"2025-04-23T13:19:20+00:00","og_image":[{"width":600,"height":807,"url":"https:\/\/www.hydrachim.fr\/app\/uploads\/2022\/04\/2228_RESPECT_HOME_RINCAGE_MACHINE_ID30_5L_bch_jaune___V2_..png","type":"image\/png"}],"twitter_card":"summary_large_image","twitter_misc":{"Est. reading time":"1 minute"},"schema":{"@context":"https:\/\/schema.org","@graph":[{"@type":"WebPage","@id":"https:\/\/www.hydrachim.fr\/en\/produit\/respecthome_rincage_toutes_eaux_002222881\/","url":"https:\/\/www.hydrachim.fr\/en\/produit\/respecthome_rincage_toutes_eaux_002222881\/","name":"Respect'Home\u00ae rin\u00e7age toutes eaux - Hydrachim","isPartOf":{"@id":"https:\/\/www.hydrachim.fr\/en\/#website"},"primaryImageOfPage":{"@id":"https:\/\/www.hydrachim.fr\/en\/produit\/respecthome_rincage_toutes_eaux_002222881\/#primaryimage"},"image":{"@id":"https:\/\/www.hydrachim.fr\/en\/produit\/respecthome_rincage_toutes_eaux_002222881\/#primaryimage"},"thumbnailUrl":"https:\/\/www.hydrachim.fr\/app\/uploads\/2025\/04\/2228___RINCAGE_TOUTES_EAUX.png","datePublished":"2020-11-23T15:57:19+00:00","dateModified":"2025-04-23T13:19:20+00:00","breadcrumb":{"@id":"https:\/\/www.hydrachim.fr\/en\/produit\/respecthome_rincage_toutes_eaux_002222881\/#breadcrumb"},"inLanguage":"en-US","potentialAction":[{"@type":"ReadAction","target":["https:\/\/www.hydrachim.fr\/en\/produit\/respecthome_rincage_toutes_eaux_002222881\/"]}]},{"@type":"ImageObject","inLanguage":"en-US","@id":"https:\/\/www.hydrachim.fr\/en\/produit\/respecthome_rincage_toutes_eaux_002222881\/#primaryimage","url":"https:\/\/www.hydrachim.fr\/app\/uploads\/2025\/04\/2228___RINCAGE_TOUTES_EAUX.png","contentUrl":"https:\/\/www.hydrachim.fr\/app\/uploads\/2025\/04\/2228___RINCAGE_TOUTES_EAUX.png","width":1543,"height":2227},{"@type":"BreadcrumbList","@id":"https:\/\/www.hydrachim.fr\/en\/produit\/respecthome_rincage_toutes_eaux_002222881\/#breadcrumb","itemListElement":[{"@type":"ListItem","position":1,"name":"Home","item":"https:\/\/www.hydrachim.fr\/en\/"},{"@type":"ListItem","position":2,"name":"Boutique","item":"https:\/\/www.hydrachim.fr\/boutique\/"},{"@type":"ListItem","position":3,"name":"Respect&rsquo;Home\u00ae rin\u00e7age toutes eaux"}]},{"@type":"WebSite","@id":"https:\/\/www.hydrachim.fr\/en\/#website","url":"https:\/\/www.hydrachim.fr\/en\/","name":"Hydrachim","description":"La science de l&#039;hygi\u00e8ne","potentialAction":[{"@type":"SearchAction","target":{"@type":"EntryPoint","urlTemplate":"https:\/\/www.hydrachim.fr\/en\/?s={search_term_string}"},"query-input":{"@type":"PropertyValueSpecification","valueRequired":true,"valueName":"search_term_string"}}],"inLanguage":"en-US"}]}},"acf":{"fiche_methode":"","fiche_technique":"https:\/\/www.hydrachim.fr\/app\/uploads\/2025\/04\/FT_2228_IDEGREEN_ECOCERT___RESPECT_HOME_RINCAGE_TOUTES_EAUX.pdf"},"_links":{"self":[{"href":"https:\/\/www.hydrachim.fr\/en\/wp-json\/wp\/v2\/product\/7731","targetHints":{"allow":["GET"]}}],"collection":[{"href":"https:\/\/www.hydrachim.fr\/en\/wp-json\/wp\/v2\/product"}],"about":[{"href":"https:\/\/www.hydrachim.fr\/en\/wp-json\/wp\/v2\/types\/product"}],"wp:featuredmedia":[{"embeddable":true,"href":"https:\/\/www.hydrachim.fr\/en\/wp-json\/wp\/v2\/media\/21425"}],"wp:attachment":[{"href":"https:\/\/www.hydrachim.fr\/en\/wp-json\/wp\/v2\/media?parent=7731"}],"wp:term":[{"taxonomy":"product_brand","embeddable":true,"href":"https:\/\/www.hydrachim.fr\/en\/wp-json\/wp\/v2\/product_brand?post=7731"},{"taxonomy":"product_type","embeddable":true,"href":"https:\/\/www.hydrachim.fr\/en\/wp-json\/wp\/v2\/product_type?post=7731"},{"taxonomy":"product_visibility","embeddable":true,"href":"https:\/\/www.hydrachim.fr\/en\/wp-json\/wp\/v2\/product_visibility?post=7731"},{"taxonomy":"product_cat","embeddable":true,"href":"https:\/\/www.hydrachim.fr\/en\/wp-json\/wp\/v2\/product_cat?post=7731"}],"curies":[{"name":"wp","href":"https:\/\/api.w.org\/{rel}","templated":true}]}}