{"id":7728,"date":"2020-11-23T17:51:30","date_gmt":"2020-11-23T15:51:30","guid":{"rendered":"https:\/\/www.hydrachim.fr\/?post_type=product&#038;p=7728"},"modified":"2025-06-16T15:48:52","modified_gmt":"2025-06-16T13:48:52","slug":"respecthome_lavage_machine_id20_002222701","status":"publish","type":"product","link":"https:\/\/www.hydrachim.fr\/en\/produit\/respecthome_lavage_machine_id20_002222701\/","title":{"rendered":"Respect&#8217;Home\u00ae Lavage machine ID20"},"content":{"rendered":"<p><strong>Formul\u00e9 pour le nettoyage m\u00e9canique de la vaisselle sp\u00e9cialement pour les eaux douces \u00e0 moyennement calcaire.<\/strong><\/p>\n<p>RESPECT\u2019HOME LAVAGE MACHINE ID20\u00ae est formul\u00e9 pour le nettoyage m\u00e9canique de la vaisselle.<br \/>\nConvient pour toutes les qualit\u00e9s d\u2019eaux jusqu\u2019\u00e0 moyennement dure.<br \/>\nConvient \u00e0 tout type de lave-vaisselle professionnel (machine \u00e0 capot type mono-zone ou convoyeur type multi-zones), pour machines moyens et gros d\u00e9bits.<\/p>\n<p><strong>&#8211; Carton de 2x5L. R\u00e9f. 002222701<br \/>\nExiste en sp\u00e9cial Lave verre : Carton de 6x1L. R\u00e9f. 002222703<\/strong><\/p>\n<p class=\"y-product y-product__product-subtitle\">Avantage :<\/p>\n<p>&#8211; 96% des ingr\u00e9dients sont d\u2019origine v\u00e9g\u00e9tale ou min\u00e9rale<br \/>\n&#8211; Produit \u00e0 usage professionnel<br \/>\n&#8211; Sans VLEP r\u00e9glementaire<\/p>\n<p>Retrouvez le mode d&#8217;emploi et le dosage du produit en t\u00e9l\u00e9chargeant la fiche technique.<\/p>\n<p><em>Conforme \u00e0 la l\u00e9gislation relative aux produits de nettoyage du mat\u00e9riel pouvant se trouver en contact des denr\u00e9es alimentaires. Pour cette utilisation, rin\u00e7age obligatoire.(Arr\u00eat\u00e9 du 08\/09\/1999 modifi\u00e9 le 19.12.2013).<br \/>\nD\u00e9tergent certifi\u00e9 par ECOCERT Greenlife selon le r\u00e9f\u00e9rentiel ECOCERT \u00abEcod\u00e9tergent\u00bb disponible sur http:\/\/detergents.ecocert.com.<\/em><\/p>\n","protected":false},"excerpt":{"rendered":"<p>Liquide de lavage de la vaisselle en machine. Ecocert.<br \/>\nFormule sp\u00e9ciale eaux douces \u00e0 moyennement dures.<br \/>\nSans phosphate.<\/p>\n","protected":false},"featured_media":21423,"template":"","meta":[],"product_brand":[],"product_type":[2],"product_visibility":[],"product_cat":[4098,4097,4189,4143],"class_list":{"0":"post-7728","1":"product","2":"type-product","3":"status-publish","4":"has-post-thumbnail","6":"product_cat-ecocertcuisine","7":"product_cat-produitsecocert","8":"product_cat-marquesidegreen","9":"product_cat-nouveautes","10":"product_tag-ecocert","11":"product_tag-lavage","12":"product_tag-machine--laver","13":"product_tag-nettoyage","14":"product_tag-nettoyant","15":"product_tag-sans-phosphate","16":"product_tag-vaisselle-2","18":"first","19":"instock","20":"shipping-taxable","21":"product-type-simple"},"yoast_head":"<!-- This site is optimized with the Yoast SEO plugin v27.5 - https:\/\/yoast.com\/product\/yoast-seo-wordpress\/ -->\n<title>Respect&#039;Home\u00ae Lavage machine ID20 - Hydrachim<\/title>\n<meta name=\"robots\" content=\"index, follow, max-snippet:-1, max-image-preview:large, max-video-preview:-1\" \/>\n<link rel=\"canonical\" href=\"https:\/\/www.hydrachim.fr\/en\/produit\/respecthome_lavage_machine_id20_002222701\/\" \/>\n<meta property=\"og:locale\" content=\"en_US\" \/>\n<meta property=\"og:type\" content=\"article\" \/>\n<meta property=\"og:title\" content=\"Respect&#039;Home\u00ae Lavage machine ID20 - Hydrachim\" \/>\n<meta property=\"og:description\" content=\"Liquide de lavage de la vaisselle en machine. Ecocert. Formule sp\u00e9ciale eaux douces \u00e0 moyennement dures. Sans phosphate.\" \/>\n<meta property=\"og:url\" content=\"https:\/\/www.hydrachim.fr\/en\/produit\/respecthome_lavage_machine_id20_002222701\/\" \/>\n<meta property=\"og:site_name\" content=\"Hydrachim\" \/>\n<meta property=\"article:modified_time\" content=\"2025-06-16T13:48:52+00:00\" \/>\n<meta property=\"og:image\" content=\"https:\/\/www.hydrachim.fr\/app\/uploads\/2025\/04\/2227___LAVAGE_ID_20_essaie_3.png\" \/>\n\t<meta property=\"og:image:width\" content=\"1543\" \/>\n\t<meta property=\"og:image:height\" content=\"2227\" \/>\n\t<meta property=\"og:image:type\" content=\"image\/png\" \/>\n<meta name=\"twitter:card\" content=\"summary_large_image\" \/>\n<meta name=\"twitter:label1\" content=\"Est. reading time\" \/>\n\t<meta name=\"twitter:data1\" content=\"1 minute\" \/>\n<script type=\"application\/ld+json\" class=\"yoast-schema-graph\">{\"@context\":\"https:\\\/\\\/schema.org\",\"@graph\":[{\"@type\":\"WebPage\",\"@id\":\"https:\\\/\\\/www.hydrachim.fr\\\/en\\\/produit\\\/respecthome_lavage_machine_id20_002222701\\\/\",\"url\":\"https:\\\/\\\/www.hydrachim.fr\\\/en\\\/produit\\\/respecthome_lavage_machine_id20_002222701\\\/\",\"name\":\"Respect'Home\u00ae Lavage machine ID20 - Hydrachim\",\"isPartOf\":{\"@id\":\"https:\\\/\\\/www.hydrachim.fr\\\/en\\\/#website\"},\"primaryImageOfPage\":{\"@id\":\"https:\\\/\\\/www.hydrachim.fr\\\/en\\\/produit\\\/respecthome_lavage_machine_id20_002222701\\\/#primaryimage\"},\"image\":{\"@id\":\"https:\\\/\\\/www.hydrachim.fr\\\/en\\\/produit\\\/respecthome_lavage_machine_id20_002222701\\\/#primaryimage\"},\"thumbnailUrl\":\"https:\\\/\\\/www.hydrachim.fr\\\/app\\\/uploads\\\/2025\\\/04\\\/2227___LAVAGE_ID_20_essaie_3.png\",\"datePublished\":\"2020-11-23T15:51:30+00:00\",\"dateModified\":\"2025-06-16T13:48:52+00:00\",\"breadcrumb\":{\"@id\":\"https:\\\/\\\/www.hydrachim.fr\\\/en\\\/produit\\\/respecthome_lavage_machine_id20_002222701\\\/#breadcrumb\"},\"inLanguage\":\"en-US\",\"potentialAction\":[{\"@type\":\"ReadAction\",\"target\":[\"https:\\\/\\\/www.hydrachim.fr\\\/en\\\/produit\\\/respecthome_lavage_machine_id20_002222701\\\/\"]}]},{\"@type\":\"ImageObject\",\"inLanguage\":\"en-US\",\"@id\":\"https:\\\/\\\/www.hydrachim.fr\\\/en\\\/produit\\\/respecthome_lavage_machine_id20_002222701\\\/#primaryimage\",\"url\":\"https:\\\/\\\/www.hydrachim.fr\\\/app\\\/uploads\\\/2025\\\/04\\\/2227___LAVAGE_ID_20_essaie_3.png\",\"contentUrl\":\"https:\\\/\\\/www.hydrachim.fr\\\/app\\\/uploads\\\/2025\\\/04\\\/2227___LAVAGE_ID_20_essaie_3.png\",\"width\":1543,\"height\":2227},{\"@type\":\"BreadcrumbList\",\"@id\":\"https:\\\/\\\/www.hydrachim.fr\\\/en\\\/produit\\\/respecthome_lavage_machine_id20_002222701\\\/#breadcrumb\",\"itemListElement\":[{\"@type\":\"ListItem\",\"position\":1,\"name\":\"Home\",\"item\":\"https:\\\/\\\/www.hydrachim.fr\\\/en\\\/\"},{\"@type\":\"ListItem\",\"position\":2,\"name\":\"Boutique\",\"item\":\"https:\\\/\\\/www.hydrachim.fr\\\/boutique\\\/\"},{\"@type\":\"ListItem\",\"position\":3,\"name\":\"Respect&rsquo;Home\u00ae Lavage machine ID20\"}]},{\"@type\":\"WebSite\",\"@id\":\"https:\\\/\\\/www.hydrachim.fr\\\/en\\\/#website\",\"url\":\"https:\\\/\\\/www.hydrachim.fr\\\/en\\\/\",\"name\":\"Hydrachim\",\"description\":\"La science de l&#039;hygi\u00e8ne\",\"potentialAction\":[{\"@type\":\"SearchAction\",\"target\":{\"@type\":\"EntryPoint\",\"urlTemplate\":\"https:\\\/\\\/www.hydrachim.fr\\\/en\\\/?s={search_term_string}\"},\"query-input\":{\"@type\":\"PropertyValueSpecification\",\"valueRequired\":true,\"valueName\":\"search_term_string\"}}],\"inLanguage\":\"en-US\"}]}<\/script>\n<!-- \/ Yoast SEO plugin. -->","yoast_head_json":{"title":"Respect'Home\u00ae Lavage machine ID20 - Hydrachim","robots":{"index":"index","follow":"follow","max-snippet":"max-snippet:-1","max-image-preview":"max-image-preview:large","max-video-preview":"max-video-preview:-1"},"canonical":"https:\/\/www.hydrachim.fr\/en\/produit\/respecthome_lavage_machine_id20_002222701\/","og_locale":"en_US","og_type":"article","og_title":"Respect'Home\u00ae Lavage machine ID20 - Hydrachim","og_description":"Liquide de lavage de la vaisselle en machine. Ecocert. Formule sp\u00e9ciale eaux douces \u00e0 moyennement dures. Sans phosphate.","og_url":"https:\/\/www.hydrachim.fr\/en\/produit\/respecthome_lavage_machine_id20_002222701\/","og_site_name":"Hydrachim","article_modified_time":"2025-06-16T13:48:52+00:00","og_image":[{"width":1543,"height":2227,"url":"https:\/\/www.hydrachim.fr\/app\/uploads\/2025\/04\/2227___LAVAGE_ID_20_essaie_3.png","type":"image\/png"}],"twitter_card":"summary_large_image","twitter_misc":{"Est. reading time":"1 minute"},"schema":{"@context":"https:\/\/schema.org","@graph":[{"@type":"WebPage","@id":"https:\/\/www.hydrachim.fr\/en\/produit\/respecthome_lavage_machine_id20_002222701\/","url":"https:\/\/www.hydrachim.fr\/en\/produit\/respecthome_lavage_machine_id20_002222701\/","name":"Respect'Home\u00ae Lavage machine ID20 - Hydrachim","isPartOf":{"@id":"https:\/\/www.hydrachim.fr\/en\/#website"},"primaryImageOfPage":{"@id":"https:\/\/www.hydrachim.fr\/en\/produit\/respecthome_lavage_machine_id20_002222701\/#primaryimage"},"image":{"@id":"https:\/\/www.hydrachim.fr\/en\/produit\/respecthome_lavage_machine_id20_002222701\/#primaryimage"},"thumbnailUrl":"https:\/\/www.hydrachim.fr\/app\/uploads\/2025\/04\/2227___LAVAGE_ID_20_essaie_3.png","datePublished":"2020-11-23T15:51:30+00:00","dateModified":"2025-06-16T13:48:52+00:00","breadcrumb":{"@id":"https:\/\/www.hydrachim.fr\/en\/produit\/respecthome_lavage_machine_id20_002222701\/#breadcrumb"},"inLanguage":"en-US","potentialAction":[{"@type":"ReadAction","target":["https:\/\/www.hydrachim.fr\/en\/produit\/respecthome_lavage_machine_id20_002222701\/"]}]},{"@type":"ImageObject","inLanguage":"en-US","@id":"https:\/\/www.hydrachim.fr\/en\/produit\/respecthome_lavage_machine_id20_002222701\/#primaryimage","url":"https:\/\/www.hydrachim.fr\/app\/uploads\/2025\/04\/2227___LAVAGE_ID_20_essaie_3.png","contentUrl":"https:\/\/www.hydrachim.fr\/app\/uploads\/2025\/04\/2227___LAVAGE_ID_20_essaie_3.png","width":1543,"height":2227},{"@type":"BreadcrumbList","@id":"https:\/\/www.hydrachim.fr\/en\/produit\/respecthome_lavage_machine_id20_002222701\/#breadcrumb","itemListElement":[{"@type":"ListItem","position":1,"name":"Home","item":"https:\/\/www.hydrachim.fr\/en\/"},{"@type":"ListItem","position":2,"name":"Boutique","item":"https:\/\/www.hydrachim.fr\/boutique\/"},{"@type":"ListItem","position":3,"name":"Respect&rsquo;Home\u00ae Lavage machine ID20"}]},{"@type":"WebSite","@id":"https:\/\/www.hydrachim.fr\/en\/#website","url":"https:\/\/www.hydrachim.fr\/en\/","name":"Hydrachim","description":"La science de l&#039;hygi\u00e8ne","potentialAction":[{"@type":"SearchAction","target":{"@type":"EntryPoint","urlTemplate":"https:\/\/www.hydrachim.fr\/en\/?s={search_term_string}"},"query-input":{"@type":"PropertyValueSpecification","valueRequired":true,"valueName":"search_term_string"}}],"inLanguage":"en-US"}]}},"acf":{"fiche_methode":"","fiche_technique":"https:\/\/www.hydrachim.fr\/app\/uploads\/2024\/10\/FT_2227_IDEGREEN_ECOCERT___RESPECT_HOME_LAVAGE_MACHINE_ID20.pdf"},"_links":{"self":[{"href":"https:\/\/www.hydrachim.fr\/en\/wp-json\/wp\/v2\/product\/7728","targetHints":{"allow":["GET"]}}],"collection":[{"href":"https:\/\/www.hydrachim.fr\/en\/wp-json\/wp\/v2\/product"}],"about":[{"href":"https:\/\/www.hydrachim.fr\/en\/wp-json\/wp\/v2\/types\/product"}],"wp:featuredmedia":[{"embeddable":true,"href":"https:\/\/www.hydrachim.fr\/en\/wp-json\/wp\/v2\/media\/21423"}],"wp:attachment":[{"href":"https:\/\/www.hydrachim.fr\/en\/wp-json\/wp\/v2\/media?parent=7728"}],"wp:term":[{"taxonomy":"product_brand","embeddable":true,"href":"https:\/\/www.hydrachim.fr\/en\/wp-json\/wp\/v2\/product_brand?post=7728"},{"taxonomy":"product_type","embeddable":true,"href":"https:\/\/www.hydrachim.fr\/en\/wp-json\/wp\/v2\/product_type?post=7728"},{"taxonomy":"product_visibility","embeddable":true,"href":"https:\/\/www.hydrachim.fr\/en\/wp-json\/wp\/v2\/product_visibility?post=7728"},{"taxonomy":"product_cat","embeddable":true,"href":"https:\/\/www.hydrachim.fr\/en\/wp-json\/wp\/v2\/product_cat?post=7728"}],"curies":[{"name":"wp","href":"https:\/\/api.w.org\/{rel}","templated":true}]}}