{"id":7235,"date":"2020-08-19T14:52:51","date_gmt":"2020-08-19T12:52:51","guid":{"rendered":"https:\/\/www.hydrachim.fr\/?post_type=product&#038;p=7235"},"modified":"2023-11-06T14:50:59","modified_gmt":"2023-11-06T12:50:59","slug":"apm_002071201","status":"publish","type":"product","link":"https:\/\/www.hydrachim.fr\/en\/produit\/apm_002071201\/","title":{"rendered":"APM"},"content":{"rendered":"<p><strong>Alcalin non moussant sur base amine. Id\u00e9al industries de la boisson.<\/strong><\/p>\n<p>DETERQUAT APM est un produit liquide concentr\u00e9 formul\u00e9 \u00e0 base d\u2019amine. Nettoyant alcalin fortement mouillant et complexant. DETERQUAT APM est \u00e9galement un d\u00e9sinfectant pour les circuits, canalisations, NEP dans toutes les Industries agroalimentaires.<br \/>\nDETERQUAT APM est :<br \/>\n&#8211; Bact\u00e9ricide,<br \/>\n&#8211; Levuricide,<br \/>\nselon les normes europ\u00e9ennes en vigueur.<br \/>\nDETERQUAT APM est adapt\u00e9 aux activit\u00e9s viti-vinicoles et brassicoles avec une efficacit\u00e9 sur Saccharomyces cerevisiae, Brettanomyces intermedius (Dekkera bruxellensis). Il est \u00e9galement pr\u00e9conis\u00e9 dans le secteur de la BVP (Boulangerie, Viennoiserie et P\u00e2tisserie industrielle) gr\u00e2ce \u00e0 son efficacit\u00e9 sur la levure Candida pelliculosa.<\/p>\n<p><strong>Disponible en :<br \/>\n&#8211; bidon de 24kg, R\u00e9f. 002071201.<br \/>\n&#8211; f\u00fbt de 240kg, R\u00e9f. 002071203.<br \/>\n&#8211; container de 1100kg, R\u00e9f. 002071202.<\/strong><\/p>\n<p class=\"y-product y-product__product-subtitle\">Avantage :<\/p>\n<p>Sans chlore ni ammonium quaternaire, APM est le d\u00e9sinfectant id\u00e9al pour vos tunnels et circuits. <\/p>\n<p>Retrouvez le mode d&#8217;emploi et le dosage du produit en t\u00e9l\u00e9chargeant la fiche technique.<\/p>\n<p><em>Utilisez les biocides avec pr\u00e9caution. Avant toute utilisation, lisez l&#8217;\u00e9tiquette et les informations concernant le produit.<\/p>\n<p>TP4 : D\u00e9sinfectants pour les surfaces en contact avec les denr\u00e9es alimentaires et les aliments pour animaux<br \/>\n<\/em><\/p>\n","protected":false},"excerpt":{"rendered":"<p>D\u00e9terquat APM, d\u00e9sinfectant alcalin pour les industries agro-alimentaires.<\/p>\n","protected":false},"featured_media":7929,"template":"","meta":[],"product_brand":[],"product_type":[2],"product_visibility":[],"product_cat":[4027,4174,4151],"class_list":{"0":"post-7235","1":"product","2":"type-product","3":"status-publish","4":"has-post-thumbnail","6":"product_cat-agro-alimentaire-industrie","7":"product_cat-nouveautesdesinfection","8":"product_cat-marquesdeterquat","9":"product_tag-alcalin","10":"product_tag-alimentaire_1","11":"product_tag-bactericide-type-defficacit","12":"product_tag-en-circuits-fermes","13":"product_tag-industrie-agroalimentaire_1","14":"product_tag-industrie-boisson-brasserie-viniculture","15":"product_tag-industrie-laitiere","16":"product_tag-levuricide_1","17":"product_tag-non-moussant","18":"product_tag-non-moussant_1","19":"product_tag-sans-chlore","20":"product_tag-tous-types-dapplication","21":"product_tag-tous-types-defficacite","22":"product_tag-tous-types-de-secteur-dactivite","23":"product_tag-tp4","25":"first","26":"instock","27":"shipping-taxable","28":"product-type-simple"},"yoast_head":"<!-- This site is optimized with the Yoast SEO plugin v27.5 - https:\/\/yoast.com\/product\/yoast-seo-wordpress\/ -->\n<title>Nettoyant alcalin et d\u00e9sinfectant - APM - Hydrachim<\/title>\n<meta name=\"description\" content=\"DETERQUAT APM est un produit nettoyant alcalin fortement mouillant et complexant. Il est \u00e9galement un d\u00e9sinfectant pour les circuits, canalisations...\" \/>\n<meta name=\"robots\" content=\"index, follow, max-snippet:-1, max-image-preview:large, max-video-preview:-1\" \/>\n<link rel=\"canonical\" href=\"https:\/\/www.hydrachim.fr\/en\/produit\/apm_002071201\/\" \/>\n<meta property=\"og:locale\" content=\"en_US\" \/>\n<meta property=\"og:type\" content=\"article\" \/>\n<meta property=\"og:title\" content=\"Nettoyant alcalin et d\u00e9sinfectant - APM - Hydrachim\" \/>\n<meta property=\"og:description\" content=\"DETERQUAT APM est un produit nettoyant alcalin fortement mouillant et complexant. Il est \u00e9galement un d\u00e9sinfectant pour les circuits, canalisations...\" \/>\n<meta property=\"og:url\" content=\"https:\/\/www.hydrachim.fr\/en\/produit\/apm_002071201\/\" \/>\n<meta property=\"og:site_name\" content=\"Hydrachim\" \/>\n<meta property=\"article:modified_time\" content=\"2023-11-06T12:50:59+00:00\" \/>\n<meta property=\"og:image\" content=\"https:\/\/www.hydrachim.fr\/app\/uploads\/2020\/12\/002071201_DTQ_APM_24KG.png\" \/>\n\t<meta property=\"og:image:width\" content=\"338\" \/>\n\t<meta property=\"og:image:height\" content=\"509\" \/>\n\t<meta property=\"og:image:type\" content=\"image\/png\" \/>\n<meta name=\"twitter:card\" content=\"summary_large_image\" \/>\n<meta name=\"twitter:label1\" content=\"Est. reading time\" \/>\n\t<meta name=\"twitter:data1\" content=\"1 minute\" \/>\n<script type=\"application\/ld+json\" class=\"yoast-schema-graph\">{\"@context\":\"https:\\\/\\\/schema.org\",\"@graph\":[{\"@type\":\"WebPage\",\"@id\":\"https:\\\/\\\/www.hydrachim.fr\\\/en\\\/produit\\\/apm_002071201\\\/\",\"url\":\"https:\\\/\\\/www.hydrachim.fr\\\/en\\\/produit\\\/apm_002071201\\\/\",\"name\":\"Nettoyant alcalin et d\u00e9sinfectant - APM - Hydrachim\",\"isPartOf\":{\"@id\":\"https:\\\/\\\/www.hydrachim.fr\\\/en\\\/#website\"},\"primaryImageOfPage\":{\"@id\":\"https:\\\/\\\/www.hydrachim.fr\\\/en\\\/produit\\\/apm_002071201\\\/#primaryimage\"},\"image\":{\"@id\":\"https:\\\/\\\/www.hydrachim.fr\\\/en\\\/produit\\\/apm_002071201\\\/#primaryimage\"},\"thumbnailUrl\":\"https:\\\/\\\/www.hydrachim.fr\\\/app\\\/uploads\\\/2020\\\/12\\\/002071201_DTQ_APM_24KG.png\",\"datePublished\":\"2020-08-19T12:52:51+00:00\",\"dateModified\":\"2023-11-06T12:50:59+00:00\",\"description\":\"DETERQUAT APM est un produit nettoyant alcalin fortement mouillant et complexant. Il est \u00e9galement un d\u00e9sinfectant pour les circuits, canalisations...\",\"breadcrumb\":{\"@id\":\"https:\\\/\\\/www.hydrachim.fr\\\/en\\\/produit\\\/apm_002071201\\\/#breadcrumb\"},\"inLanguage\":\"en-US\",\"potentialAction\":[{\"@type\":\"ReadAction\",\"target\":[\"https:\\\/\\\/www.hydrachim.fr\\\/en\\\/produit\\\/apm_002071201\\\/\"]}]},{\"@type\":\"ImageObject\",\"inLanguage\":\"en-US\",\"@id\":\"https:\\\/\\\/www.hydrachim.fr\\\/en\\\/produit\\\/apm_002071201\\\/#primaryimage\",\"url\":\"https:\\\/\\\/www.hydrachim.fr\\\/app\\\/uploads\\\/2020\\\/12\\\/002071201_DTQ_APM_24KG.png\",\"contentUrl\":\"https:\\\/\\\/www.hydrachim.fr\\\/app\\\/uploads\\\/2020\\\/12\\\/002071201_DTQ_APM_24KG.png\",\"width\":338,\"height\":509,\"caption\":\"Nettoyant alcalin et d\u00e9sinfectant - APM\"},{\"@type\":\"BreadcrumbList\",\"@id\":\"https:\\\/\\\/www.hydrachim.fr\\\/en\\\/produit\\\/apm_002071201\\\/#breadcrumb\",\"itemListElement\":[{\"@type\":\"ListItem\",\"position\":1,\"name\":\"Home\",\"item\":\"https:\\\/\\\/www.hydrachim.fr\\\/en\\\/\"},{\"@type\":\"ListItem\",\"position\":2,\"name\":\"Boutique\",\"item\":\"https:\\\/\\\/www.hydrachim.fr\\\/boutique\\\/\"},{\"@type\":\"ListItem\",\"position\":3,\"name\":\"APM\"}]},{\"@type\":\"WebSite\",\"@id\":\"https:\\\/\\\/www.hydrachim.fr\\\/en\\\/#website\",\"url\":\"https:\\\/\\\/www.hydrachim.fr\\\/en\\\/\",\"name\":\"Hydrachim\",\"description\":\"La science de l&#039;hygi\u00e8ne\",\"potentialAction\":[{\"@type\":\"SearchAction\",\"target\":{\"@type\":\"EntryPoint\",\"urlTemplate\":\"https:\\\/\\\/www.hydrachim.fr\\\/en\\\/?s={search_term_string}\"},\"query-input\":{\"@type\":\"PropertyValueSpecification\",\"valueRequired\":true,\"valueName\":\"search_term_string\"}}],\"inLanguage\":\"en-US\"}]}<\/script>\n<!-- \/ Yoast SEO plugin. -->","yoast_head_json":{"title":"Nettoyant alcalin et d\u00e9sinfectant - APM - Hydrachim","description":"DETERQUAT APM est un produit nettoyant alcalin fortement mouillant et complexant. Il est \u00e9galement un d\u00e9sinfectant pour les circuits, canalisations...","robots":{"index":"index","follow":"follow","max-snippet":"max-snippet:-1","max-image-preview":"max-image-preview:large","max-video-preview":"max-video-preview:-1"},"canonical":"https:\/\/www.hydrachim.fr\/en\/produit\/apm_002071201\/","og_locale":"en_US","og_type":"article","og_title":"Nettoyant alcalin et d\u00e9sinfectant - APM - Hydrachim","og_description":"DETERQUAT APM est un produit nettoyant alcalin fortement mouillant et complexant. Il est \u00e9galement un d\u00e9sinfectant pour les circuits, canalisations...","og_url":"https:\/\/www.hydrachim.fr\/en\/produit\/apm_002071201\/","og_site_name":"Hydrachim","article_modified_time":"2023-11-06T12:50:59+00:00","og_image":[{"width":338,"height":509,"url":"https:\/\/www.hydrachim.fr\/app\/uploads\/2020\/12\/002071201_DTQ_APM_24KG.png","type":"image\/png"}],"twitter_card":"summary_large_image","twitter_misc":{"Est. reading time":"1 minute"},"schema":{"@context":"https:\/\/schema.org","@graph":[{"@type":"WebPage","@id":"https:\/\/www.hydrachim.fr\/en\/produit\/apm_002071201\/","url":"https:\/\/www.hydrachim.fr\/en\/produit\/apm_002071201\/","name":"Nettoyant alcalin et d\u00e9sinfectant - APM - Hydrachim","isPartOf":{"@id":"https:\/\/www.hydrachim.fr\/en\/#website"},"primaryImageOfPage":{"@id":"https:\/\/www.hydrachim.fr\/en\/produit\/apm_002071201\/#primaryimage"},"image":{"@id":"https:\/\/www.hydrachim.fr\/en\/produit\/apm_002071201\/#primaryimage"},"thumbnailUrl":"https:\/\/www.hydrachim.fr\/app\/uploads\/2020\/12\/002071201_DTQ_APM_24KG.png","datePublished":"2020-08-19T12:52:51+00:00","dateModified":"2023-11-06T12:50:59+00:00","description":"DETERQUAT APM est un produit nettoyant alcalin fortement mouillant et complexant. Il est \u00e9galement un d\u00e9sinfectant pour les circuits, canalisations...","breadcrumb":{"@id":"https:\/\/www.hydrachim.fr\/en\/produit\/apm_002071201\/#breadcrumb"},"inLanguage":"en-US","potentialAction":[{"@type":"ReadAction","target":["https:\/\/www.hydrachim.fr\/en\/produit\/apm_002071201\/"]}]},{"@type":"ImageObject","inLanguage":"en-US","@id":"https:\/\/www.hydrachim.fr\/en\/produit\/apm_002071201\/#primaryimage","url":"https:\/\/www.hydrachim.fr\/app\/uploads\/2020\/12\/002071201_DTQ_APM_24KG.png","contentUrl":"https:\/\/www.hydrachim.fr\/app\/uploads\/2020\/12\/002071201_DTQ_APM_24KG.png","width":338,"height":509,"caption":"Nettoyant alcalin et d\u00e9sinfectant - APM"},{"@type":"BreadcrumbList","@id":"https:\/\/www.hydrachim.fr\/en\/produit\/apm_002071201\/#breadcrumb","itemListElement":[{"@type":"ListItem","position":1,"name":"Home","item":"https:\/\/www.hydrachim.fr\/en\/"},{"@type":"ListItem","position":2,"name":"Boutique","item":"https:\/\/www.hydrachim.fr\/boutique\/"},{"@type":"ListItem","position":3,"name":"APM"}]},{"@type":"WebSite","@id":"https:\/\/www.hydrachim.fr\/en\/#website","url":"https:\/\/www.hydrachim.fr\/en\/","name":"Hydrachim","description":"La science de l&#039;hygi\u00e8ne","potentialAction":[{"@type":"SearchAction","target":{"@type":"EntryPoint","urlTemplate":"https:\/\/www.hydrachim.fr\/en\/?s={search_term_string}"},"query-input":{"@type":"PropertyValueSpecification","valueRequired":true,"valueName":"search_term_string"}}],"inLanguage":"en-US"}]}},"acf":{"fiche_methode":"","fiche_technique":"https:\/\/www.hydrachim.fr\/app\/uploads\/2023\/04\/FT_0712_DETERQUAT_APM-1.pdf"},"_links":{"self":[{"href":"https:\/\/www.hydrachim.fr\/en\/wp-json\/wp\/v2\/product\/7235","targetHints":{"allow":["GET"]}}],"collection":[{"href":"https:\/\/www.hydrachim.fr\/en\/wp-json\/wp\/v2\/product"}],"about":[{"href":"https:\/\/www.hydrachim.fr\/en\/wp-json\/wp\/v2\/types\/product"}],"wp:featuredmedia":[{"embeddable":true,"href":"https:\/\/www.hydrachim.fr\/en\/wp-json\/wp\/v2\/media\/7929"}],"wp:attachment":[{"href":"https:\/\/www.hydrachim.fr\/en\/wp-json\/wp\/v2\/media?parent=7235"}],"wp:term":[{"taxonomy":"product_brand","embeddable":true,"href":"https:\/\/www.hydrachim.fr\/en\/wp-json\/wp\/v2\/product_brand?post=7235"},{"taxonomy":"product_type","embeddable":true,"href":"https:\/\/www.hydrachim.fr\/en\/wp-json\/wp\/v2\/product_type?post=7235"},{"taxonomy":"product_visibility","embeddable":true,"href":"https:\/\/www.hydrachim.fr\/en\/wp-json\/wp\/v2\/product_visibility?post=7235"},{"taxonomy":"product_cat","embeddable":true,"href":"https:\/\/www.hydrachim.fr\/en\/wp-json\/wp\/v2\/product_cat?post=7235"}],"curies":[{"name":"wp","href":"https:\/\/api.w.org\/{rel}","templated":true}]}}