{"id":6389,"date":"2020-03-25T11:08:11","date_gmt":"2020-03-25T09:08:11","guid":{"rendered":"https:\/\/www.hydrachim.fr\/?post_type=product&#038;p=6389"},"modified":"2026-03-11T16:14:20","modified_gmt":"2026-03-11T14:14:20","slug":"solution_hydroalcoolique_002315001","status":"publish","type":"product","link":"https:\/\/www.hydrachim.fr\/en\/produit\/solution_hydroalcoolique_002315001\/","title":{"rendered":"Solution Hydroalcoolique"},"content":{"rendered":"<p><strong>D\u00e9sinfection hygi\u00e9nique des mains par friction en l\u2019absence de point d\u2019eau.<br \/>\nSans parfum, ni colorant.<br \/>\nUtilisable pour la d\u00e9sinfection des mains dans tous les domaines d\u2019activit\u00e9 y compris le domaine m\u00e9dical.<\/strong><\/p>\n<p>SOLUTION HYDROALCOOLIQUE est :<br \/>\n&#8211; Virucide sur MVA (Modified Vacciniarus Ankara), Ad\u00e9novirus, Murine norovirus, Coronavirus et incluant l&#8217;activit\u00e9 contre les virus envelopp\u00e9s comme Influenza virus (H1N1 Grippe A, H5N1 Grippe aviaire), h\u00e9patite B et C, HIV, virus Herp\u00e8s simplex selon la norme EN14476 +A2 (2019), (30 sec. 20\u00b0C en conditions de propret\u00e9). \u00ab **Virucide spectre limit\u00e9 \u00bb.<br \/>\n&#8211; Bact\u00e9ricide EN 13727 (30 sec. 20\u00b0C) et EN 1500 (d\u00e9sinfection des mains par friction en 30 sec.).<br \/>\n&#8211; Levuricide EN 13624 (30 sec. 20\u00b0C).<br \/>\n&#8211; Fongicide EN 13624 (60 sec. 20\u00b0C).<br \/>\n&#8211; Mycobact\u00e9ricide EN 14348 (30 sec. 20\u00b0C).<br \/>\nNormes en conditions de salet\u00e9.<\/p>\n<p><strong>Disponible en :<br \/>\n&#8211; Carton de 4x5L. R\u00e9f. 002315001<br \/>\n<\/strong><\/p>\n<p class=\"y-product y-product__product-subtitle\">Avantage :<\/p>\n<p>Sans colorant ni parfum.<br \/>\nN&#8217;ass\u00e8che pas les mains.<\/p>\n<p>Retrouvez le mode d&#8217;emploi et le dosage du produit en t\u00e9l\u00e9chargeant, ci-dessous, sa Fiche Technique et\/ou sa Fiche M\u00e9thode.<\/p>\n<p><em>Attention, la solution hydroalcoolique est \u00e0 utiliser avec pr\u00e9caution sur les surfaces peintes. Faire un essai pr\u00e9alable sur une petite surface.<br \/>\nUtilisez les biocides avec pr\u00e9caution. Avant toute utilisation, lisez l\u2019\u00e9tiquette et les informations concernant le produit.<\/p>\n<p>TP1 : Produits biocides destin\u00e9s \u00e0 l\u2019hygi\u00e8ne humaine<\/p>\n<p>Mati\u00e8re active : Alcool \u00e9thylique (N\u00b0CAS : 64-17-5) \u00e0 751,20 g\/Kg<br \/>\n<\/em><\/p>\n","protected":false},"excerpt":{"rendered":"<p>Solution hydroalcoolique virucide (+ de 75% d&#8217;alcool).<br \/>\nEfficacit\u00e9 prouv\u00e9e sur Coronavirus<\/p>\n","protected":false},"featured_media":30566,"template":"","meta":[],"product_brand":[],"product_type":[2],"product_visibility":[],"product_cat":[4237,4140,4174,4137,4295],"class_list":{"0":"post-6389","1":"product","2":"type-product","3":"status-publish","4":"has-post-thumbnail","6":"product_cat-produits-produitsdsinfectioncoronavirus","7":"product_cat-produits-produitsmains-corpsdesinfectants-pour-les-mains","8":"product_cat-nouveautesdesinfection","9":"product_cat-produitsmains-corps","10":"product_cat-marquessimplement","11":"product_tag-de-75-dalcool","12":"product_tag-desinfectant","13":"product_tag-hydroalcoolique","14":"product_tag-tp1","15":"product_tag-virucide","17":"first","18":"instock","19":"shipping-taxable","20":"product-type-simple"},"yoast_head":"<!-- This site is optimized with the Yoast SEO plugin v27.6 - https:\/\/yoast.com\/product\/yoast-seo-wordpress\/ -->\n<title>Solution hydroalcoolique efficace sur Coronavirus - Hydrachim<\/title>\n<meta name=\"description\" content=\"La solution hydroalcoolique est un liquide qui d\u00e9sinfecte les mains efficace sur coronavirus. Produit sans colorant ni parfum.\" \/>\n<meta name=\"robots\" content=\"index, follow, max-snippet:-1, max-image-preview:large, max-video-preview:-1\" \/>\n<link rel=\"canonical\" href=\"https:\/\/www.hydrachim.fr\/en\/produit\/solution_hydroalcoolique_002315001\/\" \/>\n<meta property=\"og:locale\" content=\"en_US\" \/>\n<meta property=\"og:type\" content=\"article\" \/>\n<meta property=\"og:title\" content=\"Solution hydroalcoolique efficace sur Coronavirus - Hydrachim\" \/>\n<meta property=\"og:description\" content=\"La solution hydroalcoolique est un liquide qui d\u00e9sinfecte les mains efficace sur coronavirus. Produit sans colorant ni parfum.\" \/>\n<meta property=\"og:url\" content=\"https:\/\/www.hydrachim.fr\/en\/produit\/solution_hydroalcoolique_002315001\/\" \/>\n<meta property=\"og:site_name\" content=\"Hydrachim\" \/>\n<meta property=\"article:modified_time\" content=\"2026-03-11T14:14:20+00:00\" \/>\n<meta property=\"og:image\" content=\"https:\/\/www.hydrachim.fr\/app\/uploads\/2026\/03\/SIMPLEMENT___3150___SOLUTION_HYDROALCOOLIQUE___5L.png\" \/>\n\t<meta property=\"og:image:width\" content=\"600\" \/>\n\t<meta property=\"og:image:height\" content=\"800\" \/>\n\t<meta property=\"og:image:type\" content=\"image\/png\" \/>\n<meta name=\"twitter:card\" content=\"summary_large_image\" \/>\n<meta name=\"twitter:label1\" content=\"Est. reading time\" \/>\n\t<meta name=\"twitter:data1\" content=\"1 minute\" \/>\n<script type=\"application\/ld+json\" class=\"yoast-schema-graph\">{\"@context\":\"https:\\\/\\\/schema.org\",\"@graph\":[{\"@type\":\"WebPage\",\"@id\":\"https:\\\/\\\/www.hydrachim.fr\\\/en\\\/produit\\\/solution_hydroalcoolique_002315001\\\/\",\"url\":\"https:\\\/\\\/www.hydrachim.fr\\\/en\\\/produit\\\/solution_hydroalcoolique_002315001\\\/\",\"name\":\"Solution hydroalcoolique efficace sur Coronavirus - Hydrachim\",\"isPartOf\":{\"@id\":\"https:\\\/\\\/www.hydrachim.fr\\\/en\\\/#website\"},\"primaryImageOfPage\":{\"@id\":\"https:\\\/\\\/www.hydrachim.fr\\\/en\\\/produit\\\/solution_hydroalcoolique_002315001\\\/#primaryimage\"},\"image\":{\"@id\":\"https:\\\/\\\/www.hydrachim.fr\\\/en\\\/produit\\\/solution_hydroalcoolique_002315001\\\/#primaryimage\"},\"thumbnailUrl\":\"https:\\\/\\\/www.hydrachim.fr\\\/app\\\/uploads\\\/2026\\\/03\\\/SIMPLEMENT___3150___SOLUTION_HYDROALCOOLIQUE___5L.png\",\"datePublished\":\"2020-03-25T09:08:11+00:00\",\"dateModified\":\"2026-03-11T14:14:20+00:00\",\"description\":\"La solution hydroalcoolique est un liquide qui d\u00e9sinfecte les mains efficace sur coronavirus. Produit sans colorant ni parfum.\",\"breadcrumb\":{\"@id\":\"https:\\\/\\\/www.hydrachim.fr\\\/en\\\/produit\\\/solution_hydroalcoolique_002315001\\\/#breadcrumb\"},\"inLanguage\":\"en-US\",\"potentialAction\":[{\"@type\":\"ReadAction\",\"target\":[\"https:\\\/\\\/www.hydrachim.fr\\\/en\\\/produit\\\/solution_hydroalcoolique_002315001\\\/\"]}]},{\"@type\":\"ImageObject\",\"inLanguage\":\"en-US\",\"@id\":\"https:\\\/\\\/www.hydrachim.fr\\\/en\\\/produit\\\/solution_hydroalcoolique_002315001\\\/#primaryimage\",\"url\":\"https:\\\/\\\/www.hydrachim.fr\\\/app\\\/uploads\\\/2026\\\/03\\\/SIMPLEMENT___3150___SOLUTION_HYDROALCOOLIQUE___5L.png\",\"contentUrl\":\"https:\\\/\\\/www.hydrachim.fr\\\/app\\\/uploads\\\/2026\\\/03\\\/SIMPLEMENT___3150___SOLUTION_HYDROALCOOLIQUE___5L.png\",\"width\":600,\"height\":800},{\"@type\":\"BreadcrumbList\",\"@id\":\"https:\\\/\\\/www.hydrachim.fr\\\/en\\\/produit\\\/solution_hydroalcoolique_002315001\\\/#breadcrumb\",\"itemListElement\":[{\"@type\":\"ListItem\",\"position\":1,\"name\":\"Home\",\"item\":\"https:\\\/\\\/www.hydrachim.fr\\\/en\\\/\"},{\"@type\":\"ListItem\",\"position\":2,\"name\":\"Boutique\",\"item\":\"https:\\\/\\\/www.hydrachim.fr\\\/boutique\\\/\"},{\"@type\":\"ListItem\",\"position\":3,\"name\":\"Solution Hydroalcoolique\"}]},{\"@type\":\"WebSite\",\"@id\":\"https:\\\/\\\/www.hydrachim.fr\\\/en\\\/#website\",\"url\":\"https:\\\/\\\/www.hydrachim.fr\\\/en\\\/\",\"name\":\"Hydrachim\",\"description\":\"La science de l&#039;hygi\u00e8ne\",\"potentialAction\":[{\"@type\":\"SearchAction\",\"target\":{\"@type\":\"EntryPoint\",\"urlTemplate\":\"https:\\\/\\\/www.hydrachim.fr\\\/en\\\/?s={search_term_string}\"},\"query-input\":{\"@type\":\"PropertyValueSpecification\",\"valueRequired\":true,\"valueName\":\"search_term_string\"}}],\"inLanguage\":\"en-US\"}]}<\/script>\n<!-- \/ Yoast SEO plugin. -->","yoast_head_json":{"title":"Solution hydroalcoolique efficace sur Coronavirus - Hydrachim","description":"La solution hydroalcoolique est un liquide qui d\u00e9sinfecte les mains efficace sur coronavirus. Produit sans colorant ni parfum.","robots":{"index":"index","follow":"follow","max-snippet":"max-snippet:-1","max-image-preview":"max-image-preview:large","max-video-preview":"max-video-preview:-1"},"canonical":"https:\/\/www.hydrachim.fr\/en\/produit\/solution_hydroalcoolique_002315001\/","og_locale":"en_US","og_type":"article","og_title":"Solution hydroalcoolique efficace sur Coronavirus - Hydrachim","og_description":"La solution hydroalcoolique est un liquide qui d\u00e9sinfecte les mains efficace sur coronavirus. Produit sans colorant ni parfum.","og_url":"https:\/\/www.hydrachim.fr\/en\/produit\/solution_hydroalcoolique_002315001\/","og_site_name":"Hydrachim","article_modified_time":"2026-03-11T14:14:20+00:00","og_image":[{"width":600,"height":800,"url":"https:\/\/www.hydrachim.fr\/app\/uploads\/2026\/03\/SIMPLEMENT___3150___SOLUTION_HYDROALCOOLIQUE___5L.png","type":"image\/png"}],"twitter_card":"summary_large_image","twitter_misc":{"Est. reading time":"1 minute"},"schema":{"@context":"https:\/\/schema.org","@graph":[{"@type":"WebPage","@id":"https:\/\/www.hydrachim.fr\/en\/produit\/solution_hydroalcoolique_002315001\/","url":"https:\/\/www.hydrachim.fr\/en\/produit\/solution_hydroalcoolique_002315001\/","name":"Solution hydroalcoolique efficace sur Coronavirus - Hydrachim","isPartOf":{"@id":"https:\/\/www.hydrachim.fr\/en\/#website"},"primaryImageOfPage":{"@id":"https:\/\/www.hydrachim.fr\/en\/produit\/solution_hydroalcoolique_002315001\/#primaryimage"},"image":{"@id":"https:\/\/www.hydrachim.fr\/en\/produit\/solution_hydroalcoolique_002315001\/#primaryimage"},"thumbnailUrl":"https:\/\/www.hydrachim.fr\/app\/uploads\/2026\/03\/SIMPLEMENT___3150___SOLUTION_HYDROALCOOLIQUE___5L.png","datePublished":"2020-03-25T09:08:11+00:00","dateModified":"2026-03-11T14:14:20+00:00","description":"La solution hydroalcoolique est un liquide qui d\u00e9sinfecte les mains efficace sur coronavirus. Produit sans colorant ni parfum.","breadcrumb":{"@id":"https:\/\/www.hydrachim.fr\/en\/produit\/solution_hydroalcoolique_002315001\/#breadcrumb"},"inLanguage":"en-US","potentialAction":[{"@type":"ReadAction","target":["https:\/\/www.hydrachim.fr\/en\/produit\/solution_hydroalcoolique_002315001\/"]}]},{"@type":"ImageObject","inLanguage":"en-US","@id":"https:\/\/www.hydrachim.fr\/en\/produit\/solution_hydroalcoolique_002315001\/#primaryimage","url":"https:\/\/www.hydrachim.fr\/app\/uploads\/2026\/03\/SIMPLEMENT___3150___SOLUTION_HYDROALCOOLIQUE___5L.png","contentUrl":"https:\/\/www.hydrachim.fr\/app\/uploads\/2026\/03\/SIMPLEMENT___3150___SOLUTION_HYDROALCOOLIQUE___5L.png","width":600,"height":800},{"@type":"BreadcrumbList","@id":"https:\/\/www.hydrachim.fr\/en\/produit\/solution_hydroalcoolique_002315001\/#breadcrumb","itemListElement":[{"@type":"ListItem","position":1,"name":"Home","item":"https:\/\/www.hydrachim.fr\/en\/"},{"@type":"ListItem","position":2,"name":"Boutique","item":"https:\/\/www.hydrachim.fr\/boutique\/"},{"@type":"ListItem","position":3,"name":"Solution Hydroalcoolique"}]},{"@type":"WebSite","@id":"https:\/\/www.hydrachim.fr\/en\/#website","url":"https:\/\/www.hydrachim.fr\/en\/","name":"Hydrachim","description":"La science de l&#039;hygi\u00e8ne","potentialAction":[{"@type":"SearchAction","target":{"@type":"EntryPoint","urlTemplate":"https:\/\/www.hydrachim.fr\/en\/?s={search_term_string}"},"query-input":{"@type":"PropertyValueSpecification","valueRequired":true,"valueName":"search_term_string"}}],"inLanguage":"en-US"}]}},"acf":{"fiche_technique":"https:\/\/www.hydrachim.fr\/app\/uploads\/2023\/10\/FT___3150___SIMPLEMENT___SOLUTION_HYDROALCOOLIQUE.pdf","fiche_methode":""},"_links":{"self":[{"href":"https:\/\/www.hydrachim.fr\/en\/wp-json\/wp\/v2\/product\/6389","targetHints":{"allow":["GET"]}}],"collection":[{"href":"https:\/\/www.hydrachim.fr\/en\/wp-json\/wp\/v2\/product"}],"about":[{"href":"https:\/\/www.hydrachim.fr\/en\/wp-json\/wp\/v2\/types\/product"}],"wp:featuredmedia":[{"embeddable":true,"href":"https:\/\/www.hydrachim.fr\/en\/wp-json\/wp\/v2\/media\/30566"}],"wp:attachment":[{"href":"https:\/\/www.hydrachim.fr\/en\/wp-json\/wp\/v2\/media?parent=6389"}],"wp:term":[{"taxonomy":"product_brand","embeddable":true,"href":"https:\/\/www.hydrachim.fr\/en\/wp-json\/wp\/v2\/product_brand?post=6389"},{"taxonomy":"product_type","embeddable":true,"href":"https:\/\/www.hydrachim.fr\/en\/wp-json\/wp\/v2\/product_type?post=6389"},{"taxonomy":"product_visibility","embeddable":true,"href":"https:\/\/www.hydrachim.fr\/en\/wp-json\/wp\/v2\/product_visibility?post=6389"},{"taxonomy":"product_cat","embeddable":true,"href":"https:\/\/www.hydrachim.fr\/en\/wp-json\/wp\/v2\/product_cat?post=6389"}],"curies":[{"name":"wp","href":"https:\/\/api.w.org\/{rel}","templated":true}]}}