{"id":6353,"date":"2020-03-05T10:42:52","date_gmt":"2020-03-05T08:42:52","guid":{"rendered":"https:\/\/www.hydrachim.fr\/?post_type=product&#038;p=6353"},"modified":"2026-03-16T12:56:06","modified_gmt":"2026-03-16T10:56:06","slug":"acide_concentre_001122791","status":"publish","type":"product","link":"https:\/\/www.hydrachim.fr\/en\/produit\/acide_concentre_001122791\/","title":{"rendered":"ACIDE CONCENTRE"},"content":{"rendered":"<p><strong>ACIDE CONCENTR\u00c9 est un d\u00e9tergent acide d\u00e9velopp\u00e9 pour l&#8217;\u00e9limination des souillures min\u00e9rales des installations de traite.<\/strong><\/p>\n<p>ACIDE CONCENTR\u00c9 s\u2019utilise en solution de 0,2 % \u00e0 0,3 % \u00e0 chaud (50-60\u00b0C).<br \/>\nLa concentration d\u2019utilisation est adapt\u00e9e en fonction de l\u2019importance des souillures, du mode de nettoyage et du mat\u00e9riel utilis\u00e9.\n<\/p>\n<p><strong>Disponible en :<br \/>\n&#8211; Bidon de 24 KG. R\u00e9f. 001122791.<br \/>\n&#8211; F\u00fbt de 72 KG. R\u00e9f. 001122792.<\/strong><\/p>\n<p>Retrouvez le mode d&#8217;emploi et le dosage du produit en t\u00e9l\u00e9chargeant la Fiche Technique.<\/p>\n","protected":false},"excerpt":{"rendered":"<p>Acide fort concentr\u00e9 non moussant.<\/p>\n","protected":false},"featured_media":30616,"template":"","meta":[],"product_brand":[],"product_type":[2],"product_visibility":[],"product_cat":[4027,4154,4089],"class_list":{"0":"post-6353","1":"product","2":"type-product","3":"status-publish","4":"has-post-thumbnail","6":"product_cat-agro-alimentaire-industrie","7":"product_cat-marqueshydrachim-elevage","8":"product_cat-elevagehygine-levage","9":"product_tag-acide","10":"product_tag-detartrant","11":"product_tag-detergent","12":"product_tag-liquide","13":"product_tag-materiel-de-traite","14":"product_tag-non-moussant","16":"first","17":"instock","18":"shipping-taxable","19":"product-type-simple"},"yoast_head":"<!-- This site is optimized with the Yoast SEO plugin v27.5 - https:\/\/yoast.com\/product\/yoast-seo-wordpress\/ -->\n<title>ACIDE CONCENTRE - Hydrachim<\/title>\n<meta name=\"robots\" content=\"index, follow, max-snippet:-1, max-image-preview:large, max-video-preview:-1\" \/>\n<link rel=\"canonical\" href=\"https:\/\/www.hydrachim.fr\/en\/produit\/acide_concentre_001122791\/\" \/>\n<meta property=\"og:locale\" content=\"en_US\" \/>\n<meta property=\"og:type\" content=\"article\" \/>\n<meta property=\"og:title\" content=\"ACIDE CONCENTRE - Hydrachim\" \/>\n<meta property=\"og:description\" content=\"Acide fort concentr\u00e9 non moussant.\" \/>\n<meta property=\"og:url\" content=\"https:\/\/www.hydrachim.fr\/en\/produit\/acide_concentre_001122791\/\" \/>\n<meta property=\"og:site_name\" content=\"Hydrachim\" \/>\n<meta property=\"article:modified_time\" content=\"2026-03-16T10:56:06+00:00\" \/>\n<meta property=\"og:image\" content=\"https:\/\/www.hydrachim.fr\/app\/uploads\/2026\/03\/001122791_ACIDE_concentre_24kg_mercury.png\" \/>\n\t<meta property=\"og:image:width\" content=\"712\" \/>\n\t<meta property=\"og:image:height\" content=\"1025\" \/>\n\t<meta property=\"og:image:type\" content=\"image\/png\" \/>\n<meta name=\"twitter:card\" content=\"summary_large_image\" \/>\n<script type=\"application\/ld+json\" class=\"yoast-schema-graph\">{\"@context\":\"https:\\\/\\\/schema.org\",\"@graph\":[{\"@type\":\"WebPage\",\"@id\":\"https:\\\/\\\/www.hydrachim.fr\\\/en\\\/produit\\\/acide_concentre_001122791\\\/\",\"url\":\"https:\\\/\\\/www.hydrachim.fr\\\/en\\\/produit\\\/acide_concentre_001122791\\\/\",\"name\":\"ACIDE CONCENTRE - Hydrachim\",\"isPartOf\":{\"@id\":\"https:\\\/\\\/www.hydrachim.fr\\\/en\\\/#website\"},\"primaryImageOfPage\":{\"@id\":\"https:\\\/\\\/www.hydrachim.fr\\\/en\\\/produit\\\/acide_concentre_001122791\\\/#primaryimage\"},\"image\":{\"@id\":\"https:\\\/\\\/www.hydrachim.fr\\\/en\\\/produit\\\/acide_concentre_001122791\\\/#primaryimage\"},\"thumbnailUrl\":\"https:\\\/\\\/www.hydrachim.fr\\\/app\\\/uploads\\\/2026\\\/03\\\/001122791_ACIDE_concentre_24kg_mercury.png\",\"datePublished\":\"2020-03-05T08:42:52+00:00\",\"dateModified\":\"2026-03-16T10:56:06+00:00\",\"breadcrumb\":{\"@id\":\"https:\\\/\\\/www.hydrachim.fr\\\/en\\\/produit\\\/acide_concentre_001122791\\\/#breadcrumb\"},\"inLanguage\":\"en-US\",\"potentialAction\":[{\"@type\":\"ReadAction\",\"target\":[\"https:\\\/\\\/www.hydrachim.fr\\\/en\\\/produit\\\/acide_concentre_001122791\\\/\"]}]},{\"@type\":\"ImageObject\",\"inLanguage\":\"en-US\",\"@id\":\"https:\\\/\\\/www.hydrachim.fr\\\/en\\\/produit\\\/acide_concentre_001122791\\\/#primaryimage\",\"url\":\"https:\\\/\\\/www.hydrachim.fr\\\/app\\\/uploads\\\/2026\\\/03\\\/001122791_ACIDE_concentre_24kg_mercury.png\",\"contentUrl\":\"https:\\\/\\\/www.hydrachim.fr\\\/app\\\/uploads\\\/2026\\\/03\\\/001122791_ACIDE_concentre_24kg_mercury.png\",\"width\":712,\"height\":1025},{\"@type\":\"BreadcrumbList\",\"@id\":\"https:\\\/\\\/www.hydrachim.fr\\\/en\\\/produit\\\/acide_concentre_001122791\\\/#breadcrumb\",\"itemListElement\":[{\"@type\":\"ListItem\",\"position\":1,\"name\":\"Home\",\"item\":\"https:\\\/\\\/www.hydrachim.fr\\\/en\\\/\"},{\"@type\":\"ListItem\",\"position\":2,\"name\":\"Boutique\",\"item\":\"https:\\\/\\\/www.hydrachim.fr\\\/boutique\\\/\"},{\"@type\":\"ListItem\",\"position\":3,\"name\":\"ACIDE CONCENTRE\"}]},{\"@type\":\"WebSite\",\"@id\":\"https:\\\/\\\/www.hydrachim.fr\\\/en\\\/#website\",\"url\":\"https:\\\/\\\/www.hydrachim.fr\\\/en\\\/\",\"name\":\"Hydrachim\",\"description\":\"La science de l&#039;hygi\u00e8ne\",\"potentialAction\":[{\"@type\":\"SearchAction\",\"target\":{\"@type\":\"EntryPoint\",\"urlTemplate\":\"https:\\\/\\\/www.hydrachim.fr\\\/en\\\/?s={search_term_string}\"},\"query-input\":{\"@type\":\"PropertyValueSpecification\",\"valueRequired\":true,\"valueName\":\"search_term_string\"}}],\"inLanguage\":\"en-US\"}]}<\/script>\n<!-- \/ Yoast SEO plugin. -->","yoast_head_json":{"title":"ACIDE CONCENTRE - Hydrachim","robots":{"index":"index","follow":"follow","max-snippet":"max-snippet:-1","max-image-preview":"max-image-preview:large","max-video-preview":"max-video-preview:-1"},"canonical":"https:\/\/www.hydrachim.fr\/en\/produit\/acide_concentre_001122791\/","og_locale":"en_US","og_type":"article","og_title":"ACIDE CONCENTRE - Hydrachim","og_description":"Acide fort concentr\u00e9 non moussant.","og_url":"https:\/\/www.hydrachim.fr\/en\/produit\/acide_concentre_001122791\/","og_site_name":"Hydrachim","article_modified_time":"2026-03-16T10:56:06+00:00","og_image":[{"width":712,"height":1025,"url":"https:\/\/www.hydrachim.fr\/app\/uploads\/2026\/03\/001122791_ACIDE_concentre_24kg_mercury.png","type":"image\/png"}],"twitter_card":"summary_large_image","schema":{"@context":"https:\/\/schema.org","@graph":[{"@type":"WebPage","@id":"https:\/\/www.hydrachim.fr\/en\/produit\/acide_concentre_001122791\/","url":"https:\/\/www.hydrachim.fr\/en\/produit\/acide_concentre_001122791\/","name":"ACIDE CONCENTRE - Hydrachim","isPartOf":{"@id":"https:\/\/www.hydrachim.fr\/en\/#website"},"primaryImageOfPage":{"@id":"https:\/\/www.hydrachim.fr\/en\/produit\/acide_concentre_001122791\/#primaryimage"},"image":{"@id":"https:\/\/www.hydrachim.fr\/en\/produit\/acide_concentre_001122791\/#primaryimage"},"thumbnailUrl":"https:\/\/www.hydrachim.fr\/app\/uploads\/2026\/03\/001122791_ACIDE_concentre_24kg_mercury.png","datePublished":"2020-03-05T08:42:52+00:00","dateModified":"2026-03-16T10:56:06+00:00","breadcrumb":{"@id":"https:\/\/www.hydrachim.fr\/en\/produit\/acide_concentre_001122791\/#breadcrumb"},"inLanguage":"en-US","potentialAction":[{"@type":"ReadAction","target":["https:\/\/www.hydrachim.fr\/en\/produit\/acide_concentre_001122791\/"]}]},{"@type":"ImageObject","inLanguage":"en-US","@id":"https:\/\/www.hydrachim.fr\/en\/produit\/acide_concentre_001122791\/#primaryimage","url":"https:\/\/www.hydrachim.fr\/app\/uploads\/2026\/03\/001122791_ACIDE_concentre_24kg_mercury.png","contentUrl":"https:\/\/www.hydrachim.fr\/app\/uploads\/2026\/03\/001122791_ACIDE_concentre_24kg_mercury.png","width":712,"height":1025},{"@type":"BreadcrumbList","@id":"https:\/\/www.hydrachim.fr\/en\/produit\/acide_concentre_001122791\/#breadcrumb","itemListElement":[{"@type":"ListItem","position":1,"name":"Home","item":"https:\/\/www.hydrachim.fr\/en\/"},{"@type":"ListItem","position":2,"name":"Boutique","item":"https:\/\/www.hydrachim.fr\/boutique\/"},{"@type":"ListItem","position":3,"name":"ACIDE CONCENTRE"}]},{"@type":"WebSite","@id":"https:\/\/www.hydrachim.fr\/en\/#website","url":"https:\/\/www.hydrachim.fr\/en\/","name":"Hydrachim","description":"La science de l&#039;hygi\u00e8ne","potentialAction":[{"@type":"SearchAction","target":{"@type":"EntryPoint","urlTemplate":"https:\/\/www.hydrachim.fr\/en\/?s={search_term_string}"},"query-input":{"@type":"PropertyValueSpecification","valueRequired":true,"valueName":"search_term_string"}}],"inLanguage":"en-US"}]}},"acf":{"fiche_technique":"https:\/\/www.hydrachim.fr\/app\/uploads\/2025\/12\/HYDRACHIM_ELEVAGE_FT1227_ACIDE_CONCENTRE_pdf-1.pdf","fiche_methode":""},"_links":{"self":[{"href":"https:\/\/www.hydrachim.fr\/en\/wp-json\/wp\/v2\/product\/6353","targetHints":{"allow":["GET"]}}],"collection":[{"href":"https:\/\/www.hydrachim.fr\/en\/wp-json\/wp\/v2\/product"}],"about":[{"href":"https:\/\/www.hydrachim.fr\/en\/wp-json\/wp\/v2\/types\/product"}],"wp:featuredmedia":[{"embeddable":true,"href":"https:\/\/www.hydrachim.fr\/en\/wp-json\/wp\/v2\/media\/30616"}],"wp:attachment":[{"href":"https:\/\/www.hydrachim.fr\/en\/wp-json\/wp\/v2\/media?parent=6353"}],"wp:term":[{"taxonomy":"product_brand","embeddable":true,"href":"https:\/\/www.hydrachim.fr\/en\/wp-json\/wp\/v2\/product_brand?post=6353"},{"taxonomy":"product_type","embeddable":true,"href":"https:\/\/www.hydrachim.fr\/en\/wp-json\/wp\/v2\/product_type?post=6353"},{"taxonomy":"product_visibility","embeddable":true,"href":"https:\/\/www.hydrachim.fr\/en\/wp-json\/wp\/v2\/product_visibility?post=6353"},{"taxonomy":"product_cat","embeddable":true,"href":"https:\/\/www.hydrachim.fr\/en\/wp-json\/wp\/v2\/product_cat?post=6353"}],"curies":[{"name":"wp","href":"https:\/\/api.w.org\/{rel}","templated":true}]}}