{"id":6238,"date":"2020-02-11T14:41:48","date_gmt":"2020-02-11T12:41:48","guid":{"rendered":"https:\/\/www.hydrachim.fr\/?post_type=product&#038;p=6238"},"modified":"2024-08-12T16:20:10","modified_gmt":"2024-08-12T14:20:10","slug":"cl_2-6_citron_002009281","status":"publish","type":"product","link":"https:\/\/www.hydrachim.fr\/en\/produit\/cl_2-6_citron_002009281\/","title":{"rendered":"CL 2.6 CITRON"},"content":{"rendered":"<p><strong>CL 2.6 CITRON est une Eau de Javel d\u00e9sinfectante, blanchissante et parfum\u00e9e, id\u00e9ale pour les surfaces.<br \/>\nSon parfum citronn\u00e9 laisse une odeur fra\u00eeche et agr\u00e9able. <\/strong><\/p>\n<p>CL 2.6 CITRON s\u2019utilise dans divers domaines d\u2019activit\u00e9s : transport, stockage, ordures et d\u00e9chets, toutes surfaces dures.<\/p>\n<p>Il est id\u00e9al pour :<br \/>\n&#8211; D\u00e9sinfection des sols et surfaces<br \/>\n&#8211; D\u00e9sinfection WC, siphons et canalisations<br \/>\n&#8211; D\u00e9sinfection du petit mat\u00e9riel <\/p>\n<p>DETERQUAT CL 2.6 CITRON est :<br \/>\n&#8211; Bact\u00e9ricide<br \/>\n&#8211; Levuricide et Fongicide<br \/>\n&#8211; Virucide<br \/>\n&#8211; Mycobact\u00e9ricide<br \/>\n&#8211; Sporicide<\/p>\n<p><strong>Disponible en :<br \/>\n&#8211; Carton de 4x5L. R\u00e9f. 002009281<\/strong><\/p>\n<p>Retrouvez le mode d&#8217;emploi et le dosage du produit en t\u00e9l\u00e9chargeant la fiche technique.<\/p>\n<p><em>TP4 : D\u00e9sinfectants pour les surfaces en contact avec les denr\u00e9es alimentaires et les aliments pour animaux<br \/>\nTP2 : D\u00e9sinfectants utilis\u00e9s dans le domaine priv\u00e9 et dans le domaine de la sant\u00e9 publique et autres produits biocides<\/em><\/p>\n","protected":false},"excerpt":{"rendered":"<p>Eau de Javel parfum\u00e9e au Citron \u00e0 2,6% de chlore actif. <\/p>\n","protected":false},"featured_media":11142,"template":"","meta":[],"product_brand":[],"product_type":[2],"product_visibility":[],"product_cat":[4111,4151,4127],"class_list":{"0":"post-6238","1":"product","2":"type-product","3":"status-publish","4":"has-post-thumbnail","6":"product_cat-produitsdesinfection","7":"product_cat-marquesdeterquat","8":"product_cat-produitssurface-sol","9":"product_tag-alimentaire_1","10":"product_tag-bactericide-type-defficacit","11":"product_tag-blanchissant","12":"product_tag-citron","13":"product_tag-creches-ecoles-ehpad-secteur-dactivit","14":"product_tag-desinfectant","15":"product_tag-eau-de-javel","16":"product_tag-en-circuits-fermes","17":"product_tag-equipements-et-machines","18":"product_tag-fongicide_1","19":"product_tag-levuricide_1","20":"product_tag-liquide","21":"product_tag-mycobactericide","22":"product_tag-non-moussant_1","23":"product_tag-parfum","24":"product_tag-secteur-medical","25":"product_tag-sporicide_1","26":"product_tag-sur-surfaces-ouvertes-sols-murs-plafonds","27":"product_tag-tous-types-dapplication","28":"product_tag-tous-types-defficacite","29":"product_tag-tous-types-de-secteur-dactivite","30":"product_tag-tp2","31":"product_tag-tp4","32":"product_tag-virucide_1","34":"first","35":"instock","36":"shipping-taxable","37":"product-type-simple"},"yoast_head":"<!-- This site is optimized with the Yoast SEO plugin v27.5 - https:\/\/yoast.com\/product\/yoast-seo-wordpress\/ -->\n<title>CL 2.6 CITRON - Hydrachim<\/title>\n<meta name=\"robots\" content=\"index, follow, max-snippet:-1, max-image-preview:large, max-video-preview:-1\" \/>\n<link rel=\"canonical\" href=\"https:\/\/www.hydrachim.fr\/en\/produit\/cl_2-6_citron_002009281\/\" \/>\n<meta property=\"og:locale\" content=\"en_US\" \/>\n<meta property=\"og:type\" content=\"article\" \/>\n<meta property=\"og:title\" content=\"CL 2.6 CITRON - Hydrachim\" \/>\n<meta property=\"og:description\" content=\"Eau de Javel parfum\u00e9e au Citron \u00e0 2,6% de chlore actif.\" \/>\n<meta property=\"og:url\" content=\"https:\/\/www.hydrachim.fr\/en\/produit\/cl_2-6_citron_002009281\/\" \/>\n<meta property=\"og:site_name\" content=\"Hydrachim\" \/>\n<meta property=\"article:modified_time\" content=\"2024-08-12T14:20:10+00:00\" \/>\n<meta property=\"og:image\" content=\"https:\/\/www.hydrachim.fr\/app\/uploads\/2022\/03\/0092___DETERQUAT___CL_2_6_CITRON___5L.-1.png\" \/>\n\t<meta property=\"og:image:width\" content=\"600\" \/>\n\t<meta property=\"og:image:height\" content=\"788\" \/>\n\t<meta property=\"og:image:type\" content=\"image\/png\" \/>\n<meta name=\"twitter:card\" content=\"summary_large_image\" \/>\n<meta name=\"twitter:label1\" content=\"Est. reading time\" \/>\n\t<meta name=\"twitter:data1\" content=\"1 minute\" \/>\n<script type=\"application\/ld+json\" class=\"yoast-schema-graph\">{\"@context\":\"https:\\\/\\\/schema.org\",\"@graph\":[{\"@type\":\"WebPage\",\"@id\":\"https:\\\/\\\/www.hydrachim.fr\\\/en\\\/produit\\\/cl_2-6_citron_002009281\\\/\",\"url\":\"https:\\\/\\\/www.hydrachim.fr\\\/en\\\/produit\\\/cl_2-6_citron_002009281\\\/\",\"name\":\"CL 2.6 CITRON - Hydrachim\",\"isPartOf\":{\"@id\":\"https:\\\/\\\/www.hydrachim.fr\\\/en\\\/#website\"},\"primaryImageOfPage\":{\"@id\":\"https:\\\/\\\/www.hydrachim.fr\\\/en\\\/produit\\\/cl_2-6_citron_002009281\\\/#primaryimage\"},\"image\":{\"@id\":\"https:\\\/\\\/www.hydrachim.fr\\\/en\\\/produit\\\/cl_2-6_citron_002009281\\\/#primaryimage\"},\"thumbnailUrl\":\"https:\\\/\\\/www.hydrachim.fr\\\/app\\\/uploads\\\/2022\\\/03\\\/0092___DETERQUAT___CL_2_6_CITRON___5L.-1.png\",\"datePublished\":\"2020-02-11T12:41:48+00:00\",\"dateModified\":\"2024-08-12T14:20:10+00:00\",\"breadcrumb\":{\"@id\":\"https:\\\/\\\/www.hydrachim.fr\\\/en\\\/produit\\\/cl_2-6_citron_002009281\\\/#breadcrumb\"},\"inLanguage\":\"en-US\",\"potentialAction\":[{\"@type\":\"ReadAction\",\"target\":[\"https:\\\/\\\/www.hydrachim.fr\\\/en\\\/produit\\\/cl_2-6_citron_002009281\\\/\"]}]},{\"@type\":\"ImageObject\",\"inLanguage\":\"en-US\",\"@id\":\"https:\\\/\\\/www.hydrachim.fr\\\/en\\\/produit\\\/cl_2-6_citron_002009281\\\/#primaryimage\",\"url\":\"https:\\\/\\\/www.hydrachim.fr\\\/app\\\/uploads\\\/2022\\\/03\\\/0092___DETERQUAT___CL_2_6_CITRON___5L.-1.png\",\"contentUrl\":\"https:\\\/\\\/www.hydrachim.fr\\\/app\\\/uploads\\\/2022\\\/03\\\/0092___DETERQUAT___CL_2_6_CITRON___5L.-1.png\",\"width\":600,\"height\":788},{\"@type\":\"BreadcrumbList\",\"@id\":\"https:\\\/\\\/www.hydrachim.fr\\\/en\\\/produit\\\/cl_2-6_citron_002009281\\\/#breadcrumb\",\"itemListElement\":[{\"@type\":\"ListItem\",\"position\":1,\"name\":\"Home\",\"item\":\"https:\\\/\\\/www.hydrachim.fr\\\/en\\\/\"},{\"@type\":\"ListItem\",\"position\":2,\"name\":\"Boutique\",\"item\":\"https:\\\/\\\/www.hydrachim.fr\\\/boutique\\\/\"},{\"@type\":\"ListItem\",\"position\":3,\"name\":\"CL 2.6 CITRON\"}]},{\"@type\":\"WebSite\",\"@id\":\"https:\\\/\\\/www.hydrachim.fr\\\/en\\\/#website\",\"url\":\"https:\\\/\\\/www.hydrachim.fr\\\/en\\\/\",\"name\":\"Hydrachim\",\"description\":\"La science de l&#039;hygi\u00e8ne\",\"potentialAction\":[{\"@type\":\"SearchAction\",\"target\":{\"@type\":\"EntryPoint\",\"urlTemplate\":\"https:\\\/\\\/www.hydrachim.fr\\\/en\\\/?s={search_term_string}\"},\"query-input\":{\"@type\":\"PropertyValueSpecification\",\"valueRequired\":true,\"valueName\":\"search_term_string\"}}],\"inLanguage\":\"en-US\"}]}<\/script>\n<!-- \/ Yoast SEO plugin. -->","yoast_head_json":{"title":"CL 2.6 CITRON - Hydrachim","robots":{"index":"index","follow":"follow","max-snippet":"max-snippet:-1","max-image-preview":"max-image-preview:large","max-video-preview":"max-video-preview:-1"},"canonical":"https:\/\/www.hydrachim.fr\/en\/produit\/cl_2-6_citron_002009281\/","og_locale":"en_US","og_type":"article","og_title":"CL 2.6 CITRON - Hydrachim","og_description":"Eau de Javel parfum\u00e9e au Citron \u00e0 2,6% de chlore actif.","og_url":"https:\/\/www.hydrachim.fr\/en\/produit\/cl_2-6_citron_002009281\/","og_site_name":"Hydrachim","article_modified_time":"2024-08-12T14:20:10+00:00","og_image":[{"width":600,"height":788,"url":"https:\/\/www.hydrachim.fr\/app\/uploads\/2022\/03\/0092___DETERQUAT___CL_2_6_CITRON___5L.-1.png","type":"image\/png"}],"twitter_card":"summary_large_image","twitter_misc":{"Est. reading time":"1 minute"},"schema":{"@context":"https:\/\/schema.org","@graph":[{"@type":"WebPage","@id":"https:\/\/www.hydrachim.fr\/en\/produit\/cl_2-6_citron_002009281\/","url":"https:\/\/www.hydrachim.fr\/en\/produit\/cl_2-6_citron_002009281\/","name":"CL 2.6 CITRON - Hydrachim","isPartOf":{"@id":"https:\/\/www.hydrachim.fr\/en\/#website"},"primaryImageOfPage":{"@id":"https:\/\/www.hydrachim.fr\/en\/produit\/cl_2-6_citron_002009281\/#primaryimage"},"image":{"@id":"https:\/\/www.hydrachim.fr\/en\/produit\/cl_2-6_citron_002009281\/#primaryimage"},"thumbnailUrl":"https:\/\/www.hydrachim.fr\/app\/uploads\/2022\/03\/0092___DETERQUAT___CL_2_6_CITRON___5L.-1.png","datePublished":"2020-02-11T12:41:48+00:00","dateModified":"2024-08-12T14:20:10+00:00","breadcrumb":{"@id":"https:\/\/www.hydrachim.fr\/en\/produit\/cl_2-6_citron_002009281\/#breadcrumb"},"inLanguage":"en-US","potentialAction":[{"@type":"ReadAction","target":["https:\/\/www.hydrachim.fr\/en\/produit\/cl_2-6_citron_002009281\/"]}]},{"@type":"ImageObject","inLanguage":"en-US","@id":"https:\/\/www.hydrachim.fr\/en\/produit\/cl_2-6_citron_002009281\/#primaryimage","url":"https:\/\/www.hydrachim.fr\/app\/uploads\/2022\/03\/0092___DETERQUAT___CL_2_6_CITRON___5L.-1.png","contentUrl":"https:\/\/www.hydrachim.fr\/app\/uploads\/2022\/03\/0092___DETERQUAT___CL_2_6_CITRON___5L.-1.png","width":600,"height":788},{"@type":"BreadcrumbList","@id":"https:\/\/www.hydrachim.fr\/en\/produit\/cl_2-6_citron_002009281\/#breadcrumb","itemListElement":[{"@type":"ListItem","position":1,"name":"Home","item":"https:\/\/www.hydrachim.fr\/en\/"},{"@type":"ListItem","position":2,"name":"Boutique","item":"https:\/\/www.hydrachim.fr\/boutique\/"},{"@type":"ListItem","position":3,"name":"CL 2.6 CITRON"}]},{"@type":"WebSite","@id":"https:\/\/www.hydrachim.fr\/en\/#website","url":"https:\/\/www.hydrachim.fr\/en\/","name":"Hydrachim","description":"La science de l&#039;hygi\u00e8ne","potentialAction":[{"@type":"SearchAction","target":{"@type":"EntryPoint","urlTemplate":"https:\/\/www.hydrachim.fr\/en\/?s={search_term_string}"},"query-input":{"@type":"PropertyValueSpecification","valueRequired":true,"valueName":"search_term_string"}}],"inLanguage":"en-US"}]}},"acf":{"fiche_technique":"","fiche_methode":""},"_links":{"self":[{"href":"https:\/\/www.hydrachim.fr\/en\/wp-json\/wp\/v2\/product\/6238","targetHints":{"allow":["GET"]}}],"collection":[{"href":"https:\/\/www.hydrachim.fr\/en\/wp-json\/wp\/v2\/product"}],"about":[{"href":"https:\/\/www.hydrachim.fr\/en\/wp-json\/wp\/v2\/types\/product"}],"wp:featuredmedia":[{"embeddable":true,"href":"https:\/\/www.hydrachim.fr\/en\/wp-json\/wp\/v2\/media\/11142"}],"wp:attachment":[{"href":"https:\/\/www.hydrachim.fr\/en\/wp-json\/wp\/v2\/media?parent=6238"}],"wp:term":[{"taxonomy":"product_brand","embeddable":true,"href":"https:\/\/www.hydrachim.fr\/en\/wp-json\/wp\/v2\/product_brand?post=6238"},{"taxonomy":"product_type","embeddable":true,"href":"https:\/\/www.hydrachim.fr\/en\/wp-json\/wp\/v2\/product_type?post=6238"},{"taxonomy":"product_visibility","embeddable":true,"href":"https:\/\/www.hydrachim.fr\/en\/wp-json\/wp\/v2\/product_visibility?post=6238"},{"taxonomy":"product_cat","embeddable":true,"href":"https:\/\/www.hydrachim.fr\/en\/wp-json\/wp\/v2\/product_cat?post=6238"}],"curies":[{"name":"wp","href":"https:\/\/api.w.org\/{rel}","templated":true}]}}