{"id":6168,"date":"2020-01-20T09:51:35","date_gmt":"2020-01-20T07:51:35","guid":{"rendered":"https:\/\/www.hydrachim.fr\/?post_type=product&#038;p=6168"},"modified":"2025-12-23T15:39:58","modified_gmt":"2025-12-23T13:39:58","slug":"gel_javel_fresh_oxygen_002027904","status":"publish","type":"product","link":"https:\/\/www.hydrachim.fr\/en\/produit\/gel_javel_fresh_oxygen_002027904\/","title":{"rendered":"Gel JAVEL Fresh Oxygen"},"content":{"rendered":"<p><strong>Sa formule javellis\u00e9e est sp\u00e9cialement pr\u00e9vue pour la d\u00e9sinfection et l&#8217;hygi\u00e8ne des surfaces.<br \/>\nGel JAVEL Fresh Oxygen, nettoie, d\u00e9sinfecte et d\u00e9sodorise les cuvettes des WC. Il redonne blancheur et \u00e9clat. Agr\u00e9ablement parfum\u00e9, il laisse une bonne odeur de frais.<\/strong><\/p>\n<p>Le Gel JAVEL Fresh Oxygen est :<br \/>\n&#8211; Bact\u00e9ricide<br \/>\n&#8211; Levuricide &#8211; Fongicide<br \/>\n&#8211; Sporicide<br \/>\n&#8211; Virucide<br \/>\nEfficacit\u00e9 virucide couverte sur le Coronavirus.<\/p>\n<p><strong>Disponible en :<br \/>\n&#8211; Carton de 2x5L. R\u00e9f.002027903<br \/>\n&#8211; Carton de 6x1L. R\u00e9f.002027904<br \/>\n<\/strong><\/p>\n<p>Retrouvez le mode d&#8217;emploi et le dosage du produit en t\u00e9l\u00e9chargeant sa Fiche Technique.<\/p>\n<p><em>Utilisez les biocides avec pr\u00e9caution. Avant toute utilisation, lisez l&#8217;\u00e9tiquette et les informations concernant le produit.<br \/>\nProduit strictement professionnel.<br \/>\nAvant toute utilisation, assurez-vous que celle-ci est indispensable, notamment dans les lieux fr\u00e9quent\u00e9s par le grand public. Privil\u00e9giez chaque fois que possible les m\u00e9thodes alternatives et les produits pr\u00e9sentant le risque le plus faible pour la sant\u00e9 humaine et animale et pour l&#8217;environnement.<\/p>\n<p>TP2 : D\u00e9sinfectants utilis\u00e9s dans le domaine priv\u00e9 et dans le domaine de la sant\u00e9 publique et autres produits biocides <\/em><\/p>\n","protected":false},"excerpt":{"rendered":"<p>Nettoyant, D\u00e9sodorisant, D\u00e9sinfectant, Blanchissant et D\u00e9tachant.<br \/>\nEfficacit\u00e9 virucide couverte sur Coronavirus.<\/p>\n","protected":false},"featured_media":6356,"template":"","meta":[],"product_brand":[],"product_type":[2],"product_visibility":[],"product_cat":[4237,4111,4174,4143,4145,4112,4127],"class_list":{"0":"post-6168","1":"product","2":"type-product","3":"status-publish","4":"has-post-thumbnail","6":"product_cat-produits-produitsdsinfectioncoronavirus","7":"product_cat-produitsdesinfection","8":"product_cat-nouveautesdesinfection","9":"product_cat-nouveautes","10":"product_cat-marquesorlav","11":"product_cat-dsinfectionsurface","12":"product_cat-produitssurface-sol","13":"product_tag-bactericide","14":"product_tag-blanchissant","15":"product_tag-chr","16":"product_tag-cuvette","17":"product_tag-desinfectant","18":"product_tag-desodorisant","19":"product_tag-detachant","20":"product_tag-fongicide","21":"product_tag-liquide","22":"product_tag-nettoyant","23":"product_tag-surface","24":"product_tag-tp2","25":"product_tag-virucide","27":"first","28":"instock","29":"shipping-taxable","30":"product-type-simple"},"yoast_head":"<!-- This site is optimized with the Yoast SEO plugin v27.5 - https:\/\/yoast.com\/product\/yoast-seo-wordpress\/ -->\n<title>Gel JAVEL Fresh Oxygen - Hygi\u00e8ne des surfaces - Hydrachim<\/title>\n<meta name=\"description\" content=\"Gel JAVEL Fresh Oxygen nettoie, d\u00e9sodorise, d\u00e9sinfecte, blanchit et d\u00e9tache les surfaces. Agr\u00e9ablement parfum\u00e9, il laisse une bonne odeur de frais.\" \/>\n<meta name=\"robots\" content=\"index, follow, max-snippet:-1, max-image-preview:large, max-video-preview:-1\" \/>\n<link rel=\"canonical\" href=\"https:\/\/www.hydrachim.fr\/en\/produit\/gel_javel_fresh_oxygen_002027904\/\" \/>\n<meta property=\"og:locale\" content=\"en_US\" \/>\n<meta property=\"og:type\" content=\"article\" \/>\n<meta property=\"og:title\" content=\"Gel JAVEL Fresh Oxygen - Hygi\u00e8ne des surfaces - Hydrachim\" \/>\n<meta property=\"og:description\" content=\"Gel JAVEL Fresh Oxygen nettoie, d\u00e9sodorise, d\u00e9sinfecte, blanchit et d\u00e9tache les surfaces. Agr\u00e9ablement parfum\u00e9, il laisse une bonne odeur de frais.\" \/>\n<meta property=\"og:url\" content=\"https:\/\/www.hydrachim.fr\/en\/produit\/gel_javel_fresh_oxygen_002027904\/\" \/>\n<meta property=\"og:site_name\" content=\"Hydrachim\" \/>\n<meta property=\"article:modified_time\" content=\"2025-12-23T13:39:58+00:00\" \/>\n<meta property=\"og:image\" content=\"https:\/\/www.hydrachim.fr\/app\/uploads\/2020\/03\/0279_MONTAGE_ORLAV_JAVEL_FRESH_OXYGEN_1L_5L..png\" \/>\n\t<meta property=\"og:image:width\" content=\"600\" \/>\n\t<meta property=\"og:image:height\" content=\"723\" \/>\n\t<meta property=\"og:image:type\" content=\"image\/png\" \/>\n<meta name=\"twitter:card\" content=\"summary_large_image\" \/>\n<meta name=\"twitter:label1\" content=\"Est. reading time\" \/>\n\t<meta name=\"twitter:data1\" content=\"1 minute\" \/>\n<script type=\"application\/ld+json\" class=\"yoast-schema-graph\">{\"@context\":\"https:\\\/\\\/schema.org\",\"@graph\":[{\"@type\":\"WebPage\",\"@id\":\"https:\\\/\\\/www.hydrachim.fr\\\/en\\\/produit\\\/gel_javel_fresh_oxygen_002027904\\\/\",\"url\":\"https:\\\/\\\/www.hydrachim.fr\\\/en\\\/produit\\\/gel_javel_fresh_oxygen_002027904\\\/\",\"name\":\"Gel JAVEL Fresh Oxygen - Hygi\u00e8ne des surfaces - Hydrachim\",\"isPartOf\":{\"@id\":\"https:\\\/\\\/www.hydrachim.fr\\\/en\\\/#website\"},\"primaryImageOfPage\":{\"@id\":\"https:\\\/\\\/www.hydrachim.fr\\\/en\\\/produit\\\/gel_javel_fresh_oxygen_002027904\\\/#primaryimage\"},\"image\":{\"@id\":\"https:\\\/\\\/www.hydrachim.fr\\\/en\\\/produit\\\/gel_javel_fresh_oxygen_002027904\\\/#primaryimage\"},\"thumbnailUrl\":\"https:\\\/\\\/www.hydrachim.fr\\\/app\\\/uploads\\\/2020\\\/03\\\/0279_MONTAGE_ORLAV_JAVEL_FRESH_OXYGEN_1L_5L..png\",\"datePublished\":\"2020-01-20T07:51:35+00:00\",\"dateModified\":\"2025-12-23T13:39:58+00:00\",\"description\":\"Gel JAVEL Fresh Oxygen nettoie, d\u00e9sodorise, d\u00e9sinfecte, blanchit et d\u00e9tache les surfaces. Agr\u00e9ablement parfum\u00e9, il laisse une bonne odeur de frais.\",\"breadcrumb\":{\"@id\":\"https:\\\/\\\/www.hydrachim.fr\\\/en\\\/produit\\\/gel_javel_fresh_oxygen_002027904\\\/#breadcrumb\"},\"inLanguage\":\"en-US\",\"potentialAction\":[{\"@type\":\"ReadAction\",\"target\":[\"https:\\\/\\\/www.hydrachim.fr\\\/en\\\/produit\\\/gel_javel_fresh_oxygen_002027904\\\/\"]}]},{\"@type\":\"ImageObject\",\"inLanguage\":\"en-US\",\"@id\":\"https:\\\/\\\/www.hydrachim.fr\\\/en\\\/produit\\\/gel_javel_fresh_oxygen_002027904\\\/#primaryimage\",\"url\":\"https:\\\/\\\/www.hydrachim.fr\\\/app\\\/uploads\\\/2020\\\/03\\\/0279_MONTAGE_ORLAV_JAVEL_FRESH_OXYGEN_1L_5L..png\",\"contentUrl\":\"https:\\\/\\\/www.hydrachim.fr\\\/app\\\/uploads\\\/2020\\\/03\\\/0279_MONTAGE_ORLAV_JAVEL_FRESH_OXYGEN_1L_5L..png\",\"width\":600,\"height\":723,\"caption\":\"Produit nettoyant, d\u00e9sodorisant, DdD\u00e9tachant.\"},{\"@type\":\"BreadcrumbList\",\"@id\":\"https:\\\/\\\/www.hydrachim.fr\\\/en\\\/produit\\\/gel_javel_fresh_oxygen_002027904\\\/#breadcrumb\",\"itemListElement\":[{\"@type\":\"ListItem\",\"position\":1,\"name\":\"Home\",\"item\":\"https:\\\/\\\/www.hydrachim.fr\\\/en\\\/\"},{\"@type\":\"ListItem\",\"position\":2,\"name\":\"Boutique\",\"item\":\"https:\\\/\\\/www.hydrachim.fr\\\/boutique\\\/\"},{\"@type\":\"ListItem\",\"position\":3,\"name\":\"Gel JAVEL Fresh Oxygen\"}]},{\"@type\":\"WebSite\",\"@id\":\"https:\\\/\\\/www.hydrachim.fr\\\/en\\\/#website\",\"url\":\"https:\\\/\\\/www.hydrachim.fr\\\/en\\\/\",\"name\":\"Hydrachim\",\"description\":\"La science de l&#039;hygi\u00e8ne\",\"potentialAction\":[{\"@type\":\"SearchAction\",\"target\":{\"@type\":\"EntryPoint\",\"urlTemplate\":\"https:\\\/\\\/www.hydrachim.fr\\\/en\\\/?s={search_term_string}\"},\"query-input\":{\"@type\":\"PropertyValueSpecification\",\"valueRequired\":true,\"valueName\":\"search_term_string\"}}],\"inLanguage\":\"en-US\"}]}<\/script>\n<!-- \/ Yoast SEO plugin. -->","yoast_head_json":{"title":"Gel JAVEL Fresh Oxygen - Hygi\u00e8ne des surfaces - Hydrachim","description":"Gel JAVEL Fresh Oxygen nettoie, d\u00e9sodorise, d\u00e9sinfecte, blanchit et d\u00e9tache les surfaces. Agr\u00e9ablement parfum\u00e9, il laisse une bonne odeur de frais.","robots":{"index":"index","follow":"follow","max-snippet":"max-snippet:-1","max-image-preview":"max-image-preview:large","max-video-preview":"max-video-preview:-1"},"canonical":"https:\/\/www.hydrachim.fr\/en\/produit\/gel_javel_fresh_oxygen_002027904\/","og_locale":"en_US","og_type":"article","og_title":"Gel JAVEL Fresh Oxygen - Hygi\u00e8ne des surfaces - Hydrachim","og_description":"Gel JAVEL Fresh Oxygen nettoie, d\u00e9sodorise, d\u00e9sinfecte, blanchit et d\u00e9tache les surfaces. Agr\u00e9ablement parfum\u00e9, il laisse une bonne odeur de frais.","og_url":"https:\/\/www.hydrachim.fr\/en\/produit\/gel_javel_fresh_oxygen_002027904\/","og_site_name":"Hydrachim","article_modified_time":"2025-12-23T13:39:58+00:00","og_image":[{"width":600,"height":723,"url":"https:\/\/www.hydrachim.fr\/app\/uploads\/2020\/03\/0279_MONTAGE_ORLAV_JAVEL_FRESH_OXYGEN_1L_5L..png","type":"image\/png"}],"twitter_card":"summary_large_image","twitter_misc":{"Est. reading time":"1 minute"},"schema":{"@context":"https:\/\/schema.org","@graph":[{"@type":"WebPage","@id":"https:\/\/www.hydrachim.fr\/en\/produit\/gel_javel_fresh_oxygen_002027904\/","url":"https:\/\/www.hydrachim.fr\/en\/produit\/gel_javel_fresh_oxygen_002027904\/","name":"Gel JAVEL Fresh Oxygen - Hygi\u00e8ne des surfaces - Hydrachim","isPartOf":{"@id":"https:\/\/www.hydrachim.fr\/en\/#website"},"primaryImageOfPage":{"@id":"https:\/\/www.hydrachim.fr\/en\/produit\/gel_javel_fresh_oxygen_002027904\/#primaryimage"},"image":{"@id":"https:\/\/www.hydrachim.fr\/en\/produit\/gel_javel_fresh_oxygen_002027904\/#primaryimage"},"thumbnailUrl":"https:\/\/www.hydrachim.fr\/app\/uploads\/2020\/03\/0279_MONTAGE_ORLAV_JAVEL_FRESH_OXYGEN_1L_5L..png","datePublished":"2020-01-20T07:51:35+00:00","dateModified":"2025-12-23T13:39:58+00:00","description":"Gel JAVEL Fresh Oxygen nettoie, d\u00e9sodorise, d\u00e9sinfecte, blanchit et d\u00e9tache les surfaces. Agr\u00e9ablement parfum\u00e9, il laisse une bonne odeur de frais.","breadcrumb":{"@id":"https:\/\/www.hydrachim.fr\/en\/produit\/gel_javel_fresh_oxygen_002027904\/#breadcrumb"},"inLanguage":"en-US","potentialAction":[{"@type":"ReadAction","target":["https:\/\/www.hydrachim.fr\/en\/produit\/gel_javel_fresh_oxygen_002027904\/"]}]},{"@type":"ImageObject","inLanguage":"en-US","@id":"https:\/\/www.hydrachim.fr\/en\/produit\/gel_javel_fresh_oxygen_002027904\/#primaryimage","url":"https:\/\/www.hydrachim.fr\/app\/uploads\/2020\/03\/0279_MONTAGE_ORLAV_JAVEL_FRESH_OXYGEN_1L_5L..png","contentUrl":"https:\/\/www.hydrachim.fr\/app\/uploads\/2020\/03\/0279_MONTAGE_ORLAV_JAVEL_FRESH_OXYGEN_1L_5L..png","width":600,"height":723,"caption":"Produit nettoyant, d\u00e9sodorisant, DdD\u00e9tachant."},{"@type":"BreadcrumbList","@id":"https:\/\/www.hydrachim.fr\/en\/produit\/gel_javel_fresh_oxygen_002027904\/#breadcrumb","itemListElement":[{"@type":"ListItem","position":1,"name":"Home","item":"https:\/\/www.hydrachim.fr\/en\/"},{"@type":"ListItem","position":2,"name":"Boutique","item":"https:\/\/www.hydrachim.fr\/boutique\/"},{"@type":"ListItem","position":3,"name":"Gel JAVEL Fresh Oxygen"}]},{"@type":"WebSite","@id":"https:\/\/www.hydrachim.fr\/en\/#website","url":"https:\/\/www.hydrachim.fr\/en\/","name":"Hydrachim","description":"La science de l&#039;hygi\u00e8ne","potentialAction":[{"@type":"SearchAction","target":{"@type":"EntryPoint","urlTemplate":"https:\/\/www.hydrachim.fr\/en\/?s={search_term_string}"},"query-input":{"@type":"PropertyValueSpecification","valueRequired":true,"valueName":"search_term_string"}}],"inLanguage":"en-US"}]}},"acf":{"fiche_technique":"https:\/\/www.hydrachim.fr\/app\/uploads\/2025\/12\/FT___0279___Gel_Javel_WC_Fresh_Oxygen.pdf","fiche_methode":""},"_links":{"self":[{"href":"https:\/\/www.hydrachim.fr\/en\/wp-json\/wp\/v2\/product\/6168","targetHints":{"allow":["GET"]}}],"collection":[{"href":"https:\/\/www.hydrachim.fr\/en\/wp-json\/wp\/v2\/product"}],"about":[{"href":"https:\/\/www.hydrachim.fr\/en\/wp-json\/wp\/v2\/types\/product"}],"wp:featuredmedia":[{"embeddable":true,"href":"https:\/\/www.hydrachim.fr\/en\/wp-json\/wp\/v2\/media\/6356"}],"wp:attachment":[{"href":"https:\/\/www.hydrachim.fr\/en\/wp-json\/wp\/v2\/media?parent=6168"}],"wp:term":[{"taxonomy":"product_brand","embeddable":true,"href":"https:\/\/www.hydrachim.fr\/en\/wp-json\/wp\/v2\/product_brand?post=6168"},{"taxonomy":"product_type","embeddable":true,"href":"https:\/\/www.hydrachim.fr\/en\/wp-json\/wp\/v2\/product_type?post=6168"},{"taxonomy":"product_visibility","embeddable":true,"href":"https:\/\/www.hydrachim.fr\/en\/wp-json\/wp\/v2\/product_visibility?post=6168"},{"taxonomy":"product_cat","embeddable":true,"href":"https:\/\/www.hydrachim.fr\/en\/wp-json\/wp\/v2\/product_cat?post=6168"}],"curies":[{"name":"wp","href":"https:\/\/api.w.org\/{rel}","templated":true}]}}