{"id":6116,"date":"2019-12-24T10:52:51","date_gmt":"2019-12-24T08:52:51","guid":{"rendered":"https:\/\/www.hydrachim.fr\/?post_type=product&#038;p=6116"},"modified":"2024-08-28T15:35:51","modified_gmt":"2024-08-28T13:35:51","slug":"cip_oxy_2-5_002124914","status":"publish","type":"product","link":"https:\/\/www.hydrachim.fr\/en\/produit\/cip_oxy_2-5_002124914\/","title":{"rendered":"CIP OXY 2.5"},"content":{"rendered":"<p><strong>DETERQUAT CIP OXY 2.5 est un d\u00e9sinfectant oxydant des circuits et mat\u00e9riels propres. Utilisation en station de nettoyage (NEP\/CIP), tunnel (rampe de d\u00e9sinfection), armoire de lavage, trempage\u2026<br \/>\nEfficacit\u00e9 virucide couverte sur le Coronavirus.<\/strong><\/p>\n<p>DETERQUAT CIP OXY 2.5 est un d\u00e9sinfectant oxydant des circuits et mat\u00e9riels propres. Utilisation en station de nettoyage (NEP\/CIP), tunnel (rampe de d\u00e9sinfection), armoire de lavage, trempage\u2026<br \/>\nDETERQUAT CIP OXY 2.5 convient pour une utilisation en industrie cosm\u00e9tique, pharmaceutique, dans tous types d\u2019industries agroalimentaires, domaine vinicole, en \u00e9levage agricole et transformation de produit d\u2019origine animale.<br \/>\nDETERQUAT CIP OXY 2.5 est :<br \/>\n&#8211; Bact\u00e9ricide,<br \/>\n&#8211; Levuricide,<br \/>\n&#8211; Fongicide,<br \/>\n&#8211; Virucide,<br \/>\n&#8211; Mycobact\u00e9ricide,<br \/>\nselon les normes europ\u00e9ennes en vigueur.<\/p>\n<p><strong>Disponible en :<br \/>\n&#8211; Bidons de 5kg (Carton de 4). R\u00e9f. 002124902.<br \/>\n&#8211; Bidon de 20kg. R\u00e9f. 002124914 .<br \/>\n&#8211; F\u00fbt de 60kg. R\u00e9f. 002124905.<br \/>\n&#8211; F\u00fbt de 240kg. R\u00e9f. 0021249220.<br \/>\n&#8211; Container de 1100kg. R\u00e9f. 002124918.<\/strong><\/p>\n<p class=\"y-product y-product__product-subtitle\">Avantage :<\/p>\n<p>Utilisable en agriculture biologique conforme au R\u00e9glement (CE) 834\/2007 (et ses amendements).<\/p>\n<p>Retrouvez le mode d&#8217;emploi et le dosage du produit en t\u00e9l\u00e9chargeant la Fiche Technique.<\/p>\n<p><em>Utilisez les biocides avec pr\u00e9caution. Avant toute utilisation, lisez l\u2019\u00e9tiquette et les informations concernant le produit.<br \/>\nAvant toute utilisation, assurez-vous que celle-ci est indispensable, notamment dans les lieux fr\u00e9quent\u00e9s par le grand public. Privil\u00e9giez chaque fois que possible les m\u00e9thodes alternatives et les produits pr\u00e9sentant le risque le plus faible pour la sant\u00e9 humaine et animale et pour l\u2019environnement.<br \/>\nTP2 : D\u00e9sinfectants pour les surfaces mat\u00e9riaux \u00e9quipements et mobilier sans contact direct avec les denr\u00e9es alimentaires ou les aliments pour animaux.<br \/>\nTP4 : Surfaces en contact avec les denr\u00e9es alimentaires et les aliments pour animaux.<\/em><\/p>\n","protected":false},"excerpt":{"rendered":"<p>D\u00e9sinfectant pour surfaces et circuits bact\u00e9ricide, fongicide et virucide.<br \/>\nEfficacit\u00e9 virucide couverte sur le Coronavirus.<\/p>\n","protected":false},"featured_media":6160,"template":"","meta":[],"product_brand":[],"product_type":[2],"product_visibility":[],"product_cat":[4116,4237,4151,4115,4089,4112],"class_list":{"0":"post-6116","1":"product","2":"type-product","3":"status-publish","4":"has-post-thumbnail","6":"product_cat-dsinfectionagro-alimentaire","7":"product_cat-produits-produitsdsinfectioncoronavirus","8":"product_cat-marquesdeterquat","9":"product_cat-dsinfectionlevage","10":"product_cat-elevagehygine-levage","11":"product_cat-dsinfectionsurface","12":"product_tag-agriculture-biologique","13":"product_tag-alimentaire_1","14":"product_tag-bactericide-type-defficacit","15":"product_tag-bacteriophage","16":"product_tag-desinfectant","17":"product_tag-efficace-sur-coronavirus","18":"product_tag-en-circuits-fermes","19":"product_tag-fongicide_1","20":"product_tag-industrie-agroalimentaire_1","21":"product_tag-industrie-boisson-brasserie-viniculture","22":"product_tag-industrie-viande-poisson","23":"product_tag-levuricide_1","24":"product_tag-liquide","25":"product_tag-multisurface","26":"product_tag-mycobactericide","27":"product_tag-non-moussant","28":"product_tag-non-moussant_1","29":"product_tag-oxydant","30":"product_tag-tous-types-dapplication","31":"product_tag-tous-types-defficacite","32":"product_tag-tous-types-de-secteur-dactivite","33":"product_tag-tp2","34":"product_tag-tp4","35":"product_tag-virucide_1","37":"first","38":"instock","39":"shipping-taxable","40":"product-type-simple"},"yoast_head":"<!-- This site is optimized with the Yoast SEO plugin v27.5 - https:\/\/yoast.com\/product\/yoast-seo-wordpress\/ -->\n<title>D\u00e9sinfectant circuits et mat\u00e9riels propres - CIP OXY 2.5 - Hydrachim<\/title>\n<meta name=\"description\" content=\"DETERQUAT CIP OXY 2.5 est un d\u00e9sinfectant oxydant des circuits et mat\u00e9riels propres. Efficacit\u00e9 virucide couverte sur le Coronavirus.\" \/>\n<meta name=\"robots\" content=\"index, follow, max-snippet:-1, max-image-preview:large, max-video-preview:-1\" \/>\n<link rel=\"canonical\" href=\"https:\/\/www.hydrachim.fr\/en\/produit\/cip_oxy_2-5_002124914\/\" \/>\n<meta property=\"og:locale\" content=\"en_US\" \/>\n<meta property=\"og:type\" content=\"article\" \/>\n<meta property=\"og:title\" content=\"D\u00e9sinfectant circuits et mat\u00e9riels propres - CIP OXY 2.5 - Hydrachim\" \/>\n<meta property=\"og:description\" content=\"DETERQUAT CIP OXY 2.5 est un d\u00e9sinfectant oxydant des circuits et mat\u00e9riels propres. Efficacit\u00e9 virucide couverte sur le Coronavirus.\" \/>\n<meta property=\"og:url\" content=\"https:\/\/www.hydrachim.fr\/en\/produit\/cip_oxy_2-5_002124914\/\" \/>\n<meta property=\"og:site_name\" content=\"Hydrachim\" \/>\n<meta property=\"article:modified_time\" content=\"2024-08-28T13:35:51+00:00\" \/>\n<meta property=\"og:image\" content=\"https:\/\/www.hydrachim.fr\/app\/uploads\/2020\/01\/002124914_Deterquat_CIP_OXY2_5_20kg_test_website..png\" \/>\n\t<meta property=\"og:image:width\" content=\"378\" \/>\n\t<meta property=\"og:image:height\" content=\"572\" \/>\n\t<meta property=\"og:image:type\" content=\"image\/png\" \/>\n<meta name=\"twitter:card\" content=\"summary_large_image\" \/>\n<meta name=\"twitter:label1\" content=\"Est. reading time\" \/>\n\t<meta name=\"twitter:data1\" content=\"1 minute\" \/>\n<script type=\"application\/ld+json\" class=\"yoast-schema-graph\">{\"@context\":\"https:\\\/\\\/schema.org\",\"@graph\":[{\"@type\":\"WebPage\",\"@id\":\"https:\\\/\\\/www.hydrachim.fr\\\/en\\\/produit\\\/cip_oxy_2-5_002124914\\\/\",\"url\":\"https:\\\/\\\/www.hydrachim.fr\\\/en\\\/produit\\\/cip_oxy_2-5_002124914\\\/\",\"name\":\"D\u00e9sinfectant circuits et mat\u00e9riels propres - CIP OXY 2.5 - Hydrachim\",\"isPartOf\":{\"@id\":\"https:\\\/\\\/www.hydrachim.fr\\\/en\\\/#website\"},\"primaryImageOfPage\":{\"@id\":\"https:\\\/\\\/www.hydrachim.fr\\\/en\\\/produit\\\/cip_oxy_2-5_002124914\\\/#primaryimage\"},\"image\":{\"@id\":\"https:\\\/\\\/www.hydrachim.fr\\\/en\\\/produit\\\/cip_oxy_2-5_002124914\\\/#primaryimage\"},\"thumbnailUrl\":\"https:\\\/\\\/www.hydrachim.fr\\\/app\\\/uploads\\\/2020\\\/01\\\/002124914_Deterquat_CIP_OXY2_5_20kg_test_website..png\",\"datePublished\":\"2019-12-24T08:52:51+00:00\",\"dateModified\":\"2024-08-28T13:35:51+00:00\",\"description\":\"DETERQUAT CIP OXY 2.5 est un d\u00e9sinfectant oxydant des circuits et mat\u00e9riels propres. Efficacit\u00e9 virucide couverte sur le Coronavirus.\",\"breadcrumb\":{\"@id\":\"https:\\\/\\\/www.hydrachim.fr\\\/en\\\/produit\\\/cip_oxy_2-5_002124914\\\/#breadcrumb\"},\"inLanguage\":\"en-US\",\"potentialAction\":[{\"@type\":\"ReadAction\",\"target\":[\"https:\\\/\\\/www.hydrachim.fr\\\/en\\\/produit\\\/cip_oxy_2-5_002124914\\\/\"]}]},{\"@type\":\"ImageObject\",\"inLanguage\":\"en-US\",\"@id\":\"https:\\\/\\\/www.hydrachim.fr\\\/en\\\/produit\\\/cip_oxy_2-5_002124914\\\/#primaryimage\",\"url\":\"https:\\\/\\\/www.hydrachim.fr\\\/app\\\/uploads\\\/2020\\\/01\\\/002124914_Deterquat_CIP_OXY2_5_20kg_test_website..png\",\"contentUrl\":\"https:\\\/\\\/www.hydrachim.fr\\\/app\\\/uploads\\\/2020\\\/01\\\/002124914_Deterquat_CIP_OXY2_5_20kg_test_website..png\",\"width\":378,\"height\":572,\"caption\":\"D\u00e9sinfectant circuits et mat\u00e9riels propres - CIP OXY 2.5\"},{\"@type\":\"BreadcrumbList\",\"@id\":\"https:\\\/\\\/www.hydrachim.fr\\\/en\\\/produit\\\/cip_oxy_2-5_002124914\\\/#breadcrumb\",\"itemListElement\":[{\"@type\":\"ListItem\",\"position\":1,\"name\":\"Home\",\"item\":\"https:\\\/\\\/www.hydrachim.fr\\\/en\\\/\"},{\"@type\":\"ListItem\",\"position\":2,\"name\":\"Boutique\",\"item\":\"https:\\\/\\\/www.hydrachim.fr\\\/boutique\\\/\"},{\"@type\":\"ListItem\",\"position\":3,\"name\":\"CIP OXY 2.5\"}]},{\"@type\":\"WebSite\",\"@id\":\"https:\\\/\\\/www.hydrachim.fr\\\/en\\\/#website\",\"url\":\"https:\\\/\\\/www.hydrachim.fr\\\/en\\\/\",\"name\":\"Hydrachim\",\"description\":\"La science de l&#039;hygi\u00e8ne\",\"potentialAction\":[{\"@type\":\"SearchAction\",\"target\":{\"@type\":\"EntryPoint\",\"urlTemplate\":\"https:\\\/\\\/www.hydrachim.fr\\\/en\\\/?s={search_term_string}\"},\"query-input\":{\"@type\":\"PropertyValueSpecification\",\"valueRequired\":true,\"valueName\":\"search_term_string\"}}],\"inLanguage\":\"en-US\"}]}<\/script>\n<!-- \/ Yoast SEO plugin. -->","yoast_head_json":{"title":"D\u00e9sinfectant circuits et mat\u00e9riels propres - CIP OXY 2.5 - Hydrachim","description":"DETERQUAT CIP OXY 2.5 est un d\u00e9sinfectant oxydant des circuits et mat\u00e9riels propres. Efficacit\u00e9 virucide couverte sur le Coronavirus.","robots":{"index":"index","follow":"follow","max-snippet":"max-snippet:-1","max-image-preview":"max-image-preview:large","max-video-preview":"max-video-preview:-1"},"canonical":"https:\/\/www.hydrachim.fr\/en\/produit\/cip_oxy_2-5_002124914\/","og_locale":"en_US","og_type":"article","og_title":"D\u00e9sinfectant circuits et mat\u00e9riels propres - CIP OXY 2.5 - Hydrachim","og_description":"DETERQUAT CIP OXY 2.5 est un d\u00e9sinfectant oxydant des circuits et mat\u00e9riels propres. Efficacit\u00e9 virucide couverte sur le Coronavirus.","og_url":"https:\/\/www.hydrachim.fr\/en\/produit\/cip_oxy_2-5_002124914\/","og_site_name":"Hydrachim","article_modified_time":"2024-08-28T13:35:51+00:00","og_image":[{"width":378,"height":572,"url":"https:\/\/www.hydrachim.fr\/app\/uploads\/2020\/01\/002124914_Deterquat_CIP_OXY2_5_20kg_test_website..png","type":"image\/png"}],"twitter_card":"summary_large_image","twitter_misc":{"Est. reading time":"1 minute"},"schema":{"@context":"https:\/\/schema.org","@graph":[{"@type":"WebPage","@id":"https:\/\/www.hydrachim.fr\/en\/produit\/cip_oxy_2-5_002124914\/","url":"https:\/\/www.hydrachim.fr\/en\/produit\/cip_oxy_2-5_002124914\/","name":"D\u00e9sinfectant circuits et mat\u00e9riels propres - CIP OXY 2.5 - Hydrachim","isPartOf":{"@id":"https:\/\/www.hydrachim.fr\/en\/#website"},"primaryImageOfPage":{"@id":"https:\/\/www.hydrachim.fr\/en\/produit\/cip_oxy_2-5_002124914\/#primaryimage"},"image":{"@id":"https:\/\/www.hydrachim.fr\/en\/produit\/cip_oxy_2-5_002124914\/#primaryimage"},"thumbnailUrl":"https:\/\/www.hydrachim.fr\/app\/uploads\/2020\/01\/002124914_Deterquat_CIP_OXY2_5_20kg_test_website..png","datePublished":"2019-12-24T08:52:51+00:00","dateModified":"2024-08-28T13:35:51+00:00","description":"DETERQUAT CIP OXY 2.5 est un d\u00e9sinfectant oxydant des circuits et mat\u00e9riels propres. Efficacit\u00e9 virucide couverte sur le Coronavirus.","breadcrumb":{"@id":"https:\/\/www.hydrachim.fr\/en\/produit\/cip_oxy_2-5_002124914\/#breadcrumb"},"inLanguage":"en-US","potentialAction":[{"@type":"ReadAction","target":["https:\/\/www.hydrachim.fr\/en\/produit\/cip_oxy_2-5_002124914\/"]}]},{"@type":"ImageObject","inLanguage":"en-US","@id":"https:\/\/www.hydrachim.fr\/en\/produit\/cip_oxy_2-5_002124914\/#primaryimage","url":"https:\/\/www.hydrachim.fr\/app\/uploads\/2020\/01\/002124914_Deterquat_CIP_OXY2_5_20kg_test_website..png","contentUrl":"https:\/\/www.hydrachim.fr\/app\/uploads\/2020\/01\/002124914_Deterquat_CIP_OXY2_5_20kg_test_website..png","width":378,"height":572,"caption":"D\u00e9sinfectant circuits et mat\u00e9riels propres - CIP OXY 2.5"},{"@type":"BreadcrumbList","@id":"https:\/\/www.hydrachim.fr\/en\/produit\/cip_oxy_2-5_002124914\/#breadcrumb","itemListElement":[{"@type":"ListItem","position":1,"name":"Home","item":"https:\/\/www.hydrachim.fr\/en\/"},{"@type":"ListItem","position":2,"name":"Boutique","item":"https:\/\/www.hydrachim.fr\/boutique\/"},{"@type":"ListItem","position":3,"name":"CIP OXY 2.5"}]},{"@type":"WebSite","@id":"https:\/\/www.hydrachim.fr\/en\/#website","url":"https:\/\/www.hydrachim.fr\/en\/","name":"Hydrachim","description":"La science de l&#039;hygi\u00e8ne","potentialAction":[{"@type":"SearchAction","target":{"@type":"EntryPoint","urlTemplate":"https:\/\/www.hydrachim.fr\/en\/?s={search_term_string}"},"query-input":{"@type":"PropertyValueSpecification","valueRequired":true,"valueName":"search_term_string"}}],"inLanguage":"en-US"}]}},"acf":{"fiche_technique":"https:\/\/www.hydrachim.fr\/app\/uploads\/2024\/08\/FT_1249_DETERQUAT_CIP_OXY2_5.pdf","fiche_methode":""},"_links":{"self":[{"href":"https:\/\/www.hydrachim.fr\/en\/wp-json\/wp\/v2\/product\/6116","targetHints":{"allow":["GET"]}}],"collection":[{"href":"https:\/\/www.hydrachim.fr\/en\/wp-json\/wp\/v2\/product"}],"about":[{"href":"https:\/\/www.hydrachim.fr\/en\/wp-json\/wp\/v2\/types\/product"}],"wp:featuredmedia":[{"embeddable":true,"href":"https:\/\/www.hydrachim.fr\/en\/wp-json\/wp\/v2\/media\/6160"}],"wp:attachment":[{"href":"https:\/\/www.hydrachim.fr\/en\/wp-json\/wp\/v2\/media?parent=6116"}],"wp:term":[{"taxonomy":"product_brand","embeddable":true,"href":"https:\/\/www.hydrachim.fr\/en\/wp-json\/wp\/v2\/product_brand?post=6116"},{"taxonomy":"product_type","embeddable":true,"href":"https:\/\/www.hydrachim.fr\/en\/wp-json\/wp\/v2\/product_type?post=6116"},{"taxonomy":"product_visibility","embeddable":true,"href":"https:\/\/www.hydrachim.fr\/en\/wp-json\/wp\/v2\/product_visibility?post=6116"},{"taxonomy":"product_cat","embeddable":true,"href":"https:\/\/www.hydrachim.fr\/en\/wp-json\/wp\/v2\/product_cat?post=6116"}],"curies":[{"name":"wp","href":"https:\/\/api.w.org\/{rel}","templated":true}]}}