{"id":6113,"date":"2019-12-24T10:48:32","date_gmt":"2019-12-24T08:48:32","guid":{"rendered":"https:\/\/www.hydrachim.fr\/?post_type=product&#038;p=6113"},"modified":"2023-11-06T14:54:08","modified_gmt":"2023-11-06T12:54:08","slug":"lv7_002100206","status":"publish","type":"product","link":"https:\/\/www.hydrachim.fr\/en\/produit\/lv7_002100206\/","title":{"rendered":"LV7"},"content":{"rendered":"<p><strong>DETERQUAT LV7 est un produit liquide alcalin chlor\u00e9. Il est utilis\u00e9 pour \u00e9liminer les souillures organiques et d\u00e9sinfecter totalement le mat\u00e9riel de laiteries ou de toutes industries agroalimentaires.<br \/>\nIAA, laiteries, viniculture, circuit, tunnel de lavage, lavage automatique.<br \/>\nEfficacit\u00e9 virucide couverte sur le Coronavirus.<\/strong><\/p>\n<p>DETERQUAT LV7 s\u2019utilise dans tous les types d\u2019industries Alimentaires, industries de la viande, laiterie, Industrie du poisson, industries pharmaceutiques et cosm\u00e9tiques.<br \/>\nDETERQUAT LV7 est :<br \/>\n&#8211; Bact\u00e9ricide,<br \/>\n&#8211; Levuricide,<br \/>\n&#8211; Fongicide,<br \/>\n&#8211; Virucide (dont bact\u00e9riophage),<br \/>\n&#8211; Mycobact\u00e9ricide,<br \/>\n&#8211; Sporicide<br \/>\nselon les normes europ\u00e9ennes en vigueur.<\/p>\n<p><strong>Disponible en :<br \/>\n&#8211; Bidon de 6kg. R\u00e9f. 002100204.<br \/>\n&#8211; Bidon de 24kg. R\u00e9f. 002100206.<br \/>\n&#8211; F\u00fbt de 240kg. R\u00e9f. 002100232.<br \/>\n&#8211; Container de 1200kg. R\u00e9f. 002100231.<\/strong><\/p>\n<p class=\"y-product y-product__product-subtitle\">Avantage :<\/p>\n<p>Utilisable en agriculture biologique conforme au R\u00e9glement (CE) 834\/2007 (et ses amendements).<\/p>\n<p>Retrouvez le mode d&#8217;emploi et le dosage du produit en t\u00e9l\u00e9chargeant la fiche technique.<\/p>\n<p><em>Utilisez les biocides avec pr\u00e9caution. Avant toute utilisation, lisez l\u2019\u00e9tiquette et les informations concernant le produit.<br \/>\nAvant toute utilisation, assurez-vous que celle-ci est indispensable, notamment dans les lieux fr\u00e9quent\u00e9s par le grand public. Privil\u00e9giez chaque fois que possible les m\u00e9thodes alternatives et les produits pr\u00e9sentant le risque le plus faible pour la sant\u00e9 humaine et animale et pour l\u2019environnement.<br \/>\nTP4 : Surfaces en contact avec les denr\u00e9es alimentaires et les aliments pour animaux.<\/em><\/p>\n","protected":false},"excerpt":{"rendered":"<p>D\u00e9tergent D\u00e9sinfectant alcalin chlor\u00e9 NON MOUSSANT et SEQUESTRANT.<br \/>\nEfficacit\u00e9 virucide couverte sur le Coronavirus.<\/p>\n","protected":false},"featured_media":6181,"template":"","meta":[],"product_brand":[],"product_type":[2],"product_visibility":[],"product_cat":[4116,4027,4237,4111,4174,4151,4175,4141,4112],"class_list":{"0":"post-6113","1":"product","2":"type-product","3":"status-publish","4":"has-post-thumbnail","6":"product_cat-dsinfectionagro-alimentaire","7":"product_cat-agro-alimentaire-industrie","8":"product_cat-produits-produitsdsinfectioncoronavirus","9":"product_cat-produitsdesinfection","10":"product_cat-nouveautesdesinfection","11":"product_cat-marquesdeterquat","12":"product_cat-nouveautesindustries","13":"product_cat-produits","14":"product_cat-dsinfectionsurface","15":"product_tag-alimentaire_1","16":"product_tag-bactericide-type-defficacit","17":"product_tag-bacteriophage","18":"product_tag-circuit-ferm","19":"product_tag-desinfectant","20":"product_tag-efficace-sur-coronavirus","21":"product_tag-en-circuits-fermes","22":"product_tag-equipements-et-machines","23":"product_tag-fongicide_1","24":"product_tag-industrie-agroalimentaire_1","25":"product_tag-industrie-boisson-brasserie-viniculture","26":"product_tag-industrie-laitiere","27":"product_tag-industrie-viande-poisson","28":"product_tag-levuricide_1","29":"product_tag-liquide","30":"product_tag-mycobactericide","31":"product_tag-non-moussant_1","32":"product_tag-non-moussant","33":"product_tag-sequestrant","34":"product_tag-sporicide_1","35":"product_tag-tous-types-dapplication","36":"product_tag-tous-types-defficacite","37":"product_tag-tous-types-de-secteur-dactivite","38":"product_tag-tp4","39":"product_tag-tunnel-de-lavage","40":"product_tag-virucide_1","42":"first","43":"instock","44":"shipping-taxable","45":"product-type-simple"},"yoast_head":"<!-- This site is optimized with the Yoast SEO plugin v27.5 - https:\/\/yoast.com\/product\/yoast-seo-wordpress\/ -->\n<title>D\u00e9tergent d\u00e9sinfectant alcalin chlor\u00e9 - LV7 - Hydrachim<\/title>\n<meta name=\"description\" content=\"LV7 est un produit d\u00e9tergent, d\u00e9sinfectant alcalin chlor\u00e9 non moussant formul\u00e9 \u00e0 base de soude. Il assure un nettoyage sans trace.\" \/>\n<meta name=\"robots\" content=\"index, follow, max-snippet:-1, max-image-preview:large, max-video-preview:-1\" \/>\n<link rel=\"canonical\" href=\"https:\/\/www.hydrachim.fr\/en\/produit\/lv7_002100206\/\" \/>\n<meta property=\"og:locale\" content=\"en_US\" \/>\n<meta property=\"og:type\" content=\"article\" \/>\n<meta property=\"og:title\" content=\"D\u00e9tergent d\u00e9sinfectant alcalin chlor\u00e9 - LV7 - Hydrachim\" \/>\n<meta property=\"og:description\" content=\"LV7 est un produit d\u00e9tergent, d\u00e9sinfectant alcalin chlor\u00e9 non moussant formul\u00e9 \u00e0 base de soude. Il assure un nettoyage sans trace.\" \/>\n<meta property=\"og:url\" content=\"https:\/\/www.hydrachim.fr\/en\/produit\/lv7_002100206\/\" \/>\n<meta property=\"og:site_name\" content=\"Hydrachim\" \/>\n<meta property=\"article:modified_time\" content=\"2023-11-06T12:54:08+00:00\" \/>\n<meta property=\"og:image\" content=\"https:\/\/www.hydrachim.fr\/app\/uploads\/2020\/01\/002100206_Deterquat_LV7_24kg.png\" \/>\n\t<meta property=\"og:image:width\" content=\"378\" \/>\n\t<meta property=\"og:image:height\" content=\"605\" \/>\n\t<meta property=\"og:image:type\" content=\"image\/png\" \/>\n<meta name=\"twitter:card\" content=\"summary_large_image\" \/>\n<meta name=\"twitter:label1\" content=\"Est. reading time\" \/>\n\t<meta name=\"twitter:data1\" content=\"1 minute\" \/>\n<script type=\"application\/ld+json\" class=\"yoast-schema-graph\">{\"@context\":\"https:\\\/\\\/schema.org\",\"@graph\":[{\"@type\":\"WebPage\",\"@id\":\"https:\\\/\\\/www.hydrachim.fr\\\/en\\\/produit\\\/lv7_002100206\\\/\",\"url\":\"https:\\\/\\\/www.hydrachim.fr\\\/en\\\/produit\\\/lv7_002100206\\\/\",\"name\":\"D\u00e9tergent d\u00e9sinfectant alcalin chlor\u00e9 - LV7 - Hydrachim\",\"isPartOf\":{\"@id\":\"https:\\\/\\\/www.hydrachim.fr\\\/en\\\/#website\"},\"primaryImageOfPage\":{\"@id\":\"https:\\\/\\\/www.hydrachim.fr\\\/en\\\/produit\\\/lv7_002100206\\\/#primaryimage\"},\"image\":{\"@id\":\"https:\\\/\\\/www.hydrachim.fr\\\/en\\\/produit\\\/lv7_002100206\\\/#primaryimage\"},\"thumbnailUrl\":\"https:\\\/\\\/www.hydrachim.fr\\\/app\\\/uploads\\\/2020\\\/01\\\/002100206_Deterquat_LV7_24kg.png\",\"datePublished\":\"2019-12-24T08:48:32+00:00\",\"dateModified\":\"2023-11-06T12:54:08+00:00\",\"description\":\"LV7 est un produit d\u00e9tergent, d\u00e9sinfectant alcalin chlor\u00e9 non moussant formul\u00e9 \u00e0 base de soude. Il assure un nettoyage sans trace.\",\"breadcrumb\":{\"@id\":\"https:\\\/\\\/www.hydrachim.fr\\\/en\\\/produit\\\/lv7_002100206\\\/#breadcrumb\"},\"inLanguage\":\"en-US\",\"potentialAction\":[{\"@type\":\"ReadAction\",\"target\":[\"https:\\\/\\\/www.hydrachim.fr\\\/en\\\/produit\\\/lv7_002100206\\\/\"]}]},{\"@type\":\"ImageObject\",\"inLanguage\":\"en-US\",\"@id\":\"https:\\\/\\\/www.hydrachim.fr\\\/en\\\/produit\\\/lv7_002100206\\\/#primaryimage\",\"url\":\"https:\\\/\\\/www.hydrachim.fr\\\/app\\\/uploads\\\/2020\\\/01\\\/002100206_Deterquat_LV7_24kg.png\",\"contentUrl\":\"https:\\\/\\\/www.hydrachim.fr\\\/app\\\/uploads\\\/2020\\\/01\\\/002100206_Deterquat_LV7_24kg.png\",\"width\":378,\"height\":605,\"caption\":\"D\u00e9tergent d\u00e9sinfectant alcalin chlor\u00e9 - LV7\"},{\"@type\":\"BreadcrumbList\",\"@id\":\"https:\\\/\\\/www.hydrachim.fr\\\/en\\\/produit\\\/lv7_002100206\\\/#breadcrumb\",\"itemListElement\":[{\"@type\":\"ListItem\",\"position\":1,\"name\":\"Home\",\"item\":\"https:\\\/\\\/www.hydrachim.fr\\\/en\\\/\"},{\"@type\":\"ListItem\",\"position\":2,\"name\":\"Boutique\",\"item\":\"https:\\\/\\\/www.hydrachim.fr\\\/boutique\\\/\"},{\"@type\":\"ListItem\",\"position\":3,\"name\":\"LV7\"}]},{\"@type\":\"WebSite\",\"@id\":\"https:\\\/\\\/www.hydrachim.fr\\\/en\\\/#website\",\"url\":\"https:\\\/\\\/www.hydrachim.fr\\\/en\\\/\",\"name\":\"Hydrachim\",\"description\":\"La science de l&#039;hygi\u00e8ne\",\"potentialAction\":[{\"@type\":\"SearchAction\",\"target\":{\"@type\":\"EntryPoint\",\"urlTemplate\":\"https:\\\/\\\/www.hydrachim.fr\\\/en\\\/?s={search_term_string}\"},\"query-input\":{\"@type\":\"PropertyValueSpecification\",\"valueRequired\":true,\"valueName\":\"search_term_string\"}}],\"inLanguage\":\"en-US\"}]}<\/script>\n<!-- \/ Yoast SEO plugin. -->","yoast_head_json":{"title":"D\u00e9tergent d\u00e9sinfectant alcalin chlor\u00e9 - LV7 - Hydrachim","description":"LV7 est un produit d\u00e9tergent, d\u00e9sinfectant alcalin chlor\u00e9 non moussant formul\u00e9 \u00e0 base de soude. Il assure un nettoyage sans trace.","robots":{"index":"index","follow":"follow","max-snippet":"max-snippet:-1","max-image-preview":"max-image-preview:large","max-video-preview":"max-video-preview:-1"},"canonical":"https:\/\/www.hydrachim.fr\/en\/produit\/lv7_002100206\/","og_locale":"en_US","og_type":"article","og_title":"D\u00e9tergent d\u00e9sinfectant alcalin chlor\u00e9 - LV7 - Hydrachim","og_description":"LV7 est un produit d\u00e9tergent, d\u00e9sinfectant alcalin chlor\u00e9 non moussant formul\u00e9 \u00e0 base de soude. Il assure un nettoyage sans trace.","og_url":"https:\/\/www.hydrachim.fr\/en\/produit\/lv7_002100206\/","og_site_name":"Hydrachim","article_modified_time":"2023-11-06T12:54:08+00:00","og_image":[{"width":378,"height":605,"url":"https:\/\/www.hydrachim.fr\/app\/uploads\/2020\/01\/002100206_Deterquat_LV7_24kg.png","type":"image\/png"}],"twitter_card":"summary_large_image","twitter_misc":{"Est. reading time":"1 minute"},"schema":{"@context":"https:\/\/schema.org","@graph":[{"@type":"WebPage","@id":"https:\/\/www.hydrachim.fr\/en\/produit\/lv7_002100206\/","url":"https:\/\/www.hydrachim.fr\/en\/produit\/lv7_002100206\/","name":"D\u00e9tergent d\u00e9sinfectant alcalin chlor\u00e9 - LV7 - Hydrachim","isPartOf":{"@id":"https:\/\/www.hydrachim.fr\/en\/#website"},"primaryImageOfPage":{"@id":"https:\/\/www.hydrachim.fr\/en\/produit\/lv7_002100206\/#primaryimage"},"image":{"@id":"https:\/\/www.hydrachim.fr\/en\/produit\/lv7_002100206\/#primaryimage"},"thumbnailUrl":"https:\/\/www.hydrachim.fr\/app\/uploads\/2020\/01\/002100206_Deterquat_LV7_24kg.png","datePublished":"2019-12-24T08:48:32+00:00","dateModified":"2023-11-06T12:54:08+00:00","description":"LV7 est un produit d\u00e9tergent, d\u00e9sinfectant alcalin chlor\u00e9 non moussant formul\u00e9 \u00e0 base de soude. Il assure un nettoyage sans trace.","breadcrumb":{"@id":"https:\/\/www.hydrachim.fr\/en\/produit\/lv7_002100206\/#breadcrumb"},"inLanguage":"en-US","potentialAction":[{"@type":"ReadAction","target":["https:\/\/www.hydrachim.fr\/en\/produit\/lv7_002100206\/"]}]},{"@type":"ImageObject","inLanguage":"en-US","@id":"https:\/\/www.hydrachim.fr\/en\/produit\/lv7_002100206\/#primaryimage","url":"https:\/\/www.hydrachim.fr\/app\/uploads\/2020\/01\/002100206_Deterquat_LV7_24kg.png","contentUrl":"https:\/\/www.hydrachim.fr\/app\/uploads\/2020\/01\/002100206_Deterquat_LV7_24kg.png","width":378,"height":605,"caption":"D\u00e9tergent d\u00e9sinfectant alcalin chlor\u00e9 - LV7"},{"@type":"BreadcrumbList","@id":"https:\/\/www.hydrachim.fr\/en\/produit\/lv7_002100206\/#breadcrumb","itemListElement":[{"@type":"ListItem","position":1,"name":"Home","item":"https:\/\/www.hydrachim.fr\/en\/"},{"@type":"ListItem","position":2,"name":"Boutique","item":"https:\/\/www.hydrachim.fr\/boutique\/"},{"@type":"ListItem","position":3,"name":"LV7"}]},{"@type":"WebSite","@id":"https:\/\/www.hydrachim.fr\/en\/#website","url":"https:\/\/www.hydrachim.fr\/en\/","name":"Hydrachim","description":"La science de l&#039;hygi\u00e8ne","potentialAction":[{"@type":"SearchAction","target":{"@type":"EntryPoint","urlTemplate":"https:\/\/www.hydrachim.fr\/en\/?s={search_term_string}"},"query-input":{"@type":"PropertyValueSpecification","valueRequired":true,"valueName":"search_term_string"}}],"inLanguage":"en-US"}]}},"acf":{"fiche_technique":"https:\/\/www.hydrachim.fr\/app\/uploads\/2022\/04\/FT_1002_DETERQUAT_LV7.pdf","fiche_methode":""},"_links":{"self":[{"href":"https:\/\/www.hydrachim.fr\/en\/wp-json\/wp\/v2\/product\/6113","targetHints":{"allow":["GET"]}}],"collection":[{"href":"https:\/\/www.hydrachim.fr\/en\/wp-json\/wp\/v2\/product"}],"about":[{"href":"https:\/\/www.hydrachim.fr\/en\/wp-json\/wp\/v2\/types\/product"}],"wp:featuredmedia":[{"embeddable":true,"href":"https:\/\/www.hydrachim.fr\/en\/wp-json\/wp\/v2\/media\/6181"}],"wp:attachment":[{"href":"https:\/\/www.hydrachim.fr\/en\/wp-json\/wp\/v2\/media?parent=6113"}],"wp:term":[{"taxonomy":"product_brand","embeddable":true,"href":"https:\/\/www.hydrachim.fr\/en\/wp-json\/wp\/v2\/product_brand?post=6113"},{"taxonomy":"product_type","embeddable":true,"href":"https:\/\/www.hydrachim.fr\/en\/wp-json\/wp\/v2\/product_type?post=6113"},{"taxonomy":"product_visibility","embeddable":true,"href":"https:\/\/www.hydrachim.fr\/en\/wp-json\/wp\/v2\/product_visibility?post=6113"},{"taxonomy":"product_cat","embeddable":true,"href":"https:\/\/www.hydrachim.fr\/en\/wp-json\/wp\/v2\/product_cat?post=6113"}],"curies":[{"name":"wp","href":"https:\/\/api.w.org\/{rel}","templated":true}]}}