{"id":6100,"date":"2019-12-17T10:05:36","date_gmt":"2019-12-17T08:05:36","guid":{"rendered":"https:\/\/www.hydrachim.fr\/?post_type=product&#038;p=6100"},"modified":"2024-08-21T10:26:10","modified_gmt":"2024-08-21T08:26:10","slug":"ndc_pin_002072801","status":"publish","type":"product","link":"https:\/\/www.hydrachim.fr\/en\/produit\/ndc_pin_002072801\/","title":{"rendered":"NDC PIN"},"content":{"rendered":"<p><strong>DETERQUAT NDC PIN nettoie et d\u00e9sinfecte en une seule fois, toutes surfaces, mat\u00e9riel, sanitaire, hachoir, plan de travail &#8230;<br \/>\nNettoie les surfaces sans les ternir, sans les rayer.  Tr\u00e8s puissant sur les souillures difficiles, graisses, caf\u00e9, th\u00e9, vin &#8230;<br \/>\nEfficace sur Coronavirus.<\/strong><\/p>\n<p>Bact\u00e9ricide selon la norme EN 1276 et EN 13697 en condition de salet\u00e9 \u00e0 20\u00b0C en 5 minutes.<br \/>\nLevuricide et fongicide selon la norme EN 1650 et EN 13697 en condition de salet\u00e9 \u00e0 20\u00b0C en 15 minutes.<br \/>\nVirucide selon la norme EN14476 en contition de salet\u00e9 \u00e0 20\u00b0C en 15 minutes.<\/p>\n<p><strong>Disponible en :<br \/>\n&#8211; Carton de 6 x 750 ml en pulv\u00e9risateur. R\u00e9f.002072801<br \/>\n&#8211; Carton de 4 x 5L. R\u00e9f. 002072802<\/strong><\/p>\n<p class=\"y-product y-product__product-subtitle\">Avantage :<\/p>\n<p>Facile \u00e0 utiliser avec son spray de 750ML.<\/p>\n<p>Retrouvez le mode d&#8217;emploi et le dosage du produit en t\u00e9l\u00e9chargeant la fiche technique. <\/p>\n<p><em>Utilisez les biocides avec pr\u00e9caution. Avant toute utilisation, lisez l&#8217;\u00e9tiquette et les informations concernant le produit.<br \/>\nProduit conforme au r\u00e8glement biocide 528\/2012 et enregistr\u00e9 sous SIMMBAD sous le n\u00b056733. <\/p>\n<p>TP2 : D\u00e9sinfectants utilis\u00e9s dans le domaine priv\u00e9 et dans le domaine de la sant\u00e9 publique et autres produits biocides.<br \/>\nTP4 : D\u00e9sinfectants pour les surfaces en contact avec les denr\u00e9es alimentaires et les aliments pour animaux.<\/em><\/p>\n","protected":false},"excerpt":{"rendered":"<p>Nettoyant d\u00e9sinfectant chlor\u00e9 parfum pin &#8211; Pr\u00eat \u00e0 l&#8217;emploi.<br \/>\nEfficacit\u00e9 prouv\u00e9e sur Coronavirus.<\/p>\n","protected":false},"featured_media":8016,"template":"","meta":[],"product_brand":[],"product_type":[2],"product_visibility":[],"product_cat":[4237,4111,4151,4113,4112],"class_list":{"0":"post-6100","1":"product","2":"type-product","3":"status-publish","4":"has-post-thumbnail","6":"product_cat-produits-produitsdsinfectioncoronavirus","7":"product_cat-produitsdesinfection","8":"product_cat-marquesdeterquat","9":"product_cat-dsinfectionsanitaire","10":"product_cat-dsinfectionsurface","11":"product_tag-alimentaire_1","12":"product_tag-bactericide-type-defficacit","13":"product_tag-bactericide","14":"product_tag-cafe-hotel-restaurant","15":"product_tag-desinfectant","16":"product_tag-efficace-sur-coronavirus","17":"product_tag-fongicide_1","18":"product_tag-fongicide","19":"product_tag-industrie-boulangerie-viennoiserie-patisserie","20":"product_tag-industrie-viande-poisson","21":"product_tag-levuricide_1","22":"product_tag-levuricide","23":"product_tag-materiel","24":"product_tag-metiers-de-bouche","25":"product_tag-moussant_1","26":"product_tag-nettoyant","27":"product_tag-pin","28":"product_tag-plan-de-travail","29":"product_tag-pret-a-lemploi","30":"product_tag-sanitaire","31":"product_tag-sporicide_1","32":"product_tag-sur-surfaces-ouvertes-sols-murs-plafonds","33":"product_tag-surface","34":"product_tag-tous-types-dapplication","35":"product_tag-tous-types-defficacite","36":"product_tag-tous-types-de-secteur-dactivite","37":"product_tag-tp2","38":"product_tag-tp4","39":"product_tag-traiteur-plats-prepares","40":"product_tag-virucide","41":"product_tag-virucide_1","43":"first","44":"instock","45":"shipping-taxable","46":"product-type-simple"},"yoast_head":"<!-- This site is optimized with the Yoast SEO plugin v27.4 - https:\/\/yoast.com\/product\/yoast-seo-wordpress\/ -->\n<title>D\u00e9sinfectant nettoyant sans rayures - NDC PIN - Hydrachim<\/title>\n<meta name=\"description\" content=\"DETERQUAT NDC PIN est un d\u00e9sinfectant et nettoyant pour toutes les surfaces sans les ternir ni les rayer. Efficace sur Coronavirus.\" \/>\n<meta name=\"robots\" content=\"index, follow, max-snippet:-1, max-image-preview:large, max-video-preview:-1\" \/>\n<link rel=\"canonical\" href=\"https:\/\/www.hydrachim.fr\/en\/produit\/ndc_pin_002072801\/\" \/>\n<meta property=\"og:locale\" content=\"en_US\" \/>\n<meta property=\"og:type\" content=\"article\" \/>\n<meta property=\"og:title\" content=\"D\u00e9sinfectant nettoyant sans rayures - NDC PIN - Hydrachim\" \/>\n<meta property=\"og:description\" content=\"DETERQUAT NDC PIN est un d\u00e9sinfectant et nettoyant pour toutes les surfaces sans les ternir ni les rayer. Efficace sur Coronavirus.\" \/>\n<meta property=\"og:url\" content=\"https:\/\/www.hydrachim.fr\/en\/produit\/ndc_pin_002072801\/\" \/>\n<meta property=\"og:site_name\" content=\"Hydrachim\" \/>\n<meta property=\"article:modified_time\" content=\"2024-08-21T08:26:10+00:00\" \/>\n<meta property=\"og:image\" content=\"https:\/\/www.hydrachim.fr\/app\/uploads\/2020\/12\/0728_DETERQUAT_NDCPIN_750ML-1.png\" \/>\n\t<meta property=\"og:image:width\" content=\"600\" \/>\n\t<meta property=\"og:image:height\" content=\"900\" \/>\n\t<meta property=\"og:image:type\" content=\"image\/png\" \/>\n<meta name=\"twitter:card\" content=\"summary_large_image\" \/>\n<meta name=\"twitter:label1\" content=\"Est. reading time\" \/>\n\t<meta name=\"twitter:data1\" content=\"1 minute\" \/>\n<script type=\"application\/ld+json\" class=\"yoast-schema-graph\">{\"@context\":\"https:\\\/\\\/schema.org\",\"@graph\":[{\"@type\":\"WebPage\",\"@id\":\"https:\\\/\\\/www.hydrachim.fr\\\/en\\\/produit\\\/ndc_pin_002072801\\\/\",\"url\":\"https:\\\/\\\/www.hydrachim.fr\\\/en\\\/produit\\\/ndc_pin_002072801\\\/\",\"name\":\"D\u00e9sinfectant nettoyant sans rayures - NDC PIN - Hydrachim\",\"isPartOf\":{\"@id\":\"https:\\\/\\\/www.hydrachim.fr\\\/en\\\/#website\"},\"primaryImageOfPage\":{\"@id\":\"https:\\\/\\\/www.hydrachim.fr\\\/en\\\/produit\\\/ndc_pin_002072801\\\/#primaryimage\"},\"image\":{\"@id\":\"https:\\\/\\\/www.hydrachim.fr\\\/en\\\/produit\\\/ndc_pin_002072801\\\/#primaryimage\"},\"thumbnailUrl\":\"https:\\\/\\\/www.hydrachim.fr\\\/app\\\/uploads\\\/2020\\\/12\\\/0728_DETERQUAT_NDCPIN_750ML-1.png\",\"datePublished\":\"2019-12-17T08:05:36+00:00\",\"dateModified\":\"2024-08-21T08:26:10+00:00\",\"description\":\"DETERQUAT NDC PIN est un d\u00e9sinfectant et nettoyant pour toutes les surfaces sans les ternir ni les rayer. Efficace sur Coronavirus.\",\"breadcrumb\":{\"@id\":\"https:\\\/\\\/www.hydrachim.fr\\\/en\\\/produit\\\/ndc_pin_002072801\\\/#breadcrumb\"},\"inLanguage\":\"en-US\",\"potentialAction\":[{\"@type\":\"ReadAction\",\"target\":[\"https:\\\/\\\/www.hydrachim.fr\\\/en\\\/produit\\\/ndc_pin_002072801\\\/\"]}]},{\"@type\":\"ImageObject\",\"inLanguage\":\"en-US\",\"@id\":\"https:\\\/\\\/www.hydrachim.fr\\\/en\\\/produit\\\/ndc_pin_002072801\\\/#primaryimage\",\"url\":\"https:\\\/\\\/www.hydrachim.fr\\\/app\\\/uploads\\\/2020\\\/12\\\/0728_DETERQUAT_NDCPIN_750ML-1.png\",\"contentUrl\":\"https:\\\/\\\/www.hydrachim.fr\\\/app\\\/uploads\\\/2020\\\/12\\\/0728_DETERQUAT_NDCPIN_750ML-1.png\",\"width\":600,\"height\":900,\"caption\":\"D\u00e9sinfectant nettoyant sans rayures - NDC PIN\"},{\"@type\":\"BreadcrumbList\",\"@id\":\"https:\\\/\\\/www.hydrachim.fr\\\/en\\\/produit\\\/ndc_pin_002072801\\\/#breadcrumb\",\"itemListElement\":[{\"@type\":\"ListItem\",\"position\":1,\"name\":\"Home\",\"item\":\"https:\\\/\\\/www.hydrachim.fr\\\/en\\\/\"},{\"@type\":\"ListItem\",\"position\":2,\"name\":\"Boutique\",\"item\":\"https:\\\/\\\/www.hydrachim.fr\\\/boutique\\\/\"},{\"@type\":\"ListItem\",\"position\":3,\"name\":\"NDC PIN\"}]},{\"@type\":\"WebSite\",\"@id\":\"https:\\\/\\\/www.hydrachim.fr\\\/en\\\/#website\",\"url\":\"https:\\\/\\\/www.hydrachim.fr\\\/en\\\/\",\"name\":\"Hydrachim\",\"description\":\"La science de l&#039;hygi\u00e8ne\",\"potentialAction\":[{\"@type\":\"SearchAction\",\"target\":{\"@type\":\"EntryPoint\",\"urlTemplate\":\"https:\\\/\\\/www.hydrachim.fr\\\/en\\\/?s={search_term_string}\"},\"query-input\":{\"@type\":\"PropertyValueSpecification\",\"valueRequired\":true,\"valueName\":\"search_term_string\"}}],\"inLanguage\":\"en-US\"}]}<\/script>\n<!-- \/ Yoast SEO plugin. -->","yoast_head_json":{"title":"D\u00e9sinfectant nettoyant sans rayures - NDC PIN - Hydrachim","description":"DETERQUAT NDC PIN est un d\u00e9sinfectant et nettoyant pour toutes les surfaces sans les ternir ni les rayer. Efficace sur Coronavirus.","robots":{"index":"index","follow":"follow","max-snippet":"max-snippet:-1","max-image-preview":"max-image-preview:large","max-video-preview":"max-video-preview:-1"},"canonical":"https:\/\/www.hydrachim.fr\/en\/produit\/ndc_pin_002072801\/","og_locale":"en_US","og_type":"article","og_title":"D\u00e9sinfectant nettoyant sans rayures - NDC PIN - Hydrachim","og_description":"DETERQUAT NDC PIN est un d\u00e9sinfectant et nettoyant pour toutes les surfaces sans les ternir ni les rayer. Efficace sur Coronavirus.","og_url":"https:\/\/www.hydrachim.fr\/en\/produit\/ndc_pin_002072801\/","og_site_name":"Hydrachim","article_modified_time":"2024-08-21T08:26:10+00:00","og_image":[{"width":600,"height":900,"url":"https:\/\/www.hydrachim.fr\/app\/uploads\/2020\/12\/0728_DETERQUAT_NDCPIN_750ML-1.png","type":"image\/png"}],"twitter_card":"summary_large_image","twitter_misc":{"Est. reading time":"1 minute"},"schema":{"@context":"https:\/\/schema.org","@graph":[{"@type":"WebPage","@id":"https:\/\/www.hydrachim.fr\/en\/produit\/ndc_pin_002072801\/","url":"https:\/\/www.hydrachim.fr\/en\/produit\/ndc_pin_002072801\/","name":"D\u00e9sinfectant nettoyant sans rayures - NDC PIN - Hydrachim","isPartOf":{"@id":"https:\/\/www.hydrachim.fr\/en\/#website"},"primaryImageOfPage":{"@id":"https:\/\/www.hydrachim.fr\/en\/produit\/ndc_pin_002072801\/#primaryimage"},"image":{"@id":"https:\/\/www.hydrachim.fr\/en\/produit\/ndc_pin_002072801\/#primaryimage"},"thumbnailUrl":"https:\/\/www.hydrachim.fr\/app\/uploads\/2020\/12\/0728_DETERQUAT_NDCPIN_750ML-1.png","datePublished":"2019-12-17T08:05:36+00:00","dateModified":"2024-08-21T08:26:10+00:00","description":"DETERQUAT NDC PIN est un d\u00e9sinfectant et nettoyant pour toutes les surfaces sans les ternir ni les rayer. Efficace sur Coronavirus.","breadcrumb":{"@id":"https:\/\/www.hydrachim.fr\/en\/produit\/ndc_pin_002072801\/#breadcrumb"},"inLanguage":"en-US","potentialAction":[{"@type":"ReadAction","target":["https:\/\/www.hydrachim.fr\/en\/produit\/ndc_pin_002072801\/"]}]},{"@type":"ImageObject","inLanguage":"en-US","@id":"https:\/\/www.hydrachim.fr\/en\/produit\/ndc_pin_002072801\/#primaryimage","url":"https:\/\/www.hydrachim.fr\/app\/uploads\/2020\/12\/0728_DETERQUAT_NDCPIN_750ML-1.png","contentUrl":"https:\/\/www.hydrachim.fr\/app\/uploads\/2020\/12\/0728_DETERQUAT_NDCPIN_750ML-1.png","width":600,"height":900,"caption":"D\u00e9sinfectant nettoyant sans rayures - NDC PIN"},{"@type":"BreadcrumbList","@id":"https:\/\/www.hydrachim.fr\/en\/produit\/ndc_pin_002072801\/#breadcrumb","itemListElement":[{"@type":"ListItem","position":1,"name":"Home","item":"https:\/\/www.hydrachim.fr\/en\/"},{"@type":"ListItem","position":2,"name":"Boutique","item":"https:\/\/www.hydrachim.fr\/boutique\/"},{"@type":"ListItem","position":3,"name":"NDC PIN"}]},{"@type":"WebSite","@id":"https:\/\/www.hydrachim.fr\/en\/#website","url":"https:\/\/www.hydrachim.fr\/en\/","name":"Hydrachim","description":"La science de l&#039;hygi\u00e8ne","potentialAction":[{"@type":"SearchAction","target":{"@type":"EntryPoint","urlTemplate":"https:\/\/www.hydrachim.fr\/en\/?s={search_term_string}"},"query-input":{"@type":"PropertyValueSpecification","valueRequired":true,"valueName":"search_term_string"}}],"inLanguage":"en-US"}]}},"acf":{"fiche_technique":"https:\/\/www.hydrachim.fr\/app\/uploads\/2024\/08\/FT_0728___DETERQUAT_NDC_PIN.pdf","fiche_methode":""},"_links":{"self":[{"href":"https:\/\/www.hydrachim.fr\/en\/wp-json\/wp\/v2\/product\/6100","targetHints":{"allow":["GET"]}}],"collection":[{"href":"https:\/\/www.hydrachim.fr\/en\/wp-json\/wp\/v2\/product"}],"about":[{"href":"https:\/\/www.hydrachim.fr\/en\/wp-json\/wp\/v2\/types\/product"}],"wp:featuredmedia":[{"embeddable":true,"href":"https:\/\/www.hydrachim.fr\/en\/wp-json\/wp\/v2\/media\/8016"}],"wp:attachment":[{"href":"https:\/\/www.hydrachim.fr\/en\/wp-json\/wp\/v2\/media?parent=6100"}],"wp:term":[{"taxonomy":"product_brand","embeddable":true,"href":"https:\/\/www.hydrachim.fr\/en\/wp-json\/wp\/v2\/product_brand?post=6100"},{"taxonomy":"product_type","embeddable":true,"href":"https:\/\/www.hydrachim.fr\/en\/wp-json\/wp\/v2\/product_type?post=6100"},{"taxonomy":"product_visibility","embeddable":true,"href":"https:\/\/www.hydrachim.fr\/en\/wp-json\/wp\/v2\/product_visibility?post=6100"},{"taxonomy":"product_cat","embeddable":true,"href":"https:\/\/www.hydrachim.fr\/en\/wp-json\/wp\/v2\/product_cat?post=6100"}],"curies":[{"name":"wp","href":"https:\/\/api.w.org\/{rel}","templated":true}]}}