{"id":6098,"date":"2019-12-10T13:17:39","date_gmt":"2019-12-10T11:17:39","guid":{"rendered":"https:\/\/www.hydrachim.fr\/?post_type=product&#038;p=6098"},"modified":"2024-08-21T10:24:25","modified_gmt":"2024-08-21T08:24:25","slug":"cl_9-6_eucalyptus_002009191","status":"publish","type":"product","link":"https:\/\/www.hydrachim.fr\/en\/produit\/cl_9-6_eucalyptus_002009191\/","title":{"rendered":"CL 9.6 EUCALYPTUS"},"content":{"rendered":"<p><strong>CL 9.6 EUCALYPTUS est une Eau de Javel d\u00e9sinfectante, blanchissante et parfum\u00e9e, id\u00e9ale pour les surfaces.<br \/>\nSon parfum d&#8217;Eucalyptus laisse une odeur fra\u00eeche et agr\u00e9able.<\/strong><\/p>\n<p>CL 9.6 EUCALYPTUS s\u2019utilise dans divers domaines d\u2019activit\u00e9s : transport, stockage, ordures et d\u00e9chets, toutes surfaces dures.<\/p>\n<p>Il est id\u00e9al pour :<br \/>\n&#8211; D\u00e9sinfection des sols et surfaces<br \/>\n&#8211; D\u00e9sinfection WC, siphons et canalisations<\/p>\n<p>DETERQUAT CL 9.6 EUCALYPTUS est :<br \/>\n&#8211; Bact\u00e9ricide<br \/>\n&#8211; Levuricide et Fongicide<br \/>\n&#8211; Virucide<br \/>\n&#8211; Mycobact\u00e9ricide<br \/>\n&#8211; Sporicide<\/p>\n<p><strong>Disponible en :<br \/>\n&#8211; Bidon de 5L (carton de 4). R\u00e9f. 00200991<br \/>\n&#8211; Bidon de 20L. R\u00e9f. 002009192<\/strong><\/p>\n<p>Pour des actions sp\u00e9cifiques et cibl\u00e9es en fonction de votre secteur d&#8217;activit\u00e9 et de vos protocoles internes, consulter la fiche technique. <\/p>\n<p><em>Utilisez les produits biocides avec pr\u00e9caution. Avant toute utilisation, lisez l&#8217;\u00e9tiquette et les informations concernant le produit.<br \/>\nProduit strictement professionnel. Avant toute utilisation, assurez-vous que celle-ci est indispensable, notamment dans les lieux fr\u00e9quent\u00e9s par le grand public.Privil\u00e9giez chaque fois que possible les m\u00e9thodes alternatives et les produits pr\u00e9sentant le risque le plus faible pour la sant\u00e9 humaine et animale et pour l\u2019environnement.<\/p>\n<p>Retrouvez le mode d&#8217;emploi et le dosage du produit en t\u00e9l\u00e9chargeant la fiche technique.<\/p>\n<p>TP2 : D\u00e9sinfectants utilis\u00e9s dans le domaine priv\u00e9 et dans le domaine de la sant\u00e9 publique et autres produits biocides<br \/>\nTP4 : D\u00e9sinfectants pour les surfaces en contact avec les denr\u00e9es alimentaires et les aliments pour animaux<\/em><\/p>\n","protected":false},"excerpt":{"rendered":"<p>Eau de Javel parfum\u00e9e \u00e0 l&#8217;Eucalyptus \u00e0 9,6% de chlore actif.<\/p>\n","protected":false},"featured_media":6112,"template":"","meta":[],"product_brand":[],"product_type":[2],"product_visibility":[],"product_cat":[4237,4533,4174,4111,4151,4112],"class_list":{"0":"post-6098","1":"product","2":"type-product","3":"status-publish","4":"has-post-thumbnail","6":"product_cat-produits-produitsdsinfectioncoronavirus","7":"product_cat-produits-produitssecteur-dactivitecrches-ecoles-ehpad","8":"product_cat-nouveautesdesinfection","9":"product_cat-produitsdesinfection","10":"product_cat-marquesdeterquat","11":"product_cat-dsinfectionsurface","12":"product_tag-alimentaire_1","13":"product_tag-amm","14":"product_tag-bactericide","15":"product_tag-bactericide-type-defficacit","16":"product_tag-creches-ecoles-ehpad-secteur-dactivit","17":"product_tag-desinfectant","18":"product_tag-eau-de-javel","19":"product_tag-en-circuits-fermes","20":"product_tag-equipements-et-machines","21":"product_tag-eucalyptus","22":"product_tag-fongicide_1","23":"product_tag-fongicide","24":"product_tag-levuricide","25":"product_tag-levuricide_1","26":"product_tag-mycobactericide","27":"product_tag-mycobactricide","28":"product_tag-non-moussant_1","29":"product_tag-non-moussant","30":"product_tag-secteur-medical","31":"product_tag-sporicide_1","32":"product_tag-sporicide","33":"product_tag-sur-surfaces-ouvertes-sols-murs-plafonds","34":"product_tag-tous-types-dapplication","35":"product_tag-tous-types-defficacite","36":"product_tag-tous-types-de-secteur-dactivite","37":"product_tag-tp2","38":"product_tag-tp4","39":"product_tag-virucide","40":"product_tag-virucide_1","42":"first","43":"instock","44":"shipping-taxable","45":"product-type-simple"},"yoast_head":"<!-- This site is optimized with the Yoast SEO plugin v27.6 - https:\/\/yoast.com\/product\/yoast-seo-wordpress\/ -->\n<title>D\u00e9sinfectant liquide concentr\u00e9 - CL 9.6 EUCALYPTUS - Hydrachim<\/title>\n<meta name=\"description\" content=\"Deterquat CL 9.6 Eucalyptus est un produit d\u00e9sinfectant liquide chlor\u00e9 concentr\u00e9 \u00e0 9.6% de chlore actif. Efficacit\u00e9 virucide couverte sur le Coronavirus.\" \/>\n<meta name=\"robots\" content=\"index, follow, max-snippet:-1, max-image-preview:large, max-video-preview:-1\" \/>\n<link rel=\"canonical\" href=\"https:\/\/www.hydrachim.fr\/en\/produit\/cl_9-6_eucalyptus_002009191\/\" \/>\n<meta property=\"og:locale\" content=\"en_US\" \/>\n<meta property=\"og:type\" content=\"article\" \/>\n<meta property=\"og:title\" content=\"D\u00e9sinfectant liquide concentr\u00e9 - CL 9.6 EUCALYPTUS - Hydrachim\" \/>\n<meta property=\"og:description\" content=\"Deterquat CL 9.6 Eucalyptus est un produit d\u00e9sinfectant liquide chlor\u00e9 concentr\u00e9 \u00e0 9.6% de chlore actif. Efficacit\u00e9 virucide couverte sur le Coronavirus.\" \/>\n<meta property=\"og:url\" content=\"https:\/\/www.hydrachim.fr\/en\/produit\/cl_9-6_eucalyptus_002009191\/\" \/>\n<meta property=\"og:site_name\" content=\"Hydrachim\" \/>\n<meta property=\"article:modified_time\" content=\"2024-08-21T08:24:25+00:00\" \/>\n<meta property=\"og:image\" content=\"https:\/\/www.hydrachim.fr\/app\/uploads\/2019\/12\/0091___DETERQUAT_CL_9_6___5L..png\" \/>\n\t<meta property=\"og:image:width\" content=\"600\" \/>\n\t<meta property=\"og:image:height\" content=\"900\" \/>\n\t<meta property=\"og:image:type\" content=\"image\/png\" \/>\n<meta name=\"twitter:card\" content=\"summary_large_image\" \/>\n<meta name=\"twitter:label1\" content=\"Est. reading time\" \/>\n\t<meta name=\"twitter:data1\" content=\"1 minute\" \/>\n<script type=\"application\/ld+json\" class=\"yoast-schema-graph\">{\"@context\":\"https:\\\/\\\/schema.org\",\"@graph\":[{\"@type\":\"WebPage\",\"@id\":\"https:\\\/\\\/www.hydrachim.fr\\\/en\\\/produit\\\/cl_9-6_eucalyptus_002009191\\\/\",\"url\":\"https:\\\/\\\/www.hydrachim.fr\\\/en\\\/produit\\\/cl_9-6_eucalyptus_002009191\\\/\",\"name\":\"D\u00e9sinfectant liquide concentr\u00e9 - CL 9.6 EUCALYPTUS - Hydrachim\",\"isPartOf\":{\"@id\":\"https:\\\/\\\/www.hydrachim.fr\\\/en\\\/#website\"},\"primaryImageOfPage\":{\"@id\":\"https:\\\/\\\/www.hydrachim.fr\\\/en\\\/produit\\\/cl_9-6_eucalyptus_002009191\\\/#primaryimage\"},\"image\":{\"@id\":\"https:\\\/\\\/www.hydrachim.fr\\\/en\\\/produit\\\/cl_9-6_eucalyptus_002009191\\\/#primaryimage\"},\"thumbnailUrl\":\"https:\\\/\\\/www.hydrachim.fr\\\/app\\\/uploads\\\/2019\\\/12\\\/0091___DETERQUAT_CL_9_6___5L..png\",\"datePublished\":\"2019-12-10T11:17:39+00:00\",\"dateModified\":\"2024-08-21T08:24:25+00:00\",\"description\":\"Deterquat CL 9.6 Eucalyptus est un produit d\u00e9sinfectant liquide chlor\u00e9 concentr\u00e9 \u00e0 9.6% de chlore actif. Efficacit\u00e9 virucide couverte sur le Coronavirus.\",\"breadcrumb\":{\"@id\":\"https:\\\/\\\/www.hydrachim.fr\\\/en\\\/produit\\\/cl_9-6_eucalyptus_002009191\\\/#breadcrumb\"},\"inLanguage\":\"en-US\",\"potentialAction\":[{\"@type\":\"ReadAction\",\"target\":[\"https:\\\/\\\/www.hydrachim.fr\\\/en\\\/produit\\\/cl_9-6_eucalyptus_002009191\\\/\"]}]},{\"@type\":\"ImageObject\",\"inLanguage\":\"en-US\",\"@id\":\"https:\\\/\\\/www.hydrachim.fr\\\/en\\\/produit\\\/cl_9-6_eucalyptus_002009191\\\/#primaryimage\",\"url\":\"https:\\\/\\\/www.hydrachim.fr\\\/app\\\/uploads\\\/2019\\\/12\\\/0091___DETERQUAT_CL_9_6___5L..png\",\"contentUrl\":\"https:\\\/\\\/www.hydrachim.fr\\\/app\\\/uploads\\\/2019\\\/12\\\/0091___DETERQUAT_CL_9_6___5L..png\",\"width\":600,\"height\":900,\"caption\":\"D\u00e9sinfectant liquide concentr\u00e9 - CL 9.6 EUCALYPTUS\"},{\"@type\":\"BreadcrumbList\",\"@id\":\"https:\\\/\\\/www.hydrachim.fr\\\/en\\\/produit\\\/cl_9-6_eucalyptus_002009191\\\/#breadcrumb\",\"itemListElement\":[{\"@type\":\"ListItem\",\"position\":1,\"name\":\"Home\",\"item\":\"https:\\\/\\\/www.hydrachim.fr\\\/en\\\/\"},{\"@type\":\"ListItem\",\"position\":2,\"name\":\"Boutique\",\"item\":\"https:\\\/\\\/www.hydrachim.fr\\\/boutique\\\/\"},{\"@type\":\"ListItem\",\"position\":3,\"name\":\"CL 9.6 EUCALYPTUS\"}]},{\"@type\":\"WebSite\",\"@id\":\"https:\\\/\\\/www.hydrachim.fr\\\/en\\\/#website\",\"url\":\"https:\\\/\\\/www.hydrachim.fr\\\/en\\\/\",\"name\":\"Hydrachim\",\"description\":\"La science de l&#039;hygi\u00e8ne\",\"potentialAction\":[{\"@type\":\"SearchAction\",\"target\":{\"@type\":\"EntryPoint\",\"urlTemplate\":\"https:\\\/\\\/www.hydrachim.fr\\\/en\\\/?s={search_term_string}\"},\"query-input\":{\"@type\":\"PropertyValueSpecification\",\"valueRequired\":true,\"valueName\":\"search_term_string\"}}],\"inLanguage\":\"en-US\"}]}<\/script>\n<!-- \/ Yoast SEO plugin. -->","yoast_head_json":{"title":"D\u00e9sinfectant liquide concentr\u00e9 - CL 9.6 EUCALYPTUS - Hydrachim","description":"Deterquat CL 9.6 Eucalyptus est un produit d\u00e9sinfectant liquide chlor\u00e9 concentr\u00e9 \u00e0 9.6% de chlore actif. Efficacit\u00e9 virucide couverte sur le Coronavirus.","robots":{"index":"index","follow":"follow","max-snippet":"max-snippet:-1","max-image-preview":"max-image-preview:large","max-video-preview":"max-video-preview:-1"},"canonical":"https:\/\/www.hydrachim.fr\/en\/produit\/cl_9-6_eucalyptus_002009191\/","og_locale":"en_US","og_type":"article","og_title":"D\u00e9sinfectant liquide concentr\u00e9 - CL 9.6 EUCALYPTUS - Hydrachim","og_description":"Deterquat CL 9.6 Eucalyptus est un produit d\u00e9sinfectant liquide chlor\u00e9 concentr\u00e9 \u00e0 9.6% de chlore actif. Efficacit\u00e9 virucide couverte sur le Coronavirus.","og_url":"https:\/\/www.hydrachim.fr\/en\/produit\/cl_9-6_eucalyptus_002009191\/","og_site_name":"Hydrachim","article_modified_time":"2024-08-21T08:24:25+00:00","og_image":[{"width":600,"height":900,"url":"https:\/\/www.hydrachim.fr\/app\/uploads\/2019\/12\/0091___DETERQUAT_CL_9_6___5L..png","type":"image\/png"}],"twitter_card":"summary_large_image","twitter_misc":{"Est. reading time":"1 minute"},"schema":{"@context":"https:\/\/schema.org","@graph":[{"@type":"WebPage","@id":"https:\/\/www.hydrachim.fr\/en\/produit\/cl_9-6_eucalyptus_002009191\/","url":"https:\/\/www.hydrachim.fr\/en\/produit\/cl_9-6_eucalyptus_002009191\/","name":"D\u00e9sinfectant liquide concentr\u00e9 - CL 9.6 EUCALYPTUS - Hydrachim","isPartOf":{"@id":"https:\/\/www.hydrachim.fr\/en\/#website"},"primaryImageOfPage":{"@id":"https:\/\/www.hydrachim.fr\/en\/produit\/cl_9-6_eucalyptus_002009191\/#primaryimage"},"image":{"@id":"https:\/\/www.hydrachim.fr\/en\/produit\/cl_9-6_eucalyptus_002009191\/#primaryimage"},"thumbnailUrl":"https:\/\/www.hydrachim.fr\/app\/uploads\/2019\/12\/0091___DETERQUAT_CL_9_6___5L..png","datePublished":"2019-12-10T11:17:39+00:00","dateModified":"2024-08-21T08:24:25+00:00","description":"Deterquat CL 9.6 Eucalyptus est un produit d\u00e9sinfectant liquide chlor\u00e9 concentr\u00e9 \u00e0 9.6% de chlore actif. Efficacit\u00e9 virucide couverte sur le Coronavirus.","breadcrumb":{"@id":"https:\/\/www.hydrachim.fr\/en\/produit\/cl_9-6_eucalyptus_002009191\/#breadcrumb"},"inLanguage":"en-US","potentialAction":[{"@type":"ReadAction","target":["https:\/\/www.hydrachim.fr\/en\/produit\/cl_9-6_eucalyptus_002009191\/"]}]},{"@type":"ImageObject","inLanguage":"en-US","@id":"https:\/\/www.hydrachim.fr\/en\/produit\/cl_9-6_eucalyptus_002009191\/#primaryimage","url":"https:\/\/www.hydrachim.fr\/app\/uploads\/2019\/12\/0091___DETERQUAT_CL_9_6___5L..png","contentUrl":"https:\/\/www.hydrachim.fr\/app\/uploads\/2019\/12\/0091___DETERQUAT_CL_9_6___5L..png","width":600,"height":900,"caption":"D\u00e9sinfectant liquide concentr\u00e9 - CL 9.6 EUCALYPTUS"},{"@type":"BreadcrumbList","@id":"https:\/\/www.hydrachim.fr\/en\/produit\/cl_9-6_eucalyptus_002009191\/#breadcrumb","itemListElement":[{"@type":"ListItem","position":1,"name":"Home","item":"https:\/\/www.hydrachim.fr\/en\/"},{"@type":"ListItem","position":2,"name":"Boutique","item":"https:\/\/www.hydrachim.fr\/boutique\/"},{"@type":"ListItem","position":3,"name":"CL 9.6 EUCALYPTUS"}]},{"@type":"WebSite","@id":"https:\/\/www.hydrachim.fr\/en\/#website","url":"https:\/\/www.hydrachim.fr\/en\/","name":"Hydrachim","description":"La science de l&#039;hygi\u00e8ne","potentialAction":[{"@type":"SearchAction","target":{"@type":"EntryPoint","urlTemplate":"https:\/\/www.hydrachim.fr\/en\/?s={search_term_string}"},"query-input":{"@type":"PropertyValueSpecification","valueRequired":true,"valueName":"search_term_string"}}],"inLanguage":"en-US"}]}},"acf":{"fiche_technique":"https:\/\/www.hydrachim.fr\/app\/uploads\/2024\/08\/FT_0091___DETERQUAT_CL_9_6_EUCALYPTUS.pdf","fiche_methode":""},"_links":{"self":[{"href":"https:\/\/www.hydrachim.fr\/en\/wp-json\/wp\/v2\/product\/6098","targetHints":{"allow":["GET"]}}],"collection":[{"href":"https:\/\/www.hydrachim.fr\/en\/wp-json\/wp\/v2\/product"}],"about":[{"href":"https:\/\/www.hydrachim.fr\/en\/wp-json\/wp\/v2\/types\/product"}],"wp:featuredmedia":[{"embeddable":true,"href":"https:\/\/www.hydrachim.fr\/en\/wp-json\/wp\/v2\/media\/6112"}],"wp:attachment":[{"href":"https:\/\/www.hydrachim.fr\/en\/wp-json\/wp\/v2\/media?parent=6098"}],"wp:term":[{"taxonomy":"product_brand","embeddable":true,"href":"https:\/\/www.hydrachim.fr\/en\/wp-json\/wp\/v2\/product_brand?post=6098"},{"taxonomy":"product_type","embeddable":true,"href":"https:\/\/www.hydrachim.fr\/en\/wp-json\/wp\/v2\/product_type?post=6098"},{"taxonomy":"product_visibility","embeddable":true,"href":"https:\/\/www.hydrachim.fr\/en\/wp-json\/wp\/v2\/product_visibility?post=6098"},{"taxonomy":"product_cat","embeddable":true,"href":"https:\/\/www.hydrachim.fr\/en\/wp-json\/wp\/v2\/product_cat?post=6098"}],"curies":[{"name":"wp","href":"https:\/\/api.w.org\/{rel}","templated":true}]}}