{"id":6053,"date":"2019-11-27T10:56:58","date_gmt":"2019-11-27T08:56:58","guid":{"rendered":"https:\/\/www.hydrachim.fr\/?post_type=product&#038;p=6053"},"modified":"2024-12-17T14:56:20","modified_gmt":"2024-12-17T12:56:20","slug":"pastilles_lave_vaisselle_professionnelle_002013301","status":"publish","type":"product","link":"https:\/\/www.hydrachim.fr\/en\/produit\/pastilles_lave_vaisselle_professionnelle_002013301\/","title":{"rendered":"Pastilles lave vaisselle professionnelle"},"content":{"rendered":"<p><strong>Les pastilles lave vaisselle sont particuli\u00e8rement recommand\u00e9es pour le lavage de la vaisselle en machine industrielle, dans les machines monobain (action brillance et d\u00e9sincrustante).<br \/>\nPastilles individuelle de 20 grammes, sans chlore, \u00e0 l\u2019oxyg\u00e8ne actif.<\/strong><\/p>\n<p><strong>Disponible en :<br \/>\n&#8211; Seau de 5KG de 250 pastilles. R\u00e9f. 002013301<br \/>\n&#8211; Seau de 10KG de 500 pastilles R\u00e9f. 002013302<\/strong><\/p>\n<p class=\"y-product y-product__product-subtitle\">Avantage :<\/p>\n<p>Permet 1 dosage pr\u00e9cis, 1 utilisation ais\u00e9e et 1 stockage r\u00e9duit.<br \/>\nEfficace sur les tanins; caf\u00e9s &#8230; <\/p>\n<p>Retrouvez le mode d&#8217;emploi et le dosage du produit en t\u00e9l\u00e9chargeant la fiche technique. <\/p>\n","protected":false},"excerpt":{"rendered":"<p>Pastilles lave vaisselle pour la vaisselle en machine<\/p>\n","protected":false},"featured_media":6055,"template":"","meta":[],"product_brand":[],"product_type":[2],"product_visibility":[],"product_cat":[4145,4120],"class_list":{"0":"post-6053","1":"product","2":"type-product","3":"status-publish","4":"has-post-thumbnail","6":"product_cat-marquesorlav","7":"product_cat-cuisinevaisselle-machine","8":"product_tag-brillant","9":"product_tag-desincrustant","10":"product_tag-pastille","11":"product_tag-sans-chlore","12":"product_tag-vaisselle-2","14":"first","15":"instock","16":"shipping-taxable","17":"product-type-simple"},"yoast_head":"<!-- This site is optimized with the Yoast SEO plugin v27.4 - https:\/\/yoast.com\/product\/yoast-seo-wordpress\/ -->\n<title>Pastilles lave vaisselle professionnelle - Hydrachim<\/title>\n<meta name=\"description\" content=\"Pastilles lave vaisselle professionnelle pour le lavage en machine industrielle, dans les machines mono-bain (action brillance...\" \/>\n<meta name=\"robots\" content=\"index, follow, max-snippet:-1, max-image-preview:large, max-video-preview:-1\" \/>\n<link rel=\"canonical\" href=\"https:\/\/www.hydrachim.fr\/en\/produit\/pastilles_lave_vaisselle_professionnelle_002013301\/\" \/>\n<meta property=\"og:locale\" content=\"en_US\" \/>\n<meta property=\"og:type\" content=\"article\" \/>\n<meta property=\"og:title\" content=\"Pastilles lave vaisselle professionnelle - Hydrachim\" \/>\n<meta property=\"og:description\" content=\"Pastilles lave vaisselle professionnelle pour le lavage en machine industrielle, dans les machines mono-bain (action brillance...\" \/>\n<meta property=\"og:url\" content=\"https:\/\/www.hydrachim.fr\/en\/produit\/pastilles_lave_vaisselle_professionnelle_002013301\/\" \/>\n<meta property=\"og:site_name\" content=\"Hydrachim\" \/>\n<meta property=\"article:modified_time\" content=\"2024-12-17T12:56:20+00:00\" \/>\n<meta property=\"og:image\" content=\"https:\/\/www.hydrachim.fr\/app\/uploads\/2019\/11\/0133___Pastille_sans_flowpack..png\" \/>\n\t<meta property=\"og:image:width\" content=\"600\" \/>\n\t<meta property=\"og:image:height\" content=\"429\" \/>\n\t<meta property=\"og:image:type\" content=\"image\/png\" \/>\n<meta name=\"twitter:card\" content=\"summary_large_image\" \/>\n<script type=\"application\/ld+json\" class=\"yoast-schema-graph\">{\"@context\":\"https:\\\/\\\/schema.org\",\"@graph\":[{\"@type\":\"WebPage\",\"@id\":\"https:\\\/\\\/www.hydrachim.fr\\\/en\\\/produit\\\/pastilles_lave_vaisselle_professionnelle_002013301\\\/\",\"url\":\"https:\\\/\\\/www.hydrachim.fr\\\/en\\\/produit\\\/pastilles_lave_vaisselle_professionnelle_002013301\\\/\",\"name\":\"Pastilles lave vaisselle professionnelle - Hydrachim\",\"isPartOf\":{\"@id\":\"https:\\\/\\\/www.hydrachim.fr\\\/en\\\/#website\"},\"primaryImageOfPage\":{\"@id\":\"https:\\\/\\\/www.hydrachim.fr\\\/en\\\/produit\\\/pastilles_lave_vaisselle_professionnelle_002013301\\\/#primaryimage\"},\"image\":{\"@id\":\"https:\\\/\\\/www.hydrachim.fr\\\/en\\\/produit\\\/pastilles_lave_vaisselle_professionnelle_002013301\\\/#primaryimage\"},\"thumbnailUrl\":\"https:\\\/\\\/www.hydrachim.fr\\\/app\\\/uploads\\\/2019\\\/11\\\/0133___Pastille_sans_flowpack..png\",\"datePublished\":\"2019-11-27T08:56:58+00:00\",\"dateModified\":\"2024-12-17T12:56:20+00:00\",\"description\":\"Pastilles lave vaisselle professionnelle pour le lavage en machine industrielle, dans les machines mono-bain (action brillance...\",\"breadcrumb\":{\"@id\":\"https:\\\/\\\/www.hydrachim.fr\\\/en\\\/produit\\\/pastilles_lave_vaisselle_professionnelle_002013301\\\/#breadcrumb\"},\"inLanguage\":\"en-US\",\"potentialAction\":[{\"@type\":\"ReadAction\",\"target\":[\"https:\\\/\\\/www.hydrachim.fr\\\/en\\\/produit\\\/pastilles_lave_vaisselle_professionnelle_002013301\\\/\"]}]},{\"@type\":\"ImageObject\",\"inLanguage\":\"en-US\",\"@id\":\"https:\\\/\\\/www.hydrachim.fr\\\/en\\\/produit\\\/pastilles_lave_vaisselle_professionnelle_002013301\\\/#primaryimage\",\"url\":\"https:\\\/\\\/www.hydrachim.fr\\\/app\\\/uploads\\\/2019\\\/11\\\/0133___Pastille_sans_flowpack..png\",\"contentUrl\":\"https:\\\/\\\/www.hydrachim.fr\\\/app\\\/uploads\\\/2019\\\/11\\\/0133___Pastille_sans_flowpack..png\",\"width\":600,\"height\":429,\"caption\":\"Pastilles lave vaisselle pour la vaisselle en machine\"},{\"@type\":\"BreadcrumbList\",\"@id\":\"https:\\\/\\\/www.hydrachim.fr\\\/en\\\/produit\\\/pastilles_lave_vaisselle_professionnelle_002013301\\\/#breadcrumb\",\"itemListElement\":[{\"@type\":\"ListItem\",\"position\":1,\"name\":\"Home\",\"item\":\"https:\\\/\\\/www.hydrachim.fr\\\/en\\\/\"},{\"@type\":\"ListItem\",\"position\":2,\"name\":\"Boutique\",\"item\":\"https:\\\/\\\/www.hydrachim.fr\\\/boutique\\\/\"},{\"@type\":\"ListItem\",\"position\":3,\"name\":\"Pastilles lave vaisselle professionnelle\"}]},{\"@type\":\"WebSite\",\"@id\":\"https:\\\/\\\/www.hydrachim.fr\\\/en\\\/#website\",\"url\":\"https:\\\/\\\/www.hydrachim.fr\\\/en\\\/\",\"name\":\"Hydrachim\",\"description\":\"La science de l&#039;hygi\u00e8ne\",\"potentialAction\":[{\"@type\":\"SearchAction\",\"target\":{\"@type\":\"EntryPoint\",\"urlTemplate\":\"https:\\\/\\\/www.hydrachim.fr\\\/en\\\/?s={search_term_string}\"},\"query-input\":{\"@type\":\"PropertyValueSpecification\",\"valueRequired\":true,\"valueName\":\"search_term_string\"}}],\"inLanguage\":\"en-US\"}]}<\/script>\n<!-- \/ Yoast SEO plugin. -->","yoast_head_json":{"title":"Pastilles lave vaisselle professionnelle - Hydrachim","description":"Pastilles lave vaisselle professionnelle pour le lavage en machine industrielle, dans les machines mono-bain (action brillance...","robots":{"index":"index","follow":"follow","max-snippet":"max-snippet:-1","max-image-preview":"max-image-preview:large","max-video-preview":"max-video-preview:-1"},"canonical":"https:\/\/www.hydrachim.fr\/en\/produit\/pastilles_lave_vaisselle_professionnelle_002013301\/","og_locale":"en_US","og_type":"article","og_title":"Pastilles lave vaisselle professionnelle - Hydrachim","og_description":"Pastilles lave vaisselle professionnelle pour le lavage en machine industrielle, dans les machines mono-bain (action brillance...","og_url":"https:\/\/www.hydrachim.fr\/en\/produit\/pastilles_lave_vaisselle_professionnelle_002013301\/","og_site_name":"Hydrachim","article_modified_time":"2024-12-17T12:56:20+00:00","og_image":[{"width":600,"height":429,"url":"https:\/\/www.hydrachim.fr\/app\/uploads\/2019\/11\/0133___Pastille_sans_flowpack..png","type":"image\/png"}],"twitter_card":"summary_large_image","schema":{"@context":"https:\/\/schema.org","@graph":[{"@type":"WebPage","@id":"https:\/\/www.hydrachim.fr\/en\/produit\/pastilles_lave_vaisselle_professionnelle_002013301\/","url":"https:\/\/www.hydrachim.fr\/en\/produit\/pastilles_lave_vaisselle_professionnelle_002013301\/","name":"Pastilles lave vaisselle professionnelle - Hydrachim","isPartOf":{"@id":"https:\/\/www.hydrachim.fr\/en\/#website"},"primaryImageOfPage":{"@id":"https:\/\/www.hydrachim.fr\/en\/produit\/pastilles_lave_vaisselle_professionnelle_002013301\/#primaryimage"},"image":{"@id":"https:\/\/www.hydrachim.fr\/en\/produit\/pastilles_lave_vaisselle_professionnelle_002013301\/#primaryimage"},"thumbnailUrl":"https:\/\/www.hydrachim.fr\/app\/uploads\/2019\/11\/0133___Pastille_sans_flowpack..png","datePublished":"2019-11-27T08:56:58+00:00","dateModified":"2024-12-17T12:56:20+00:00","description":"Pastilles lave vaisselle professionnelle pour le lavage en machine industrielle, dans les machines mono-bain (action brillance...","breadcrumb":{"@id":"https:\/\/www.hydrachim.fr\/en\/produit\/pastilles_lave_vaisselle_professionnelle_002013301\/#breadcrumb"},"inLanguage":"en-US","potentialAction":[{"@type":"ReadAction","target":["https:\/\/www.hydrachim.fr\/en\/produit\/pastilles_lave_vaisselle_professionnelle_002013301\/"]}]},{"@type":"ImageObject","inLanguage":"en-US","@id":"https:\/\/www.hydrachim.fr\/en\/produit\/pastilles_lave_vaisselle_professionnelle_002013301\/#primaryimage","url":"https:\/\/www.hydrachim.fr\/app\/uploads\/2019\/11\/0133___Pastille_sans_flowpack..png","contentUrl":"https:\/\/www.hydrachim.fr\/app\/uploads\/2019\/11\/0133___Pastille_sans_flowpack..png","width":600,"height":429,"caption":"Pastilles lave vaisselle pour la vaisselle en machine"},{"@type":"BreadcrumbList","@id":"https:\/\/www.hydrachim.fr\/en\/produit\/pastilles_lave_vaisselle_professionnelle_002013301\/#breadcrumb","itemListElement":[{"@type":"ListItem","position":1,"name":"Home","item":"https:\/\/www.hydrachim.fr\/en\/"},{"@type":"ListItem","position":2,"name":"Boutique","item":"https:\/\/www.hydrachim.fr\/boutique\/"},{"@type":"ListItem","position":3,"name":"Pastilles lave vaisselle professionnelle"}]},{"@type":"WebSite","@id":"https:\/\/www.hydrachim.fr\/en\/#website","url":"https:\/\/www.hydrachim.fr\/en\/","name":"Hydrachim","description":"La science de l&#039;hygi\u00e8ne","potentialAction":[{"@type":"SearchAction","target":{"@type":"EntryPoint","urlTemplate":"https:\/\/www.hydrachim.fr\/en\/?s={search_term_string}"},"query-input":{"@type":"PropertyValueSpecification","valueRequired":true,"valueName":"search_term_string"}}],"inLanguage":"en-US"}]}},"acf":{"fiche_technique":"https:\/\/www.hydrachim.fr\/app\/uploads\/2024\/12\/FT_ORLAV___0133___PASTILLE_LAVE_VAISSELLE___5KG.pdf","fiche_methode":""},"_links":{"self":[{"href":"https:\/\/www.hydrachim.fr\/en\/wp-json\/wp\/v2\/product\/6053","targetHints":{"allow":["GET"]}}],"collection":[{"href":"https:\/\/www.hydrachim.fr\/en\/wp-json\/wp\/v2\/product"}],"about":[{"href":"https:\/\/www.hydrachim.fr\/en\/wp-json\/wp\/v2\/types\/product"}],"wp:featuredmedia":[{"embeddable":true,"href":"https:\/\/www.hydrachim.fr\/en\/wp-json\/wp\/v2\/media\/6055"}],"wp:attachment":[{"href":"https:\/\/www.hydrachim.fr\/en\/wp-json\/wp\/v2\/media?parent=6053"}],"wp:term":[{"taxonomy":"product_brand","embeddable":true,"href":"https:\/\/www.hydrachim.fr\/en\/wp-json\/wp\/v2\/product_brand?post=6053"},{"taxonomy":"product_type","embeddable":true,"href":"https:\/\/www.hydrachim.fr\/en\/wp-json\/wp\/v2\/product_type?post=6053"},{"taxonomy":"product_visibility","embeddable":true,"href":"https:\/\/www.hydrachim.fr\/en\/wp-json\/wp\/v2\/product_visibility?post=6053"},{"taxonomy":"product_cat","embeddable":true,"href":"https:\/\/www.hydrachim.fr\/en\/wp-json\/wp\/v2\/product_cat?post=6053"}],"curies":[{"name":"wp","href":"https:\/\/api.w.org\/{rel}","templated":true}]}}