{"id":6049,"date":"2019-11-27T10:23:25","date_gmt":"2019-11-27T08:23:25","guid":{"rendered":"https:\/\/www.hydrachim.fr\/?post_type=product&#038;p=6049"},"modified":"2025-10-06T11:51:08","modified_gmt":"2025-10-06T09:51:08","slug":"al_002071809","status":"publish","type":"product","link":"https:\/\/www.hydrachim.fr\/en\/produit\/al_002071809\/","title":{"rendered":"AL"},"content":{"rendered":"<p><strong>DETERQUAT AL est un biocide pr\u00eat \u00e0 l\u2019emploi, sans rin\u00e7age.<br \/>\nDETERQUAT AL est un produit destin\u00e9 au nettoyage et \u00e0 la d\u00e9sinfection de toutes les surfaces*, y compris en industries agro-alimentaires, m\u00e9tiers de bouche, artisanat alimentaire, laboratoire alimentaire.<br \/>\nDETERQUAT AL convient \u00e9galement au domaine de la Boulangerie, Viennoiserie, P\u00e2tisserie industrielle, avec une efficacit\u00e9 sur la levure Candida pelliculosa.<br \/>\nDETERQUAT AL peut \u00e9galement s\u2019utiliser pour la d\u00e9sinfection des mains.<br \/>\n*Faire un test au pr\u00e9alable sur une petite surface.<\/strong><\/p>\n<p>DETERQUAT AL est un produit :<br \/>\n&#8211; bact\u00e9ricide,<br \/>\n&#8211; levuricide,<br \/>\n&#8211; fongicide,<br \/>\n&#8211; virucide et<br \/>\n&#8211; mycobact\u00e9ricide<br \/>\nselon les normes europ\u00e9ennes en vigueur.<br \/>\nEfficace sur Coronavirus.<\/p>\n<p><strong>Disponible en :<br \/>\n&#8211; Carton de 12x750ML. R\u00e9f. 002071809<br \/>\n&#8211; Bidon de 4 x 5L. R\u00e9f. 002071808<br \/>\n&#8211; Bidon de 20L. R\u00e9f. 002071804<\/strong><\/p>\n<p class=\"y-product y-product__product-subtitle\">Avantage :<\/p>\n<p>DETERQUAT AL :<br \/>\n&#8211; 98,35% des ingr\u00e9dients sont d\u2019origine v\u00e9g\u00e9tale ou min\u00e9rale<br \/>\n&#8211; D\u00e9tergent certifi\u00e9 par ECOCERT Greenlife selon le r\u00e9f\u00e9rentiel ECOCERT \u00ab Ecod\u00e9tergent \u00bb disponible sur http:\/\/detergents.ecocert.com.<\/p>\n<p>LISTE INCI : ALCOHOL, AQUA, ISOPROPYL ALCOHOL, MEK, DENATONIUM BENZOATE.<\/p>\n<p>Retrouvez le mode d&#8217;emploi et le dosage du produit en t\u00e9l\u00e9chargeant la fiche technique.<\/p>\n<p><em>Attention, le Deterquat AL est \u00e0 utiliser avec pr\u00e9caution sur les surfaces peintes. Faire un essai pr\u00e9alable sur une petite surface.<br \/>\nUtilisez le produit les biocides avec pr\u00e9caution. Avant toute utilisation, lisez l&#8217;\u00e9tiquette et les informations concernant le produit.<\/p>\n<p>TP1 : Produits biocides destin\u00e9s \u00e0 l\u2019hygi\u00e8ne humaine.<br \/>\nTP2 : D\u00e9sinfectants utilis\u00e9s dans le domaine priv\u00e9 et dans le domaine de la sant\u00e9 publique et autres produits biocides.<br \/>\nTP4 : D\u00e9sinfectants pour les surfaces en contact avec les denr\u00e9es alimentaires et les aliments pour animaux.<\/em><\/p>\n","protected":false},"excerpt":{"rendered":"<p>Produit nettoyant et d\u00e9sinfectant surfaces sans rin\u00e7age &#8211; D\u00e9sinfection des mains.<br \/>\nUsage quotidien. + de 75% d&#8217;alcool. Efficace sur Coronavirus.<\/p>\n","protected":false},"featured_media":11493,"template":"","meta":[],"product_brand":[],"product_type":[2],"product_visibility":[],"product_cat":[4116,4027,4237,4114,4117,4111,4118,4151,4097,4128,4127],"class_list":{"0":"post-6049","1":"product","2":"type-product","3":"status-publish","4":"has-post-thumbnail","6":"product_cat-dsinfectionagro-alimentaire","7":"product_cat-agro-alimentaire-industrie","8":"product_cat-produits-produitsdsinfectioncoronavirus","9":"product_cat-dsinfectioncuisine","10":"product_cat-produitscuisine","11":"product_cat-produitsdesinfection","12":"product_cat-produits-produitscuisinedesinfection","13":"product_cat-marquesdeterquat","14":"product_cat-produitsecocert","15":"product_cat-solentretien","16":"product_cat-produitssurface-sol","17":"product_tag-de-75-dalcool","18":"product_tag-agro-alimentaire","19":"product_tag-alimentaire_1","20":"product_tag-bactericide","21":"product_tag-bactericide-type-defficacit","22":"product_tag-biocide","23":"product_tag-cafe-hotel-restaurant","24":"product_tag-charcuterie","25":"product_tag-chr","26":"product_tag-desinfectant","27":"product_tag-ecocert","28":"product_tag-efficace-sur-coronavirus","29":"product_tag-fongicide_1","30":"product_tag-fongicide","31":"product_tag-industrie-boulangerie-viennoiserie-patisserie","32":"product_tag-industrie-viande-poisson","33":"product_tag-levuricide_1","34":"product_tag-levuricide","35":"product_tag-metiers-de-bouche","36":"product_tag-moussant_1","37":"product_tag-mycobactericide","38":"product_tag-nettoyant","39":"product_tag-sans-rincage","40":"product_tag-secteur-medical","41":"product_tag-sporicide_1","42":"product_tag-sur-surfaces-ouvertes-sols-murs-plafonds","43":"product_tag-tous-types-dapplication","44":"product_tag-tous-types-defficacite","45":"product_tag-tous-types-de-secteur-dactivite","46":"product_tag-tp1","47":"product_tag-tp2","48":"product_tag-tp4","49":"product_tag-traiteur-plats-prepares","50":"product_tag-virucide_1","51":"product_tag-virucide","53":"first","54":"instock","55":"shipping-taxable","56":"product-type-simple"},"yoast_head":"<!-- This site is optimized with the Yoast SEO plugin v27.4 - https:\/\/yoast.com\/product\/yoast-seo-wordpress\/ -->\n<title>D\u00e9sinfectant alimentaire - DETERQUAT AL - Hydrachim<\/title>\n<meta name=\"description\" content=\"DETERQUAT AL est un biocide d\u00e9sinfectant alimentaire pr\u00eat \u00e0 l\u2019emploi, sans rin\u00e7age et peut s\u2019utiliser pour la d\u00e9sinfection des mains.\" \/>\n<meta name=\"robots\" content=\"index, follow, max-snippet:-1, max-image-preview:large, max-video-preview:-1\" \/>\n<link rel=\"canonical\" href=\"https:\/\/www.hydrachim.fr\/en\/produit\/al_002071809\/\" \/>\n<meta property=\"og:locale\" content=\"en_US\" \/>\n<meta property=\"og:type\" content=\"article\" \/>\n<meta property=\"og:title\" content=\"D\u00e9sinfectant alimentaire - DETERQUAT AL - Hydrachim\" \/>\n<meta property=\"og:description\" content=\"DETERQUAT AL est un biocide d\u00e9sinfectant alimentaire pr\u00eat \u00e0 l\u2019emploi, sans rin\u00e7age et peut s\u2019utiliser pour la d\u00e9sinfection des mains.\" \/>\n<meta property=\"og:url\" content=\"https:\/\/www.hydrachim.fr\/en\/produit\/al_002071809\/\" \/>\n<meta property=\"og:site_name\" content=\"Hydrachim\" \/>\n<meta property=\"article:modified_time\" content=\"2025-10-06T09:51:08+00:00\" \/>\n<meta property=\"og:image\" content=\"https:\/\/www.hydrachim.fr\/app\/uploads\/2022\/05\/0718___DETERQUAT_AL___COMPO_750ML___5L..png\" \/>\n\t<meta property=\"og:image:width\" content=\"600\" \/>\n\t<meta property=\"og:image:height\" content=\"869\" \/>\n\t<meta property=\"og:image:type\" content=\"image\/png\" \/>\n<meta name=\"twitter:card\" content=\"summary_large_image\" \/>\n<meta name=\"twitter:label1\" content=\"Est. reading time\" \/>\n\t<meta name=\"twitter:data1\" content=\"2 minutes\" \/>\n<script type=\"application\/ld+json\" class=\"yoast-schema-graph\">{\"@context\":\"https:\\\/\\\/schema.org\",\"@graph\":[{\"@type\":\"WebPage\",\"@id\":\"https:\\\/\\\/www.hydrachim.fr\\\/en\\\/produit\\\/al_002071809\\\/\",\"url\":\"https:\\\/\\\/www.hydrachim.fr\\\/en\\\/produit\\\/al_002071809\\\/\",\"name\":\"D\u00e9sinfectant alimentaire - DETERQUAT AL - Hydrachim\",\"isPartOf\":{\"@id\":\"https:\\\/\\\/www.hydrachim.fr\\\/en\\\/#website\"},\"primaryImageOfPage\":{\"@id\":\"https:\\\/\\\/www.hydrachim.fr\\\/en\\\/produit\\\/al_002071809\\\/#primaryimage\"},\"image\":{\"@id\":\"https:\\\/\\\/www.hydrachim.fr\\\/en\\\/produit\\\/al_002071809\\\/#primaryimage\"},\"thumbnailUrl\":\"https:\\\/\\\/www.hydrachim.fr\\\/app\\\/uploads\\\/2022\\\/05\\\/0718___DETERQUAT_AL___COMPO_750ML___5L..png\",\"datePublished\":\"2019-11-27T08:23:25+00:00\",\"dateModified\":\"2025-10-06T09:51:08+00:00\",\"description\":\"DETERQUAT AL est un biocide d\u00e9sinfectant alimentaire pr\u00eat \u00e0 l\u2019emploi, sans rin\u00e7age et peut s\u2019utiliser pour la d\u00e9sinfection des mains.\",\"breadcrumb\":{\"@id\":\"https:\\\/\\\/www.hydrachim.fr\\\/en\\\/produit\\\/al_002071809\\\/#breadcrumb\"},\"inLanguage\":\"en-US\",\"potentialAction\":[{\"@type\":\"ReadAction\",\"target\":[\"https:\\\/\\\/www.hydrachim.fr\\\/en\\\/produit\\\/al_002071809\\\/\"]}]},{\"@type\":\"ImageObject\",\"inLanguage\":\"en-US\",\"@id\":\"https:\\\/\\\/www.hydrachim.fr\\\/en\\\/produit\\\/al_002071809\\\/#primaryimage\",\"url\":\"https:\\\/\\\/www.hydrachim.fr\\\/app\\\/uploads\\\/2022\\\/05\\\/0718___DETERQUAT_AL___COMPO_750ML___5L..png\",\"contentUrl\":\"https:\\\/\\\/www.hydrachim.fr\\\/app\\\/uploads\\\/2022\\\/05\\\/0718___DETERQUAT_AL___COMPO_750ML___5L..png\",\"width\":600,\"height\":869},{\"@type\":\"BreadcrumbList\",\"@id\":\"https:\\\/\\\/www.hydrachim.fr\\\/en\\\/produit\\\/al_002071809\\\/#breadcrumb\",\"itemListElement\":[{\"@type\":\"ListItem\",\"position\":1,\"name\":\"Home\",\"item\":\"https:\\\/\\\/www.hydrachim.fr\\\/en\\\/\"},{\"@type\":\"ListItem\",\"position\":2,\"name\":\"Boutique\",\"item\":\"https:\\\/\\\/www.hydrachim.fr\\\/boutique\\\/\"},{\"@type\":\"ListItem\",\"position\":3,\"name\":\"AL\"}]},{\"@type\":\"WebSite\",\"@id\":\"https:\\\/\\\/www.hydrachim.fr\\\/en\\\/#website\",\"url\":\"https:\\\/\\\/www.hydrachim.fr\\\/en\\\/\",\"name\":\"Hydrachim\",\"description\":\"La science de l&#039;hygi\u00e8ne\",\"potentialAction\":[{\"@type\":\"SearchAction\",\"target\":{\"@type\":\"EntryPoint\",\"urlTemplate\":\"https:\\\/\\\/www.hydrachim.fr\\\/en\\\/?s={search_term_string}\"},\"query-input\":{\"@type\":\"PropertyValueSpecification\",\"valueRequired\":true,\"valueName\":\"search_term_string\"}}],\"inLanguage\":\"en-US\"}]}<\/script>\n<!-- \/ Yoast SEO plugin. -->","yoast_head_json":{"title":"D\u00e9sinfectant alimentaire - DETERQUAT AL - Hydrachim","description":"DETERQUAT AL est un biocide d\u00e9sinfectant alimentaire pr\u00eat \u00e0 l\u2019emploi, sans rin\u00e7age et peut s\u2019utiliser pour la d\u00e9sinfection des mains.","robots":{"index":"index","follow":"follow","max-snippet":"max-snippet:-1","max-image-preview":"max-image-preview:large","max-video-preview":"max-video-preview:-1"},"canonical":"https:\/\/www.hydrachim.fr\/en\/produit\/al_002071809\/","og_locale":"en_US","og_type":"article","og_title":"D\u00e9sinfectant alimentaire - DETERQUAT AL - Hydrachim","og_description":"DETERQUAT AL est un biocide d\u00e9sinfectant alimentaire pr\u00eat \u00e0 l\u2019emploi, sans rin\u00e7age et peut s\u2019utiliser pour la d\u00e9sinfection des mains.","og_url":"https:\/\/www.hydrachim.fr\/en\/produit\/al_002071809\/","og_site_name":"Hydrachim","article_modified_time":"2025-10-06T09:51:08+00:00","og_image":[{"width":600,"height":869,"url":"https:\/\/www.hydrachim.fr\/app\/uploads\/2022\/05\/0718___DETERQUAT_AL___COMPO_750ML___5L..png","type":"image\/png"}],"twitter_card":"summary_large_image","twitter_misc":{"Est. reading time":"2 minutes"},"schema":{"@context":"https:\/\/schema.org","@graph":[{"@type":"WebPage","@id":"https:\/\/www.hydrachim.fr\/en\/produit\/al_002071809\/","url":"https:\/\/www.hydrachim.fr\/en\/produit\/al_002071809\/","name":"D\u00e9sinfectant alimentaire - DETERQUAT AL - Hydrachim","isPartOf":{"@id":"https:\/\/www.hydrachim.fr\/en\/#website"},"primaryImageOfPage":{"@id":"https:\/\/www.hydrachim.fr\/en\/produit\/al_002071809\/#primaryimage"},"image":{"@id":"https:\/\/www.hydrachim.fr\/en\/produit\/al_002071809\/#primaryimage"},"thumbnailUrl":"https:\/\/www.hydrachim.fr\/app\/uploads\/2022\/05\/0718___DETERQUAT_AL___COMPO_750ML___5L..png","datePublished":"2019-11-27T08:23:25+00:00","dateModified":"2025-10-06T09:51:08+00:00","description":"DETERQUAT AL est un biocide d\u00e9sinfectant alimentaire pr\u00eat \u00e0 l\u2019emploi, sans rin\u00e7age et peut s\u2019utiliser pour la d\u00e9sinfection des mains.","breadcrumb":{"@id":"https:\/\/www.hydrachim.fr\/en\/produit\/al_002071809\/#breadcrumb"},"inLanguage":"en-US","potentialAction":[{"@type":"ReadAction","target":["https:\/\/www.hydrachim.fr\/en\/produit\/al_002071809\/"]}]},{"@type":"ImageObject","inLanguage":"en-US","@id":"https:\/\/www.hydrachim.fr\/en\/produit\/al_002071809\/#primaryimage","url":"https:\/\/www.hydrachim.fr\/app\/uploads\/2022\/05\/0718___DETERQUAT_AL___COMPO_750ML___5L..png","contentUrl":"https:\/\/www.hydrachim.fr\/app\/uploads\/2022\/05\/0718___DETERQUAT_AL___COMPO_750ML___5L..png","width":600,"height":869},{"@type":"BreadcrumbList","@id":"https:\/\/www.hydrachim.fr\/en\/produit\/al_002071809\/#breadcrumb","itemListElement":[{"@type":"ListItem","position":1,"name":"Home","item":"https:\/\/www.hydrachim.fr\/en\/"},{"@type":"ListItem","position":2,"name":"Boutique","item":"https:\/\/www.hydrachim.fr\/boutique\/"},{"@type":"ListItem","position":3,"name":"AL"}]},{"@type":"WebSite","@id":"https:\/\/www.hydrachim.fr\/en\/#website","url":"https:\/\/www.hydrachim.fr\/en\/","name":"Hydrachim","description":"La science de l&#039;hygi\u00e8ne","potentialAction":[{"@type":"SearchAction","target":{"@type":"EntryPoint","urlTemplate":"https:\/\/www.hydrachim.fr\/en\/?s={search_term_string}"},"query-input":{"@type":"PropertyValueSpecification","valueRequired":true,"valueName":"search_term_string"}}],"inLanguage":"en-US"}]}},"acf":{"fiche_technique":"https:\/\/www.hydrachim.fr\/app\/uploads\/2025\/10\/FT_0718_DETERQUAT_AL_version_Ecocert.pdf","fiche_methode":""},"_links":{"self":[{"href":"https:\/\/www.hydrachim.fr\/en\/wp-json\/wp\/v2\/product\/6049","targetHints":{"allow":["GET"]}}],"collection":[{"href":"https:\/\/www.hydrachim.fr\/en\/wp-json\/wp\/v2\/product"}],"about":[{"href":"https:\/\/www.hydrachim.fr\/en\/wp-json\/wp\/v2\/types\/product"}],"wp:featuredmedia":[{"embeddable":true,"href":"https:\/\/www.hydrachim.fr\/en\/wp-json\/wp\/v2\/media\/11493"}],"wp:attachment":[{"href":"https:\/\/www.hydrachim.fr\/en\/wp-json\/wp\/v2\/media?parent=6049"}],"wp:term":[{"taxonomy":"product_brand","embeddable":true,"href":"https:\/\/www.hydrachim.fr\/en\/wp-json\/wp\/v2\/product_brand?post=6049"},{"taxonomy":"product_type","embeddable":true,"href":"https:\/\/www.hydrachim.fr\/en\/wp-json\/wp\/v2\/product_type?post=6049"},{"taxonomy":"product_visibility","embeddable":true,"href":"https:\/\/www.hydrachim.fr\/en\/wp-json\/wp\/v2\/product_visibility?post=6049"},{"taxonomy":"product_cat","embeddable":true,"href":"https:\/\/www.hydrachim.fr\/en\/wp-json\/wp\/v2\/product_cat?post=6049"}],"curies":[{"name":"wp","href":"https:\/\/api.w.org\/{rel}","templated":true}]}}