{"id":5969,"date":"2019-11-05T15:13:18","date_gmt":"2019-11-05T13:13:18","guid":{"rendered":"https:\/\/www.hydrachim.fr\/product\/chp-12\/"},"modified":"2025-06-18T15:18:22","modified_gmt":"2025-06-18T13:18:22","slug":"chp_12_003503902","status":"publish","type":"product","link":"https:\/\/www.hydrachim.fr\/en\/produit\/chp_12_003503902\/","title":{"rendered":"CHP 12"},"content":{"rendered":"<p><strong>Au cours de la pulv\u00e9risation l&#8217;effet visuel est imm\u00e9diat, CHP 12 forme, avec les gouttes d&#8217;eau, une perle qui glisse et s&#8217;\u00e9parpille sur la surface et emp\u00eache ainsi la formation de traces. Les quelques gouttes restantes s&#8217;\u00e9vacuent tr\u00e8s facilement.<\/strong><\/p>\n<p><strong>Disponible en bidon de 20L. R\u00e9f.003503902<\/strong><\/p>\n<p>Retrouvez le mode d&#8217;emploi et le dosage du produit en t\u00e9l\u00e9chargement, sa Fiche Technique et\/ou sa Fiche m\u00e9thode.<\/p>\n","protected":false},"excerpt":{"rendered":"<p>CHP 12 est con\u00e7u sp\u00e9cialement pour donner du brillant \u00e0 la carrosserie des v\u00e9hicules dans les stations de lavage.<\/p>\n","protected":false},"featured_media":5975,"template":"","meta":[],"product_brand":[],"product_type":[2],"product_visibility":[],"product_cat":[4153,4092],"class_list":{"0":"post-5969","1":"product","2":"type-product","3":"status-publish","4":"has-post-thumbnail","6":"product_cat-marqueskemnet","7":"product_cat-industriestation-vhicule","8":"product_tag-brillant","9":"product_tag-vehicule","11":"first","12":"instock","13":"shipping-taxable","14":"product-type-simple"},"yoast_head":"<!-- This site is optimized with the Yoast SEO plugin v27.5 - https:\/\/yoast.com\/product\/yoast-seo-wordpress\/ -->\n<title>CHP 12 - Hydrachim<\/title>\n<meta name=\"robots\" content=\"index, follow, max-snippet:-1, max-image-preview:large, max-video-preview:-1\" \/>\n<link rel=\"canonical\" href=\"https:\/\/www.hydrachim.fr\/en\/produit\/chp_12_003503902\/\" \/>\n<meta property=\"og:locale\" content=\"en_US\" \/>\n<meta property=\"og:type\" content=\"article\" \/>\n<meta property=\"og:title\" content=\"CHP 12 - Hydrachim\" \/>\n<meta property=\"og:description\" content=\"CHP 12 est con\u00e7u sp\u00e9cialement pour donner du brillant \u00e0 la carrosserie des v\u00e9hicules dans les stations de lavage.\" \/>\n<meta property=\"og:url\" content=\"https:\/\/www.hydrachim.fr\/en\/produit\/chp_12_003503902\/\" \/>\n<meta property=\"og:site_name\" content=\"Hydrachim\" \/>\n<meta property=\"article:modified_time\" content=\"2025-06-18T13:18:22+00:00\" \/>\n<meta property=\"og:image\" content=\"https:\/\/www.hydrachim.fr\/app\/uploads\/2019\/11\/5039___KEM___CHP12___20KG..png\" \/>\n\t<meta property=\"og:image:width\" content=\"750\" \/>\n\t<meta property=\"og:image:height\" content=\"1023\" \/>\n\t<meta property=\"og:image:type\" content=\"image\/png\" \/>\n<meta name=\"twitter:card\" content=\"summary_large_image\" \/>\n<script type=\"application\/ld+json\" class=\"yoast-schema-graph\">{\"@context\":\"https:\\\/\\\/schema.org\",\"@graph\":[{\"@type\":\"WebPage\",\"@id\":\"https:\\\/\\\/www.hydrachim.fr\\\/en\\\/produit\\\/chp_12_003503902\\\/\",\"url\":\"https:\\\/\\\/www.hydrachim.fr\\\/en\\\/produit\\\/chp_12_003503902\\\/\",\"name\":\"CHP 12 - Hydrachim\",\"isPartOf\":{\"@id\":\"https:\\\/\\\/www.hydrachim.fr\\\/en\\\/#website\"},\"primaryImageOfPage\":{\"@id\":\"https:\\\/\\\/www.hydrachim.fr\\\/en\\\/produit\\\/chp_12_003503902\\\/#primaryimage\"},\"image\":{\"@id\":\"https:\\\/\\\/www.hydrachim.fr\\\/en\\\/produit\\\/chp_12_003503902\\\/#primaryimage\"},\"thumbnailUrl\":\"https:\\\/\\\/www.hydrachim.fr\\\/app\\\/uploads\\\/2019\\\/11\\\/5039___KEM___CHP12___20KG..png\",\"datePublished\":\"2019-11-05T13:13:18+00:00\",\"dateModified\":\"2025-06-18T13:18:22+00:00\",\"breadcrumb\":{\"@id\":\"https:\\\/\\\/www.hydrachim.fr\\\/en\\\/produit\\\/chp_12_003503902\\\/#breadcrumb\"},\"inLanguage\":\"en-US\",\"potentialAction\":[{\"@type\":\"ReadAction\",\"target\":[\"https:\\\/\\\/www.hydrachim.fr\\\/en\\\/produit\\\/chp_12_003503902\\\/\"]}]},{\"@type\":\"ImageObject\",\"inLanguage\":\"en-US\",\"@id\":\"https:\\\/\\\/www.hydrachim.fr\\\/en\\\/produit\\\/chp_12_003503902\\\/#primaryimage\",\"url\":\"https:\\\/\\\/www.hydrachim.fr\\\/app\\\/uploads\\\/2019\\\/11\\\/5039___KEM___CHP12___20KG..png\",\"contentUrl\":\"https:\\\/\\\/www.hydrachim.fr\\\/app\\\/uploads\\\/2019\\\/11\\\/5039___KEM___CHP12___20KG..png\",\"width\":750,\"height\":1023},{\"@type\":\"BreadcrumbList\",\"@id\":\"https:\\\/\\\/www.hydrachim.fr\\\/en\\\/produit\\\/chp_12_003503902\\\/#breadcrumb\",\"itemListElement\":[{\"@type\":\"ListItem\",\"position\":1,\"name\":\"Home\",\"item\":\"https:\\\/\\\/www.hydrachim.fr\\\/en\\\/\"},{\"@type\":\"ListItem\",\"position\":2,\"name\":\"Boutique\",\"item\":\"https:\\\/\\\/www.hydrachim.fr\\\/boutique\\\/\"},{\"@type\":\"ListItem\",\"position\":3,\"name\":\"CHP 12\"}]},{\"@type\":\"WebSite\",\"@id\":\"https:\\\/\\\/www.hydrachim.fr\\\/en\\\/#website\",\"url\":\"https:\\\/\\\/www.hydrachim.fr\\\/en\\\/\",\"name\":\"Hydrachim\",\"description\":\"La science de l&#039;hygi\u00e8ne\",\"potentialAction\":[{\"@type\":\"SearchAction\",\"target\":{\"@type\":\"EntryPoint\",\"urlTemplate\":\"https:\\\/\\\/www.hydrachim.fr\\\/en\\\/?s={search_term_string}\"},\"query-input\":{\"@type\":\"PropertyValueSpecification\",\"valueRequired\":true,\"valueName\":\"search_term_string\"}}],\"inLanguage\":\"en-US\"}]}<\/script>\n<!-- \/ Yoast SEO plugin. -->","yoast_head_json":{"title":"CHP 12 - Hydrachim","robots":{"index":"index","follow":"follow","max-snippet":"max-snippet:-1","max-image-preview":"max-image-preview:large","max-video-preview":"max-video-preview:-1"},"canonical":"https:\/\/www.hydrachim.fr\/en\/produit\/chp_12_003503902\/","og_locale":"en_US","og_type":"article","og_title":"CHP 12 - Hydrachim","og_description":"CHP 12 est con\u00e7u sp\u00e9cialement pour donner du brillant \u00e0 la carrosserie des v\u00e9hicules dans les stations de lavage.","og_url":"https:\/\/www.hydrachim.fr\/en\/produit\/chp_12_003503902\/","og_site_name":"Hydrachim","article_modified_time":"2025-06-18T13:18:22+00:00","og_image":[{"width":750,"height":1023,"url":"https:\/\/www.hydrachim.fr\/app\/uploads\/2019\/11\/5039___KEM___CHP12___20KG..png","type":"image\/png"}],"twitter_card":"summary_large_image","schema":{"@context":"https:\/\/schema.org","@graph":[{"@type":"WebPage","@id":"https:\/\/www.hydrachim.fr\/en\/produit\/chp_12_003503902\/","url":"https:\/\/www.hydrachim.fr\/en\/produit\/chp_12_003503902\/","name":"CHP 12 - Hydrachim","isPartOf":{"@id":"https:\/\/www.hydrachim.fr\/en\/#website"},"primaryImageOfPage":{"@id":"https:\/\/www.hydrachim.fr\/en\/produit\/chp_12_003503902\/#primaryimage"},"image":{"@id":"https:\/\/www.hydrachim.fr\/en\/produit\/chp_12_003503902\/#primaryimage"},"thumbnailUrl":"https:\/\/www.hydrachim.fr\/app\/uploads\/2019\/11\/5039___KEM___CHP12___20KG..png","datePublished":"2019-11-05T13:13:18+00:00","dateModified":"2025-06-18T13:18:22+00:00","breadcrumb":{"@id":"https:\/\/www.hydrachim.fr\/en\/produit\/chp_12_003503902\/#breadcrumb"},"inLanguage":"en-US","potentialAction":[{"@type":"ReadAction","target":["https:\/\/www.hydrachim.fr\/en\/produit\/chp_12_003503902\/"]}]},{"@type":"ImageObject","inLanguage":"en-US","@id":"https:\/\/www.hydrachim.fr\/en\/produit\/chp_12_003503902\/#primaryimage","url":"https:\/\/www.hydrachim.fr\/app\/uploads\/2019\/11\/5039___KEM___CHP12___20KG..png","contentUrl":"https:\/\/www.hydrachim.fr\/app\/uploads\/2019\/11\/5039___KEM___CHP12___20KG..png","width":750,"height":1023},{"@type":"BreadcrumbList","@id":"https:\/\/www.hydrachim.fr\/en\/produit\/chp_12_003503902\/#breadcrumb","itemListElement":[{"@type":"ListItem","position":1,"name":"Home","item":"https:\/\/www.hydrachim.fr\/en\/"},{"@type":"ListItem","position":2,"name":"Boutique","item":"https:\/\/www.hydrachim.fr\/boutique\/"},{"@type":"ListItem","position":3,"name":"CHP 12"}]},{"@type":"WebSite","@id":"https:\/\/www.hydrachim.fr\/en\/#website","url":"https:\/\/www.hydrachim.fr\/en\/","name":"Hydrachim","description":"La science de l&#039;hygi\u00e8ne","potentialAction":[{"@type":"SearchAction","target":{"@type":"EntryPoint","urlTemplate":"https:\/\/www.hydrachim.fr\/en\/?s={search_term_string}"},"query-input":{"@type":"PropertyValueSpecification","valueRequired":true,"valueName":"search_term_string"}}],"inLanguage":"en-US"}]}},"acf":{"fiche_technique":"https:\/\/www.hydrachim.fr\/app\/uploads\/2025\/06\/FT___5039___KEMNET___CHP12.pdf","fiche_methode":""},"_links":{"self":[{"href":"https:\/\/www.hydrachim.fr\/en\/wp-json\/wp\/v2\/product\/5969","targetHints":{"allow":["GET"]}}],"collection":[{"href":"https:\/\/www.hydrachim.fr\/en\/wp-json\/wp\/v2\/product"}],"about":[{"href":"https:\/\/www.hydrachim.fr\/en\/wp-json\/wp\/v2\/types\/product"}],"wp:featuredmedia":[{"embeddable":true,"href":"https:\/\/www.hydrachim.fr\/en\/wp-json\/wp\/v2\/media\/5975"}],"wp:attachment":[{"href":"https:\/\/www.hydrachim.fr\/en\/wp-json\/wp\/v2\/media?parent=5969"}],"wp:term":[{"taxonomy":"product_brand","embeddable":true,"href":"https:\/\/www.hydrachim.fr\/en\/wp-json\/wp\/v2\/product_brand?post=5969"},{"taxonomy":"product_type","embeddable":true,"href":"https:\/\/www.hydrachim.fr\/en\/wp-json\/wp\/v2\/product_type?post=5969"},{"taxonomy":"product_visibility","embeddable":true,"href":"https:\/\/www.hydrachim.fr\/en\/wp-json\/wp\/v2\/product_visibility?post=5969"},{"taxonomy":"product_cat","embeddable":true,"href":"https:\/\/www.hydrachim.fr\/en\/wp-json\/wp\/v2\/product_cat?post=5969"}],"curies":[{"name":"wp","href":"https:\/\/api.w.org\/{rel}","templated":true}]}}