{"id":5627,"date":"2019-10-14T16:17:12","date_gmt":"2019-10-14T14:17:12","guid":{"rendered":"https:\/\/www.hydrachim.fr\/?post_type=product&#038;p=5627"},"modified":"2024-08-21T10:28:12","modified_gmt":"2024-08-21T08:28:12","slug":"dna_pae_citron_002043801","status":"publish","type":"product","link":"https:\/\/www.hydrachim.fr\/en\/produit\/dna_pae_citron_002043801\/","title":{"rendered":"DNA PAE CITRON"},"content":{"rendered":"<p><strong>DETERQUAT DNA PAE CITRON est :<br \/>\n\u2013 Bact\u00e9ricide en condition de salet\u00e9 selon EN 1276, 5 min. \u00e0 20\u00b0C et EN 13697, 15 min. 20\u00b0C.<br \/>\n\u2013 Levuricide-Fongicide en condition de salet\u00e9 selon EN 1650 et EN 13697, 15 min. \u00e0 20\u00b0C.<br \/>\n\u2013 Virucide en condition de salet\u00e9 m\u00e9dicale selon la norme EN 14476, 15 min. \u00e0 20\u00b0C pour une virucidie totale.<br \/>\n&#8211; Virucide en condition de salet\u00e9 selon la norme EN 14476, 5 min. \u00e0 20\u00b0C pour une utilisation sur surfaces alimentaires. Efficace sur Coronavirus.<br \/>\n&#8211; Virucide en condition de salet\u00e9 selon la norme EN 16777, 15 min. \u00e0 20\u00b0C.<br \/>\nConsulter le d\u00e9tail des souches sur la fiche technique.<\/strong><\/p>\n<p>Id\u00e9al sur les surfaces alimentaires et en milieu m\u00e9dical**.<br \/>\n**Concerne la d\u00e9sinfection en milieu m\u00e9dical hors secteur chirurgical (TP2).<\/p>\n<p><strong>Disponible en :<br \/>\n&#8211; Carton de 6 x 750mL. R\u00e9f. 002043801<br \/>\n&#8211; Carton de 4 x 5L. R\u00e9f. 002043802<\/strong><\/p>\n<p class=\"y-product y-product__product-subtitle\">Avantage :<\/p>\n<p>Pr\u00eat \u00e0 l&#8217;emploi.<br \/>\nAgr\u00e9able odeur de citron.<\/p>\n<p>*Faire un essai pr\u00e9alable sur une petite surface non visible.<\/p>\n<p>Retrouvez le mode d&#8217;emploi et le dosage du produit en t\u00e9l\u00e9chargeant, ci-dessous, sa Fiche Technique et\/ou sa Fiche M\u00e9thode.<\/p>\n<p><em>Utilisez les biocides avec pr\u00e9caution. Avant toute utilisation, lisez l&#8217;\u00e9tiquette et les informations concernant le produit.<br \/>\nAttention, le DNA PAE Parfum citron est \u00e0 utiliser avec pr\u00e9caution sur les surfaces peintes.<\/p>\n<p>TP2 : D\u00e9sinfectants utilis\u00e9s dans le domaine priv\u00e9 et dans le domaine de la sant\u00e9 publique et autres produits biocides.<br \/>\nTP4 : D\u00e9sinfectants pour les surfaces en contact avec les denr\u00e9es alimentaires et les aliments pour animaux.<\/em><\/p>\n","protected":false},"excerpt":{"rendered":"<p>DETERQUAT DNA PAE CITRON est un nettoyant d\u00e9sinfectant pr\u00eat \u00e0 l\u2019emploi multi-surfaces*. Parfum Citron.<br \/>\nEfficace sur Coronavirus.<\/p>\n","protected":false},"featured_media":7430,"template":"","meta":[],"product_brand":[],"product_type":[2],"product_visibility":[],"product_cat":[4116,4027,4237,4114,4174,4111,4151,4143,4127],"class_list":{"0":"post-5627","1":"product","2":"type-product","3":"status-publish","4":"has-post-thumbnail","6":"product_cat-dsinfectionagro-alimentaire","7":"product_cat-agro-alimentaire-industrie","8":"product_cat-produits-produitsdsinfectioncoronavirus","9":"product_cat-dsinfectioncuisine","10":"product_cat-nouveautesdesinfection","11":"product_cat-produitsdesinfection","12":"product_cat-marquesdeterquat","13":"product_cat-nouveautes","14":"product_cat-produitssurface-sol","15":"product_tag-alimentaire_1","16":"product_tag-bactericide","17":"product_tag-bactericide-type-defficacit","18":"product_tag-boucherie","19":"product_tag-charcuterie","20":"product_tag-citron","21":"product_tag-degraissant","22":"product_tag-desinfectant","23":"product_tag-efficace-sur-coronavirus","24":"product_tag-fongicide","25":"product_tag-fongicide_1","26":"product_tag-levuricide_1","27":"product_tag-metiers-de-bouche","28":"product_tag-moussant_1","29":"product_tag-pret-a-lemploi","30":"product_tag-secteur-medical","31":"product_tag-sporicide_1","32":"product_tag-sur-surfaces-ouvertes-sols-murs-plafonds","33":"product_tag-tous-types-dapplication","34":"product_tag-tous-types-defficacite","35":"product_tag-tous-types-de-secteur-dactivite","36":"product_tag-tp2","37":"product_tag-tp4","38":"product_tag-traiteur-plats-prepares","39":"product_tag-virucide_1","40":"product_tag-virucide","42":"first","43":"instock","44":"shipping-taxable","45":"product-type-simple"},"yoast_head":"<!-- This site is optimized with the Yoast SEO plugin v27.5 - https:\/\/yoast.com\/product\/yoast-seo-wordpress\/ -->\n<title>Nettoyant d\u00e9sinfectant citron - DNA PAE CITRON - Hydrachim<\/title>\n<meta name=\"description\" content=\"DNA PAE CITRON est un nettoyant d\u00e9sinfectant multi-surfaces au parfum citron pr\u00eat \u00e0 l\u2019emploi. Efficacit\u00e9 virucide couverte sur le Coronavirus.\" \/>\n<meta name=\"robots\" content=\"index, follow, max-snippet:-1, max-image-preview:large, max-video-preview:-1\" \/>\n<link rel=\"canonical\" href=\"https:\/\/www.hydrachim.fr\/en\/produit\/dna_pae_citron_002043801\/\" \/>\n<meta property=\"og:locale\" content=\"en_US\" \/>\n<meta property=\"og:type\" content=\"article\" \/>\n<meta property=\"og:title\" content=\"Nettoyant d\u00e9sinfectant citron - DNA PAE CITRON - Hydrachim\" \/>\n<meta property=\"og:description\" content=\"DNA PAE CITRON est un nettoyant d\u00e9sinfectant multi-surfaces au parfum citron pr\u00eat \u00e0 l\u2019emploi. Efficacit\u00e9 virucide couverte sur le Coronavirus.\" \/>\n<meta property=\"og:url\" content=\"https:\/\/www.hydrachim.fr\/en\/produit\/dna_pae_citron_002043801\/\" \/>\n<meta property=\"og:site_name\" content=\"Hydrachim\" \/>\n<meta property=\"article:modified_time\" content=\"2024-08-21T08:28:12+00:00\" \/>\n<meta property=\"og:image\" content=\"https:\/\/www.hydrachim.fr\/app\/uploads\/2020\/10\/0438___DETERQUAT_DNA_PAE_CITRON___750ML___FLAMME..png\" \/>\n\t<meta property=\"og:image:width\" content=\"600\" \/>\n\t<meta property=\"og:image:height\" content=\"1300\" \/>\n\t<meta property=\"og:image:type\" content=\"image\/png\" \/>\n<meta name=\"twitter:card\" content=\"summary_large_image\" \/>\n<meta name=\"twitter:label1\" content=\"Est. reading time\" \/>\n\t<meta name=\"twitter:data1\" content=\"1 minute\" \/>\n<script type=\"application\/ld+json\" class=\"yoast-schema-graph\">{\"@context\":\"https:\\\/\\\/schema.org\",\"@graph\":[{\"@type\":\"WebPage\",\"@id\":\"https:\\\/\\\/www.hydrachim.fr\\\/en\\\/produit\\\/dna_pae_citron_002043801\\\/\",\"url\":\"https:\\\/\\\/www.hydrachim.fr\\\/en\\\/produit\\\/dna_pae_citron_002043801\\\/\",\"name\":\"Nettoyant d\u00e9sinfectant citron - DNA PAE CITRON - Hydrachim\",\"isPartOf\":{\"@id\":\"https:\\\/\\\/www.hydrachim.fr\\\/en\\\/#website\"},\"primaryImageOfPage\":{\"@id\":\"https:\\\/\\\/www.hydrachim.fr\\\/en\\\/produit\\\/dna_pae_citron_002043801\\\/#primaryimage\"},\"image\":{\"@id\":\"https:\\\/\\\/www.hydrachim.fr\\\/en\\\/produit\\\/dna_pae_citron_002043801\\\/#primaryimage\"},\"thumbnailUrl\":\"https:\\\/\\\/www.hydrachim.fr\\\/app\\\/uploads\\\/2020\\\/10\\\/0438___DETERQUAT_DNA_PAE_CITRON___750ML___FLAMME..png\",\"datePublished\":\"2019-10-14T14:17:12+00:00\",\"dateModified\":\"2024-08-21T08:28:12+00:00\",\"description\":\"DNA PAE CITRON est un nettoyant d\u00e9sinfectant multi-surfaces au parfum citron pr\u00eat \u00e0 l\u2019emploi. Efficacit\u00e9 virucide couverte sur le Coronavirus.\",\"breadcrumb\":{\"@id\":\"https:\\\/\\\/www.hydrachim.fr\\\/en\\\/produit\\\/dna_pae_citron_002043801\\\/#breadcrumb\"},\"inLanguage\":\"en-US\",\"potentialAction\":[{\"@type\":\"ReadAction\",\"target\":[\"https:\\\/\\\/www.hydrachim.fr\\\/en\\\/produit\\\/dna_pae_citron_002043801\\\/\"]}]},{\"@type\":\"ImageObject\",\"inLanguage\":\"en-US\",\"@id\":\"https:\\\/\\\/www.hydrachim.fr\\\/en\\\/produit\\\/dna_pae_citron_002043801\\\/#primaryimage\",\"url\":\"https:\\\/\\\/www.hydrachim.fr\\\/app\\\/uploads\\\/2020\\\/10\\\/0438___DETERQUAT_DNA_PAE_CITRON___750ML___FLAMME..png\",\"contentUrl\":\"https:\\\/\\\/www.hydrachim.fr\\\/app\\\/uploads\\\/2020\\\/10\\\/0438___DETERQUAT_DNA_PAE_CITRON___750ML___FLAMME..png\",\"width\":600,\"height\":1300,\"caption\":\"Nettoyant d\u00e9sinfectant citron - DNA PAE CITRON\"},{\"@type\":\"BreadcrumbList\",\"@id\":\"https:\\\/\\\/www.hydrachim.fr\\\/en\\\/produit\\\/dna_pae_citron_002043801\\\/#breadcrumb\",\"itemListElement\":[{\"@type\":\"ListItem\",\"position\":1,\"name\":\"Home\",\"item\":\"https:\\\/\\\/www.hydrachim.fr\\\/en\\\/\"},{\"@type\":\"ListItem\",\"position\":2,\"name\":\"Boutique\",\"item\":\"https:\\\/\\\/www.hydrachim.fr\\\/boutique\\\/\"},{\"@type\":\"ListItem\",\"position\":3,\"name\":\"DNA PAE CITRON\"}]},{\"@type\":\"WebSite\",\"@id\":\"https:\\\/\\\/www.hydrachim.fr\\\/en\\\/#website\",\"url\":\"https:\\\/\\\/www.hydrachim.fr\\\/en\\\/\",\"name\":\"Hydrachim\",\"description\":\"La science de l&#039;hygi\u00e8ne\",\"potentialAction\":[{\"@type\":\"SearchAction\",\"target\":{\"@type\":\"EntryPoint\",\"urlTemplate\":\"https:\\\/\\\/www.hydrachim.fr\\\/en\\\/?s={search_term_string}\"},\"query-input\":{\"@type\":\"PropertyValueSpecification\",\"valueRequired\":true,\"valueName\":\"search_term_string\"}}],\"inLanguage\":\"en-US\"}]}<\/script>\n<!-- \/ Yoast SEO plugin. -->","yoast_head_json":{"title":"Nettoyant d\u00e9sinfectant citron - DNA PAE CITRON - Hydrachim","description":"DNA PAE CITRON est un nettoyant d\u00e9sinfectant multi-surfaces au parfum citron pr\u00eat \u00e0 l\u2019emploi. Efficacit\u00e9 virucide couverte sur le Coronavirus.","robots":{"index":"index","follow":"follow","max-snippet":"max-snippet:-1","max-image-preview":"max-image-preview:large","max-video-preview":"max-video-preview:-1"},"canonical":"https:\/\/www.hydrachim.fr\/en\/produit\/dna_pae_citron_002043801\/","og_locale":"en_US","og_type":"article","og_title":"Nettoyant d\u00e9sinfectant citron - DNA PAE CITRON - Hydrachim","og_description":"DNA PAE CITRON est un nettoyant d\u00e9sinfectant multi-surfaces au parfum citron pr\u00eat \u00e0 l\u2019emploi. Efficacit\u00e9 virucide couverte sur le Coronavirus.","og_url":"https:\/\/www.hydrachim.fr\/en\/produit\/dna_pae_citron_002043801\/","og_site_name":"Hydrachim","article_modified_time":"2024-08-21T08:28:12+00:00","og_image":[{"width":600,"height":1300,"url":"https:\/\/www.hydrachim.fr\/app\/uploads\/2020\/10\/0438___DETERQUAT_DNA_PAE_CITRON___750ML___FLAMME..png","type":"image\/png"}],"twitter_card":"summary_large_image","twitter_misc":{"Est. reading time":"1 minute"},"schema":{"@context":"https:\/\/schema.org","@graph":[{"@type":"WebPage","@id":"https:\/\/www.hydrachim.fr\/en\/produit\/dna_pae_citron_002043801\/","url":"https:\/\/www.hydrachim.fr\/en\/produit\/dna_pae_citron_002043801\/","name":"Nettoyant d\u00e9sinfectant citron - DNA PAE CITRON - Hydrachim","isPartOf":{"@id":"https:\/\/www.hydrachim.fr\/en\/#website"},"primaryImageOfPage":{"@id":"https:\/\/www.hydrachim.fr\/en\/produit\/dna_pae_citron_002043801\/#primaryimage"},"image":{"@id":"https:\/\/www.hydrachim.fr\/en\/produit\/dna_pae_citron_002043801\/#primaryimage"},"thumbnailUrl":"https:\/\/www.hydrachim.fr\/app\/uploads\/2020\/10\/0438___DETERQUAT_DNA_PAE_CITRON___750ML___FLAMME..png","datePublished":"2019-10-14T14:17:12+00:00","dateModified":"2024-08-21T08:28:12+00:00","description":"DNA PAE CITRON est un nettoyant d\u00e9sinfectant multi-surfaces au parfum citron pr\u00eat \u00e0 l\u2019emploi. Efficacit\u00e9 virucide couverte sur le Coronavirus.","breadcrumb":{"@id":"https:\/\/www.hydrachim.fr\/en\/produit\/dna_pae_citron_002043801\/#breadcrumb"},"inLanguage":"en-US","potentialAction":[{"@type":"ReadAction","target":["https:\/\/www.hydrachim.fr\/en\/produit\/dna_pae_citron_002043801\/"]}]},{"@type":"ImageObject","inLanguage":"en-US","@id":"https:\/\/www.hydrachim.fr\/en\/produit\/dna_pae_citron_002043801\/#primaryimage","url":"https:\/\/www.hydrachim.fr\/app\/uploads\/2020\/10\/0438___DETERQUAT_DNA_PAE_CITRON___750ML___FLAMME..png","contentUrl":"https:\/\/www.hydrachim.fr\/app\/uploads\/2020\/10\/0438___DETERQUAT_DNA_PAE_CITRON___750ML___FLAMME..png","width":600,"height":1300,"caption":"Nettoyant d\u00e9sinfectant citron - DNA PAE CITRON"},{"@type":"BreadcrumbList","@id":"https:\/\/www.hydrachim.fr\/en\/produit\/dna_pae_citron_002043801\/#breadcrumb","itemListElement":[{"@type":"ListItem","position":1,"name":"Home","item":"https:\/\/www.hydrachim.fr\/en\/"},{"@type":"ListItem","position":2,"name":"Boutique","item":"https:\/\/www.hydrachim.fr\/boutique\/"},{"@type":"ListItem","position":3,"name":"DNA PAE CITRON"}]},{"@type":"WebSite","@id":"https:\/\/www.hydrachim.fr\/en\/#website","url":"https:\/\/www.hydrachim.fr\/en\/","name":"Hydrachim","description":"La science de l&#039;hygi\u00e8ne","potentialAction":[{"@type":"SearchAction","target":{"@type":"EntryPoint","urlTemplate":"https:\/\/www.hydrachim.fr\/en\/?s={search_term_string}"},"query-input":{"@type":"PropertyValueSpecification","valueRequired":true,"valueName":"search_term_string"}}],"inLanguage":"en-US"}]}},"acf":{"fiche_technique":"https:\/\/www.hydrachim.fr\/app\/uploads\/2024\/08\/FT_0438___DETERQUAT_DNA_PAE_CITRON.pdf","fiche_methode":""},"_links":{"self":[{"href":"https:\/\/www.hydrachim.fr\/en\/wp-json\/wp\/v2\/product\/5627","targetHints":{"allow":["GET"]}}],"collection":[{"href":"https:\/\/www.hydrachim.fr\/en\/wp-json\/wp\/v2\/product"}],"about":[{"href":"https:\/\/www.hydrachim.fr\/en\/wp-json\/wp\/v2\/types\/product"}],"wp:featuredmedia":[{"embeddable":true,"href":"https:\/\/www.hydrachim.fr\/en\/wp-json\/wp\/v2\/media\/7430"}],"wp:attachment":[{"href":"https:\/\/www.hydrachim.fr\/en\/wp-json\/wp\/v2\/media?parent=5627"}],"wp:term":[{"taxonomy":"product_brand","embeddable":true,"href":"https:\/\/www.hydrachim.fr\/en\/wp-json\/wp\/v2\/product_brand?post=5627"},{"taxonomy":"product_type","embeddable":true,"href":"https:\/\/www.hydrachim.fr\/en\/wp-json\/wp\/v2\/product_type?post=5627"},{"taxonomy":"product_visibility","embeddable":true,"href":"https:\/\/www.hydrachim.fr\/en\/wp-json\/wp\/v2\/product_visibility?post=5627"},{"taxonomy":"product_cat","embeddable":true,"href":"https:\/\/www.hydrachim.fr\/en\/wp-json\/wp\/v2\/product_cat?post=5627"}],"curies":[{"name":"wp","href":"https:\/\/api.w.org\/{rel}","templated":true}]}}