{"id":5066,"date":"2019-09-30T11:55:05","date_gmt":"2019-09-30T09:55:05","guid":{"rendered":"https:\/\/www.hydrachim.fr\/?post_type=product&#038;p=5066"},"modified":"2025-06-16T16:16:45","modified_gmt":"2025-06-16T14:16:45","slug":"nettoyant_vitres_et_surfaces_modernes_ecolabel_002180201","status":"publish","type":"product","link":"https:\/\/www.hydrachim.fr\/en\/produit\/nettoyant_vitres_et_surfaces_modernes_ecolabel_002180201\/","title":{"rendered":"Nettoyant Vitres et Surfaces Modernes ECOLABEL"},"content":{"rendered":"<p><strong>NETTOYANT VITRES ET SURFACES MODERNES nettoie, d\u00e9graisse et fait briller les vitres, miroirs, et toutes surfaces modernes (telles que les \u00e9crans* de TV, d\u2019ordinateur ou de smartphone; les surfaces laqu\u00e9es, stratifi\u00e9es), sans laisser de traces ou de voiles.<br \/>\nEfficace sur les surfaces vitr\u00e9es int\u00e9rieures.<\/strong><\/p>\n<p>NETTOYANT VITRES ET SURFACES MODERNES est certifi\u00e9 selon l\u2019ECOLABEL EUROPEEN, une r\u00e9f\u00e9rence en mati\u00e8re de respect de l\u2019environnement. L\u2019ECOLABEL EUROPEEN garantit une s\u00e9curit\u00e9 pour les utilisateurs, l\u2019environnement et la sant\u00e9.<\/p>\n<p><strong>Disponible en :<br \/>\n&#8211; Carton de 6 x 750 mL. R\u00e9f.002180201<br \/>\n&#8211; Carton de 4 x 5 L (Les bidons de 5L servent \u00e0 reconditionner les flacons de 750 mL). R\u00e9f. 002180202<\/strong><\/p>\n<p class=\"y-product y-product__product-subtitle\">Avantage :<\/p>\n<p>Pr\u00eat \u00e0 l&#8217;emploi.<br \/>\nA base d\u2019ingr\u00e9dients d\u2019origines min\u00e9rale ou v\u00e9g\u00e9tale respectant les crit\u00e8res de biod\u00e9gradabilit\u00e9 de la Commission Europ\u00e9enne.<\/p>\n<p>Retrouvez le mode d&#8217;emploi et le dosage du produit en t\u00e9l\u00e9chargeant sa Fiche Technique.<\/p>\n<p><em>Avant toute utilisation, lisez l\u2019\u00e9tiquette et les informations concernant le produit.<br \/>\n*Faire un essai au pr\u00e9alable sur une petite surface.<br \/>\nAppliquer le dosage le plus juste, \u00e0 la temp\u00e9rature minimale recommand\u00e9e (ambiante), afin de baisser autant que possible la consommation d\u2019\u00e9nergie et d\u2019eau et de r\u00e9duire la pollution de l\u2019eau.<br \/>\nLe produit n\u2019est pas destin\u00e9 \u00e0 un nettoyage industriel.<br \/>\nProduit conforme \u00e0 la l\u00e9gislation relative aux proc\u00e9d\u00e9s et aux produits utilis\u00e9s pour le nettoyage des mat\u00e9riaux et objets destin\u00e9s \u00e0 entrer en contact avec des denr\u00e9es, produits et boissons pour l\u2019alimentation de l\u2019homme et des animaux (d\u00e9cret 73138 du 12.02.1973 modifi\u00e9 le 19.12.2013).<\/em><\/p>\n","protected":false},"excerpt":{"rendered":"<p>Nettoyant, d\u00e9graissant parfum lotus cocoon.<\/p>\n","protected":false},"featured_media":15084,"template":"","meta":[],"product_brand":[],"product_type":[2],"product_visibility":[],"product_cat":[4101,4128,4189,4102,4127],"class_list":{"0":"post-5066","1":"product","2":"type-product","3":"status-publish","4":"has-post-thumbnail","6":"product_cat-produitsecolabel","7":"product_cat-solentretien","8":"product_cat-marquesidegreen","9":"product_cat-ecolabelsurface","10":"product_cat-produitssurface-sol","11":"product_tag-degraissant","12":"product_tag-ecolabel","13":"product_tag-lotus-cocoon","14":"product_tag-nettoyant","15":"product_tag-surface-moderne","16":"product_tag-vitres","18":"first","19":"instock","20":"shipping-taxable","21":"product-type-simple"},"yoast_head":"<!-- This site is optimized with the Yoast SEO plugin v27.5 - https:\/\/yoast.com\/product\/yoast-seo-wordpress\/ -->\n<title>Nettoyant Vitres et Surfaces Modernes ECOLABEL - Hydrachim<\/title>\n<meta name=\"robots\" content=\"index, follow, max-snippet:-1, max-image-preview:large, max-video-preview:-1\" \/>\n<link rel=\"canonical\" href=\"https:\/\/www.hydrachim.fr\/en\/produit\/nettoyant_vitres_et_surfaces_modernes_ecolabel_002180201\/\" \/>\n<meta property=\"og:locale\" content=\"en_US\" \/>\n<meta property=\"og:type\" content=\"article\" \/>\n<meta property=\"og:title\" content=\"Nettoyant Vitres et Surfaces Modernes ECOLABEL - Hydrachim\" \/>\n<meta property=\"og:description\" content=\"Nettoyant, d\u00e9graissant parfum lotus cocoon.\" \/>\n<meta property=\"og:url\" content=\"https:\/\/www.hydrachim.fr\/en\/produit\/nettoyant_vitres_et_surfaces_modernes_ecolabel_002180201\/\" \/>\n<meta property=\"og:site_name\" content=\"Hydrachim\" \/>\n<meta property=\"article:modified_time\" content=\"2025-06-16T14:16:45+00:00\" \/>\n<meta property=\"og:image\" content=\"https:\/\/www.hydrachim.fr\/app\/uploads\/2023\/07\/1802_NETTOYANT_VITRES_ET_SURFACES_MODERNES_ECOLABEL___750_ML.png\" \/>\n\t<meta property=\"og:image:width\" content=\"343\" \/>\n\t<meta property=\"og:image:height\" content=\"832\" \/>\n\t<meta property=\"og:image:type\" content=\"image\/png\" \/>\n<meta name=\"twitter:card\" content=\"summary_large_image\" \/>\n<meta name=\"twitter:label1\" content=\"Est. reading time\" \/>\n\t<meta name=\"twitter:data1\" content=\"2 minutes\" \/>\n<script type=\"application\/ld+json\" class=\"yoast-schema-graph\">{\"@context\":\"https:\\\/\\\/schema.org\",\"@graph\":[{\"@type\":\"WebPage\",\"@id\":\"https:\\\/\\\/www.hydrachim.fr\\\/en\\\/produit\\\/nettoyant_vitres_et_surfaces_modernes_ecolabel_002180201\\\/\",\"url\":\"https:\\\/\\\/www.hydrachim.fr\\\/en\\\/produit\\\/nettoyant_vitres_et_surfaces_modernes_ecolabel_002180201\\\/\",\"name\":\"Nettoyant Vitres et Surfaces Modernes ECOLABEL - Hydrachim\",\"isPartOf\":{\"@id\":\"https:\\\/\\\/www.hydrachim.fr\\\/en\\\/#website\"},\"primaryImageOfPage\":{\"@id\":\"https:\\\/\\\/www.hydrachim.fr\\\/en\\\/produit\\\/nettoyant_vitres_et_surfaces_modernes_ecolabel_002180201\\\/#primaryimage\"},\"image\":{\"@id\":\"https:\\\/\\\/www.hydrachim.fr\\\/en\\\/produit\\\/nettoyant_vitres_et_surfaces_modernes_ecolabel_002180201\\\/#primaryimage\"},\"thumbnailUrl\":\"https:\\\/\\\/www.hydrachim.fr\\\/app\\\/uploads\\\/2023\\\/07\\\/1802_NETTOYANT_VITRES_ET_SURFACES_MODERNES_ECOLABEL___750_ML.png\",\"datePublished\":\"2019-09-30T09:55:05+00:00\",\"dateModified\":\"2025-06-16T14:16:45+00:00\",\"breadcrumb\":{\"@id\":\"https:\\\/\\\/www.hydrachim.fr\\\/en\\\/produit\\\/nettoyant_vitres_et_surfaces_modernes_ecolabel_002180201\\\/#breadcrumb\"},\"inLanguage\":\"en-US\",\"potentialAction\":[{\"@type\":\"ReadAction\",\"target\":[\"https:\\\/\\\/www.hydrachim.fr\\\/en\\\/produit\\\/nettoyant_vitres_et_surfaces_modernes_ecolabel_002180201\\\/\"]}]},{\"@type\":\"ImageObject\",\"inLanguage\":\"en-US\",\"@id\":\"https:\\\/\\\/www.hydrachim.fr\\\/en\\\/produit\\\/nettoyant_vitres_et_surfaces_modernes_ecolabel_002180201\\\/#primaryimage\",\"url\":\"https:\\\/\\\/www.hydrachim.fr\\\/app\\\/uploads\\\/2023\\\/07\\\/1802_NETTOYANT_VITRES_ET_SURFACES_MODERNES_ECOLABEL___750_ML.png\",\"contentUrl\":\"https:\\\/\\\/www.hydrachim.fr\\\/app\\\/uploads\\\/2023\\\/07\\\/1802_NETTOYANT_VITRES_ET_SURFACES_MODERNES_ECOLABEL___750_ML.png\",\"width\":343,\"height\":832},{\"@type\":\"BreadcrumbList\",\"@id\":\"https:\\\/\\\/www.hydrachim.fr\\\/en\\\/produit\\\/nettoyant_vitres_et_surfaces_modernes_ecolabel_002180201\\\/#breadcrumb\",\"itemListElement\":[{\"@type\":\"ListItem\",\"position\":1,\"name\":\"Home\",\"item\":\"https:\\\/\\\/www.hydrachim.fr\\\/en\\\/\"},{\"@type\":\"ListItem\",\"position\":2,\"name\":\"Boutique\",\"item\":\"https:\\\/\\\/www.hydrachim.fr\\\/boutique\\\/\"},{\"@type\":\"ListItem\",\"position\":3,\"name\":\"Nettoyant Vitres et Surfaces Modernes ECOLABEL\"}]},{\"@type\":\"WebSite\",\"@id\":\"https:\\\/\\\/www.hydrachim.fr\\\/en\\\/#website\",\"url\":\"https:\\\/\\\/www.hydrachim.fr\\\/en\\\/\",\"name\":\"Hydrachim\",\"description\":\"La science de l&#039;hygi\u00e8ne\",\"potentialAction\":[{\"@type\":\"SearchAction\",\"target\":{\"@type\":\"EntryPoint\",\"urlTemplate\":\"https:\\\/\\\/www.hydrachim.fr\\\/en\\\/?s={search_term_string}\"},\"query-input\":{\"@type\":\"PropertyValueSpecification\",\"valueRequired\":true,\"valueName\":\"search_term_string\"}}],\"inLanguage\":\"en-US\"}]}<\/script>\n<!-- \/ Yoast SEO plugin. -->","yoast_head_json":{"title":"Nettoyant Vitres et Surfaces Modernes ECOLABEL - Hydrachim","robots":{"index":"index","follow":"follow","max-snippet":"max-snippet:-1","max-image-preview":"max-image-preview:large","max-video-preview":"max-video-preview:-1"},"canonical":"https:\/\/www.hydrachim.fr\/en\/produit\/nettoyant_vitres_et_surfaces_modernes_ecolabel_002180201\/","og_locale":"en_US","og_type":"article","og_title":"Nettoyant Vitres et Surfaces Modernes ECOLABEL - Hydrachim","og_description":"Nettoyant, d\u00e9graissant parfum lotus cocoon.","og_url":"https:\/\/www.hydrachim.fr\/en\/produit\/nettoyant_vitres_et_surfaces_modernes_ecolabel_002180201\/","og_site_name":"Hydrachim","article_modified_time":"2025-06-16T14:16:45+00:00","og_image":[{"width":343,"height":832,"url":"https:\/\/www.hydrachim.fr\/app\/uploads\/2023\/07\/1802_NETTOYANT_VITRES_ET_SURFACES_MODERNES_ECOLABEL___750_ML.png","type":"image\/png"}],"twitter_card":"summary_large_image","twitter_misc":{"Est. reading time":"2 minutes"},"schema":{"@context":"https:\/\/schema.org","@graph":[{"@type":"WebPage","@id":"https:\/\/www.hydrachim.fr\/en\/produit\/nettoyant_vitres_et_surfaces_modernes_ecolabel_002180201\/","url":"https:\/\/www.hydrachim.fr\/en\/produit\/nettoyant_vitres_et_surfaces_modernes_ecolabel_002180201\/","name":"Nettoyant Vitres et Surfaces Modernes ECOLABEL - Hydrachim","isPartOf":{"@id":"https:\/\/www.hydrachim.fr\/en\/#website"},"primaryImageOfPage":{"@id":"https:\/\/www.hydrachim.fr\/en\/produit\/nettoyant_vitres_et_surfaces_modernes_ecolabel_002180201\/#primaryimage"},"image":{"@id":"https:\/\/www.hydrachim.fr\/en\/produit\/nettoyant_vitres_et_surfaces_modernes_ecolabel_002180201\/#primaryimage"},"thumbnailUrl":"https:\/\/www.hydrachim.fr\/app\/uploads\/2023\/07\/1802_NETTOYANT_VITRES_ET_SURFACES_MODERNES_ECOLABEL___750_ML.png","datePublished":"2019-09-30T09:55:05+00:00","dateModified":"2025-06-16T14:16:45+00:00","breadcrumb":{"@id":"https:\/\/www.hydrachim.fr\/en\/produit\/nettoyant_vitres_et_surfaces_modernes_ecolabel_002180201\/#breadcrumb"},"inLanguage":"en-US","potentialAction":[{"@type":"ReadAction","target":["https:\/\/www.hydrachim.fr\/en\/produit\/nettoyant_vitres_et_surfaces_modernes_ecolabel_002180201\/"]}]},{"@type":"ImageObject","inLanguage":"en-US","@id":"https:\/\/www.hydrachim.fr\/en\/produit\/nettoyant_vitres_et_surfaces_modernes_ecolabel_002180201\/#primaryimage","url":"https:\/\/www.hydrachim.fr\/app\/uploads\/2023\/07\/1802_NETTOYANT_VITRES_ET_SURFACES_MODERNES_ECOLABEL___750_ML.png","contentUrl":"https:\/\/www.hydrachim.fr\/app\/uploads\/2023\/07\/1802_NETTOYANT_VITRES_ET_SURFACES_MODERNES_ECOLABEL___750_ML.png","width":343,"height":832},{"@type":"BreadcrumbList","@id":"https:\/\/www.hydrachim.fr\/en\/produit\/nettoyant_vitres_et_surfaces_modernes_ecolabel_002180201\/#breadcrumb","itemListElement":[{"@type":"ListItem","position":1,"name":"Home","item":"https:\/\/www.hydrachim.fr\/en\/"},{"@type":"ListItem","position":2,"name":"Boutique","item":"https:\/\/www.hydrachim.fr\/boutique\/"},{"@type":"ListItem","position":3,"name":"Nettoyant Vitres et Surfaces Modernes ECOLABEL"}]},{"@type":"WebSite","@id":"https:\/\/www.hydrachim.fr\/en\/#website","url":"https:\/\/www.hydrachim.fr\/en\/","name":"Hydrachim","description":"La science de l&#039;hygi\u00e8ne","potentialAction":[{"@type":"SearchAction","target":{"@type":"EntryPoint","urlTemplate":"https:\/\/www.hydrachim.fr\/en\/?s={search_term_string}"},"query-input":{"@type":"PropertyValueSpecification","valueRequired":true,"valueName":"search_term_string"}}],"inLanguage":"en-US"}]}},"acf":{"fiche_technique":"https:\/\/www.hydrachim.fr\/app\/uploads\/2025\/05\/FT_1802_Nettoyant_vitres_et_surfaces_ECOLABEL.pdf","fiche_methode":""},"_links":{"self":[{"href":"https:\/\/www.hydrachim.fr\/en\/wp-json\/wp\/v2\/product\/5066","targetHints":{"allow":["GET"]}}],"collection":[{"href":"https:\/\/www.hydrachim.fr\/en\/wp-json\/wp\/v2\/product"}],"about":[{"href":"https:\/\/www.hydrachim.fr\/en\/wp-json\/wp\/v2\/types\/product"}],"wp:featuredmedia":[{"embeddable":true,"href":"https:\/\/www.hydrachim.fr\/en\/wp-json\/wp\/v2\/media\/15084"}],"wp:attachment":[{"href":"https:\/\/www.hydrachim.fr\/en\/wp-json\/wp\/v2\/media?parent=5066"}],"wp:term":[{"taxonomy":"product_brand","embeddable":true,"href":"https:\/\/www.hydrachim.fr\/en\/wp-json\/wp\/v2\/product_brand?post=5066"},{"taxonomy":"product_type","embeddable":true,"href":"https:\/\/www.hydrachim.fr\/en\/wp-json\/wp\/v2\/product_type?post=5066"},{"taxonomy":"product_visibility","embeddable":true,"href":"https:\/\/www.hydrachim.fr\/en\/wp-json\/wp\/v2\/product_visibility?post=5066"},{"taxonomy":"product_cat","embeddable":true,"href":"https:\/\/www.hydrachim.fr\/en\/wp-json\/wp\/v2\/product_cat?post=5066"}],"curies":[{"name":"wp","href":"https:\/\/api.w.org\/{rel}","templated":true}]}}