{"id":5053,"date":"2019-09-27T16:12:06","date_gmt":"2019-09-27T14:12:06","guid":{"rendered":"https:\/\/www.hydrachim.fr\/?post_type=product&#038;p=5053"},"modified":"2025-06-16T16:17:38","modified_gmt":"2025-06-16T14:17:38","slug":"liquide_vaisselle_ecolabel_002180401","status":"publish","type":"product","link":"https:\/\/www.hydrachim.fr\/en\/produit\/liquide_vaisselle_ecolabel_002180401\/","title":{"rendered":"Liquide Vaisselle ECOLABEL"},"content":{"rendered":"<p><strong>Sans parfum, conform\u00e9ment \u00e0 l\u2019ECOLABEL EUROPEEN pour les produits plonge professionnels.<\/strong><\/p>\n<p>LIQUIDE VAISSELLE \u00e9cologique IDEGREEN nettoie et d\u00e9graisse tous types de vaisselles.<br \/>\nLIQUIDE VAISSELLE \u00e9cologique IDEGREEN est certifi\u00e9 selon l\u2019ECOLABEL EUROPEEN, une r\u00e9f\u00e9rence en mati\u00e8re de respect de l\u2019environnement. L\u2019ECOLABEL EUROPEEN garantit une s\u00e9curit\u00e9 pour les utilisateurs, l\u2019environnement et la sant\u00e9.<\/p>\n<p><strong>Disponible en :<br \/>\n&#8211; Carton de 12 x 1L (bouchon push pull). R\u00e9f.002180401<br \/>\n&#8211; Carton de 4 x 5 L (Le bidon de 5L est une recharge pour le produit en 1 L Push Pull). R\u00e9f. 002180402<\/strong><\/p>\n<p class=\"y-product y-product__product-subtitle\">Avantage :<\/p>\n<p>A base d\u2019ingr\u00e9dients d\u2019origine v\u00e9g\u00e9tale respectant les crit\u00e8res de biod\u00e9gradabilit\u00e9 de la Commission Europ\u00e9enne.<\/p>\n<p>Retrouvez le mode d&#8217;emploi et le dosage du produit en t\u00e9l\u00e9chargeant sa Fiche Technique.<\/p>\n<p><em>Avant toute utilisation, lisez l\u2019\u00e9tiquette et les informations concernant le produit.<br \/>\nPour laver le plus efficacement possible, \u00e9conomiser l\u2019eau, l\u2019\u00e9nergie et prot\u00e9ger l\u2019environnement, immerger la vaisselle au lieu de la laver au jet du robinet et respectez les doses recommand\u00e9es.<br \/>\nProduit conforme \u00e0 la l\u00e9gislation relative aux proc\u00e9d\u00e9s et aux produits utilis\u00e9s pour le nettoyage des mat\u00e9riaux et objets destin\u00e9s \u00e0 entrer en contact avec des denr\u00e9es, produits et boissons pour l\u2019alimentation de l\u2019homme et des animaux (d\u00e9cret 73138 du 12.02.1973 modifi\u00e9 le 19.12.2013).<\/em><\/p>\n","protected":false},"excerpt":{"rendered":"<p>D\u00e9tergent \u00e0 fort pouvoir d\u00e9graissant formul\u00e9 pour le nettoyage manuel de la vaisselle.<\/p>\n","protected":false},"featured_media":15090,"template":"","meta":[],"product_brand":[],"product_type":[2],"product_visibility":[],"product_cat":[4104,4101,4189,4122,4124],"class_list":{"0":"post-5053","1":"product","2":"type-product","3":"status-publish","4":"has-post-thumbnail","6":"product_cat-ecolabelcuisine","7":"product_cat-produitsecolabel","8":"product_cat-marquesidegreen","9":"product_cat-produitssanitaire","10":"product_cat-sanitairesurface","11":"product_tag-ecolabel","12":"product_tag-manuel","13":"product_tag-nettoyant","14":"product_tag-origine-vegetale","15":"product_tag-vaisselle-2","17":"first","18":"instock","19":"shipping-taxable","20":"product-type-simple"},"yoast_head":"<!-- This site is optimized with the Yoast SEO plugin v27.4 - https:\/\/yoast.com\/product\/yoast-seo-wordpress\/ -->\n<title>Liquide Vaisselle ECOLABEL - Hydrachim<\/title>\n<meta name=\"robots\" content=\"index, follow, max-snippet:-1, max-image-preview:large, max-video-preview:-1\" \/>\n<link rel=\"canonical\" href=\"https:\/\/www.hydrachim.fr\/en\/produit\/liquide_vaisselle_ecolabel_002180401\/\" \/>\n<meta property=\"og:locale\" content=\"en_US\" \/>\n<meta property=\"og:type\" content=\"article\" \/>\n<meta property=\"og:title\" content=\"Liquide Vaisselle ECOLABEL - Hydrachim\" \/>\n<meta property=\"og:description\" content=\"D\u00e9tergent \u00e0 fort pouvoir d\u00e9graissant formul\u00e9 pour le nettoyage manuel de la vaisselle.\" \/>\n<meta property=\"og:url\" content=\"https:\/\/www.hydrachim.fr\/en\/produit\/liquide_vaisselle_ecolabel_002180401\/\" \/>\n<meta property=\"og:site_name\" content=\"Hydrachim\" \/>\n<meta property=\"article:modified_time\" content=\"2025-06-16T14:17:38+00:00\" \/>\n<meta property=\"og:image\" content=\"https:\/\/www.hydrachim.fr\/app\/uploads\/2023\/07\/1804_LIQUIDE_VAISSELLE_ECOLOGIQUE_1L.png\" \/>\n\t<meta property=\"og:image:width\" content=\"363\" \/>\n\t<meta property=\"og:image:height\" content=\"1098\" \/>\n\t<meta property=\"og:image:type\" content=\"image\/png\" \/>\n<meta name=\"twitter:card\" content=\"summary_large_image\" \/>\n<meta name=\"twitter:label1\" content=\"Est. reading time\" \/>\n\t<meta name=\"twitter:data1\" content=\"2 minutes\" \/>\n<script type=\"application\/ld+json\" class=\"yoast-schema-graph\">{\"@context\":\"https:\\\/\\\/schema.org\",\"@graph\":[{\"@type\":\"WebPage\",\"@id\":\"https:\\\/\\\/www.hydrachim.fr\\\/en\\\/produit\\\/liquide_vaisselle_ecolabel_002180401\\\/\",\"url\":\"https:\\\/\\\/www.hydrachim.fr\\\/en\\\/produit\\\/liquide_vaisselle_ecolabel_002180401\\\/\",\"name\":\"Liquide Vaisselle ECOLABEL - Hydrachim\",\"isPartOf\":{\"@id\":\"https:\\\/\\\/www.hydrachim.fr\\\/en\\\/#website\"},\"primaryImageOfPage\":{\"@id\":\"https:\\\/\\\/www.hydrachim.fr\\\/en\\\/produit\\\/liquide_vaisselle_ecolabel_002180401\\\/#primaryimage\"},\"image\":{\"@id\":\"https:\\\/\\\/www.hydrachim.fr\\\/en\\\/produit\\\/liquide_vaisselle_ecolabel_002180401\\\/#primaryimage\"},\"thumbnailUrl\":\"https:\\\/\\\/www.hydrachim.fr\\\/app\\\/uploads\\\/2023\\\/07\\\/1804_LIQUIDE_VAISSELLE_ECOLOGIQUE_1L.png\",\"datePublished\":\"2019-09-27T14:12:06+00:00\",\"dateModified\":\"2025-06-16T14:17:38+00:00\",\"breadcrumb\":{\"@id\":\"https:\\\/\\\/www.hydrachim.fr\\\/en\\\/produit\\\/liquide_vaisselle_ecolabel_002180401\\\/#breadcrumb\"},\"inLanguage\":\"en-US\",\"potentialAction\":[{\"@type\":\"ReadAction\",\"target\":[\"https:\\\/\\\/www.hydrachim.fr\\\/en\\\/produit\\\/liquide_vaisselle_ecolabel_002180401\\\/\"]}]},{\"@type\":\"ImageObject\",\"inLanguage\":\"en-US\",\"@id\":\"https:\\\/\\\/www.hydrachim.fr\\\/en\\\/produit\\\/liquide_vaisselle_ecolabel_002180401\\\/#primaryimage\",\"url\":\"https:\\\/\\\/www.hydrachim.fr\\\/app\\\/uploads\\\/2023\\\/07\\\/1804_LIQUIDE_VAISSELLE_ECOLOGIQUE_1L.png\",\"contentUrl\":\"https:\\\/\\\/www.hydrachim.fr\\\/app\\\/uploads\\\/2023\\\/07\\\/1804_LIQUIDE_VAISSELLE_ECOLOGIQUE_1L.png\",\"width\":363,\"height\":1098},{\"@type\":\"BreadcrumbList\",\"@id\":\"https:\\\/\\\/www.hydrachim.fr\\\/en\\\/produit\\\/liquide_vaisselle_ecolabel_002180401\\\/#breadcrumb\",\"itemListElement\":[{\"@type\":\"ListItem\",\"position\":1,\"name\":\"Home\",\"item\":\"https:\\\/\\\/www.hydrachim.fr\\\/en\\\/\"},{\"@type\":\"ListItem\",\"position\":2,\"name\":\"Boutique\",\"item\":\"https:\\\/\\\/www.hydrachim.fr\\\/boutique\\\/\"},{\"@type\":\"ListItem\",\"position\":3,\"name\":\"Liquide Vaisselle ECOLABEL\"}]},{\"@type\":\"WebSite\",\"@id\":\"https:\\\/\\\/www.hydrachim.fr\\\/en\\\/#website\",\"url\":\"https:\\\/\\\/www.hydrachim.fr\\\/en\\\/\",\"name\":\"Hydrachim\",\"description\":\"La science de l&#039;hygi\u00e8ne\",\"potentialAction\":[{\"@type\":\"SearchAction\",\"target\":{\"@type\":\"EntryPoint\",\"urlTemplate\":\"https:\\\/\\\/www.hydrachim.fr\\\/en\\\/?s={search_term_string}\"},\"query-input\":{\"@type\":\"PropertyValueSpecification\",\"valueRequired\":true,\"valueName\":\"search_term_string\"}}],\"inLanguage\":\"en-US\"}]}<\/script>\n<!-- \/ Yoast SEO plugin. -->","yoast_head_json":{"title":"Liquide Vaisselle ECOLABEL - Hydrachim","robots":{"index":"index","follow":"follow","max-snippet":"max-snippet:-1","max-image-preview":"max-image-preview:large","max-video-preview":"max-video-preview:-1"},"canonical":"https:\/\/www.hydrachim.fr\/en\/produit\/liquide_vaisselle_ecolabel_002180401\/","og_locale":"en_US","og_type":"article","og_title":"Liquide Vaisselle ECOLABEL - Hydrachim","og_description":"D\u00e9tergent \u00e0 fort pouvoir d\u00e9graissant formul\u00e9 pour le nettoyage manuel de la vaisselle.","og_url":"https:\/\/www.hydrachim.fr\/en\/produit\/liquide_vaisselle_ecolabel_002180401\/","og_site_name":"Hydrachim","article_modified_time":"2025-06-16T14:17:38+00:00","og_image":[{"width":363,"height":1098,"url":"https:\/\/www.hydrachim.fr\/app\/uploads\/2023\/07\/1804_LIQUIDE_VAISSELLE_ECOLOGIQUE_1L.png","type":"image\/png"}],"twitter_card":"summary_large_image","twitter_misc":{"Est. reading time":"2 minutes"},"schema":{"@context":"https:\/\/schema.org","@graph":[{"@type":"WebPage","@id":"https:\/\/www.hydrachim.fr\/en\/produit\/liquide_vaisselle_ecolabel_002180401\/","url":"https:\/\/www.hydrachim.fr\/en\/produit\/liquide_vaisselle_ecolabel_002180401\/","name":"Liquide Vaisselle ECOLABEL - Hydrachim","isPartOf":{"@id":"https:\/\/www.hydrachim.fr\/en\/#website"},"primaryImageOfPage":{"@id":"https:\/\/www.hydrachim.fr\/en\/produit\/liquide_vaisselle_ecolabel_002180401\/#primaryimage"},"image":{"@id":"https:\/\/www.hydrachim.fr\/en\/produit\/liquide_vaisselle_ecolabel_002180401\/#primaryimage"},"thumbnailUrl":"https:\/\/www.hydrachim.fr\/app\/uploads\/2023\/07\/1804_LIQUIDE_VAISSELLE_ECOLOGIQUE_1L.png","datePublished":"2019-09-27T14:12:06+00:00","dateModified":"2025-06-16T14:17:38+00:00","breadcrumb":{"@id":"https:\/\/www.hydrachim.fr\/en\/produit\/liquide_vaisselle_ecolabel_002180401\/#breadcrumb"},"inLanguage":"en-US","potentialAction":[{"@type":"ReadAction","target":["https:\/\/www.hydrachim.fr\/en\/produit\/liquide_vaisselle_ecolabel_002180401\/"]}]},{"@type":"ImageObject","inLanguage":"en-US","@id":"https:\/\/www.hydrachim.fr\/en\/produit\/liquide_vaisselle_ecolabel_002180401\/#primaryimage","url":"https:\/\/www.hydrachim.fr\/app\/uploads\/2023\/07\/1804_LIQUIDE_VAISSELLE_ECOLOGIQUE_1L.png","contentUrl":"https:\/\/www.hydrachim.fr\/app\/uploads\/2023\/07\/1804_LIQUIDE_VAISSELLE_ECOLOGIQUE_1L.png","width":363,"height":1098},{"@type":"BreadcrumbList","@id":"https:\/\/www.hydrachim.fr\/en\/produit\/liquide_vaisselle_ecolabel_002180401\/#breadcrumb","itemListElement":[{"@type":"ListItem","position":1,"name":"Home","item":"https:\/\/www.hydrachim.fr\/en\/"},{"@type":"ListItem","position":2,"name":"Boutique","item":"https:\/\/www.hydrachim.fr\/boutique\/"},{"@type":"ListItem","position":3,"name":"Liquide Vaisselle ECOLABEL"}]},{"@type":"WebSite","@id":"https:\/\/www.hydrachim.fr\/en\/#website","url":"https:\/\/www.hydrachim.fr\/en\/","name":"Hydrachim","description":"La science de l&#039;hygi\u00e8ne","potentialAction":[{"@type":"SearchAction","target":{"@type":"EntryPoint","urlTemplate":"https:\/\/www.hydrachim.fr\/en\/?s={search_term_string}"},"query-input":{"@type":"PropertyValueSpecification","valueRequired":true,"valueName":"search_term_string"}}],"inLanguage":"en-US"}]}},"acf":{"fiche_technique":"https:\/\/www.hydrachim.fr\/app\/uploads\/2025\/05\/FT_1804_LIQUIDE_VAISSELLE_ECOLABEL.pdf","fiche_methode":""},"_links":{"self":[{"href":"https:\/\/www.hydrachim.fr\/en\/wp-json\/wp\/v2\/product\/5053","targetHints":{"allow":["GET"]}}],"collection":[{"href":"https:\/\/www.hydrachim.fr\/en\/wp-json\/wp\/v2\/product"}],"about":[{"href":"https:\/\/www.hydrachim.fr\/en\/wp-json\/wp\/v2\/types\/product"}],"wp:featuredmedia":[{"embeddable":true,"href":"https:\/\/www.hydrachim.fr\/en\/wp-json\/wp\/v2\/media\/15090"}],"wp:attachment":[{"href":"https:\/\/www.hydrachim.fr\/en\/wp-json\/wp\/v2\/media?parent=5053"}],"wp:term":[{"taxonomy":"product_brand","embeddable":true,"href":"https:\/\/www.hydrachim.fr\/en\/wp-json\/wp\/v2\/product_brand?post=5053"},{"taxonomy":"product_type","embeddable":true,"href":"https:\/\/www.hydrachim.fr\/en\/wp-json\/wp\/v2\/product_type?post=5053"},{"taxonomy":"product_visibility","embeddable":true,"href":"https:\/\/www.hydrachim.fr\/en\/wp-json\/wp\/v2\/product_visibility?post=5053"},{"taxonomy":"product_cat","embeddable":true,"href":"https:\/\/www.hydrachim.fr\/en\/wp-json\/wp\/v2\/product_cat?post=5053"}],"curies":[{"name":"wp","href":"https:\/\/api.w.org\/{rel}","templated":true}]}}