{"id":5048,"date":"2019-09-27T15:10:43","date_gmt":"2019-09-27T13:10:43","guid":{"rendered":"https:\/\/www.hydrachim.fr\/?post_type=product&#038;p=5048"},"modified":"2025-06-16T16:18:27","modified_gmt":"2025-06-16T14:18:27","slug":"nettoyant_sanitaires_ecolabel_002180101","status":"publish","type":"product","link":"https:\/\/www.hydrachim.fr\/en\/produit\/nettoyant_sanitaires_ecolabel_002180101\/","title":{"rendered":"Nettoyant Sanitaires ECOLABEL"},"content":{"rendered":"<p><strong>Le pulv\u00e9risateur cr\u00e9\u00e9 une mousse qui permet une meilleure adh\u00e9rence sur les surfaces et donc un meilleur d\u00e9tartrage.<br \/>\nElle dissout rapidement et facilement le calcaire et les traces de savon.<\/strong><\/p>\n<p>NETTOYANT SANITAIRES nettoie et d\u00e9tartre tous types de sanitaires : baignoires, lavabos, robinetteries, carrelages.<br \/>\nNETTOYANT SANITAIRES est certifi\u00e9 selon l\u2019ECOLABEL EUROPEEN, une r\u00e9f\u00e9rence en mati\u00e8re de respect de l\u2019environnement. L\u2019ECOLABEL EUROPEEN garantit une s\u00e9curit\u00e9 pour les utilisateurs, l\u2019environnement et la sant\u00e9.<\/p>\n<p><strong>Disponible en :<br \/>\n&#8211; Carton de 6 x 750 mL. R\u00e9f.002180101<br \/>\n&#8211; Carton de 4 x 5 L (Les bidons de 5L servent \u00e0 reconditionner les flacons de 750 mL). R\u00e9f. 002180102<\/strong><\/p>\n<p class=\"y-product y-product__product-subtitle\">Avantage :<\/p>\n<p>Pr\u00eat \u00e0 l&#8217;emploi.<br \/>\nA base d\u2019ingr\u00e9dients d\u2019origine naturelle respectant les crit\u00e8res de biod\u00e9gradabilit\u00e9 de la Commission Europ\u00e9enne pour les produits \u00e9cologiques.<\/p>\n<p>Retrouvez le mode d&#8217;emploi et le dosage du produit en t\u00e9l\u00e9chargeant sa Fiche Technique.<\/p>\n<p><em>Avant toute utilisation, lisez l\u2019\u00e9tiquette et les informations concernant le produit.<br \/>\nAppliquer le dosage le plus juste, \u00e0 la temp\u00e9rature minimale recommand\u00e9e (ambiante), afin de baisser autant que possible la consommation d\u2019\u00e9nergie et d\u2019eau et de r\u00e9duire la pollution de l\u2019eau.<br \/>\nLe produit n\u2019est pas destin\u00e9 \u00e0 un nettoyage industriel.<br \/>\nProduit conforme \u00e0 la l\u00e9gislation relative aux proc\u00e9d\u00e9s et aux produits utilis\u00e9s pour le nettoyage des mat\u00e9riaux et objets destin\u00e9s \u00e0 entrer en contact avec des denr\u00e9es, produits et boissons pour l\u2019alimentation de l\u2019homme et des animaux (d\u00e9cret 73138 du 12.02.1973 modifi\u00e9 le 19.12.2013). Performance test\u00e9e uniquement sur les \u00e9viers et lavabos.<\/em><\/p>\n","protected":false},"excerpt":{"rendered":"<p>Nettoyant, d\u00e9tartrant parfum lotus cocoon.<\/p>\n","protected":false},"featured_media":15080,"template":"","meta":[],"product_brand":[],"product_type":[2],"product_visibility":[],"product_cat":[4101,4189,4103,4122,4124],"class_list":{"0":"post-5048","1":"product","2":"type-product","3":"status-publish","4":"has-post-thumbnail","6":"product_cat-produitsecolabel","7":"product_cat-marquesidegreen","8":"product_cat-ecolabelsanitaire","9":"product_cat-produitssanitaire","10":"product_cat-sanitairesurface","11":"product_tag-detartrant","12":"product_tag-ecolabel","13":"product_tag-lotus-cocoon","14":"product_tag-nettoyant","15":"product_tag-sanitaire","17":"first","18":"instock","19":"shipping-taxable","20":"product-type-simple"},"yoast_head":"<!-- This site is optimized with the Yoast SEO plugin v27.5 - https:\/\/yoast.com\/product\/yoast-seo-wordpress\/ -->\n<title>Nettoyant Sanitaires ECOLABEL - Hydrachim<\/title>\n<meta name=\"robots\" content=\"index, follow, max-snippet:-1, max-image-preview:large, max-video-preview:-1\" \/>\n<link rel=\"canonical\" href=\"https:\/\/www.hydrachim.fr\/en\/produit\/nettoyant_sanitaires_ecolabel_002180101\/\" \/>\n<meta property=\"og:locale\" content=\"en_US\" \/>\n<meta property=\"og:type\" content=\"article\" \/>\n<meta property=\"og:title\" content=\"Nettoyant Sanitaires ECOLABEL - Hydrachim\" \/>\n<meta property=\"og:description\" content=\"Nettoyant, d\u00e9tartrant parfum lotus cocoon.\" \/>\n<meta property=\"og:url\" content=\"https:\/\/www.hydrachim.fr\/en\/produit\/nettoyant_sanitaires_ecolabel_002180101\/\" \/>\n<meta property=\"og:site_name\" content=\"Hydrachim\" \/>\n<meta property=\"article:modified_time\" content=\"2025-06-16T14:18:27+00:00\" \/>\n<meta property=\"og:image\" content=\"https:\/\/www.hydrachim.fr\/app\/uploads\/2023\/07\/1801___NETTOYANT_SANITAIRES_ECOLABEL___750_ML.png\" \/>\n\t<meta property=\"og:image:width\" content=\"338\" \/>\n\t<meta property=\"og:image:height\" content=\"828\" \/>\n\t<meta property=\"og:image:type\" content=\"image\/png\" \/>\n<meta name=\"twitter:card\" content=\"summary_large_image\" \/>\n<meta name=\"twitter:label1\" content=\"Est. reading time\" \/>\n\t<meta name=\"twitter:data1\" content=\"2 minutes\" \/>\n<script type=\"application\/ld+json\" class=\"yoast-schema-graph\">{\"@context\":\"https:\\\/\\\/schema.org\",\"@graph\":[{\"@type\":\"WebPage\",\"@id\":\"https:\\\/\\\/www.hydrachim.fr\\\/en\\\/produit\\\/nettoyant_sanitaires_ecolabel_002180101\\\/\",\"url\":\"https:\\\/\\\/www.hydrachim.fr\\\/en\\\/produit\\\/nettoyant_sanitaires_ecolabel_002180101\\\/\",\"name\":\"Nettoyant Sanitaires ECOLABEL - Hydrachim\",\"isPartOf\":{\"@id\":\"https:\\\/\\\/www.hydrachim.fr\\\/en\\\/#website\"},\"primaryImageOfPage\":{\"@id\":\"https:\\\/\\\/www.hydrachim.fr\\\/en\\\/produit\\\/nettoyant_sanitaires_ecolabel_002180101\\\/#primaryimage\"},\"image\":{\"@id\":\"https:\\\/\\\/www.hydrachim.fr\\\/en\\\/produit\\\/nettoyant_sanitaires_ecolabel_002180101\\\/#primaryimage\"},\"thumbnailUrl\":\"https:\\\/\\\/www.hydrachim.fr\\\/app\\\/uploads\\\/2023\\\/07\\\/1801___NETTOYANT_SANITAIRES_ECOLABEL___750_ML.png\",\"datePublished\":\"2019-09-27T13:10:43+00:00\",\"dateModified\":\"2025-06-16T14:18:27+00:00\",\"breadcrumb\":{\"@id\":\"https:\\\/\\\/www.hydrachim.fr\\\/en\\\/produit\\\/nettoyant_sanitaires_ecolabel_002180101\\\/#breadcrumb\"},\"inLanguage\":\"en-US\",\"potentialAction\":[{\"@type\":\"ReadAction\",\"target\":[\"https:\\\/\\\/www.hydrachim.fr\\\/en\\\/produit\\\/nettoyant_sanitaires_ecolabel_002180101\\\/\"]}]},{\"@type\":\"ImageObject\",\"inLanguage\":\"en-US\",\"@id\":\"https:\\\/\\\/www.hydrachim.fr\\\/en\\\/produit\\\/nettoyant_sanitaires_ecolabel_002180101\\\/#primaryimage\",\"url\":\"https:\\\/\\\/www.hydrachim.fr\\\/app\\\/uploads\\\/2023\\\/07\\\/1801___NETTOYANT_SANITAIRES_ECOLABEL___750_ML.png\",\"contentUrl\":\"https:\\\/\\\/www.hydrachim.fr\\\/app\\\/uploads\\\/2023\\\/07\\\/1801___NETTOYANT_SANITAIRES_ECOLABEL___750_ML.png\",\"width\":338,\"height\":828},{\"@type\":\"BreadcrumbList\",\"@id\":\"https:\\\/\\\/www.hydrachim.fr\\\/en\\\/produit\\\/nettoyant_sanitaires_ecolabel_002180101\\\/#breadcrumb\",\"itemListElement\":[{\"@type\":\"ListItem\",\"position\":1,\"name\":\"Home\",\"item\":\"https:\\\/\\\/www.hydrachim.fr\\\/en\\\/\"},{\"@type\":\"ListItem\",\"position\":2,\"name\":\"Boutique\",\"item\":\"https:\\\/\\\/www.hydrachim.fr\\\/boutique\\\/\"},{\"@type\":\"ListItem\",\"position\":3,\"name\":\"Nettoyant Sanitaires ECOLABEL\"}]},{\"@type\":\"WebSite\",\"@id\":\"https:\\\/\\\/www.hydrachim.fr\\\/en\\\/#website\",\"url\":\"https:\\\/\\\/www.hydrachim.fr\\\/en\\\/\",\"name\":\"Hydrachim\",\"description\":\"La science de l&#039;hygi\u00e8ne\",\"potentialAction\":[{\"@type\":\"SearchAction\",\"target\":{\"@type\":\"EntryPoint\",\"urlTemplate\":\"https:\\\/\\\/www.hydrachim.fr\\\/en\\\/?s={search_term_string}\"},\"query-input\":{\"@type\":\"PropertyValueSpecification\",\"valueRequired\":true,\"valueName\":\"search_term_string\"}}],\"inLanguage\":\"en-US\"}]}<\/script>\n<!-- \/ Yoast SEO plugin. -->","yoast_head_json":{"title":"Nettoyant Sanitaires ECOLABEL - Hydrachim","robots":{"index":"index","follow":"follow","max-snippet":"max-snippet:-1","max-image-preview":"max-image-preview:large","max-video-preview":"max-video-preview:-1"},"canonical":"https:\/\/www.hydrachim.fr\/en\/produit\/nettoyant_sanitaires_ecolabel_002180101\/","og_locale":"en_US","og_type":"article","og_title":"Nettoyant Sanitaires ECOLABEL - Hydrachim","og_description":"Nettoyant, d\u00e9tartrant parfum lotus cocoon.","og_url":"https:\/\/www.hydrachim.fr\/en\/produit\/nettoyant_sanitaires_ecolabel_002180101\/","og_site_name":"Hydrachim","article_modified_time":"2025-06-16T14:18:27+00:00","og_image":[{"width":338,"height":828,"url":"https:\/\/www.hydrachim.fr\/app\/uploads\/2023\/07\/1801___NETTOYANT_SANITAIRES_ECOLABEL___750_ML.png","type":"image\/png"}],"twitter_card":"summary_large_image","twitter_misc":{"Est. reading time":"2 minutes"},"schema":{"@context":"https:\/\/schema.org","@graph":[{"@type":"WebPage","@id":"https:\/\/www.hydrachim.fr\/en\/produit\/nettoyant_sanitaires_ecolabel_002180101\/","url":"https:\/\/www.hydrachim.fr\/en\/produit\/nettoyant_sanitaires_ecolabel_002180101\/","name":"Nettoyant Sanitaires ECOLABEL - Hydrachim","isPartOf":{"@id":"https:\/\/www.hydrachim.fr\/en\/#website"},"primaryImageOfPage":{"@id":"https:\/\/www.hydrachim.fr\/en\/produit\/nettoyant_sanitaires_ecolabel_002180101\/#primaryimage"},"image":{"@id":"https:\/\/www.hydrachim.fr\/en\/produit\/nettoyant_sanitaires_ecolabel_002180101\/#primaryimage"},"thumbnailUrl":"https:\/\/www.hydrachim.fr\/app\/uploads\/2023\/07\/1801___NETTOYANT_SANITAIRES_ECOLABEL___750_ML.png","datePublished":"2019-09-27T13:10:43+00:00","dateModified":"2025-06-16T14:18:27+00:00","breadcrumb":{"@id":"https:\/\/www.hydrachim.fr\/en\/produit\/nettoyant_sanitaires_ecolabel_002180101\/#breadcrumb"},"inLanguage":"en-US","potentialAction":[{"@type":"ReadAction","target":["https:\/\/www.hydrachim.fr\/en\/produit\/nettoyant_sanitaires_ecolabel_002180101\/"]}]},{"@type":"ImageObject","inLanguage":"en-US","@id":"https:\/\/www.hydrachim.fr\/en\/produit\/nettoyant_sanitaires_ecolabel_002180101\/#primaryimage","url":"https:\/\/www.hydrachim.fr\/app\/uploads\/2023\/07\/1801___NETTOYANT_SANITAIRES_ECOLABEL___750_ML.png","contentUrl":"https:\/\/www.hydrachim.fr\/app\/uploads\/2023\/07\/1801___NETTOYANT_SANITAIRES_ECOLABEL___750_ML.png","width":338,"height":828},{"@type":"BreadcrumbList","@id":"https:\/\/www.hydrachim.fr\/en\/produit\/nettoyant_sanitaires_ecolabel_002180101\/#breadcrumb","itemListElement":[{"@type":"ListItem","position":1,"name":"Home","item":"https:\/\/www.hydrachim.fr\/en\/"},{"@type":"ListItem","position":2,"name":"Boutique","item":"https:\/\/www.hydrachim.fr\/boutique\/"},{"@type":"ListItem","position":3,"name":"Nettoyant Sanitaires ECOLABEL"}]},{"@type":"WebSite","@id":"https:\/\/www.hydrachim.fr\/en\/#website","url":"https:\/\/www.hydrachim.fr\/en\/","name":"Hydrachim","description":"La science de l&#039;hygi\u00e8ne","potentialAction":[{"@type":"SearchAction","target":{"@type":"EntryPoint","urlTemplate":"https:\/\/www.hydrachim.fr\/en\/?s={search_term_string}"},"query-input":{"@type":"PropertyValueSpecification","valueRequired":true,"valueName":"search_term_string"}}],"inLanguage":"en-US"}]}},"acf":{"fiche_technique":"https:\/\/www.hydrachim.fr\/app\/uploads\/2025\/05\/FT_1801_Nettoyant_Sanitaires_ECOLABEL.pdf","fiche_methode":""},"_links":{"self":[{"href":"https:\/\/www.hydrachim.fr\/en\/wp-json\/wp\/v2\/product\/5048","targetHints":{"allow":["GET"]}}],"collection":[{"href":"https:\/\/www.hydrachim.fr\/en\/wp-json\/wp\/v2\/product"}],"about":[{"href":"https:\/\/www.hydrachim.fr\/en\/wp-json\/wp\/v2\/types\/product"}],"wp:featuredmedia":[{"embeddable":true,"href":"https:\/\/www.hydrachim.fr\/en\/wp-json\/wp\/v2\/media\/15080"}],"wp:attachment":[{"href":"https:\/\/www.hydrachim.fr\/en\/wp-json\/wp\/v2\/media?parent=5048"}],"wp:term":[{"taxonomy":"product_brand","embeddable":true,"href":"https:\/\/www.hydrachim.fr\/en\/wp-json\/wp\/v2\/product_brand?post=5048"},{"taxonomy":"product_type","embeddable":true,"href":"https:\/\/www.hydrachim.fr\/en\/wp-json\/wp\/v2\/product_type?post=5048"},{"taxonomy":"product_visibility","embeddable":true,"href":"https:\/\/www.hydrachim.fr\/en\/wp-json\/wp\/v2\/product_visibility?post=5048"},{"taxonomy":"product_cat","embeddable":true,"href":"https:\/\/www.hydrachim.fr\/en\/wp-json\/wp\/v2\/product_cat?post=5048"}],"curies":[{"name":"wp","href":"https:\/\/api.w.org\/{rel}","templated":true}]}}