{"id":5035,"date":"2019-09-26T13:27:44","date_gmt":"2019-09-26T11:27:44","guid":{"rendered":"https:\/\/www.hydrachim.fr\/?post_type=product&#038;p=5035"},"modified":"2025-04-24T13:54:02","modified_gmt":"2025-04-24T11:54:02","slug":"oxyhealth_002108601","status":"publish","type":"product","link":"https:\/\/www.hydrachim.fr\/en\/produit\/oxyhealth_002108601\/","title":{"rendered":"OXY&#8217;HEALTH\u00ae"},"content":{"rendered":"<p><strong>D\u00e9sinfectant bact\u00e9ricide, levuricide, fongicide, virucide, mycobact\u00e9ricide et sporicide utilis\u00e9 pour les toutes les surfaces.<br \/>\nEfficace sur Coronavirus.<\/strong><\/p>\n<p>OXY&#8217;HEALTH s&#8217;utilise en pulv\u00e9risation directe sur les surfaces propres pr\u00e9alablement nettoy\u00e9es sans contact direct avec les denr\u00e9es alimentaires.<br \/>\nOXY&#8217;HEALTH s&#8217;utilise dans les domaines d\u2019applications suivants : les mat\u00e9riaux, \u00e9quipements et mobiliers propres en milieu m\u00e9dical et hospitalier, param\u00e9dical, centres de sant\u00e9, institutionnel, tertiaire, h\u00f4tellerie, salles de sports, centres sportifs, vestiaires, etc. D\u00e9sinfectant pour les sanitaires, les salles de bains, etc, apr\u00e8s nettoyage.<\/p>\n<p><strong>Disponible en<br \/>\n&#8211; Carton de 6 x 750 mL. R\u00e9f.002108601<br \/>\n&#8211; Carton de 2 x 5L. R\u00e9f.002108692<\/strong><\/p>\n<p class=\"y-product y-product__product-subtitle\">Avantage :<\/p>\n<p>La formule OXY\u2019HEALTH\u00ae est soutenue au niveau du r\u00e8glement biocide (CE) n\u00b0528\/2012.<br \/>\nN\u00b0AMM : FR-2019-0068.<br \/>\nSans rin\u00e7age.<br \/>\nR\u00e9duit les mauvaises odeurs.<\/p>\n<p>Retrouvez le mode d&#8217;emploi et le dosage du produit en t\u00e9l\u00e9chargeant sa Fiche Technique et\/ou sa Fiche M\u00e9thode.<\/p>\n<p><em>Utilisez les biocides avec pr\u00e9caution. Avant toute utilisation, lisez l&#8217;\u00e9tiquette et les informations concernant le produit.<br \/>\nConforme \u00e0 la l\u00e9gislation relative aux produits de nettoyage du mat\u00e9riel pouvant se trouver en contact des denr\u00e9es alimentaires (Arr\u00eat\u00e9 du 08\/09\/1999 et ses amendements).<br \/>\nD\u00e9tergent certifi\u00e9 par ECOCERT Greenlife selon le r\u00e9f\u00e9rentiel ECOCERT \u00abEcod\u00e9tergent\u00bb disponible sur http:\/\/detergents.ecocert.com.<br \/>\nPhoto non contractuelle.<\/p>\n<p>TP2 : D\u00e9sinfectants utilis\u00e9s dans le domaine priv\u00e9 et dans le domaine de la sant\u00e9 publique et autres produits biocides.<\/em><\/p>\n","protected":false},"excerpt":{"rendered":"<p>D\u00e9sinfectant liquide pr\u00eat \u00e0 l&#8217;emploi. Ecocert.<\/p>\n","protected":false},"featured_media":21477,"template":"","meta":[],"product_brand":[],"product_type":[2],"product_visibility":[],"product_cat":[4237,4174,4111,4097,4189,4143,4173,4113,4122,4099,4112,4124,4100,4127],"class_list":{"0":"post-5035","1":"product","2":"type-product","3":"status-publish","4":"has-post-thumbnail","6":"product_cat-produits-produitsdsinfectioncoronavirus","7":"product_cat-nouveautesdesinfection","8":"product_cat-produitsdesinfection","9":"product_cat-produitsecocert","10":"product_cat-marquesidegreen","11":"product_cat-nouveautes","12":"product_cat-nouveautesproduits-verts","13":"product_cat-dsinfectionsanitaire","14":"product_cat-produitssanitaire","15":"product_cat-ecocertsanitaire","16":"product_cat-dsinfectionsurface","17":"product_cat-sanitairesurface","18":"product_cat-ecocertsurface","19":"product_cat-produitssurface-sol","20":"product_tag-anti-odeurs","21":"product_tag-bactericide","22":"product_tag-desinfectant","23":"product_tag-ecocert","24":"product_tag-fongicide","25":"product_tag-levuricide","26":"product_tag-mycobactricide","27":"product_tag-pret-a-lemploi","28":"product_tag-pulverisation","29":"product_tag-sporicide","30":"product_tag-surface","31":"product_tag-tp2","32":"product_tag-tp4","33":"product_tag-virucide","35":"first","36":"instock","37":"shipping-taxable","38":"product-type-simple"},"yoast_head":"<!-- This site is optimized with the Yoast SEO plugin v27.5 - https:\/\/yoast.com\/product\/yoast-seo-wordpress\/ -->\n<title>OXY&#039;HEALTH\u00ae - Hydrachim<\/title>\n<meta name=\"robots\" content=\"index, follow, max-snippet:-1, max-image-preview:large, max-video-preview:-1\" \/>\n<link rel=\"canonical\" href=\"https:\/\/www.hydrachim.fr\/en\/produit\/oxyhealth_002108601\/\" \/>\n<meta property=\"og:locale\" content=\"en_US\" \/>\n<meta property=\"og:type\" content=\"article\" \/>\n<meta property=\"og:title\" content=\"OXY&#039;HEALTH\u00ae - Hydrachim\" \/>\n<meta property=\"og:description\" content=\"D\u00e9sinfectant liquide pr\u00eat \u00e0 l&#039;emploi. Ecocert.\" \/>\n<meta property=\"og:url\" content=\"https:\/\/www.hydrachim.fr\/en\/produit\/oxyhealth_002108601\/\" \/>\n<meta property=\"og:site_name\" content=\"Hydrachim\" \/>\n<meta property=\"article:modified_time\" content=\"2025-04-24T11:54:02+00:00\" \/>\n<meta property=\"og:image\" content=\"https:\/\/www.hydrachim.fr\/app\/uploads\/2022\/01\/1086_DETERQUAT_OXYHEALTH_ECODETERGENT_ECOCERT_5L__V2..png\" \/>\n\t<meta property=\"og:image:width\" content=\"600\" \/>\n\t<meta property=\"og:image:height\" content=\"807\" \/>\n\t<meta property=\"og:image:type\" content=\"image\/png\" \/>\n<meta name=\"twitter:card\" content=\"summary_large_image\" \/>\n<meta name=\"twitter:label1\" content=\"Est. reading time\" \/>\n\t<meta name=\"twitter:data1\" content=\"1 minute\" \/>\n<script type=\"application\/ld+json\" class=\"yoast-schema-graph\">{\"@context\":\"https:\\\/\\\/schema.org\",\"@graph\":[{\"@type\":\"WebPage\",\"@id\":\"https:\\\/\\\/www.hydrachim.fr\\\/en\\\/produit\\\/oxyhealth_002108601\\\/\",\"url\":\"https:\\\/\\\/www.hydrachim.fr\\\/en\\\/produit\\\/oxyhealth_002108601\\\/\",\"name\":\"OXY'HEALTH\u00ae - Hydrachim\",\"isPartOf\":{\"@id\":\"https:\\\/\\\/www.hydrachim.fr\\\/en\\\/#website\"},\"primaryImageOfPage\":{\"@id\":\"https:\\\/\\\/www.hydrachim.fr\\\/en\\\/produit\\\/oxyhealth_002108601\\\/#primaryimage\"},\"image\":{\"@id\":\"https:\\\/\\\/www.hydrachim.fr\\\/en\\\/produit\\\/oxyhealth_002108601\\\/#primaryimage\"},\"thumbnailUrl\":\"https:\\\/\\\/www.hydrachim.fr\\\/app\\\/uploads\\\/2025\\\/04\\\/1086___OXY_HEALTH_DETERQUAT.png\",\"datePublished\":\"2019-09-26T11:27:44+00:00\",\"dateModified\":\"2025-04-24T11:54:02+00:00\",\"breadcrumb\":{\"@id\":\"https:\\\/\\\/www.hydrachim.fr\\\/en\\\/produit\\\/oxyhealth_002108601\\\/#breadcrumb\"},\"inLanguage\":\"en-US\",\"potentialAction\":[{\"@type\":\"ReadAction\",\"target\":[\"https:\\\/\\\/www.hydrachim.fr\\\/en\\\/produit\\\/oxyhealth_002108601\\\/\"]}]},{\"@type\":\"ImageObject\",\"inLanguage\":\"en-US\",\"@id\":\"https:\\\/\\\/www.hydrachim.fr\\\/en\\\/produit\\\/oxyhealth_002108601\\\/#primaryimage\",\"url\":\"https:\\\/\\\/www.hydrachim.fr\\\/app\\\/uploads\\\/2025\\\/04\\\/1086___OXY_HEALTH_DETERQUAT.png\",\"contentUrl\":\"https:\\\/\\\/www.hydrachim.fr\\\/app\\\/uploads\\\/2025\\\/04\\\/1086___OXY_HEALTH_DETERQUAT.png\",\"width\":1543,\"height\":2227},{\"@type\":\"BreadcrumbList\",\"@id\":\"https:\\\/\\\/www.hydrachim.fr\\\/en\\\/produit\\\/oxyhealth_002108601\\\/#breadcrumb\",\"itemListElement\":[{\"@type\":\"ListItem\",\"position\":1,\"name\":\"Home\",\"item\":\"https:\\\/\\\/www.hydrachim.fr\\\/en\\\/\"},{\"@type\":\"ListItem\",\"position\":2,\"name\":\"Boutique\",\"item\":\"https:\\\/\\\/www.hydrachim.fr\\\/boutique\\\/\"},{\"@type\":\"ListItem\",\"position\":3,\"name\":\"OXY&rsquo;HEALTH\u00ae\"}]},{\"@type\":\"WebSite\",\"@id\":\"https:\\\/\\\/www.hydrachim.fr\\\/en\\\/#website\",\"url\":\"https:\\\/\\\/www.hydrachim.fr\\\/en\\\/\",\"name\":\"Hydrachim\",\"description\":\"La science de l&#039;hygi\u00e8ne\",\"potentialAction\":[{\"@type\":\"SearchAction\",\"target\":{\"@type\":\"EntryPoint\",\"urlTemplate\":\"https:\\\/\\\/www.hydrachim.fr\\\/en\\\/?s={search_term_string}\"},\"query-input\":{\"@type\":\"PropertyValueSpecification\",\"valueRequired\":true,\"valueName\":\"search_term_string\"}}],\"inLanguage\":\"en-US\"}]}<\/script>\n<!-- \/ Yoast SEO plugin. -->","yoast_head_json":{"title":"OXY'HEALTH\u00ae - Hydrachim","robots":{"index":"index","follow":"follow","max-snippet":"max-snippet:-1","max-image-preview":"max-image-preview:large","max-video-preview":"max-video-preview:-1"},"canonical":"https:\/\/www.hydrachim.fr\/en\/produit\/oxyhealth_002108601\/","og_locale":"en_US","og_type":"article","og_title":"OXY'HEALTH\u00ae - Hydrachim","og_description":"D\u00e9sinfectant liquide pr\u00eat \u00e0 l'emploi. Ecocert.","og_url":"https:\/\/www.hydrachim.fr\/en\/produit\/oxyhealth_002108601\/","og_site_name":"Hydrachim","article_modified_time":"2025-04-24T11:54:02+00:00","og_image":[{"width":600,"height":807,"url":"https:\/\/www.hydrachim.fr\/app\/uploads\/2022\/01\/1086_DETERQUAT_OXYHEALTH_ECODETERGENT_ECOCERT_5L__V2..png","type":"image\/png"}],"twitter_card":"summary_large_image","twitter_misc":{"Est. reading time":"1 minute"},"schema":{"@context":"https:\/\/schema.org","@graph":[{"@type":"WebPage","@id":"https:\/\/www.hydrachim.fr\/en\/produit\/oxyhealth_002108601\/","url":"https:\/\/www.hydrachim.fr\/en\/produit\/oxyhealth_002108601\/","name":"OXY'HEALTH\u00ae - Hydrachim","isPartOf":{"@id":"https:\/\/www.hydrachim.fr\/en\/#website"},"primaryImageOfPage":{"@id":"https:\/\/www.hydrachim.fr\/en\/produit\/oxyhealth_002108601\/#primaryimage"},"image":{"@id":"https:\/\/www.hydrachim.fr\/en\/produit\/oxyhealth_002108601\/#primaryimage"},"thumbnailUrl":"https:\/\/www.hydrachim.fr\/app\/uploads\/2025\/04\/1086___OXY_HEALTH_DETERQUAT.png","datePublished":"2019-09-26T11:27:44+00:00","dateModified":"2025-04-24T11:54:02+00:00","breadcrumb":{"@id":"https:\/\/www.hydrachim.fr\/en\/produit\/oxyhealth_002108601\/#breadcrumb"},"inLanguage":"en-US","potentialAction":[{"@type":"ReadAction","target":["https:\/\/www.hydrachim.fr\/en\/produit\/oxyhealth_002108601\/"]}]},{"@type":"ImageObject","inLanguage":"en-US","@id":"https:\/\/www.hydrachim.fr\/en\/produit\/oxyhealth_002108601\/#primaryimage","url":"https:\/\/www.hydrachim.fr\/app\/uploads\/2025\/04\/1086___OXY_HEALTH_DETERQUAT.png","contentUrl":"https:\/\/www.hydrachim.fr\/app\/uploads\/2025\/04\/1086___OXY_HEALTH_DETERQUAT.png","width":1543,"height":2227},{"@type":"BreadcrumbList","@id":"https:\/\/www.hydrachim.fr\/en\/produit\/oxyhealth_002108601\/#breadcrumb","itemListElement":[{"@type":"ListItem","position":1,"name":"Home","item":"https:\/\/www.hydrachim.fr\/en\/"},{"@type":"ListItem","position":2,"name":"Boutique","item":"https:\/\/www.hydrachim.fr\/boutique\/"},{"@type":"ListItem","position":3,"name":"OXY&rsquo;HEALTH\u00ae"}]},{"@type":"WebSite","@id":"https:\/\/www.hydrachim.fr\/en\/#website","url":"https:\/\/www.hydrachim.fr\/en\/","name":"Hydrachim","description":"La science de l&#039;hygi\u00e8ne","potentialAction":[{"@type":"SearchAction","target":{"@type":"EntryPoint","urlTemplate":"https:\/\/www.hydrachim.fr\/en\/?s={search_term_string}"},"query-input":{"@type":"PropertyValueSpecification","valueRequired":true,"valueName":"search_term_string"}}],"inLanguage":"en-US"}]}},"acf":{"fiche_technique":"https:\/\/www.hydrachim.fr\/app\/uploads\/2024\/03\/FT_1086_IDEGREEN_ECOCERT___DETERQUAT_OXY_HEALTH.pdf","fiche_methode":"https:\/\/www.hydrachim.fr\/app\/uploads\/2022\/01\/1086___OXY_HEALTH___IDEGREEN_ECOCERT_h-1.pdf"},"_links":{"self":[{"href":"https:\/\/www.hydrachim.fr\/en\/wp-json\/wp\/v2\/product\/5035","targetHints":{"allow":["GET"]}}],"collection":[{"href":"https:\/\/www.hydrachim.fr\/en\/wp-json\/wp\/v2\/product"}],"about":[{"href":"https:\/\/www.hydrachim.fr\/en\/wp-json\/wp\/v2\/types\/product"}],"wp:featuredmedia":[{"embeddable":true,"href":"https:\/\/www.hydrachim.fr\/en\/wp-json\/wp\/v2\/media\/21477"}],"wp:attachment":[{"href":"https:\/\/www.hydrachim.fr\/en\/wp-json\/wp\/v2\/media?parent=5035"}],"wp:term":[{"taxonomy":"product_brand","embeddable":true,"href":"https:\/\/www.hydrachim.fr\/en\/wp-json\/wp\/v2\/product_brand?post=5035"},{"taxonomy":"product_type","embeddable":true,"href":"https:\/\/www.hydrachim.fr\/en\/wp-json\/wp\/v2\/product_type?post=5035"},{"taxonomy":"product_visibility","embeddable":true,"href":"https:\/\/www.hydrachim.fr\/en\/wp-json\/wp\/v2\/product_visibility?post=5035"},{"taxonomy":"product_cat","embeddable":true,"href":"https:\/\/www.hydrachim.fr\/en\/wp-json\/wp\/v2\/product_cat?post=5035"}],"curies":[{"name":"wp","href":"https:\/\/api.w.org\/{rel}","templated":true}]}}