{"id":4999,"date":"2019-09-24T14:44:19","date_gmt":"2019-09-24T12:44:19","guid":{"rendered":"https:\/\/www.hydrachim.fr\/?post_type=product&#038;p=4999"},"modified":"2025-07-07T09:32:44","modified_gmt":"2025-07-07T07:32:44","slug":"prosoft_002105891","status":"publish","type":"product","link":"https:\/\/www.hydrachim.fr\/en\/produit\/prosoft_002105891\/","title":{"rendered":"Pro&#8217;Soft"},"content":{"rendered":"<p><strong>PRO\u2019SOFT est formul\u00e9 pour le nettoyage, d\u00e9graissage et d\u00e9tachage des surfaces m\u00eame fortement encrass\u00e9es.<\/strong><\/p>\n<p>PRO\u2019SOFT s\u2019utilise en pr\u00eat \u00e0 l\u2019emploi directement sur les surfaces et \u00e9limine les traces, taches tenaces, colle, encre, ou graisses.<br \/>\nPRO\u2019SOFT peut s\u2019utiliser sur le verre, murs peints, plastiques, toutes surfaces lavables.<br \/>\nLaisse un d\u00e9licat parfum de pomme sur les surfaces.\n<\/p>\n<p><strong>Disponible en :<br \/>\n&#8211; Carton de 6 x 750 mL. R\u00e9f. 002105892<br \/>\n&#8211; Carton de 2 x 5L (recharges du 750 mL). R\u00e9f. 002105891<\/strong><\/p>\n<p>Retrouvez le mode d&#8217;emploi et le dosage du produit en t\u00e9l\u00e9chargeant sa Fiche Technique.<\/p>\n<p><em>Rincer sur les surfaces en contact alimentaires.<br \/>\nAvant toute utilisation, lisez l\u2019\u00e9tiquette et les informations concernant le produit.<\/em><\/p>\n","protected":false},"excerpt":{"rendered":"<p>D\u00e9graissant Surfaces Proactif &#8211; Pr\u00eat \u00e0 l\u2019emploi &#8211; Parfum pomme<\/p>\n","protected":false},"featured_media":22155,"template":"","meta":[],"product_brand":[],"product_type":[2],"product_visibility":[],"product_cat":[4128,4189,4141,4107,4127],"class_list":{"0":"post-4999","1":"product","2":"type-product","3":"status-publish","4":"has-post-thumbnail","6":"product_cat-solentretien","7":"product_cat-marquesidegreen","8":"product_cat-produits","9":"product_cat-nos-produits-zro-pictossurface","10":"product_cat-produitssurface-sol","11":"product_tag-degraissant","12":"product_tag-multisurface","13":"product_tag-nettoyant","14":"product_tag-pomme","15":"product_tag-pret-a-lemploi","17":"first","18":"instock","19":"shipping-taxable","20":"product-type-simple"},"yoast_head":"<!-- This site is optimized with the Yoast SEO plugin v27.4 - https:\/\/yoast.com\/product\/yoast-seo-wordpress\/ -->\n<title>Spray nettoyant, d\u00e9graissant et d\u00e9tachant - Pro&#039;Soft - Hydrachim<\/title>\n<meta name=\"description\" content=\"PRO\u2019SOFT est un produit spray nettoyant, d\u00e9graissant et d\u00e9tachant pour des surfaces m\u00eame fortement encrass\u00e9es. Laisse un agr\u00e9able parfum de pomme.\" \/>\n<meta name=\"robots\" content=\"index, follow, max-snippet:-1, max-image-preview:large, max-video-preview:-1\" \/>\n<link rel=\"canonical\" href=\"https:\/\/www.hydrachim.fr\/en\/produit\/prosoft_002105891\/\" \/>\n<meta property=\"og:locale\" content=\"en_US\" \/>\n<meta property=\"og:type\" content=\"article\" \/>\n<meta property=\"og:title\" content=\"Spray nettoyant, d\u00e9graissant et d\u00e9tachant - Pro&#039;Soft - Hydrachim\" \/>\n<meta property=\"og:description\" content=\"PRO\u2019SOFT est un produit spray nettoyant, d\u00e9graissant et d\u00e9tachant pour des surfaces m\u00eame fortement encrass\u00e9es. Laisse un agr\u00e9able parfum de pomme.\" \/>\n<meta property=\"og:url\" content=\"https:\/\/www.hydrachim.fr\/en\/produit\/prosoft_002105891\/\" \/>\n<meta property=\"og:site_name\" content=\"Hydrachim\" \/>\n<meta property=\"article:modified_time\" content=\"2025-07-07T07:32:44+00:00\" \/>\n<meta property=\"og:image\" content=\"https:\/\/www.hydrachim.fr\/app\/uploads\/2025\/07\/IDEGREEN___1058_PRO_SOFT_750ML.png\" \/>\n\t<meta property=\"og:image:width\" content=\"512\" \/>\n\t<meta property=\"og:image:height\" content=\"932\" \/>\n\t<meta property=\"og:image:type\" content=\"image\/png\" \/>\n<meta name=\"twitter:card\" content=\"summary_large_image\" \/>\n<meta name=\"twitter:label1\" content=\"Est. reading time\" \/>\n\t<meta name=\"twitter:data1\" content=\"1 minute\" \/>\n<script type=\"application\/ld+json\" class=\"yoast-schema-graph\">{\"@context\":\"https:\\\/\\\/schema.org\",\"@graph\":[{\"@type\":\"WebPage\",\"@id\":\"https:\\\/\\\/www.hydrachim.fr\\\/en\\\/produit\\\/prosoft_002105891\\\/\",\"url\":\"https:\\\/\\\/www.hydrachim.fr\\\/en\\\/produit\\\/prosoft_002105891\\\/\",\"name\":\"Spray nettoyant, d\u00e9graissant et d\u00e9tachant - Pro'Soft - Hydrachim\",\"isPartOf\":{\"@id\":\"https:\\\/\\\/www.hydrachim.fr\\\/en\\\/#website\"},\"primaryImageOfPage\":{\"@id\":\"https:\\\/\\\/www.hydrachim.fr\\\/en\\\/produit\\\/prosoft_002105891\\\/#primaryimage\"},\"image\":{\"@id\":\"https:\\\/\\\/www.hydrachim.fr\\\/en\\\/produit\\\/prosoft_002105891\\\/#primaryimage\"},\"thumbnailUrl\":\"https:\\\/\\\/www.hydrachim.fr\\\/app\\\/uploads\\\/2025\\\/07\\\/IDEGREEN___1058_PRO_SOFT_750ML.png\",\"datePublished\":\"2019-09-24T12:44:19+00:00\",\"dateModified\":\"2025-07-07T07:32:44+00:00\",\"description\":\"PRO\u2019SOFT est un produit spray nettoyant, d\u00e9graissant et d\u00e9tachant pour des surfaces m\u00eame fortement encrass\u00e9es. Laisse un agr\u00e9able parfum de pomme.\",\"breadcrumb\":{\"@id\":\"https:\\\/\\\/www.hydrachim.fr\\\/en\\\/produit\\\/prosoft_002105891\\\/#breadcrumb\"},\"inLanguage\":\"en-US\",\"potentialAction\":[{\"@type\":\"ReadAction\",\"target\":[\"https:\\\/\\\/www.hydrachim.fr\\\/en\\\/produit\\\/prosoft_002105891\\\/\"]}]},{\"@type\":\"ImageObject\",\"inLanguage\":\"en-US\",\"@id\":\"https:\\\/\\\/www.hydrachim.fr\\\/en\\\/produit\\\/prosoft_002105891\\\/#primaryimage\",\"url\":\"https:\\\/\\\/www.hydrachim.fr\\\/app\\\/uploads\\\/2025\\\/07\\\/IDEGREEN___1058_PRO_SOFT_750ML.png\",\"contentUrl\":\"https:\\\/\\\/www.hydrachim.fr\\\/app\\\/uploads\\\/2025\\\/07\\\/IDEGREEN___1058_PRO_SOFT_750ML.png\",\"width\":512,\"height\":932},{\"@type\":\"BreadcrumbList\",\"@id\":\"https:\\\/\\\/www.hydrachim.fr\\\/en\\\/produit\\\/prosoft_002105891\\\/#breadcrumb\",\"itemListElement\":[{\"@type\":\"ListItem\",\"position\":1,\"name\":\"Home\",\"item\":\"https:\\\/\\\/www.hydrachim.fr\\\/en\\\/\"},{\"@type\":\"ListItem\",\"position\":2,\"name\":\"Boutique\",\"item\":\"https:\\\/\\\/www.hydrachim.fr\\\/boutique\\\/\"},{\"@type\":\"ListItem\",\"position\":3,\"name\":\"Pro&rsquo;Soft\"}]},{\"@type\":\"WebSite\",\"@id\":\"https:\\\/\\\/www.hydrachim.fr\\\/en\\\/#website\",\"url\":\"https:\\\/\\\/www.hydrachim.fr\\\/en\\\/\",\"name\":\"Hydrachim\",\"description\":\"La science de l&#039;hygi\u00e8ne\",\"potentialAction\":[{\"@type\":\"SearchAction\",\"target\":{\"@type\":\"EntryPoint\",\"urlTemplate\":\"https:\\\/\\\/www.hydrachim.fr\\\/en\\\/?s={search_term_string}\"},\"query-input\":{\"@type\":\"PropertyValueSpecification\",\"valueRequired\":true,\"valueName\":\"search_term_string\"}}],\"inLanguage\":\"en-US\"}]}<\/script>\n<!-- \/ Yoast SEO plugin. -->","yoast_head_json":{"title":"Spray nettoyant, d\u00e9graissant et d\u00e9tachant - Pro'Soft - Hydrachim","description":"PRO\u2019SOFT est un produit spray nettoyant, d\u00e9graissant et d\u00e9tachant pour des surfaces m\u00eame fortement encrass\u00e9es. Laisse un agr\u00e9able parfum de pomme.","robots":{"index":"index","follow":"follow","max-snippet":"max-snippet:-1","max-image-preview":"max-image-preview:large","max-video-preview":"max-video-preview:-1"},"canonical":"https:\/\/www.hydrachim.fr\/en\/produit\/prosoft_002105891\/","og_locale":"en_US","og_type":"article","og_title":"Spray nettoyant, d\u00e9graissant et d\u00e9tachant - Pro'Soft - Hydrachim","og_description":"PRO\u2019SOFT est un produit spray nettoyant, d\u00e9graissant et d\u00e9tachant pour des surfaces m\u00eame fortement encrass\u00e9es. Laisse un agr\u00e9able parfum de pomme.","og_url":"https:\/\/www.hydrachim.fr\/en\/produit\/prosoft_002105891\/","og_site_name":"Hydrachim","article_modified_time":"2025-07-07T07:32:44+00:00","og_image":[{"width":512,"height":932,"url":"https:\/\/www.hydrachim.fr\/app\/uploads\/2025\/07\/IDEGREEN___1058_PRO_SOFT_750ML.png","type":"image\/png"}],"twitter_card":"summary_large_image","twitter_misc":{"Est. reading time":"1 minute"},"schema":{"@context":"https:\/\/schema.org","@graph":[{"@type":"WebPage","@id":"https:\/\/www.hydrachim.fr\/en\/produit\/prosoft_002105891\/","url":"https:\/\/www.hydrachim.fr\/en\/produit\/prosoft_002105891\/","name":"Spray nettoyant, d\u00e9graissant et d\u00e9tachant - Pro'Soft - Hydrachim","isPartOf":{"@id":"https:\/\/www.hydrachim.fr\/en\/#website"},"primaryImageOfPage":{"@id":"https:\/\/www.hydrachim.fr\/en\/produit\/prosoft_002105891\/#primaryimage"},"image":{"@id":"https:\/\/www.hydrachim.fr\/en\/produit\/prosoft_002105891\/#primaryimage"},"thumbnailUrl":"https:\/\/www.hydrachim.fr\/app\/uploads\/2025\/07\/IDEGREEN___1058_PRO_SOFT_750ML.png","datePublished":"2019-09-24T12:44:19+00:00","dateModified":"2025-07-07T07:32:44+00:00","description":"PRO\u2019SOFT est un produit spray nettoyant, d\u00e9graissant et d\u00e9tachant pour des surfaces m\u00eame fortement encrass\u00e9es. Laisse un agr\u00e9able parfum de pomme.","breadcrumb":{"@id":"https:\/\/www.hydrachim.fr\/en\/produit\/prosoft_002105891\/#breadcrumb"},"inLanguage":"en-US","potentialAction":[{"@type":"ReadAction","target":["https:\/\/www.hydrachim.fr\/en\/produit\/prosoft_002105891\/"]}]},{"@type":"ImageObject","inLanguage":"en-US","@id":"https:\/\/www.hydrachim.fr\/en\/produit\/prosoft_002105891\/#primaryimage","url":"https:\/\/www.hydrachim.fr\/app\/uploads\/2025\/07\/IDEGREEN___1058_PRO_SOFT_750ML.png","contentUrl":"https:\/\/www.hydrachim.fr\/app\/uploads\/2025\/07\/IDEGREEN___1058_PRO_SOFT_750ML.png","width":512,"height":932},{"@type":"BreadcrumbList","@id":"https:\/\/www.hydrachim.fr\/en\/produit\/prosoft_002105891\/#breadcrumb","itemListElement":[{"@type":"ListItem","position":1,"name":"Home","item":"https:\/\/www.hydrachim.fr\/en\/"},{"@type":"ListItem","position":2,"name":"Boutique","item":"https:\/\/www.hydrachim.fr\/boutique\/"},{"@type":"ListItem","position":3,"name":"Pro&rsquo;Soft"}]},{"@type":"WebSite","@id":"https:\/\/www.hydrachim.fr\/en\/#website","url":"https:\/\/www.hydrachim.fr\/en\/","name":"Hydrachim","description":"La science de l&#039;hygi\u00e8ne","potentialAction":[{"@type":"SearchAction","target":{"@type":"EntryPoint","urlTemplate":"https:\/\/www.hydrachim.fr\/en\/?s={search_term_string}"},"query-input":{"@type":"PropertyValueSpecification","valueRequired":true,"valueName":"search_term_string"}}],"inLanguage":"en-US"}]}},"acf":{"fiche_technique":"https:\/\/www.hydrachim.fr\/app\/uploads\/2025\/07\/FT_1058_SOFT_ATTITUDE_PRO_SOFT.pdf","fiche_methode":""},"_links":{"self":[{"href":"https:\/\/www.hydrachim.fr\/en\/wp-json\/wp\/v2\/product\/4999","targetHints":{"allow":["GET"]}}],"collection":[{"href":"https:\/\/www.hydrachim.fr\/en\/wp-json\/wp\/v2\/product"}],"about":[{"href":"https:\/\/www.hydrachim.fr\/en\/wp-json\/wp\/v2\/types\/product"}],"wp:featuredmedia":[{"embeddable":true,"href":"https:\/\/www.hydrachim.fr\/en\/wp-json\/wp\/v2\/media\/22155"}],"wp:attachment":[{"href":"https:\/\/www.hydrachim.fr\/en\/wp-json\/wp\/v2\/media?parent=4999"}],"wp:term":[{"taxonomy":"product_brand","embeddable":true,"href":"https:\/\/www.hydrachim.fr\/en\/wp-json\/wp\/v2\/product_brand?post=4999"},{"taxonomy":"product_type","embeddable":true,"href":"https:\/\/www.hydrachim.fr\/en\/wp-json\/wp\/v2\/product_type?post=4999"},{"taxonomy":"product_visibility","embeddable":true,"href":"https:\/\/www.hydrachim.fr\/en\/wp-json\/wp\/v2\/product_visibility?post=4999"},{"taxonomy":"product_cat","embeddable":true,"href":"https:\/\/www.hydrachim.fr\/en\/wp-json\/wp\/v2\/product_cat?post=4999"}],"curies":[{"name":"wp","href":"https:\/\/api.w.org\/{rel}","templated":true}]}}