{"id":4994,"date":"2019-09-24T14:32:08","date_gmt":"2019-09-24T12:32:08","guid":{"rendered":"https:\/\/www.hydrachim.fr\/?post_type=product&#038;p=4994"},"modified":"2026-01-30T12:26:05","modified_gmt":"2026-01-30T10:26:05","slug":"respecthome_vinaigre_dalcool_menager_14_002220791","status":"publish","type":"product","link":"https:\/\/www.hydrachim.fr\/en\/produit\/respecthome_vinaigre_dalcool_menager_14_002220791\/","title":{"rendered":"Respect\u2019Home\u00ae Vinaigre d&#8217;Alcool M\u00e9nager 14\u00b0"},"content":{"rendered":"<p><strong>RESPECT\u2019HOME VINAIGRE D&#8217;ALCOOL MENAGER 14\u00b0\u00ae est un d\u00e9tergent pour toutes les surfaces lavables, il nettoie, d\u00e9tache, d\u00e9tartre et fait briller.<br \/>\nRESPECT\u2019HOME VINAIGRE D&#8217;ALCOOL MENAGER 14\u00b0\u00ae est un d\u00e9tergent quotidien, excellent pouvoir nettoyant, sur tous les supports et objets du quotidien. Additionn\u00e9 d\u2019eau froide, il \u00e9limine les t\u00e2ches de chocolat, de caf\u00e9, d\u2019herbes, sauce tomate, boue.<br \/>\n<\/strong><\/p>\n<p>RESPECT\u2019HOME VINAIGRE D&#8217;ALCOOL MENAGER 14\u00b0\u00ae s\u2019utilise en collectivit\u00e9, cr\u00e8ches, EHPAD, locaux administratifs, locaux sportifs, piscines, h\u00f4tels, industries, locaux sociaux, tertiaires,\u2026\n<\/p>\n<p><strong>Disponible en carton de 2 x 5L. R\u00e9f. 002220791<\/strong><\/p>\n<p class=\"y-product y-product__product-subtitle\">Avantage :<\/p>\n<p>Respecte les surfaces.<br \/>\nMultiples usages.<br \/>\n&#8211; 100% des ingr\u00e9dients sont d\u2019origine v\u00e9g\u00e9tale.<br \/>\n&#8211; Facilement biod\u00e9gradable (selon la m\u00e9thode OCDE 301B)<\/p>\n<p>Retrouvez le mode d&#8217;emploi et le dosage du produit en t\u00e9l\u00e9chargeant sa Fiche Technique et\/ou sa Fiche M\u00e9thode.<\/p>\n<p><em>Avant toute utilisation, lire l&#8217;\u00e9tiquette et les informations concernant le produit.<br \/>\nProduit conforme \u00e0 la l\u00e9gislation relative aux proc\u00e9d\u00e9s et aux produits utilis\u00e9s pour le nettoyage des mat\u00e9riaux et objets destin\u00e9s \u00e0 entrer en contact avec des denr\u00e9es, produits et boissons pour l\u2019alimentation de l\u2019homme et des animaux (Arr\u00eat\u00e9 du 08\/09\/1999 modifi\u00e9 le 19.12.2013). Rin\u00e7age obligatoire.<br \/>\nD\u00e9tergent certifi\u00e9 par ECOCERT Greenlife selon le r\u00e9f\u00e9rentiel ECOCERT \u00abEcod\u00e9tergent\u00bb disponible sur http:\/\/detergents.ecocert.com.<\/em><\/p>\n","protected":false},"excerpt":{"rendered":"<p>Nettoyant d\u00e9tartrant multisurfaces &#8211; Produit d&#8217;Antan Ecocert.<\/p>\n","protected":false},"featured_media":30174,"template":"","meta":[],"product_brand":[],"product_type":[2],"product_visibility":[],"product_cat":[4097,4128,4189,4143,4100,4127],"class_list":{"0":"post-4994","1":"product","2":"type-product","3":"status-publish","4":"has-post-thumbnail","6":"product_cat-produitsecocert","7":"product_cat-solentretien","8":"product_cat-marquesidegreen","9":"product_cat-nouveautes","10":"product_cat-ecocertsurface","11":"product_cat-produitssurface-sol","12":"product_tag-degraissant","13":"product_tag-detachant","14":"product_tag-detartrant","15":"product_tag-ecocert","16":"product_tag-entretien-3","17":"product_tag-multi-surfaces","18":"product_tag-multi-usages","19":"product_tag-nettoyant","20":"product_tag-polyvalent","22":"first","23":"instock","24":"shipping-taxable","25":"product-type-simple"},"yoast_head":"<!-- This site is optimized with the Yoast SEO plugin v27.5 - https:\/\/yoast.com\/product\/yoast-seo-wordpress\/ -->\n<title>Respect\u2019Home\u00ae Vinaigre d&#039;Alcool M\u00e9nager 14\u00b0 - Hydrachim<\/title>\n<meta name=\"robots\" content=\"index, follow, max-snippet:-1, max-image-preview:large, max-video-preview:-1\" \/>\n<link rel=\"canonical\" href=\"https:\/\/www.hydrachim.fr\/en\/produit\/respecthome_vinaigre_dalcool_menager_14_002220791\/\" \/>\n<meta property=\"og:locale\" content=\"en_US\" \/>\n<meta property=\"og:type\" content=\"article\" \/>\n<meta property=\"og:title\" content=\"Respect\u2019Home\u00ae Vinaigre d&#039;Alcool M\u00e9nager 14\u00b0 - Hydrachim\" \/>\n<meta property=\"og:description\" content=\"Nettoyant d\u00e9tartrant multisurfaces - Produit d&#039;Antan Ecocert.\" \/>\n<meta property=\"og:url\" content=\"https:\/\/www.hydrachim.fr\/en\/produit\/respecthome_vinaigre_dalcool_menager_14_002220791\/\" \/>\n<meta property=\"og:site_name\" content=\"Hydrachim\" \/>\n<meta property=\"article:modified_time\" content=\"2026-01-30T10:26:05+00:00\" \/>\n<meta property=\"og:image\" content=\"https:\/\/www.hydrachim.fr\/app\/uploads\/2025\/04\/2207___VINAIGRE_D_ALCOOL_MENAGER_14___1___1___1_.png\" \/>\n\t<meta property=\"og:image:width\" content=\"1543\" \/>\n\t<meta property=\"og:image:height\" content=\"2227\" \/>\n\t<meta property=\"og:image:type\" content=\"image\/png\" \/>\n<meta name=\"twitter:card\" content=\"summary_large_image\" \/>\n<meta name=\"twitter:label1\" content=\"Est. reading time\" \/>\n\t<meta name=\"twitter:data1\" content=\"1 minute\" \/>\n<script type=\"application\/ld+json\" class=\"yoast-schema-graph\">{\"@context\":\"https:\\\/\\\/schema.org\",\"@graph\":[{\"@type\":\"WebPage\",\"@id\":\"https:\\\/\\\/www.hydrachim.fr\\\/en\\\/produit\\\/respecthome_vinaigre_dalcool_menager_14_002220791\\\/\",\"url\":\"https:\\\/\\\/www.hydrachim.fr\\\/en\\\/produit\\\/respecthome_vinaigre_dalcool_menager_14_002220791\\\/\",\"name\":\"Respect\u2019Home\u00ae Vinaigre d'Alcool M\u00e9nager 14\u00b0 - Hydrachim\",\"isPartOf\":{\"@id\":\"https:\\\/\\\/www.hydrachim.fr\\\/en\\\/#website\"},\"primaryImageOfPage\":{\"@id\":\"https:\\\/\\\/www.hydrachim.fr\\\/en\\\/produit\\\/respecthome_vinaigre_dalcool_menager_14_002220791\\\/#primaryimage\"},\"image\":{\"@id\":\"https:\\\/\\\/www.hydrachim.fr\\\/en\\\/produit\\\/respecthome_vinaigre_dalcool_menager_14_002220791\\\/#primaryimage\"},\"thumbnailUrl\":\"https:\\\/\\\/www.hydrachim.fr\\\/app\\\/uploads\\\/2026\\\/01\\\/2207_RESPECT_HOME_PAE_VINAIGRE_MENAGER_ECODETERGENT_ECOCERT_5L_nv_V2.png\",\"datePublished\":\"2019-09-24T12:32:08+00:00\",\"dateModified\":\"2026-01-30T10:26:05+00:00\",\"breadcrumb\":{\"@id\":\"https:\\\/\\\/www.hydrachim.fr\\\/en\\\/produit\\\/respecthome_vinaigre_dalcool_menager_14_002220791\\\/#breadcrumb\"},\"inLanguage\":\"en-US\",\"potentialAction\":[{\"@type\":\"ReadAction\",\"target\":[\"https:\\\/\\\/www.hydrachim.fr\\\/en\\\/produit\\\/respecthome_vinaigre_dalcool_menager_14_002220791\\\/\"]}]},{\"@type\":\"ImageObject\",\"inLanguage\":\"en-US\",\"@id\":\"https:\\\/\\\/www.hydrachim.fr\\\/en\\\/produit\\\/respecthome_vinaigre_dalcool_menager_14_002220791\\\/#primaryimage\",\"url\":\"https:\\\/\\\/www.hydrachim.fr\\\/app\\\/uploads\\\/2026\\\/01\\\/2207_RESPECT_HOME_PAE_VINAIGRE_MENAGER_ECODETERGENT_ECOCERT_5L_nv_V2.png\",\"contentUrl\":\"https:\\\/\\\/www.hydrachim.fr\\\/app\\\/uploads\\\/2026\\\/01\\\/2207_RESPECT_HOME_PAE_VINAIGRE_MENAGER_ECODETERGENT_ECOCERT_5L_nv_V2.png\",\"width\":410,\"height\":853},{\"@type\":\"BreadcrumbList\",\"@id\":\"https:\\\/\\\/www.hydrachim.fr\\\/en\\\/produit\\\/respecthome_vinaigre_dalcool_menager_14_002220791\\\/#breadcrumb\",\"itemListElement\":[{\"@type\":\"ListItem\",\"position\":1,\"name\":\"Home\",\"item\":\"https:\\\/\\\/www.hydrachim.fr\\\/en\\\/\"},{\"@type\":\"ListItem\",\"position\":2,\"name\":\"Boutique\",\"item\":\"https:\\\/\\\/www.hydrachim.fr\\\/boutique\\\/\"},{\"@type\":\"ListItem\",\"position\":3,\"name\":\"Respect\u2019Home\u00ae Vinaigre d&rsquo;Alcool M\u00e9nager 14\u00b0\"}]},{\"@type\":\"WebSite\",\"@id\":\"https:\\\/\\\/www.hydrachim.fr\\\/en\\\/#website\",\"url\":\"https:\\\/\\\/www.hydrachim.fr\\\/en\\\/\",\"name\":\"Hydrachim\",\"description\":\"La science de l&#039;hygi\u00e8ne\",\"potentialAction\":[{\"@type\":\"SearchAction\",\"target\":{\"@type\":\"EntryPoint\",\"urlTemplate\":\"https:\\\/\\\/www.hydrachim.fr\\\/en\\\/?s={search_term_string}\"},\"query-input\":{\"@type\":\"PropertyValueSpecification\",\"valueRequired\":true,\"valueName\":\"search_term_string\"}}],\"inLanguage\":\"en-US\"}]}<\/script>\n<!-- \/ Yoast SEO plugin. -->","yoast_head_json":{"title":"Respect\u2019Home\u00ae Vinaigre d'Alcool M\u00e9nager 14\u00b0 - Hydrachim","robots":{"index":"index","follow":"follow","max-snippet":"max-snippet:-1","max-image-preview":"max-image-preview:large","max-video-preview":"max-video-preview:-1"},"canonical":"https:\/\/www.hydrachim.fr\/en\/produit\/respecthome_vinaigre_dalcool_menager_14_002220791\/","og_locale":"en_US","og_type":"article","og_title":"Respect\u2019Home\u00ae Vinaigre d'Alcool M\u00e9nager 14\u00b0 - Hydrachim","og_description":"Nettoyant d\u00e9tartrant multisurfaces - Produit d'Antan Ecocert.","og_url":"https:\/\/www.hydrachim.fr\/en\/produit\/respecthome_vinaigre_dalcool_menager_14_002220791\/","og_site_name":"Hydrachim","article_modified_time":"2026-01-30T10:26:05+00:00","og_image":[{"width":1543,"height":2227,"url":"https:\/\/www.hydrachim.fr\/app\/uploads\/2025\/04\/2207___VINAIGRE_D_ALCOOL_MENAGER_14___1___1___1_.png","type":"image\/png"}],"twitter_card":"summary_large_image","twitter_misc":{"Est. reading time":"1 minute"},"schema":{"@context":"https:\/\/schema.org","@graph":[{"@type":"WebPage","@id":"https:\/\/www.hydrachim.fr\/en\/produit\/respecthome_vinaigre_dalcool_menager_14_002220791\/","url":"https:\/\/www.hydrachim.fr\/en\/produit\/respecthome_vinaigre_dalcool_menager_14_002220791\/","name":"Respect\u2019Home\u00ae Vinaigre d'Alcool M\u00e9nager 14\u00b0 - Hydrachim","isPartOf":{"@id":"https:\/\/www.hydrachim.fr\/en\/#website"},"primaryImageOfPage":{"@id":"https:\/\/www.hydrachim.fr\/en\/produit\/respecthome_vinaigre_dalcool_menager_14_002220791\/#primaryimage"},"image":{"@id":"https:\/\/www.hydrachim.fr\/en\/produit\/respecthome_vinaigre_dalcool_menager_14_002220791\/#primaryimage"},"thumbnailUrl":"https:\/\/www.hydrachim.fr\/app\/uploads\/2026\/01\/2207_RESPECT_HOME_PAE_VINAIGRE_MENAGER_ECODETERGENT_ECOCERT_5L_nv_V2.png","datePublished":"2019-09-24T12:32:08+00:00","dateModified":"2026-01-30T10:26:05+00:00","breadcrumb":{"@id":"https:\/\/www.hydrachim.fr\/en\/produit\/respecthome_vinaigre_dalcool_menager_14_002220791\/#breadcrumb"},"inLanguage":"en-US","potentialAction":[{"@type":"ReadAction","target":["https:\/\/www.hydrachim.fr\/en\/produit\/respecthome_vinaigre_dalcool_menager_14_002220791\/"]}]},{"@type":"ImageObject","inLanguage":"en-US","@id":"https:\/\/www.hydrachim.fr\/en\/produit\/respecthome_vinaigre_dalcool_menager_14_002220791\/#primaryimage","url":"https:\/\/www.hydrachim.fr\/app\/uploads\/2026\/01\/2207_RESPECT_HOME_PAE_VINAIGRE_MENAGER_ECODETERGENT_ECOCERT_5L_nv_V2.png","contentUrl":"https:\/\/www.hydrachim.fr\/app\/uploads\/2026\/01\/2207_RESPECT_HOME_PAE_VINAIGRE_MENAGER_ECODETERGENT_ECOCERT_5L_nv_V2.png","width":410,"height":853},{"@type":"BreadcrumbList","@id":"https:\/\/www.hydrachim.fr\/en\/produit\/respecthome_vinaigre_dalcool_menager_14_002220791\/#breadcrumb","itemListElement":[{"@type":"ListItem","position":1,"name":"Home","item":"https:\/\/www.hydrachim.fr\/en\/"},{"@type":"ListItem","position":2,"name":"Boutique","item":"https:\/\/www.hydrachim.fr\/boutique\/"},{"@type":"ListItem","position":3,"name":"Respect\u2019Home\u00ae Vinaigre d&rsquo;Alcool M\u00e9nager 14\u00b0"}]},{"@type":"WebSite","@id":"https:\/\/www.hydrachim.fr\/en\/#website","url":"https:\/\/www.hydrachim.fr\/en\/","name":"Hydrachim","description":"La science de l&#039;hygi\u00e8ne","potentialAction":[{"@type":"SearchAction","target":{"@type":"EntryPoint","urlTemplate":"https:\/\/www.hydrachim.fr\/en\/?s={search_term_string}"},"query-input":{"@type":"PropertyValueSpecification","valueRequired":true,"valueName":"search_term_string"}}],"inLanguage":"en-US"}]}},"acf":{"fiche_technique":"https:\/\/www.hydrachim.fr\/app\/uploads\/2024\/09\/FT_2207_IDEGREEN_ECOCERT___RESPECT_HOME_VINAIGRE_D__ALCOOL_MENAGER_14_.pdf","fiche_methode":"https:\/\/www.hydrachim.fr\/app\/uploads\/2022\/01\/2207___RESPECT_HOME_VINAIGRE_MENAGER___IDEGREEN_ECOCERT_h-1.pdf"},"_links":{"self":[{"href":"https:\/\/www.hydrachim.fr\/en\/wp-json\/wp\/v2\/product\/4994","targetHints":{"allow":["GET"]}}],"collection":[{"href":"https:\/\/www.hydrachim.fr\/en\/wp-json\/wp\/v2\/product"}],"about":[{"href":"https:\/\/www.hydrachim.fr\/en\/wp-json\/wp\/v2\/types\/product"}],"wp:featuredmedia":[{"embeddable":true,"href":"https:\/\/www.hydrachim.fr\/en\/wp-json\/wp\/v2\/media\/30174"}],"wp:attachment":[{"href":"https:\/\/www.hydrachim.fr\/en\/wp-json\/wp\/v2\/media?parent=4994"}],"wp:term":[{"taxonomy":"product_brand","embeddable":true,"href":"https:\/\/www.hydrachim.fr\/en\/wp-json\/wp\/v2\/product_brand?post=4994"},{"taxonomy":"product_type","embeddable":true,"href":"https:\/\/www.hydrachim.fr\/en\/wp-json\/wp\/v2\/product_type?post=4994"},{"taxonomy":"product_visibility","embeddable":true,"href":"https:\/\/www.hydrachim.fr\/en\/wp-json\/wp\/v2\/product_visibility?post=4994"},{"taxonomy":"product_cat","embeddable":true,"href":"https:\/\/www.hydrachim.fr\/en\/wp-json\/wp\/v2\/product_cat?post=4994"}],"curies":[{"name":"wp","href":"https:\/\/api.w.org\/{rel}","templated":true}]}}