{"id":3535,"date":"2019-08-06T15:50:46","date_gmt":"2019-08-06T13:50:46","guid":{"rendered":"https:\/\/www.hydrachim.fr\/product\/pastilles-chlorees\/"},"modified":"2025-09-12T08:51:57","modified_gmt":"2025-09-12T06:51:57","slug":"pastilles_chlorees_002007981","status":"publish","type":"product","link":"https:\/\/www.hydrachim.fr\/en\/produit\/pastilles_chlorees_002007981\/","title":{"rendered":"Pastilles chlor\u00e9es"},"content":{"rendered":"<p><strong>Les pastilles chlor\u00e9es sont d\u00e9velopp\u00e9es pour cr\u00e9er des solutions chlor\u00e9es destin\u00e9es au nettoyage, \u00e0 la d\u00e9sinfection et au blanchiment du linge.<\/strong><\/p>\n<p>Les Pastilles chlor\u00e9es sont des pastilles effervescentes qui lib\u00e8rent une solution de chlore actif. Elles sont utilis\u00e9es en collectivit\u00e9s (d\u00e9sinfection des sanitaires, poubelles, blanchiment du linge, surfaces diverses).<br \/>\nBact\u00e9ricide, levuricide-fongicide et virucide la solution cr\u00e9\u00e9e avec ces pastilles chlor\u00e9es,\u00a0r\u00e9pond aux normes EN 1276, EN 1650, EN 13697 et EN 14476 (consulter la fiche technique pour le d\u00e9tail des dosages).<\/p>\n<p><strong>Disponible en :<br \/>\n&#8211; Carton de 12 x 500g contenant environ 150 pastilles. R\u00e9f. 002007901<br \/>\n&#8211; Carton de 6 x 1kg contenant environ 300 pastilles. R\u00e9f. 002007902<\/strong><\/p>\n<p class=\"y-product y-product__product-subtitle\">Avantage :<\/p>\n<p>Les Pastilles chlor\u00e9es permettent un dosage pr\u00e9cis, un stockage r\u00e9duit, une utilisation ais\u00e9e, plus s\u00fbr et une conservation plus longue.<\/p>\n<p>Agr\u00e9e contact alimentaire.<\/p>\n<p>Retrouvez le mode d&#8217;emploi et le dosage du produit en t\u00e9l\u00e9chargeant sa Fiche Technique.<\/p>\n<p><em>Utilisez les biocides avec pr\u00e9caution. Avant toute utilisation, lisez l&#8217;\u00e9tiquette et les informations concernant le produit.<\/em><\/p>\n","protected":false},"excerpt":{"rendered":"<p>D\u00e9sinfectant, nettoyant et blanchissant.<br \/>\nEfficacit\u00e9 couverte sur Coronavirus.<\/p>\n","protected":false},"featured_media":9407,"template":"","meta":[],"product_brand":[],"product_type":[2],"product_visibility":[],"product_cat":[4114,4118,4111,4145,4113,4127,4123],"class_list":{"0":"post-3535","1":"product","2":"type-product","3":"status-publish","4":"has-post-thumbnail","6":"product_cat-dsinfectioncuisine","7":"product_cat-produits-produitscuisinedesinfection","8":"product_cat-produitsdesinfection","9":"product_cat-marquesorlav","10":"product_cat-dsinfectionsanitaire","11":"product_cat-produitssurface-sol","12":"product_cat-sanitairewc","13":"product_tag-alimentaire","14":"product_tag-chlorees","15":"product_tag-chr","16":"product_tag-desinfectant","17":"product_tag-nettoyage","18":"product_tag-virucide","20":"first","21":"instock","22":"shipping-taxable","23":"product-type-simple"},"yoast_head":"<!-- This site is optimized with the Yoast SEO plugin v27.5 - https:\/\/yoast.com\/product\/yoast-seo-wordpress\/ -->\n<title>Pastilles Chlor\u00e9es effervescentes pour le nettoyage du linge - Hydrachim<\/title>\n<meta name=\"description\" content=\"Pastilles chlor\u00e9es effervescentes d\u00e9velopp\u00e9es pour cr\u00e9er des solutions chlor\u00e9es destin\u00e9es au nettoyage, \u00e0 la d\u00e9sinfection et au blanchiment du linge.\" \/>\n<meta name=\"robots\" content=\"index, follow, max-snippet:-1, max-image-preview:large, max-video-preview:-1\" \/>\n<link rel=\"canonical\" href=\"https:\/\/www.hydrachim.fr\/en\/produit\/pastilles_chlorees_002007981\/\" \/>\n<meta property=\"og:locale\" content=\"en_US\" \/>\n<meta property=\"og:type\" content=\"article\" \/>\n<meta property=\"og:title\" content=\"Pastilles Chlor\u00e9es effervescentes pour le nettoyage du linge - Hydrachim\" \/>\n<meta property=\"og:description\" content=\"Pastilles chlor\u00e9es effervescentes d\u00e9velopp\u00e9es pour cr\u00e9er des solutions chlor\u00e9es destin\u00e9es au nettoyage, \u00e0 la d\u00e9sinfection et au blanchiment du linge.\" \/>\n<meta property=\"og:url\" content=\"https:\/\/www.hydrachim.fr\/en\/produit\/pastilles_chlorees_002007981\/\" \/>\n<meta property=\"og:site_name\" content=\"Hydrachim\" \/>\n<meta property=\"article:modified_time\" content=\"2025-09-12T06:51:57+00:00\" \/>\n<meta property=\"og:image\" content=\"https:\/\/www.hydrachim.fr\/app\/uploads\/2021\/06\/0079___PASTILLES_CHLOREES_510G_et_1KG..png\" \/>\n\t<meta property=\"og:image:width\" content=\"400\" \/>\n\t<meta property=\"og:image:height\" content=\"623\" \/>\n\t<meta property=\"og:image:type\" content=\"image\/png\" \/>\n<meta name=\"twitter:card\" content=\"summary_large_image\" \/>\n<meta name=\"twitter:label1\" content=\"Est. reading time\" \/>\n\t<meta name=\"twitter:data1\" content=\"1 minute\" \/>\n<script type=\"application\/ld+json\" class=\"yoast-schema-graph\">{\"@context\":\"https:\\\/\\\/schema.org\",\"@graph\":[{\"@type\":\"WebPage\",\"@id\":\"https:\\\/\\\/www.hydrachim.fr\\\/en\\\/produit\\\/pastilles_chlorees_002007981\\\/\",\"url\":\"https:\\\/\\\/www.hydrachim.fr\\\/en\\\/produit\\\/pastilles_chlorees_002007981\\\/\",\"name\":\"Pastilles Chlor\u00e9es effervescentes pour le nettoyage du linge - Hydrachim\",\"isPartOf\":{\"@id\":\"https:\\\/\\\/www.hydrachim.fr\\\/en\\\/#website\"},\"primaryImageOfPage\":{\"@id\":\"https:\\\/\\\/www.hydrachim.fr\\\/en\\\/produit\\\/pastilles_chlorees_002007981\\\/#primaryimage\"},\"image\":{\"@id\":\"https:\\\/\\\/www.hydrachim.fr\\\/en\\\/produit\\\/pastilles_chlorees_002007981\\\/#primaryimage\"},\"thumbnailUrl\":\"https:\\\/\\\/www.hydrachim.fr\\\/app\\\/uploads\\\/2021\\\/06\\\/0079___PASTILLES_CHLOREES_510G_et_1KG..png\",\"datePublished\":\"2019-08-06T13:50:46+00:00\",\"dateModified\":\"2025-09-12T06:51:57+00:00\",\"description\":\"Pastilles chlor\u00e9es effervescentes d\u00e9velopp\u00e9es pour cr\u00e9er des solutions chlor\u00e9es destin\u00e9es au nettoyage, \u00e0 la d\u00e9sinfection et au blanchiment du linge.\",\"breadcrumb\":{\"@id\":\"https:\\\/\\\/www.hydrachim.fr\\\/en\\\/produit\\\/pastilles_chlorees_002007981\\\/#breadcrumb\"},\"inLanguage\":\"en-US\",\"potentialAction\":[{\"@type\":\"ReadAction\",\"target\":[\"https:\\\/\\\/www.hydrachim.fr\\\/en\\\/produit\\\/pastilles_chlorees_002007981\\\/\"]}]},{\"@type\":\"ImageObject\",\"inLanguage\":\"en-US\",\"@id\":\"https:\\\/\\\/www.hydrachim.fr\\\/en\\\/produit\\\/pastilles_chlorees_002007981\\\/#primaryimage\",\"url\":\"https:\\\/\\\/www.hydrachim.fr\\\/app\\\/uploads\\\/2021\\\/06\\\/0079___PASTILLES_CHLOREES_510G_et_1KG..png\",\"contentUrl\":\"https:\\\/\\\/www.hydrachim.fr\\\/app\\\/uploads\\\/2021\\\/06\\\/0079___PASTILLES_CHLOREES_510G_et_1KG..png\",\"width\":400,\"height\":623},{\"@type\":\"BreadcrumbList\",\"@id\":\"https:\\\/\\\/www.hydrachim.fr\\\/en\\\/produit\\\/pastilles_chlorees_002007981\\\/#breadcrumb\",\"itemListElement\":[{\"@type\":\"ListItem\",\"position\":1,\"name\":\"Home\",\"item\":\"https:\\\/\\\/www.hydrachim.fr\\\/en\\\/\"},{\"@type\":\"ListItem\",\"position\":2,\"name\":\"Boutique\",\"item\":\"https:\\\/\\\/www.hydrachim.fr\\\/boutique\\\/\"},{\"@type\":\"ListItem\",\"position\":3,\"name\":\"Pastilles chlor\u00e9es\"}]},{\"@type\":\"WebSite\",\"@id\":\"https:\\\/\\\/www.hydrachim.fr\\\/en\\\/#website\",\"url\":\"https:\\\/\\\/www.hydrachim.fr\\\/en\\\/\",\"name\":\"Hydrachim\",\"description\":\"La science de l&#039;hygi\u00e8ne\",\"potentialAction\":[{\"@type\":\"SearchAction\",\"target\":{\"@type\":\"EntryPoint\",\"urlTemplate\":\"https:\\\/\\\/www.hydrachim.fr\\\/en\\\/?s={search_term_string}\"},\"query-input\":{\"@type\":\"PropertyValueSpecification\",\"valueRequired\":true,\"valueName\":\"search_term_string\"}}],\"inLanguage\":\"en-US\"}]}<\/script>\n<!-- \/ Yoast SEO plugin. -->","yoast_head_json":{"title":"Pastilles Chlor\u00e9es effervescentes pour le nettoyage du linge - Hydrachim","description":"Pastilles chlor\u00e9es effervescentes d\u00e9velopp\u00e9es pour cr\u00e9er des solutions chlor\u00e9es destin\u00e9es au nettoyage, \u00e0 la d\u00e9sinfection et au blanchiment du linge.","robots":{"index":"index","follow":"follow","max-snippet":"max-snippet:-1","max-image-preview":"max-image-preview:large","max-video-preview":"max-video-preview:-1"},"canonical":"https:\/\/www.hydrachim.fr\/en\/produit\/pastilles_chlorees_002007981\/","og_locale":"en_US","og_type":"article","og_title":"Pastilles Chlor\u00e9es effervescentes pour le nettoyage du linge - Hydrachim","og_description":"Pastilles chlor\u00e9es effervescentes d\u00e9velopp\u00e9es pour cr\u00e9er des solutions chlor\u00e9es destin\u00e9es au nettoyage, \u00e0 la d\u00e9sinfection et au blanchiment du linge.","og_url":"https:\/\/www.hydrachim.fr\/en\/produit\/pastilles_chlorees_002007981\/","og_site_name":"Hydrachim","article_modified_time":"2025-09-12T06:51:57+00:00","og_image":[{"width":400,"height":623,"url":"https:\/\/www.hydrachim.fr\/app\/uploads\/2021\/06\/0079___PASTILLES_CHLOREES_510G_et_1KG..png","type":"image\/png"}],"twitter_card":"summary_large_image","twitter_misc":{"Est. reading time":"1 minute"},"schema":{"@context":"https:\/\/schema.org","@graph":[{"@type":"WebPage","@id":"https:\/\/www.hydrachim.fr\/en\/produit\/pastilles_chlorees_002007981\/","url":"https:\/\/www.hydrachim.fr\/en\/produit\/pastilles_chlorees_002007981\/","name":"Pastilles Chlor\u00e9es effervescentes pour le nettoyage du linge - Hydrachim","isPartOf":{"@id":"https:\/\/www.hydrachim.fr\/en\/#website"},"primaryImageOfPage":{"@id":"https:\/\/www.hydrachim.fr\/en\/produit\/pastilles_chlorees_002007981\/#primaryimage"},"image":{"@id":"https:\/\/www.hydrachim.fr\/en\/produit\/pastilles_chlorees_002007981\/#primaryimage"},"thumbnailUrl":"https:\/\/www.hydrachim.fr\/app\/uploads\/2021\/06\/0079___PASTILLES_CHLOREES_510G_et_1KG..png","datePublished":"2019-08-06T13:50:46+00:00","dateModified":"2025-09-12T06:51:57+00:00","description":"Pastilles chlor\u00e9es effervescentes d\u00e9velopp\u00e9es pour cr\u00e9er des solutions chlor\u00e9es destin\u00e9es au nettoyage, \u00e0 la d\u00e9sinfection et au blanchiment du linge.","breadcrumb":{"@id":"https:\/\/www.hydrachim.fr\/en\/produit\/pastilles_chlorees_002007981\/#breadcrumb"},"inLanguage":"en-US","potentialAction":[{"@type":"ReadAction","target":["https:\/\/www.hydrachim.fr\/en\/produit\/pastilles_chlorees_002007981\/"]}]},{"@type":"ImageObject","inLanguage":"en-US","@id":"https:\/\/www.hydrachim.fr\/en\/produit\/pastilles_chlorees_002007981\/#primaryimage","url":"https:\/\/www.hydrachim.fr\/app\/uploads\/2021\/06\/0079___PASTILLES_CHLOREES_510G_et_1KG..png","contentUrl":"https:\/\/www.hydrachim.fr\/app\/uploads\/2021\/06\/0079___PASTILLES_CHLOREES_510G_et_1KG..png","width":400,"height":623},{"@type":"BreadcrumbList","@id":"https:\/\/www.hydrachim.fr\/en\/produit\/pastilles_chlorees_002007981\/#breadcrumb","itemListElement":[{"@type":"ListItem","position":1,"name":"Home","item":"https:\/\/www.hydrachim.fr\/en\/"},{"@type":"ListItem","position":2,"name":"Boutique","item":"https:\/\/www.hydrachim.fr\/boutique\/"},{"@type":"ListItem","position":3,"name":"Pastilles chlor\u00e9es"}]},{"@type":"WebSite","@id":"https:\/\/www.hydrachim.fr\/en\/#website","url":"https:\/\/www.hydrachim.fr\/en\/","name":"Hydrachim","description":"La science de l&#039;hygi\u00e8ne","potentialAction":[{"@type":"SearchAction","target":{"@type":"EntryPoint","urlTemplate":"https:\/\/www.hydrachim.fr\/en\/?s={search_term_string}"},"query-input":{"@type":"PropertyValueSpecification","valueRequired":true,"valueName":"search_term_string"}}],"inLanguage":"en-US"}]}},"acf":{"fiche_technique":"https:\/\/www.hydrachim.fr\/app\/uploads\/2025\/09\/FT___0079_ORLAV_PASTILLES_CHLOREES___V15.pdf","fiche_methode":""},"_links":{"self":[{"href":"https:\/\/www.hydrachim.fr\/en\/wp-json\/wp\/v2\/product\/3535","targetHints":{"allow":["GET"]}}],"collection":[{"href":"https:\/\/www.hydrachim.fr\/en\/wp-json\/wp\/v2\/product"}],"about":[{"href":"https:\/\/www.hydrachim.fr\/en\/wp-json\/wp\/v2\/types\/product"}],"wp:featuredmedia":[{"embeddable":true,"href":"https:\/\/www.hydrachim.fr\/en\/wp-json\/wp\/v2\/media\/9407"}],"wp:attachment":[{"href":"https:\/\/www.hydrachim.fr\/en\/wp-json\/wp\/v2\/media?parent=3535"}],"wp:term":[{"taxonomy":"product_brand","embeddable":true,"href":"https:\/\/www.hydrachim.fr\/en\/wp-json\/wp\/v2\/product_brand?post=3535"},{"taxonomy":"product_type","embeddable":true,"href":"https:\/\/www.hydrachim.fr\/en\/wp-json\/wp\/v2\/product_type?post=3535"},{"taxonomy":"product_visibility","embeddable":true,"href":"https:\/\/www.hydrachim.fr\/en\/wp-json\/wp\/v2\/product_visibility?post=3535"},{"taxonomy":"product_cat","embeddable":true,"href":"https:\/\/www.hydrachim.fr\/en\/wp-json\/wp\/v2\/product_cat?post=3535"}],"curies":[{"name":"wp","href":"https:\/\/api.w.org\/{rel}","templated":true}]}}