{"id":3533,"date":"2019-08-06T15:50:44","date_gmt":"2019-08-06T13:50:44","guid":{"rendered":"https:\/\/www.hydrachim.fr\/product\/eau-de-javel-2-6\/"},"modified":"2024-12-30T12:53:40","modified_gmt":"2024-12-30T10:53:40","slug":"cl_2-6_002007803","status":"publish","type":"product","link":"https:\/\/www.hydrachim.fr\/en\/produit\/cl_2-6_002007803\/","title":{"rendered":"CL 2.6"},"content":{"rendered":"<p><strong>DETERQUAT CL 2.6 est une Eau de Javel d\u00e9sinfectante et blanchissante, id\u00e9ale pour les surfaces. <\/strong><\/p>\n<p>DETERQUAT CL 2.6 s\u2019utilise dans divers domaines d\u2019activit\u00e9s : transport, stockage, ordures et d\u00e9chets, toutes surfaces dures.<\/p>\n<p>Il est id\u00e9al pour :<br \/>\n&#8211; D\u00e9sinfection des sols et surfaces<br \/>\n&#8211; D\u00e9sinfection WC, siphons et canalisations<br \/>\n&#8211; D\u00e9sinfection du petit mat\u00e9riel <\/p>\n<p>DETERQUAT CL 2.6 est :<br \/>\n&#8211; Bact\u00e9ricide<br \/>\n&#8211; Levuricide et Fongicide<br \/>\n&#8211; Virucide<br \/>\n&#8211; Mycobact\u00e9ricide<br \/>\n&#8211; Sporicide<\/p>\n<p><strong>Disponible en :<br \/>\n&#8211; Carton de 6x1L, R\u00e9f : 002007892<br \/>\n&#8211; Carton de 8x2L, R\u00e9f : 002N07803 (MARQUE BEC)<br \/>\n&#8211; Carton de 4x5L, R\u00e9f : 002007891<\/strong><\/p>\n<p>Retrouvez le mode d&#8217;emploi et le dosage du produit en t\u00e9l\u00e9chargeant, ci-dessous, sa Fiche Technique.<\/p>\n<p><em>Utilisez les biocides avec pr\u00e9caution. Avant toute utilisation, lisez l&#8217;\u00e9tiquette et les informations concernant le produit.<\/p>\n<p>TP4 : D\u00e9sinfectants pour les surfaces en contact avec les denr\u00e9es alimentaires et les aliments pour animaux<br \/>\nTP2 : D\u00e9sinfectants utilis\u00e9s dans le domaine priv\u00e9 et dans le domaine de la sant\u00e9 publique et autres produits biocides<\/em><\/p>\n","protected":false},"excerpt":{"rendered":"<p>Eau de Javel \u00e0 2,6% de chlore actif.<\/p>\n","protected":false},"featured_media":10957,"template":"","meta":[],"product_brand":[],"product_type":[2],"product_visibility":[],"product_cat":[4111,4151,4127],"class_list":{"0":"post-3533","1":"product","2":"type-product","3":"status-publish","4":"has-post-thumbnail","6":"product_cat-produitsdesinfection","7":"product_cat-marquesdeterquat","8":"product_cat-produitssurface-sol","9":"product_tag-bactericide-type-defficacit","10":"product_tag-blanchissant","11":"product_tag-desinfectant","12":"product_tag-eau-de-javel","13":"product_tag-liquide","14":"product_tag-surface-dure","15":"product_tag-tous-types-defficacite","16":"product_tag-tp2","17":"product_tag-tp4","19":"first","20":"instock","21":"shipping-taxable","22":"product-type-simple"},"yoast_head":"<!-- This site is optimized with the Yoast SEO plugin v27.6 - https:\/\/yoast.com\/product\/yoast-seo-wordpress\/ -->\n<title>CL 2.6 - Hydrachim<\/title>\n<meta name=\"robots\" content=\"index, follow, max-snippet:-1, max-image-preview:large, max-video-preview:-1\" \/>\n<link rel=\"canonical\" href=\"https:\/\/www.hydrachim.fr\/en\/produit\/cl_2-6_002007803\/\" \/>\n<meta property=\"og:locale\" content=\"en_US\" \/>\n<meta property=\"og:type\" content=\"article\" \/>\n<meta property=\"og:title\" content=\"CL 2.6 - Hydrachim\" \/>\n<meta property=\"og:description\" content=\"Eau de Javel \u00e0 2,6% de chlore actif.\" \/>\n<meta property=\"og:url\" content=\"https:\/\/www.hydrachim.fr\/en\/produit\/cl_2-6_002007803\/\" \/>\n<meta property=\"og:site_name\" content=\"Hydrachim\" \/>\n<meta property=\"article:modified_time\" content=\"2024-12-30T10:53:40+00:00\" \/>\n<meta property=\"og:image\" content=\"https:\/\/www.hydrachim.fr\/app\/uploads\/2022\/02\/0078___DETERQUAT___CL_2_6___5L___MERCURY..png\" \/>\n\t<meta property=\"og:image:width\" content=\"444\" \/>\n\t<meta property=\"og:image:height\" content=\"700\" \/>\n\t<meta property=\"og:image:type\" content=\"image\/png\" \/>\n<meta name=\"twitter:card\" content=\"summary_large_image\" \/>\n<meta name=\"twitter:label1\" content=\"Est. reading time\" \/>\n\t<meta name=\"twitter:data1\" content=\"1 minute\" \/>\n<script type=\"application\/ld+json\" class=\"yoast-schema-graph\">{\"@context\":\"https:\\\/\\\/schema.org\",\"@graph\":[{\"@type\":\"WebPage\",\"@id\":\"https:\\\/\\\/www.hydrachim.fr\\\/en\\\/produit\\\/cl_2-6_002007803\\\/\",\"url\":\"https:\\\/\\\/www.hydrachim.fr\\\/en\\\/produit\\\/cl_2-6_002007803\\\/\",\"name\":\"CL 2.6 - Hydrachim\",\"isPartOf\":{\"@id\":\"https:\\\/\\\/www.hydrachim.fr\\\/en\\\/#website\"},\"primaryImageOfPage\":{\"@id\":\"https:\\\/\\\/www.hydrachim.fr\\\/en\\\/produit\\\/cl_2-6_002007803\\\/#primaryimage\"},\"image\":{\"@id\":\"https:\\\/\\\/www.hydrachim.fr\\\/en\\\/produit\\\/cl_2-6_002007803\\\/#primaryimage\"},\"thumbnailUrl\":\"https:\\\/\\\/www.hydrachim.fr\\\/app\\\/uploads\\\/2022\\\/02\\\/0078___DETERQUAT___CL_2_6___5L___MERCURY..png\",\"datePublished\":\"2019-08-06T13:50:44+00:00\",\"dateModified\":\"2024-12-30T10:53:40+00:00\",\"breadcrumb\":{\"@id\":\"https:\\\/\\\/www.hydrachim.fr\\\/en\\\/produit\\\/cl_2-6_002007803\\\/#breadcrumb\"},\"inLanguage\":\"en-US\",\"potentialAction\":[{\"@type\":\"ReadAction\",\"target\":[\"https:\\\/\\\/www.hydrachim.fr\\\/en\\\/produit\\\/cl_2-6_002007803\\\/\"]}]},{\"@type\":\"ImageObject\",\"inLanguage\":\"en-US\",\"@id\":\"https:\\\/\\\/www.hydrachim.fr\\\/en\\\/produit\\\/cl_2-6_002007803\\\/#primaryimage\",\"url\":\"https:\\\/\\\/www.hydrachim.fr\\\/app\\\/uploads\\\/2022\\\/02\\\/0078___DETERQUAT___CL_2_6___5L___MERCURY..png\",\"contentUrl\":\"https:\\\/\\\/www.hydrachim.fr\\\/app\\\/uploads\\\/2022\\\/02\\\/0078___DETERQUAT___CL_2_6___5L___MERCURY..png\",\"width\":444,\"height\":700},{\"@type\":\"BreadcrumbList\",\"@id\":\"https:\\\/\\\/www.hydrachim.fr\\\/en\\\/produit\\\/cl_2-6_002007803\\\/#breadcrumb\",\"itemListElement\":[{\"@type\":\"ListItem\",\"position\":1,\"name\":\"Home\",\"item\":\"https:\\\/\\\/www.hydrachim.fr\\\/en\\\/\"},{\"@type\":\"ListItem\",\"position\":2,\"name\":\"Boutique\",\"item\":\"https:\\\/\\\/www.hydrachim.fr\\\/boutique\\\/\"},{\"@type\":\"ListItem\",\"position\":3,\"name\":\"CL 2.6\"}]},{\"@type\":\"WebSite\",\"@id\":\"https:\\\/\\\/www.hydrachim.fr\\\/en\\\/#website\",\"url\":\"https:\\\/\\\/www.hydrachim.fr\\\/en\\\/\",\"name\":\"Hydrachim\",\"description\":\"La science de l&#039;hygi\u00e8ne\",\"potentialAction\":[{\"@type\":\"SearchAction\",\"target\":{\"@type\":\"EntryPoint\",\"urlTemplate\":\"https:\\\/\\\/www.hydrachim.fr\\\/en\\\/?s={search_term_string}\"},\"query-input\":{\"@type\":\"PropertyValueSpecification\",\"valueRequired\":true,\"valueName\":\"search_term_string\"}}],\"inLanguage\":\"en-US\"}]}<\/script>\n<!-- \/ Yoast SEO plugin. -->","yoast_head_json":{"title":"CL 2.6 - Hydrachim","robots":{"index":"index","follow":"follow","max-snippet":"max-snippet:-1","max-image-preview":"max-image-preview:large","max-video-preview":"max-video-preview:-1"},"canonical":"https:\/\/www.hydrachim.fr\/en\/produit\/cl_2-6_002007803\/","og_locale":"en_US","og_type":"article","og_title":"CL 2.6 - Hydrachim","og_description":"Eau de Javel \u00e0 2,6% de chlore actif.","og_url":"https:\/\/www.hydrachim.fr\/en\/produit\/cl_2-6_002007803\/","og_site_name":"Hydrachim","article_modified_time":"2024-12-30T10:53:40+00:00","og_image":[{"width":444,"height":700,"url":"https:\/\/www.hydrachim.fr\/app\/uploads\/2022\/02\/0078___DETERQUAT___CL_2_6___5L___MERCURY..png","type":"image\/png"}],"twitter_card":"summary_large_image","twitter_misc":{"Est. reading time":"1 minute"},"schema":{"@context":"https:\/\/schema.org","@graph":[{"@type":"WebPage","@id":"https:\/\/www.hydrachim.fr\/en\/produit\/cl_2-6_002007803\/","url":"https:\/\/www.hydrachim.fr\/en\/produit\/cl_2-6_002007803\/","name":"CL 2.6 - Hydrachim","isPartOf":{"@id":"https:\/\/www.hydrachim.fr\/en\/#website"},"primaryImageOfPage":{"@id":"https:\/\/www.hydrachim.fr\/en\/produit\/cl_2-6_002007803\/#primaryimage"},"image":{"@id":"https:\/\/www.hydrachim.fr\/en\/produit\/cl_2-6_002007803\/#primaryimage"},"thumbnailUrl":"https:\/\/www.hydrachim.fr\/app\/uploads\/2022\/02\/0078___DETERQUAT___CL_2_6___5L___MERCURY..png","datePublished":"2019-08-06T13:50:44+00:00","dateModified":"2024-12-30T10:53:40+00:00","breadcrumb":{"@id":"https:\/\/www.hydrachim.fr\/en\/produit\/cl_2-6_002007803\/#breadcrumb"},"inLanguage":"en-US","potentialAction":[{"@type":"ReadAction","target":["https:\/\/www.hydrachim.fr\/en\/produit\/cl_2-6_002007803\/"]}]},{"@type":"ImageObject","inLanguage":"en-US","@id":"https:\/\/www.hydrachim.fr\/en\/produit\/cl_2-6_002007803\/#primaryimage","url":"https:\/\/www.hydrachim.fr\/app\/uploads\/2022\/02\/0078___DETERQUAT___CL_2_6___5L___MERCURY..png","contentUrl":"https:\/\/www.hydrachim.fr\/app\/uploads\/2022\/02\/0078___DETERQUAT___CL_2_6___5L___MERCURY..png","width":444,"height":700},{"@type":"BreadcrumbList","@id":"https:\/\/www.hydrachim.fr\/en\/produit\/cl_2-6_002007803\/#breadcrumb","itemListElement":[{"@type":"ListItem","position":1,"name":"Home","item":"https:\/\/www.hydrachim.fr\/en\/"},{"@type":"ListItem","position":2,"name":"Boutique","item":"https:\/\/www.hydrachim.fr\/boutique\/"},{"@type":"ListItem","position":3,"name":"CL 2.6"}]},{"@type":"WebSite","@id":"https:\/\/www.hydrachim.fr\/en\/#website","url":"https:\/\/www.hydrachim.fr\/en\/","name":"Hydrachim","description":"La science de l&#039;hygi\u00e8ne","potentialAction":[{"@type":"SearchAction","target":{"@type":"EntryPoint","urlTemplate":"https:\/\/www.hydrachim.fr\/en\/?s={search_term_string}"},"query-input":{"@type":"PropertyValueSpecification","valueRequired":true,"valueName":"search_term_string"}}],"inLanguage":"en-US"}]}},"acf":{"fiche_technique":"https:\/\/www.hydrachim.fr\/app\/uploads\/2024\/12\/FT___0078___DETERQUAT_CL_2_6.pdf","fiche_methode":""},"_links":{"self":[{"href":"https:\/\/www.hydrachim.fr\/en\/wp-json\/wp\/v2\/product\/3533","targetHints":{"allow":["GET"]}}],"collection":[{"href":"https:\/\/www.hydrachim.fr\/en\/wp-json\/wp\/v2\/product"}],"about":[{"href":"https:\/\/www.hydrachim.fr\/en\/wp-json\/wp\/v2\/types\/product"}],"wp:featuredmedia":[{"embeddable":true,"href":"https:\/\/www.hydrachim.fr\/en\/wp-json\/wp\/v2\/media\/10957"}],"wp:attachment":[{"href":"https:\/\/www.hydrachim.fr\/en\/wp-json\/wp\/v2\/media?parent=3533"}],"wp:term":[{"taxonomy":"product_brand","embeddable":true,"href":"https:\/\/www.hydrachim.fr\/en\/wp-json\/wp\/v2\/product_brand?post=3533"},{"taxonomy":"product_type","embeddable":true,"href":"https:\/\/www.hydrachim.fr\/en\/wp-json\/wp\/v2\/product_type?post=3533"},{"taxonomy":"product_visibility","embeddable":true,"href":"https:\/\/www.hydrachim.fr\/en\/wp-json\/wp\/v2\/product_visibility?post=3533"},{"taxonomy":"product_cat","embeddable":true,"href":"https:\/\/www.hydrachim.fr\/en\/wp-json\/wp\/v2\/product_cat?post=3533"}],"curies":[{"name":"wp","href":"https:\/\/api.w.org\/{rel}","templated":true}]}}