{"id":3530,"date":"2019-08-06T15:50:41","date_gmt":"2019-08-06T13:50:41","guid":{"rendered":"https:\/\/www.hydrachim.fr\/product\/pastilles-lave-vaisselle\/"},"modified":"2025-12-05T09:01:48","modified_gmt":"2025-12-05T07:01:48","slug":"pastilles_lave_vaisselle_ecolabel_002012581","status":"publish","type":"product","link":"https:\/\/www.hydrachim.fr\/en\/produit\/pastilles_lave_vaisselle_ecolabel_002012581\/","title":{"rendered":"Pastilles lave vaisselle ECOLABEL"},"content":{"rendered":"<p><strong>Pastilles lave-vaisselle est un produit d&#8217;hygi\u00e8ne d\u00e9velopp\u00e9 pour les lave-vaisselle automatiques domestiques.<\/strong><\/p>\n<p>Les Pastilles lave-vaisselle \u00e9liminent les souillures organiques, les t\u00e2ches de caf\u00e9 et de th\u00e9, laissent une vaisselle brillante et une odeur fra\u00eeche dans le lave-vaisselle.<br \/>\nElles sont efficaces d\u00e8s les basses temp\u00e9ratures (45\u00b0C) permettant ainsi une \u00e9conomie d&#8217;\u00e9nergie.<br \/>\nLes Pastilles lave-vaisselle poss\u00e8dent l&#8217;ECOLABEL EUROPEEN, une r\u00e9f\u00e9rence en mati\u00e8re de respect de l&#8217;environnement, et un emballage enti\u00e8rement recyclable.<\/p>\n<p><strong>&#8211; Seau de 125 pastilles (pastilles de 18 g) &#8211; Poids net de 2,25 kg. R\u00e9f. 002012581<\/strong><\/p>\n<p class=\"y-product y-product__product-subtitle\">Avantage :<\/p>\n<p>Les Pastilles lave-vaisselle permettent un dosage pr\u00e9cis, et donc une utilisation ais\u00e9e ainsi qu&#8217;un stockage r\u00e9duit.<br \/>\nA base d\u2019ingr\u00e9dients d\u2019origine naturelle respectant les crit\u00e8res de biod\u00e9gradabilit\u00e9 de la Commission Europ\u00e9enne pour les produits \u00e9cologiques.<\/p>\n<p>Retrouvez le mode d&#8217;emploi et le dosage du produit en t\u00e9l\u00e9chargeant, ci-dessous, sa Fiche Technique et\/ou sa Fiche M\u00e9thode.<\/p>\n<p><em>Avant toute utilisation, lisez l\u2019\u00e9tiquette et les informations concernant le produit.<br \/>\nAppliquer le bon dosage et la temp\u00e9rature minimale recommand\u00e9e afin de faire baisser autant que possible la consommation d&#8217;\u00e9nergie, d&#8217;eau et de r\u00e9duire la pollution de l&#8217;eau.<\/em><\/p>\n","protected":false},"excerpt":{"rendered":"<p>Pastilles lave-vaisselle en pastilles de 18g.<br \/>\nPeut s\u2019utiliser en lave-vaisselle ou en lave-verres.<\/p>\n","protected":false},"featured_media":21653,"template":"","meta":[],"product_brand":[],"product_type":[2],"product_visibility":[],"product_cat":[4104,4117,4101,4189,4120],"class_list":{"0":"post-3530","1":"product","2":"type-product","3":"status-publish","4":"has-post-thumbnail","6":"product_cat-ecolabelcuisine","7":"product_cat-produitscuisine","8":"product_cat-produitsecolabel","9":"product_cat-marquesidegreen","10":"product_cat-cuisinevaisselle-machine","11":"product_tag-ecolabel","12":"product_tag-lave-verre","13":"product_tag-pastille","14":"product_tag-sans-phosphate","15":"product_tag-toutes-eaux","16":"product_tag-vaisselle-2","18":"first","19":"instock","20":"shipping-taxable","21":"product-type-simple"},"yoast_head":"<!-- This site is optimized with the Yoast SEO plugin v27.5 - https:\/\/yoast.com\/product\/yoast-seo-wordpress\/ -->\n<title>Pastilles lave vaisselle ECOLABEL - Hydrachim<\/title>\n<meta name=\"robots\" content=\"index, follow, max-snippet:-1, max-image-preview:large, max-video-preview:-1\" \/>\n<link rel=\"canonical\" href=\"https:\/\/www.hydrachim.fr\/en\/produit\/pastilles_lave_vaisselle_ecolabel_002012581\/\" \/>\n<meta property=\"og:locale\" content=\"en_US\" \/>\n<meta property=\"og:type\" content=\"article\" \/>\n<meta property=\"og:title\" content=\"Pastilles lave vaisselle ECOLABEL - Hydrachim\" \/>\n<meta property=\"og:description\" content=\"Pastilles lave-vaisselle en pastilles de 18g.  Peut s\u2019utiliser en lave-vaisselle ou en lave-verres.\" \/>\n<meta property=\"og:url\" content=\"https:\/\/www.hydrachim.fr\/en\/produit\/pastilles_lave_vaisselle_ecolabel_002012581\/\" \/>\n<meta property=\"og:site_name\" content=\"Hydrachim\" \/>\n<meta property=\"article:modified_time\" content=\"2025-12-05T07:01:48+00:00\" \/>\n<meta property=\"og:image\" content=\"https:\/\/www.hydrachim.fr\/app\/uploads\/2025\/05\/0125_Pastilles_ecologiques_seau_carr_.png\" \/>\n\t<meta property=\"og:image:width\" content=\"500\" \/>\n\t<meta property=\"og:image:height\" content=\"503\" \/>\n\t<meta property=\"og:image:type\" content=\"image\/png\" \/>\n<meta name=\"twitter:card\" content=\"summary_large_image\" \/>\n<meta name=\"twitter:label1\" content=\"Est. reading time\" \/>\n\t<meta name=\"twitter:data1\" content=\"1 minute\" \/>\n<script type=\"application\/ld+json\" class=\"yoast-schema-graph\">{\"@context\":\"https:\\\/\\\/schema.org\",\"@graph\":[{\"@type\":\"WebPage\",\"@id\":\"https:\\\/\\\/www.hydrachim.fr\\\/en\\\/produit\\\/pastilles_lave_vaisselle_ecolabel_002012581\\\/\",\"url\":\"https:\\\/\\\/www.hydrachim.fr\\\/en\\\/produit\\\/pastilles_lave_vaisselle_ecolabel_002012581\\\/\",\"name\":\"Pastilles lave vaisselle ECOLABEL - Hydrachim\",\"isPartOf\":{\"@id\":\"https:\\\/\\\/www.hydrachim.fr\\\/en\\\/#website\"},\"primaryImageOfPage\":{\"@id\":\"https:\\\/\\\/www.hydrachim.fr\\\/en\\\/produit\\\/pastilles_lave_vaisselle_ecolabel_002012581\\\/#primaryimage\"},\"image\":{\"@id\":\"https:\\\/\\\/www.hydrachim.fr\\\/en\\\/produit\\\/pastilles_lave_vaisselle_ecolabel_002012581\\\/#primaryimage\"},\"thumbnailUrl\":\"https:\\\/\\\/www.hydrachim.fr\\\/app\\\/uploads\\\/2025\\\/05\\\/0125_Pastilles_ecologiques_seau_carr_.png\",\"datePublished\":\"2019-08-06T13:50:41+00:00\",\"dateModified\":\"2025-12-05T07:01:48+00:00\",\"breadcrumb\":{\"@id\":\"https:\\\/\\\/www.hydrachim.fr\\\/en\\\/produit\\\/pastilles_lave_vaisselle_ecolabel_002012581\\\/#breadcrumb\"},\"inLanguage\":\"en-US\",\"potentialAction\":[{\"@type\":\"ReadAction\",\"target\":[\"https:\\\/\\\/www.hydrachim.fr\\\/en\\\/produit\\\/pastilles_lave_vaisselle_ecolabel_002012581\\\/\"]}]},{\"@type\":\"ImageObject\",\"inLanguage\":\"en-US\",\"@id\":\"https:\\\/\\\/www.hydrachim.fr\\\/en\\\/produit\\\/pastilles_lave_vaisselle_ecolabel_002012581\\\/#primaryimage\",\"url\":\"https:\\\/\\\/www.hydrachim.fr\\\/app\\\/uploads\\\/2025\\\/05\\\/0125_Pastilles_ecologiques_seau_carr_.png\",\"contentUrl\":\"https:\\\/\\\/www.hydrachim.fr\\\/app\\\/uploads\\\/2025\\\/05\\\/0125_Pastilles_ecologiques_seau_carr_.png\",\"width\":500,\"height\":503},{\"@type\":\"BreadcrumbList\",\"@id\":\"https:\\\/\\\/www.hydrachim.fr\\\/en\\\/produit\\\/pastilles_lave_vaisselle_ecolabel_002012581\\\/#breadcrumb\",\"itemListElement\":[{\"@type\":\"ListItem\",\"position\":1,\"name\":\"Home\",\"item\":\"https:\\\/\\\/www.hydrachim.fr\\\/en\\\/\"},{\"@type\":\"ListItem\",\"position\":2,\"name\":\"Boutique\",\"item\":\"https:\\\/\\\/www.hydrachim.fr\\\/boutique\\\/\"},{\"@type\":\"ListItem\",\"position\":3,\"name\":\"Pastilles lave vaisselle ECOLABEL\"}]},{\"@type\":\"WebSite\",\"@id\":\"https:\\\/\\\/www.hydrachim.fr\\\/en\\\/#website\",\"url\":\"https:\\\/\\\/www.hydrachim.fr\\\/en\\\/\",\"name\":\"Hydrachim\",\"description\":\"La science de l&#039;hygi\u00e8ne\",\"potentialAction\":[{\"@type\":\"SearchAction\",\"target\":{\"@type\":\"EntryPoint\",\"urlTemplate\":\"https:\\\/\\\/www.hydrachim.fr\\\/en\\\/?s={search_term_string}\"},\"query-input\":{\"@type\":\"PropertyValueSpecification\",\"valueRequired\":true,\"valueName\":\"search_term_string\"}}],\"inLanguage\":\"en-US\"}]}<\/script>\n<!-- \/ Yoast SEO plugin. -->","yoast_head_json":{"title":"Pastilles lave vaisselle ECOLABEL - Hydrachim","robots":{"index":"index","follow":"follow","max-snippet":"max-snippet:-1","max-image-preview":"max-image-preview:large","max-video-preview":"max-video-preview:-1"},"canonical":"https:\/\/www.hydrachim.fr\/en\/produit\/pastilles_lave_vaisselle_ecolabel_002012581\/","og_locale":"en_US","og_type":"article","og_title":"Pastilles lave vaisselle ECOLABEL - Hydrachim","og_description":"Pastilles lave-vaisselle en pastilles de 18g.  Peut s\u2019utiliser en lave-vaisselle ou en lave-verres.","og_url":"https:\/\/www.hydrachim.fr\/en\/produit\/pastilles_lave_vaisselle_ecolabel_002012581\/","og_site_name":"Hydrachim","article_modified_time":"2025-12-05T07:01:48+00:00","og_image":[{"width":500,"height":503,"url":"https:\/\/www.hydrachim.fr\/app\/uploads\/2025\/05\/0125_Pastilles_ecologiques_seau_carr_.png","type":"image\/png"}],"twitter_card":"summary_large_image","twitter_misc":{"Est. reading time":"1 minute"},"schema":{"@context":"https:\/\/schema.org","@graph":[{"@type":"WebPage","@id":"https:\/\/www.hydrachim.fr\/en\/produit\/pastilles_lave_vaisselle_ecolabel_002012581\/","url":"https:\/\/www.hydrachim.fr\/en\/produit\/pastilles_lave_vaisselle_ecolabel_002012581\/","name":"Pastilles lave vaisselle ECOLABEL - Hydrachim","isPartOf":{"@id":"https:\/\/www.hydrachim.fr\/en\/#website"},"primaryImageOfPage":{"@id":"https:\/\/www.hydrachim.fr\/en\/produit\/pastilles_lave_vaisselle_ecolabel_002012581\/#primaryimage"},"image":{"@id":"https:\/\/www.hydrachim.fr\/en\/produit\/pastilles_lave_vaisselle_ecolabel_002012581\/#primaryimage"},"thumbnailUrl":"https:\/\/www.hydrachim.fr\/app\/uploads\/2025\/05\/0125_Pastilles_ecologiques_seau_carr_.png","datePublished":"2019-08-06T13:50:41+00:00","dateModified":"2025-12-05T07:01:48+00:00","breadcrumb":{"@id":"https:\/\/www.hydrachim.fr\/en\/produit\/pastilles_lave_vaisselle_ecolabel_002012581\/#breadcrumb"},"inLanguage":"en-US","potentialAction":[{"@type":"ReadAction","target":["https:\/\/www.hydrachim.fr\/en\/produit\/pastilles_lave_vaisselle_ecolabel_002012581\/"]}]},{"@type":"ImageObject","inLanguage":"en-US","@id":"https:\/\/www.hydrachim.fr\/en\/produit\/pastilles_lave_vaisselle_ecolabel_002012581\/#primaryimage","url":"https:\/\/www.hydrachim.fr\/app\/uploads\/2025\/05\/0125_Pastilles_ecologiques_seau_carr_.png","contentUrl":"https:\/\/www.hydrachim.fr\/app\/uploads\/2025\/05\/0125_Pastilles_ecologiques_seau_carr_.png","width":500,"height":503},{"@type":"BreadcrumbList","@id":"https:\/\/www.hydrachim.fr\/en\/produit\/pastilles_lave_vaisselle_ecolabel_002012581\/#breadcrumb","itemListElement":[{"@type":"ListItem","position":1,"name":"Home","item":"https:\/\/www.hydrachim.fr\/en\/"},{"@type":"ListItem","position":2,"name":"Boutique","item":"https:\/\/www.hydrachim.fr\/boutique\/"},{"@type":"ListItem","position":3,"name":"Pastilles lave vaisselle ECOLABEL"}]},{"@type":"WebSite","@id":"https:\/\/www.hydrachim.fr\/en\/#website","url":"https:\/\/www.hydrachim.fr\/en\/","name":"Hydrachim","description":"La science de l&#039;hygi\u00e8ne","potentialAction":[{"@type":"SearchAction","target":{"@type":"EntryPoint","urlTemplate":"https:\/\/www.hydrachim.fr\/en\/?s={search_term_string}"},"query-input":{"@type":"PropertyValueSpecification","valueRequired":true,"valueName":"search_term_string"}}],"inLanguage":"en-US"}]}},"acf":{"fiche_technique":"https:\/\/www.hydrachim.fr\/app\/uploads\/2021\/04\/0125___Pastille_lave_vaisselle.pdf","fiche_methode":""},"_links":{"self":[{"href":"https:\/\/www.hydrachim.fr\/en\/wp-json\/wp\/v2\/product\/3530","targetHints":{"allow":["GET"]}}],"collection":[{"href":"https:\/\/www.hydrachim.fr\/en\/wp-json\/wp\/v2\/product"}],"about":[{"href":"https:\/\/www.hydrachim.fr\/en\/wp-json\/wp\/v2\/types\/product"}],"wp:featuredmedia":[{"embeddable":true,"href":"https:\/\/www.hydrachim.fr\/en\/wp-json\/wp\/v2\/media\/21653"}],"wp:attachment":[{"href":"https:\/\/www.hydrachim.fr\/en\/wp-json\/wp\/v2\/media?parent=3530"}],"wp:term":[{"taxonomy":"product_brand","embeddable":true,"href":"https:\/\/www.hydrachim.fr\/en\/wp-json\/wp\/v2\/product_brand?post=3530"},{"taxonomy":"product_type","embeddable":true,"href":"https:\/\/www.hydrachim.fr\/en\/wp-json\/wp\/v2\/product_type?post=3530"},{"taxonomy":"product_visibility","embeddable":true,"href":"https:\/\/www.hydrachim.fr\/en\/wp-json\/wp\/v2\/product_visibility?post=3530"},{"taxonomy":"product_cat","embeddable":true,"href":"https:\/\/www.hydrachim.fr\/en\/wp-json\/wp\/v2\/product_cat?post=3530"}],"curies":[{"name":"wp","href":"https:\/\/api.w.org\/{rel}","templated":true}]}}