{"id":3528,"date":"2019-08-06T15:50:39","date_gmt":"2019-08-06T13:50:39","guid":{"rendered":"https:\/\/www.hydrachim.fr\/product\/nettoyant-renovant-sanitaire\/"},"modified":"2024-02-19T15:30:16","modified_gmt":"2024-02-19T13:30:16","slug":"nettoyant_renovant_sanitaire_002027401","status":"publish","type":"product","link":"https:\/\/www.hydrachim.fr\/en\/produit\/nettoyant_renovant_sanitaire_002027401\/","title":{"rendered":"Nettoyant r\u00e9novant sanitaire"},"content":{"rendered":"<p><strong>Nettoyant r\u00e9novant sanitaire liquide est un r\u00e9novateur d\u00e9velopp\u00e9 pour le d\u00e9tartrage et la r\u00e9novation des sanitaires tr\u00e8s entartr\u00e9s tout en laissant un agr\u00e9able parfum fra\u00eecheur.<\/strong><\/p>\n<p>D\u00e9tartre et r\u00e9nove les sanitaires tr\u00e8s entartr\u00e9s, n\u00e9cessitant une remise en \u00e9tat avant utilisation.<br \/>\nDissout le calcaire et les traces d\u00e9pos\u00e9es sur les parois et les surfaces.<br \/>\nIl redonne un brillant aux sanitaires et ne raye pas.<br \/>\nNe pas utiliser sur les supports fragiles, peintures, dorures.<\/p>\n<p><strong>Disponible en :<br \/>\n&#8211; Carton de 12 x 1L bouillotte. R\u00e9f. 002027405<br \/>\n&#8211; Carton de 4 x 5L. R\u00e9f. 002027402<\/strong><\/p>\n<p class=\"y-product y-product__product-subtitle\">Avantage :<\/p>\n<p>Le Nettoyant r\u00e9novant sanitaire remet en \u00e9tat les sanitaires les plus entartr\u00e9s.<\/p>\n<p>Retrouvez le mode d&#8217;emploi et le dosage du produit en t\u00e9l\u00e9chargeant, ci-dessous, sa Fiche Technique et\/ou sa Fiche M\u00e9thode.<\/p>\n<p><em>Avant toute utilisation, lisez l&#8217;\u00e9tiquette et les informations concernant le produit.<\/em><\/p>\n","protected":false},"excerpt":{"rendered":"<p>Nettoyant r\u00e9novant sanitaire liquide parfum fresh oxygen<\/p>\n","protected":false},"featured_media":16876,"template":"","meta":[],"product_brand":[],"product_type":[2],"product_visibility":[],"product_cat":[4145,4122,4124],"class_list":{"0":"post-3528","1":"product","2":"type-product","3":"status-publish","4":"has-post-thumbnail","6":"product_cat-marquesorlav","7":"product_cat-produitssanitaire","8":"product_cat-sanitairesurface","9":"product_tag-fraicheur","10":"product_tag-liquide","11":"product_tag-nettoyant","12":"product_tag-renovant","13":"product_tag-sanitaire","15":"first","16":"instock","17":"shipping-taxable","18":"product-type-simple"},"yoast_head":"<!-- This site is optimized with the Yoast SEO plugin v27.5 - https:\/\/yoast.com\/product\/yoast-seo-wordpress\/ -->\n<title>Nettoyant r\u00e9novant sanitaire liquide - Hydrachim<\/title>\n<meta name=\"description\" content=\"Le Nettoyant r\u00e9novant sanitaire est un produit qui dissout le calcaire et les traces les plus tenaces d\u00e9pos\u00e9es sur les parois et les surfaces.\" \/>\n<meta name=\"robots\" content=\"index, follow, max-snippet:-1, max-image-preview:large, max-video-preview:-1\" \/>\n<link rel=\"canonical\" href=\"https:\/\/www.hydrachim.fr\/en\/produit\/nettoyant_renovant_sanitaire_002027401\/\" \/>\n<meta property=\"og:locale\" content=\"en_US\" \/>\n<meta property=\"og:type\" content=\"article\" \/>\n<meta property=\"og:title\" content=\"Nettoyant r\u00e9novant sanitaire liquide - Hydrachim\" \/>\n<meta property=\"og:description\" content=\"Le Nettoyant r\u00e9novant sanitaire est un produit qui dissout le calcaire et les traces les plus tenaces d\u00e9pos\u00e9es sur les parois et les surfaces.\" \/>\n<meta property=\"og:url\" content=\"https:\/\/www.hydrachim.fr\/en\/produit\/nettoyant_renovant_sanitaire_002027401\/\" \/>\n<meta property=\"og:site_name\" content=\"Hydrachim\" \/>\n<meta property=\"article:modified_time\" content=\"2024-02-19T13:30:16+00:00\" \/>\n<meta property=\"og:image\" content=\"https:\/\/www.hydrachim.fr\/app\/uploads\/2021\/10\/0274___NETTOYANT_R_NOVANT_SANITAIRE___750ML..png\" \/>\n\t<meta property=\"og:image:width\" content=\"632\" \/>\n\t<meta property=\"og:image:height\" content=\"1150\" \/>\n\t<meta property=\"og:image:type\" content=\"image\/png\" \/>\n<meta name=\"twitter:card\" content=\"summary_large_image\" \/>\n<meta name=\"twitter:label1\" content=\"Est. reading time\" \/>\n\t<meta name=\"twitter:data1\" content=\"1 minute\" \/>\n<script type=\"application\/ld+json\" class=\"yoast-schema-graph\">{\"@context\":\"https:\\\/\\\/schema.org\",\"@graph\":[{\"@type\":\"WebPage\",\"@id\":\"https:\\\/\\\/www.hydrachim.fr\\\/en\\\/produit\\\/nettoyant_renovant_sanitaire_002027401\\\/\",\"url\":\"https:\\\/\\\/www.hydrachim.fr\\\/en\\\/produit\\\/nettoyant_renovant_sanitaire_002027401\\\/\",\"name\":\"Nettoyant r\u00e9novant sanitaire liquide - Hydrachim\",\"isPartOf\":{\"@id\":\"https:\\\/\\\/www.hydrachim.fr\\\/en\\\/#website\"},\"primaryImageOfPage\":{\"@id\":\"https:\\\/\\\/www.hydrachim.fr\\\/en\\\/produit\\\/nettoyant_renovant_sanitaire_002027401\\\/#primaryimage\"},\"image\":{\"@id\":\"https:\\\/\\\/www.hydrachim.fr\\\/en\\\/produit\\\/nettoyant_renovant_sanitaire_002027401\\\/#primaryimage\"},\"thumbnailUrl\":\"https:\\\/\\\/www.hydrachim.fr\\\/app\\\/uploads\\\/2024\\\/02\\\/0274___NETT_RENOVANT_SANITAIRE___5L.png\",\"datePublished\":\"2019-08-06T13:50:39+00:00\",\"dateModified\":\"2024-02-19T13:30:16+00:00\",\"description\":\"Le Nettoyant r\u00e9novant sanitaire est un produit qui dissout le calcaire et les traces les plus tenaces d\u00e9pos\u00e9es sur les parois et les surfaces.\",\"breadcrumb\":{\"@id\":\"https:\\\/\\\/www.hydrachim.fr\\\/en\\\/produit\\\/nettoyant_renovant_sanitaire_002027401\\\/#breadcrumb\"},\"inLanguage\":\"en-US\",\"potentialAction\":[{\"@type\":\"ReadAction\",\"target\":[\"https:\\\/\\\/www.hydrachim.fr\\\/en\\\/produit\\\/nettoyant_renovant_sanitaire_002027401\\\/\"]}]},{\"@type\":\"ImageObject\",\"inLanguage\":\"en-US\",\"@id\":\"https:\\\/\\\/www.hydrachim.fr\\\/en\\\/produit\\\/nettoyant_renovant_sanitaire_002027401\\\/#primaryimage\",\"url\":\"https:\\\/\\\/www.hydrachim.fr\\\/app\\\/uploads\\\/2024\\\/02\\\/0274___NETT_RENOVANT_SANITAIRE___5L.png\",\"contentUrl\":\"https:\\\/\\\/www.hydrachim.fr\\\/app\\\/uploads\\\/2024\\\/02\\\/0274___NETT_RENOVANT_SANITAIRE___5L.png\",\"width\":599,\"height\":945},{\"@type\":\"BreadcrumbList\",\"@id\":\"https:\\\/\\\/www.hydrachim.fr\\\/en\\\/produit\\\/nettoyant_renovant_sanitaire_002027401\\\/#breadcrumb\",\"itemListElement\":[{\"@type\":\"ListItem\",\"position\":1,\"name\":\"Home\",\"item\":\"https:\\\/\\\/www.hydrachim.fr\\\/en\\\/\"},{\"@type\":\"ListItem\",\"position\":2,\"name\":\"Boutique\",\"item\":\"https:\\\/\\\/www.hydrachim.fr\\\/boutique\\\/\"},{\"@type\":\"ListItem\",\"position\":3,\"name\":\"Nettoyant r\u00e9novant sanitaire\"}]},{\"@type\":\"WebSite\",\"@id\":\"https:\\\/\\\/www.hydrachim.fr\\\/en\\\/#website\",\"url\":\"https:\\\/\\\/www.hydrachim.fr\\\/en\\\/\",\"name\":\"Hydrachim\",\"description\":\"La science de l&#039;hygi\u00e8ne\",\"potentialAction\":[{\"@type\":\"SearchAction\",\"target\":{\"@type\":\"EntryPoint\",\"urlTemplate\":\"https:\\\/\\\/www.hydrachim.fr\\\/en\\\/?s={search_term_string}\"},\"query-input\":{\"@type\":\"PropertyValueSpecification\",\"valueRequired\":true,\"valueName\":\"search_term_string\"}}],\"inLanguage\":\"en-US\"}]}<\/script>\n<!-- \/ Yoast SEO plugin. -->","yoast_head_json":{"title":"Nettoyant r\u00e9novant sanitaire liquide - Hydrachim","description":"Le Nettoyant r\u00e9novant sanitaire est un produit qui dissout le calcaire et les traces les plus tenaces d\u00e9pos\u00e9es sur les parois et les surfaces.","robots":{"index":"index","follow":"follow","max-snippet":"max-snippet:-1","max-image-preview":"max-image-preview:large","max-video-preview":"max-video-preview:-1"},"canonical":"https:\/\/www.hydrachim.fr\/en\/produit\/nettoyant_renovant_sanitaire_002027401\/","og_locale":"en_US","og_type":"article","og_title":"Nettoyant r\u00e9novant sanitaire liquide - Hydrachim","og_description":"Le Nettoyant r\u00e9novant sanitaire est un produit qui dissout le calcaire et les traces les plus tenaces d\u00e9pos\u00e9es sur les parois et les surfaces.","og_url":"https:\/\/www.hydrachim.fr\/en\/produit\/nettoyant_renovant_sanitaire_002027401\/","og_site_name":"Hydrachim","article_modified_time":"2024-02-19T13:30:16+00:00","og_image":[{"width":632,"height":1150,"url":"https:\/\/www.hydrachim.fr\/app\/uploads\/2021\/10\/0274___NETTOYANT_R_NOVANT_SANITAIRE___750ML..png","type":"image\/png"}],"twitter_card":"summary_large_image","twitter_misc":{"Est. reading time":"1 minute"},"schema":{"@context":"https:\/\/schema.org","@graph":[{"@type":"WebPage","@id":"https:\/\/www.hydrachim.fr\/en\/produit\/nettoyant_renovant_sanitaire_002027401\/","url":"https:\/\/www.hydrachim.fr\/en\/produit\/nettoyant_renovant_sanitaire_002027401\/","name":"Nettoyant r\u00e9novant sanitaire liquide - Hydrachim","isPartOf":{"@id":"https:\/\/www.hydrachim.fr\/en\/#website"},"primaryImageOfPage":{"@id":"https:\/\/www.hydrachim.fr\/en\/produit\/nettoyant_renovant_sanitaire_002027401\/#primaryimage"},"image":{"@id":"https:\/\/www.hydrachim.fr\/en\/produit\/nettoyant_renovant_sanitaire_002027401\/#primaryimage"},"thumbnailUrl":"https:\/\/www.hydrachim.fr\/app\/uploads\/2024\/02\/0274___NETT_RENOVANT_SANITAIRE___5L.png","datePublished":"2019-08-06T13:50:39+00:00","dateModified":"2024-02-19T13:30:16+00:00","description":"Le Nettoyant r\u00e9novant sanitaire est un produit qui dissout le calcaire et les traces les plus tenaces d\u00e9pos\u00e9es sur les parois et les surfaces.","breadcrumb":{"@id":"https:\/\/www.hydrachim.fr\/en\/produit\/nettoyant_renovant_sanitaire_002027401\/#breadcrumb"},"inLanguage":"en-US","potentialAction":[{"@type":"ReadAction","target":["https:\/\/www.hydrachim.fr\/en\/produit\/nettoyant_renovant_sanitaire_002027401\/"]}]},{"@type":"ImageObject","inLanguage":"en-US","@id":"https:\/\/www.hydrachim.fr\/en\/produit\/nettoyant_renovant_sanitaire_002027401\/#primaryimage","url":"https:\/\/www.hydrachim.fr\/app\/uploads\/2024\/02\/0274___NETT_RENOVANT_SANITAIRE___5L.png","contentUrl":"https:\/\/www.hydrachim.fr\/app\/uploads\/2024\/02\/0274___NETT_RENOVANT_SANITAIRE___5L.png","width":599,"height":945},{"@type":"BreadcrumbList","@id":"https:\/\/www.hydrachim.fr\/en\/produit\/nettoyant_renovant_sanitaire_002027401\/#breadcrumb","itemListElement":[{"@type":"ListItem","position":1,"name":"Home","item":"https:\/\/www.hydrachim.fr\/en\/"},{"@type":"ListItem","position":2,"name":"Boutique","item":"https:\/\/www.hydrachim.fr\/boutique\/"},{"@type":"ListItem","position":3,"name":"Nettoyant r\u00e9novant sanitaire"}]},{"@type":"WebSite","@id":"https:\/\/www.hydrachim.fr\/en\/#website","url":"https:\/\/www.hydrachim.fr\/en\/","name":"Hydrachim","description":"La science de l&#039;hygi\u00e8ne","potentialAction":[{"@type":"SearchAction","target":{"@type":"EntryPoint","urlTemplate":"https:\/\/www.hydrachim.fr\/en\/?s={search_term_string}"},"query-input":{"@type":"PropertyValueSpecification","valueRequired":true,"valueName":"search_term_string"}}],"inLanguage":"en-US"}]}},"acf":{"fiche_technique":"https:\/\/www.hydrachim.fr\/app\/uploads\/2024\/02\/FT_0274_NETTOYANT_RENOVANT_SANITAIRE_LIQUIDE__2_.pdf","fiche_methode":"https:\/\/www.hydrachim.fr\/app\/uploads\/2019\/09\/0274-NETTOYANT-RENOVANT-SANITAIRE-ORLAV-h.pdf"},"_links":{"self":[{"href":"https:\/\/www.hydrachim.fr\/en\/wp-json\/wp\/v2\/product\/3528","targetHints":{"allow":["GET"]}}],"collection":[{"href":"https:\/\/www.hydrachim.fr\/en\/wp-json\/wp\/v2\/product"}],"about":[{"href":"https:\/\/www.hydrachim.fr\/en\/wp-json\/wp\/v2\/types\/product"}],"wp:featuredmedia":[{"embeddable":true,"href":"https:\/\/www.hydrachim.fr\/en\/wp-json\/wp\/v2\/media\/16876"}],"wp:attachment":[{"href":"https:\/\/www.hydrachim.fr\/en\/wp-json\/wp\/v2\/media?parent=3528"}],"wp:term":[{"taxonomy":"product_brand","embeddable":true,"href":"https:\/\/www.hydrachim.fr\/en\/wp-json\/wp\/v2\/product_brand?post=3528"},{"taxonomy":"product_type","embeddable":true,"href":"https:\/\/www.hydrachim.fr\/en\/wp-json\/wp\/v2\/product_type?post=3528"},{"taxonomy":"product_visibility","embeddable":true,"href":"https:\/\/www.hydrachim.fr\/en\/wp-json\/wp\/v2\/product_visibility?post=3528"},{"taxonomy":"product_cat","embeddable":true,"href":"https:\/\/www.hydrachim.fr\/en\/wp-json\/wp\/v2\/product_cat?post=3528"}],"curies":[{"name":"wp","href":"https:\/\/api.w.org\/{rel}","templated":true}]}}