{"id":3526,"date":"2019-08-06T15:50:38","date_gmt":"2019-08-06T13:50:38","guid":{"rendered":"https:\/\/www.hydrachim.fr\/product\/creme-mains-parfum-fleur-de-lin\/"},"modified":"2026-03-03T12:00:52","modified_gmt":"2026-03-03T10:00:52","slug":"tendre_bulle_ecolabel_002182101","status":"publish","type":"product","link":"https:\/\/www.hydrachim.fr\/en\/produit\/tendre_bulle_ecolabel_002182101\/","title":{"rendered":"Tendre Bulle Ecolabel"},"content":{"rendered":"<p><strong>Nettoie d\u00e9licatement et efficacement les mains, le corps et les cheveux.<br \/>\nS&#8217;utilise dans tout domaine d&#8217;activit\u00e9 dont le milieu alimentaire.<br \/>\nSon utilisation est agr\u00e9able gr\u00e2ce \u00e0 son parfum Fleuri.<br \/>\nIl contient 97% d&#8217;ingr\u00e9dients d&#8217;origine naturelle. <\/strong><\/p>\n<p>Tendre bulle est certifi\u00e9 selon l\u2019ECOLABEL EUROP\u00c9EN, une r\u00e9f\u00e9rence en mati\u00e8re de respect de l\u2019environnement.<br \/>\nIl garantit une s\u00e9curit\u00e9 pour les utilisateurs, l\u2019environnement et la sant\u00e9.<\/p>\n<p><strong>Disponible en :<br \/>\n&#8211; Carton de 6 x 500mL. R\u00e9f. 002182110<br \/>\n&#8211; Carton de 6 x 1L poche. 002182112<br \/>\n&#8211; Carton de 4 X 5L. R\u00e9f. 002182101<\/strong><\/p>\n<p class=\"y-product y-product__product-subtitle\">Avantage :<\/p>\n<p>Utilisation agr\u00e9able gr\u00e2ce \u00e0 son parfum Fleuri.<br \/>\nA base d&#8217;ingr\u00e9dients d&#8217;origine naturelle.<\/p>\n<p>Retrouvez le mode d&#8217;emploi et le dosage du produit en t\u00e9l\u00e9chargeant sa Fiche Technique.<\/p>\n<p><em>Avant toute utilisation, lisez l\u2019\u00e9tiquette et les informations concernant le produit.<br \/>\nUn dosage correct permet de r\u00e9aliser des \u00e9conomies et de r\u00e9duire l\u2019incidence du produit sur l\u2019environnement.<br \/>\nIngr\u00e9dients : AQUA, SODIUM LAURETH SULFATE, GLYCERIN, SODIUM CHLORIDE, COCAMIDOPROPYL BETAINE, LAURYL GLUCOSIDE, SODIUM BENZOATE, PARFUM, CITRIC ACID, SODIUM HYDROXIDE.<\/em><\/p>\n","protected":false},"excerpt":{"rendered":"<p>Gel lavant parfum\u00e9 pour les mains, le corps et les cheveux.<\/p>\n","protected":false},"featured_media":23319,"template":"","meta":[],"product_brand":[],"product_type":[2],"product_visibility":[],"product_cat":[4139,4138,4101,4105,4137,4295],"class_list":{"0":"post-3526","1":"product","2":"type-product","3":"status-publish","4":"has-post-thumbnail","6":"product_cat-produits-produitsmains-corpscremes-lavantes-pour-le-corps-les-cheveux","7":"product_cat-produits-produitsmains-corpscremes-lavantes-pour-les-mains","8":"product_cat-produitsecolabel","9":"product_cat-ecolabelmains-corps","10":"product_cat-produitsmains-corps","11":"product_cat-marquessimplement","12":"product_tag-creme","13":"product_tag-ecolabel","14":"product_tag-fleuri","15":"product_tag-liquide","16":"product_tag-mains","17":"product_tag-nettoyant","18":"product_tag-origine-vegetale","20":"first","21":"instock","22":"shipping-taxable","23":"product-type-simple"},"yoast_head":"<!-- This site is optimized with the Yoast SEO plugin v27.6 - https:\/\/yoast.com\/product\/yoast-seo-wordpress\/ -->\n<title>Tendre Bulle Ecolabel - Hydrachim<\/title>\n<meta name=\"robots\" content=\"index, follow, max-snippet:-1, max-image-preview:large, max-video-preview:-1\" \/>\n<link rel=\"canonical\" href=\"https:\/\/www.hydrachim.fr\/en\/produit\/tendre_bulle_ecolabel_002182101\/\" \/>\n<meta property=\"og:locale\" content=\"en_US\" \/>\n<meta property=\"og:type\" content=\"article\" \/>\n<meta property=\"og:title\" content=\"Tendre Bulle Ecolabel - Hydrachim\" \/>\n<meta property=\"og:description\" content=\"Gel lavant parfum\u00e9 pour les mains, le corps et les cheveux.\" \/>\n<meta property=\"og:url\" content=\"https:\/\/www.hydrachim.fr\/en\/produit\/tendre_bulle_ecolabel_002182101\/\" \/>\n<meta property=\"og:site_name\" content=\"Hydrachim\" \/>\n<meta property=\"article:modified_time\" content=\"2026-03-03T10:00:52+00:00\" \/>\n<meta property=\"og:image\" content=\"https:\/\/www.hydrachim.fr\/app\/uploads\/2025\/12\/SIMPLEMENT___1821___TENDRE_BULLE___5L_STYLE.png\" \/>\n\t<meta property=\"og:image:width\" content=\"600\" \/>\n\t<meta property=\"og:image:height\" content=\"1000\" \/>\n\t<meta property=\"og:image:type\" content=\"image\/png\" \/>\n<meta name=\"twitter:card\" content=\"summary_large_image\" \/>\n<meta name=\"twitter:label1\" content=\"Est. reading time\" \/>\n\t<meta name=\"twitter:data1\" content=\"1 minute\" \/>\n<script type=\"application\/ld+json\" class=\"yoast-schema-graph\">{\"@context\":\"https:\\\/\\\/schema.org\",\"@graph\":[{\"@type\":\"WebPage\",\"@id\":\"https:\\\/\\\/www.hydrachim.fr\\\/en\\\/produit\\\/tendre_bulle_ecolabel_002182101\\\/\",\"url\":\"https:\\\/\\\/www.hydrachim.fr\\\/en\\\/produit\\\/tendre_bulle_ecolabel_002182101\\\/\",\"name\":\"Tendre Bulle Ecolabel - Hydrachim\",\"isPartOf\":{\"@id\":\"https:\\\/\\\/www.hydrachim.fr\\\/en\\\/#website\"},\"primaryImageOfPage\":{\"@id\":\"https:\\\/\\\/www.hydrachim.fr\\\/en\\\/produit\\\/tendre_bulle_ecolabel_002182101\\\/#primaryimage\"},\"image\":{\"@id\":\"https:\\\/\\\/www.hydrachim.fr\\\/en\\\/produit\\\/tendre_bulle_ecolabel_002182101\\\/#primaryimage\"},\"thumbnailUrl\":\"https:\\\/\\\/www.hydrachim.fr\\\/app\\\/uploads\\\/2025\\\/12\\\/SIMPLEMENT___1821___TENDRE_BULLE___5L_STYLE.png\",\"datePublished\":\"2019-08-06T13:50:38+00:00\",\"dateModified\":\"2026-03-03T10:00:52+00:00\",\"breadcrumb\":{\"@id\":\"https:\\\/\\\/www.hydrachim.fr\\\/en\\\/produit\\\/tendre_bulle_ecolabel_002182101\\\/#breadcrumb\"},\"inLanguage\":\"en-US\",\"potentialAction\":[{\"@type\":\"ReadAction\",\"target\":[\"https:\\\/\\\/www.hydrachim.fr\\\/en\\\/produit\\\/tendre_bulle_ecolabel_002182101\\\/\"]}]},{\"@type\":\"ImageObject\",\"inLanguage\":\"en-US\",\"@id\":\"https:\\\/\\\/www.hydrachim.fr\\\/en\\\/produit\\\/tendre_bulle_ecolabel_002182101\\\/#primaryimage\",\"url\":\"https:\\\/\\\/www.hydrachim.fr\\\/app\\\/uploads\\\/2025\\\/12\\\/SIMPLEMENT___1821___TENDRE_BULLE___5L_STYLE.png\",\"contentUrl\":\"https:\\\/\\\/www.hydrachim.fr\\\/app\\\/uploads\\\/2025\\\/12\\\/SIMPLEMENT___1821___TENDRE_BULLE___5L_STYLE.png\",\"width\":600,\"height\":1000},{\"@type\":\"BreadcrumbList\",\"@id\":\"https:\\\/\\\/www.hydrachim.fr\\\/en\\\/produit\\\/tendre_bulle_ecolabel_002182101\\\/#breadcrumb\",\"itemListElement\":[{\"@type\":\"ListItem\",\"position\":1,\"name\":\"Home\",\"item\":\"https:\\\/\\\/www.hydrachim.fr\\\/en\\\/\"},{\"@type\":\"ListItem\",\"position\":2,\"name\":\"Boutique\",\"item\":\"https:\\\/\\\/www.hydrachim.fr\\\/boutique\\\/\"},{\"@type\":\"ListItem\",\"position\":3,\"name\":\"Tendre Bulle Ecolabel\"}]},{\"@type\":\"WebSite\",\"@id\":\"https:\\\/\\\/www.hydrachim.fr\\\/en\\\/#website\",\"url\":\"https:\\\/\\\/www.hydrachim.fr\\\/en\\\/\",\"name\":\"Hydrachim\",\"description\":\"La science de l&#039;hygi\u00e8ne\",\"potentialAction\":[{\"@type\":\"SearchAction\",\"target\":{\"@type\":\"EntryPoint\",\"urlTemplate\":\"https:\\\/\\\/www.hydrachim.fr\\\/en\\\/?s={search_term_string}\"},\"query-input\":{\"@type\":\"PropertyValueSpecification\",\"valueRequired\":true,\"valueName\":\"search_term_string\"}}],\"inLanguage\":\"en-US\"}]}<\/script>\n<!-- \/ Yoast SEO plugin. -->","yoast_head_json":{"title":"Tendre Bulle Ecolabel - Hydrachim","robots":{"index":"index","follow":"follow","max-snippet":"max-snippet:-1","max-image-preview":"max-image-preview:large","max-video-preview":"max-video-preview:-1"},"canonical":"https:\/\/www.hydrachim.fr\/en\/produit\/tendre_bulle_ecolabel_002182101\/","og_locale":"en_US","og_type":"article","og_title":"Tendre Bulle Ecolabel - Hydrachim","og_description":"Gel lavant parfum\u00e9 pour les mains, le corps et les cheveux.","og_url":"https:\/\/www.hydrachim.fr\/en\/produit\/tendre_bulle_ecolabel_002182101\/","og_site_name":"Hydrachim","article_modified_time":"2026-03-03T10:00:52+00:00","og_image":[{"width":600,"height":1000,"url":"https:\/\/www.hydrachim.fr\/app\/uploads\/2025\/12\/SIMPLEMENT___1821___TENDRE_BULLE___5L_STYLE.png","type":"image\/png"}],"twitter_card":"summary_large_image","twitter_misc":{"Est. reading time":"1 minute"},"schema":{"@context":"https:\/\/schema.org","@graph":[{"@type":"WebPage","@id":"https:\/\/www.hydrachim.fr\/en\/produit\/tendre_bulle_ecolabel_002182101\/","url":"https:\/\/www.hydrachim.fr\/en\/produit\/tendre_bulle_ecolabel_002182101\/","name":"Tendre Bulle Ecolabel - Hydrachim","isPartOf":{"@id":"https:\/\/www.hydrachim.fr\/en\/#website"},"primaryImageOfPage":{"@id":"https:\/\/www.hydrachim.fr\/en\/produit\/tendre_bulle_ecolabel_002182101\/#primaryimage"},"image":{"@id":"https:\/\/www.hydrachim.fr\/en\/produit\/tendre_bulle_ecolabel_002182101\/#primaryimage"},"thumbnailUrl":"https:\/\/www.hydrachim.fr\/app\/uploads\/2025\/12\/SIMPLEMENT___1821___TENDRE_BULLE___5L_STYLE.png","datePublished":"2019-08-06T13:50:38+00:00","dateModified":"2026-03-03T10:00:52+00:00","breadcrumb":{"@id":"https:\/\/www.hydrachim.fr\/en\/produit\/tendre_bulle_ecolabel_002182101\/#breadcrumb"},"inLanguage":"en-US","potentialAction":[{"@type":"ReadAction","target":["https:\/\/www.hydrachim.fr\/en\/produit\/tendre_bulle_ecolabel_002182101\/"]}]},{"@type":"ImageObject","inLanguage":"en-US","@id":"https:\/\/www.hydrachim.fr\/en\/produit\/tendre_bulle_ecolabel_002182101\/#primaryimage","url":"https:\/\/www.hydrachim.fr\/app\/uploads\/2025\/12\/SIMPLEMENT___1821___TENDRE_BULLE___5L_STYLE.png","contentUrl":"https:\/\/www.hydrachim.fr\/app\/uploads\/2025\/12\/SIMPLEMENT___1821___TENDRE_BULLE___5L_STYLE.png","width":600,"height":1000},{"@type":"BreadcrumbList","@id":"https:\/\/www.hydrachim.fr\/en\/produit\/tendre_bulle_ecolabel_002182101\/#breadcrumb","itemListElement":[{"@type":"ListItem","position":1,"name":"Home","item":"https:\/\/www.hydrachim.fr\/en\/"},{"@type":"ListItem","position":2,"name":"Boutique","item":"https:\/\/www.hydrachim.fr\/boutique\/"},{"@type":"ListItem","position":3,"name":"Tendre Bulle Ecolabel"}]},{"@type":"WebSite","@id":"https:\/\/www.hydrachim.fr\/en\/#website","url":"https:\/\/www.hydrachim.fr\/en\/","name":"Hydrachim","description":"La science de l&#039;hygi\u00e8ne","potentialAction":[{"@type":"SearchAction","target":{"@type":"EntryPoint","urlTemplate":"https:\/\/www.hydrachim.fr\/en\/?s={search_term_string}"},"query-input":{"@type":"PropertyValueSpecification","valueRequired":true,"valueName":"search_term_string"}}],"inLanguage":"en-US"}]}},"acf":{"fiche_technique":"https:\/\/www.hydrachim.fr\/app\/uploads\/2026\/03\/FT_SIMPLEMENT___1821___TENDRE_BULLE___ECOLABEL.pdf","fiche_methode":""},"_links":{"self":[{"href":"https:\/\/www.hydrachim.fr\/en\/wp-json\/wp\/v2\/product\/3526","targetHints":{"allow":["GET"]}}],"collection":[{"href":"https:\/\/www.hydrachim.fr\/en\/wp-json\/wp\/v2\/product"}],"about":[{"href":"https:\/\/www.hydrachim.fr\/en\/wp-json\/wp\/v2\/types\/product"}],"wp:featuredmedia":[{"embeddable":true,"href":"https:\/\/www.hydrachim.fr\/en\/wp-json\/wp\/v2\/media\/23319"}],"wp:attachment":[{"href":"https:\/\/www.hydrachim.fr\/en\/wp-json\/wp\/v2\/media?parent=3526"}],"wp:term":[{"taxonomy":"product_brand","embeddable":true,"href":"https:\/\/www.hydrachim.fr\/en\/wp-json\/wp\/v2\/product_brand?post=3526"},{"taxonomy":"product_type","embeddable":true,"href":"https:\/\/www.hydrachim.fr\/en\/wp-json\/wp\/v2\/product_type?post=3526"},{"taxonomy":"product_visibility","embeddable":true,"href":"https:\/\/www.hydrachim.fr\/en\/wp-json\/wp\/v2\/product_visibility?post=3526"},{"taxonomy":"product_cat","embeddable":true,"href":"https:\/\/www.hydrachim.fr\/en\/wp-json\/wp\/v2\/product_cat?post=3526"}],"curies":[{"name":"wp","href":"https:\/\/api.w.org\/{rel}","templated":true}]}}