{"id":3521,"date":"2019-08-06T15:50:33","date_gmt":"2019-08-06T13:50:33","guid":{"rendered":"https:\/\/www.hydrachim.fr\/product\/shampoing-haute-pression\/"},"modified":"2024-10-31T11:54:00","modified_gmt":"2024-10-31T09:54:00","slug":"shampooing_vehicule_hp_003181702","status":"publish","type":"product","link":"https:\/\/www.hydrachim.fr\/en\/produit\/shampooing_vehicule_hp_003181702\/","title":{"rendered":"SHAMPOOING VEHICULE HP"},"content":{"rendered":"<p><strong>Shampooing haute pression liquide est un produit d&#8217;hygi\u00e8ne d\u00e9velopp\u00e9 pour le nettoyage des v\u00e9hicules dans les portiques de lavage.<\/strong><\/p>\n<p>Le Shampooing haute pression est un shampoing qui nettoie, d\u00e9graisse et \u00e9limine le film statique routier. Il s&#8217;utilise en Haute Pression dans les portiques de lavage, sur tous les types de carrosseries.<br \/>\nLe Shampooing haute pression est destin\u00e9 \u00e0 l&#8217;ext\u00e9rieur des v\u00e9hicules mais peut \u00e9galement \u00eatre utilis\u00e9 pour l&#8217;int\u00e9rieur des camions.\n<\/p>\n<p><strong>Disponible en :<br \/>\n&#8211; Bidon de 20L. R\u00e9f. 003181702<br \/>\n&#8211; Fut de 200L. R\u00e9f. 003181705<br \/>\nEmballage 100% recyclable.<\/strong><\/p>\n<p class=\"y-product y-product__product-subtitle\">Avantage :<\/p>\n<p>Le Shampooing haute pression est :<br \/>\n&#8211; Conforme au contact alimentaire<br \/>\n&#8211; Contient 94% d&#8217;ingr\u00e9dients min\u00e9rale ou v\u00e9g\u00e9tale<\/p>\n<p>Retrouvez le mode d&#8217;emploi et le dosage du produit en t\u00e9l\u00e9chargeant, ci-dessous, sa Fiche Technique.<\/p>\n<p><em>Avant toute utilisation, lisez l&#8217;\u00e9tiquette et les informations concernant le produit.<\/em><\/p>\n","protected":false},"excerpt":{"rendered":"<p>Shampooing haute pression liquide<\/p>\n","protected":false},"featured_media":6231,"template":"","meta":[],"product_brand":[],"product_type":[2],"product_visibility":[],"product_cat":[4026,4153,4092],"class_list":{"0":"post-3521","1":"product","2":"type-product","3":"status-publish","4":"has-post-thumbnail","6":"product_cat-produitsindustrie","7":"product_cat-marqueskemnet","8":"product_cat-industriestation-vhicule","9":"product_tag-carrosserie","10":"product_tag-haute-pression","11":"product_tag-liquide","12":"product_tag-shampooing","13":"product_tag-vehicules-2","15":"first","16":"instock","17":"shipping-taxable","18":"product-type-simple"},"yoast_head":"<!-- This site is optimized with the Yoast SEO plugin v27.5 - https:\/\/yoast.com\/product\/yoast-seo-wordpress\/ -->\n<title>SHAMPOOING VEHICULE HP - Hydrachim<\/title>\n<meta name=\"robots\" content=\"index, follow, max-snippet:-1, max-image-preview:large, max-video-preview:-1\" \/>\n<link rel=\"canonical\" href=\"https:\/\/www.hydrachim.fr\/en\/produit\/shampooing_vehicule_hp_003181702\/\" \/>\n<meta property=\"og:locale\" content=\"en_US\" \/>\n<meta property=\"og:type\" content=\"article\" \/>\n<meta property=\"og:title\" content=\"SHAMPOOING VEHICULE HP - Hydrachim\" \/>\n<meta property=\"og:description\" content=\"Shampooing haute pression liquide\" \/>\n<meta property=\"og:url\" content=\"https:\/\/www.hydrachim.fr\/en\/produit\/shampooing_vehicule_hp_003181702\/\" \/>\n<meta property=\"og:site_name\" content=\"Hydrachim\" \/>\n<meta property=\"article:modified_time\" content=\"2024-10-31T09:54:00+00:00\" \/>\n<meta property=\"og:image\" content=\"https:\/\/www.hydrachim.fr\/app\/uploads\/2020\/02\/1817_SHAMPOOING_ECOLOGIQUE_20L..png\" \/>\n\t<meta property=\"og:image:width\" content=\"600\" \/>\n\t<meta property=\"og:image:height\" content=\"877\" \/>\n\t<meta property=\"og:image:type\" content=\"image\/png\" \/>\n<meta name=\"twitter:card\" content=\"summary_large_image\" \/>\n<meta name=\"twitter:label1\" content=\"Est. reading time\" \/>\n\t<meta name=\"twitter:data1\" content=\"1 minute\" \/>\n<script type=\"application\/ld+json\" class=\"yoast-schema-graph\">{\"@context\":\"https:\\\/\\\/schema.org\",\"@graph\":[{\"@type\":\"WebPage\",\"@id\":\"https:\\\/\\\/www.hydrachim.fr\\\/en\\\/produit\\\/shampooing_vehicule_hp_003181702\\\/\",\"url\":\"https:\\\/\\\/www.hydrachim.fr\\\/en\\\/produit\\\/shampooing_vehicule_hp_003181702\\\/\",\"name\":\"SHAMPOOING VEHICULE HP - Hydrachim\",\"isPartOf\":{\"@id\":\"https:\\\/\\\/www.hydrachim.fr\\\/en\\\/#website\"},\"primaryImageOfPage\":{\"@id\":\"https:\\\/\\\/www.hydrachim.fr\\\/en\\\/produit\\\/shampooing_vehicule_hp_003181702\\\/#primaryimage\"},\"image\":{\"@id\":\"https:\\\/\\\/www.hydrachim.fr\\\/en\\\/produit\\\/shampooing_vehicule_hp_003181702\\\/#primaryimage\"},\"thumbnailUrl\":\"https:\\\/\\\/www.hydrachim.fr\\\/app\\\/uploads\\\/2020\\\/02\\\/1817_SHAMPOOING_ECOLOGIQUE_20L..png\",\"datePublished\":\"2019-08-06T13:50:33+00:00\",\"dateModified\":\"2024-10-31T09:54:00+00:00\",\"breadcrumb\":{\"@id\":\"https:\\\/\\\/www.hydrachim.fr\\\/en\\\/produit\\\/shampooing_vehicule_hp_003181702\\\/#breadcrumb\"},\"inLanguage\":\"en-US\",\"potentialAction\":[{\"@type\":\"ReadAction\",\"target\":[\"https:\\\/\\\/www.hydrachim.fr\\\/en\\\/produit\\\/shampooing_vehicule_hp_003181702\\\/\"]}]},{\"@type\":\"ImageObject\",\"inLanguage\":\"en-US\",\"@id\":\"https:\\\/\\\/www.hydrachim.fr\\\/en\\\/produit\\\/shampooing_vehicule_hp_003181702\\\/#primaryimage\",\"url\":\"https:\\\/\\\/www.hydrachim.fr\\\/app\\\/uploads\\\/2020\\\/02\\\/1817_SHAMPOOING_ECOLOGIQUE_20L..png\",\"contentUrl\":\"https:\\\/\\\/www.hydrachim.fr\\\/app\\\/uploads\\\/2020\\\/02\\\/1817_SHAMPOOING_ECOLOGIQUE_20L..png\",\"width\":600,\"height\":877},{\"@type\":\"BreadcrumbList\",\"@id\":\"https:\\\/\\\/www.hydrachim.fr\\\/en\\\/produit\\\/shampooing_vehicule_hp_003181702\\\/#breadcrumb\",\"itemListElement\":[{\"@type\":\"ListItem\",\"position\":1,\"name\":\"Home\",\"item\":\"https:\\\/\\\/www.hydrachim.fr\\\/en\\\/\"},{\"@type\":\"ListItem\",\"position\":2,\"name\":\"Boutique\",\"item\":\"https:\\\/\\\/www.hydrachim.fr\\\/boutique\\\/\"},{\"@type\":\"ListItem\",\"position\":3,\"name\":\"SHAMPOOING VEHICULE HP\"}]},{\"@type\":\"WebSite\",\"@id\":\"https:\\\/\\\/www.hydrachim.fr\\\/en\\\/#website\",\"url\":\"https:\\\/\\\/www.hydrachim.fr\\\/en\\\/\",\"name\":\"Hydrachim\",\"description\":\"La science de l&#039;hygi\u00e8ne\",\"potentialAction\":[{\"@type\":\"SearchAction\",\"target\":{\"@type\":\"EntryPoint\",\"urlTemplate\":\"https:\\\/\\\/www.hydrachim.fr\\\/en\\\/?s={search_term_string}\"},\"query-input\":{\"@type\":\"PropertyValueSpecification\",\"valueRequired\":true,\"valueName\":\"search_term_string\"}}],\"inLanguage\":\"en-US\"}]}<\/script>\n<!-- \/ Yoast SEO plugin. -->","yoast_head_json":{"title":"SHAMPOOING VEHICULE HP - Hydrachim","robots":{"index":"index","follow":"follow","max-snippet":"max-snippet:-1","max-image-preview":"max-image-preview:large","max-video-preview":"max-video-preview:-1"},"canonical":"https:\/\/www.hydrachim.fr\/en\/produit\/shampooing_vehicule_hp_003181702\/","og_locale":"en_US","og_type":"article","og_title":"SHAMPOOING VEHICULE HP - Hydrachim","og_description":"Shampooing haute pression liquide","og_url":"https:\/\/www.hydrachim.fr\/en\/produit\/shampooing_vehicule_hp_003181702\/","og_site_name":"Hydrachim","article_modified_time":"2024-10-31T09:54:00+00:00","og_image":[{"width":600,"height":877,"url":"https:\/\/www.hydrachim.fr\/app\/uploads\/2020\/02\/1817_SHAMPOOING_ECOLOGIQUE_20L..png","type":"image\/png"}],"twitter_card":"summary_large_image","twitter_misc":{"Est. reading time":"1 minute"},"schema":{"@context":"https:\/\/schema.org","@graph":[{"@type":"WebPage","@id":"https:\/\/www.hydrachim.fr\/en\/produit\/shampooing_vehicule_hp_003181702\/","url":"https:\/\/www.hydrachim.fr\/en\/produit\/shampooing_vehicule_hp_003181702\/","name":"SHAMPOOING VEHICULE HP - Hydrachim","isPartOf":{"@id":"https:\/\/www.hydrachim.fr\/en\/#website"},"primaryImageOfPage":{"@id":"https:\/\/www.hydrachim.fr\/en\/produit\/shampooing_vehicule_hp_003181702\/#primaryimage"},"image":{"@id":"https:\/\/www.hydrachim.fr\/en\/produit\/shampooing_vehicule_hp_003181702\/#primaryimage"},"thumbnailUrl":"https:\/\/www.hydrachim.fr\/app\/uploads\/2020\/02\/1817_SHAMPOOING_ECOLOGIQUE_20L..png","datePublished":"2019-08-06T13:50:33+00:00","dateModified":"2024-10-31T09:54:00+00:00","breadcrumb":{"@id":"https:\/\/www.hydrachim.fr\/en\/produit\/shampooing_vehicule_hp_003181702\/#breadcrumb"},"inLanguage":"en-US","potentialAction":[{"@type":"ReadAction","target":["https:\/\/www.hydrachim.fr\/en\/produit\/shampooing_vehicule_hp_003181702\/"]}]},{"@type":"ImageObject","inLanguage":"en-US","@id":"https:\/\/www.hydrachim.fr\/en\/produit\/shampooing_vehicule_hp_003181702\/#primaryimage","url":"https:\/\/www.hydrachim.fr\/app\/uploads\/2020\/02\/1817_SHAMPOOING_ECOLOGIQUE_20L..png","contentUrl":"https:\/\/www.hydrachim.fr\/app\/uploads\/2020\/02\/1817_SHAMPOOING_ECOLOGIQUE_20L..png","width":600,"height":877},{"@type":"BreadcrumbList","@id":"https:\/\/www.hydrachim.fr\/en\/produit\/shampooing_vehicule_hp_003181702\/#breadcrumb","itemListElement":[{"@type":"ListItem","position":1,"name":"Home","item":"https:\/\/www.hydrachim.fr\/en\/"},{"@type":"ListItem","position":2,"name":"Boutique","item":"https:\/\/www.hydrachim.fr\/boutique\/"},{"@type":"ListItem","position":3,"name":"SHAMPOOING VEHICULE HP"}]},{"@type":"WebSite","@id":"https:\/\/www.hydrachim.fr\/en\/#website","url":"https:\/\/www.hydrachim.fr\/en\/","name":"Hydrachim","description":"La science de l&#039;hygi\u00e8ne","potentialAction":[{"@type":"SearchAction","target":{"@type":"EntryPoint","urlTemplate":"https:\/\/www.hydrachim.fr\/en\/?s={search_term_string}"},"query-input":{"@type":"PropertyValueSpecification","valueRequired":true,"valueName":"search_term_string"}}],"inLanguage":"en-US"}]}},"acf":{"fiche_technique":"https:\/\/www.hydrachim.fr\/app\/uploads\/2024\/10\/FT___1817___SHAMPOOING_VEHICULE_ECOLOGIQUE.pdf","fiche_methode":""},"_links":{"self":[{"href":"https:\/\/www.hydrachim.fr\/en\/wp-json\/wp\/v2\/product\/3521","targetHints":{"allow":["GET"]}}],"collection":[{"href":"https:\/\/www.hydrachim.fr\/en\/wp-json\/wp\/v2\/product"}],"about":[{"href":"https:\/\/www.hydrachim.fr\/en\/wp-json\/wp\/v2\/types\/product"}],"wp:featuredmedia":[{"embeddable":true,"href":"https:\/\/www.hydrachim.fr\/en\/wp-json\/wp\/v2\/media\/6231"}],"wp:attachment":[{"href":"https:\/\/www.hydrachim.fr\/en\/wp-json\/wp\/v2\/media?parent=3521"}],"wp:term":[{"taxonomy":"product_brand","embeddable":true,"href":"https:\/\/www.hydrachim.fr\/en\/wp-json\/wp\/v2\/product_brand?post=3521"},{"taxonomy":"product_type","embeddable":true,"href":"https:\/\/www.hydrachim.fr\/en\/wp-json\/wp\/v2\/product_type?post=3521"},{"taxonomy":"product_visibility","embeddable":true,"href":"https:\/\/www.hydrachim.fr\/en\/wp-json\/wp\/v2\/product_visibility?post=3521"},{"taxonomy":"product_cat","embeddable":true,"href":"https:\/\/www.hydrachim.fr\/en\/wp-json\/wp\/v2\/product_cat?post=3521"}],"curies":[{"name":"wp","href":"https:\/\/api.w.org\/{rel}","templated":true}]}}